{"id":2943,"date":"2017-02-02T15:23:24","date_gmt":"2017-02-02T14:23:24","guid":{"rendered":"https:\/\/unser-quartier.de\/hagelkreuz\/?page_id=2943"},"modified":"2025-10-21T12:48:24","modified_gmt":"2025-10-21T12:48:24","slug":"freizeit","status":"publish","type":"page","link":"https:\/\/unser-quartier.de\/hagelkreuz\/freizeit\/","title":{"rendered":"Freizeit"},"content":{"rendered":"<p><strong>Aktuelle Informationen \u00fcber die stattfindenden Freizeitaktivit\u00e4ten entnehmen Sie bitte dem <a href=\"https:\/\/unser-quartier.de\/hagelkreuz\/veranstaltungen\/veranstaltungskalender\/\" data-wpel-link=\"internal\">Veranstaltungskalender<\/a> oder unserem <a href=\"https:\/\/unser-quartier.de\/hagelkreuz\/veranstaltungen\/liste\/\" data-wpel-link=\"internal\">Veranstaltungsverzeichnis<\/a>.<br \/>\n<\/strong><\/p>\n<h3>Freizeit miteinander zu verbringen macht viel Spa\u00df!<\/h3>\n<p>Ein Zuhause sind nicht nur die eigenen vier W\u00e4nde! Zuhause ist dort, wo man sich wohlf\u00fchlt, Bekannte trifft, Besorgungen macht, sich unterh\u00e4lt. Egal wie man es nennt, die Neue Stadt, das Hagelkreuz, das Quartier ist unser Zuhause!<\/p>\n<p>Wir, das sind <em>G\u00fcnter Bregulla, Monika B\u00fcskens, Siegfried Heider, Silke Lensen, Klaus Martens\u00a0 <\/em><em>und Klaus-Peter Zens<\/em>, m\u00f6chten mit Ihnen die Nachbarschaft aktiv gestalten und bieten Freizeitaktivit\u00e4ten im Hagelkreuz an.<\/p>\n<p>Wir leiten unterschiedliche Interessenangebote, an denen Sie unabh\u00e4ngig von Religion, Herkunft und Alter, kostenlos und unverbindlich teilnehmen k\u00f6nnen<strong>. <\/strong><\/p>\n<h3>Freizeit im Hagelkreuz ist eine gemeinsame Anlaufstelle f\u00fcr alle Aktiven&#8230;<\/h3>\n<p>&#8230;die zusammen mit gut gelaunten Menschen aus der direkten Nachbarschaft einige Stunden ihre Freizeit verbringen m\u00f6chten. Dabei ist es v\u00f6llig nebens\u00e4chlich, ob Sie Single sind, mit Ihrem Partner kommen oder Kinder dabei haben \u2013 unsere Gruppen freuen sich stets \u00fcber netten Zuwachs. Willkommen ist jeder, der Spa\u00df an der Gemeinschaft hat!\u00a0<\/p>\n<p>Manchmal m\u00f6chte Mann\/Frau gerne mal mit anderen zusammen seine Freizeit genie\u00dfen, jedoch rafft man sich alleine selten auf und kann den inneren Schweinehund kaum besiegen. Oder man traut sich nicht alleine irgendwo neu hinzuzusto\u00dfen. Mit anderen zusammen sieht das schon ganz anders aus. Kommen Sie einfach mal unverbindlich zu uns, denn je nach Interessenslage und bevorzugten Freizeitbesch\u00e4ftigungen lassen sich schnell neue Bekanntschaften schlie\u00dfen, die bei zahlreichen gemeinsamen Aktivit\u00e4ten zu echten Freundschaften wachsen k\u00f6nnen. Der gesellige Aspekt kommt nicht zu kurz, es k\u00f6nnen Verabredungen getroffen oder kulturelle Erlebnisse genossen\u00a0werden. Aber auch Ihre Meinung, Ihre W\u00fcnsche oder Ihre Sorgen haben in unseren Unternehmungen Platz. Schauen Sie gerne, einfach mal so, vorbei!\u00a0Wir freuen uns auf Sie!<\/p>\n<h3>Es gibt eine Vielzahl von Freizeitgruppen und Aktivit\u00e4ten im Hagelkreuz&#8230;<\/h3>\n<p>&#8230;die seit Januar 2016 entstanden sind und auf Personenzuwachs warten. Gegr\u00fcndet wurden:<\/p>\n<ul>\n<li><a href=\"https:\/\/unser-quartier.de\/hagelkreuz\/projekte\/cafe-wackelkontakt\/\" data-wpel-link=\"internal\">Caf\u00e9 Wackelkontakt<\/a><\/li>\n<li><a href=\"https:\/\/unser-quartier.de\/hagelkreuz\/freizeit\/fahrrad-fahren\/\" data-wpel-link=\"internal\">Fahrrad fahren<\/a><\/li>\n<li><a href=\"https:\/\/unser-quartier.de\/hagelkreuz\/freizeit\/handmade-club-hagelkreuz\/\" data-wpel-link=\"internal\">Handmade Club<\/a><\/li>\n<li><a href=\"https:\/\/unser-quartier.de\/hagelkreuz\/hagelkreuz-aktiv\/\" data-wpel-link=\"internal\">Hagelkreuz Aktiv<\/a><\/li>\n<li><a href=\"https:\/\/unser-quartier.de\/hagelkreuz\/info-treff-smartphones-und-tablets\/\" data-wpel-link=\"internal\">InfoTreff Mobile Endger\u00e4te<\/a><\/li>\n<li><a href=\"https:\/\/unser-quartier.de\/hagelkreuz\/kochen-im-hagelkreuz\/\" data-wpel-link=\"internal\">Kochen im Hagelkreuz<\/a><\/li>\n<li><a href=\"https:\/\/unser-quartier.de\/hagelkreuz\/freizeit\/offener-malkreis\/\" data-wpel-link=\"internal\">Offener Malkreis<\/a><\/li>\n<li><a href=\"https:\/\/unser-quartier.de\/hagelkreuz\/freizeit\/rollatoren-in-bewegung\/\" data-wpel-link=\"internal\">Senioren in Bewegung<\/a><\/li>\n<li><a href=\"https:\/\/unser-quartier.de\/hagelkreuz\/gemeinschaftliches-gaertnern\/\" data-wpel-link=\"internal\">Urban Gardening<\/a><\/li>\n<\/ul>\n<p>Ausk\u00fcnfte und eine \u00dcbersichtsliste mit allen Terminen, Treffpunkten und Ansprechpartnern f\u00fcr die hier genannten Freizeitaktivit\u00e4ten sowie Handzettel zu den einzelnen Freizeitgruppen erhalten Sie ausgedruckt im Quartiersb\u00fcro Hagelkreuz, Concordienplatz 7, Tel: 917 2112 oder bei den jeweiligen Gruppenleitern. Gerne k\u00f6nnen Sie auch eine E-Mail an die Online-Redaktion schicken, an: <a href=\"mailto:info@hagelkreuz-kempen.de\">info@hagelkreuz-kempen.de.<\/a><\/p>\n<h3>Selbst aktiv werden!<\/h3>\n<p>Und wenn Sie m\u00f6chten, k\u00f6nnen auch Sie aktiv werden und noch weitere Neigungsgruppen entstehen lassen. Wir sind stets auf der Suche nach neuen Ehrenamtlichen, die Zeit und Engagement in eine neu zu gr\u00fcndende Interessensgruppe investieren m\u00f6chten. ad<\/p>\n","protected":false},"excerpt":{"rendered":"<p>Aktuelle Informationen \u00fcber die stattfindenden Freizeitaktivit\u00e4ten entnehmen Sie bitte dem Veranstaltungskalender oder unserem Veranstaltungsverzeichnis. Freizeit miteinander zu verbringen macht viel Spa\u00df! Ein Zuhause sind nicht nur die eigenen vier W\u00e4nde! Zuhause ist dort, wo man sich wohlf\u00fchlt, Bekannte trifft, Besorgungen macht, sich unterh\u00e4lt. Egal wie man es nennt, die Neue Stadt, das Hagelkreuz, das Quartier&hellip; <a class=\"continue\" href=\"https:\/\/unser-quartier.de\/hagelkreuz\/freizeit\/\" data-wpel-link=\"internal\"> \u00bb weiterlesen: <span> Freizeit<\/span><\/a><\/p>\n","protected":false},"author":391,"featured_media":0,"parent":0,"menu_order":13,"comment_status":"closed","ping_status":"closed","template":"","meta":{"generate_page_header":"","footnotes":""},"class_list":["post-2943","page","type-page","status-publish"],"_links":{"self":[{"href":"https:\/\/unser-quartier.de\/hagelkreuz\/wp-json\/wp\/v2\/pages\/2943","targetHints":{"allow":["GET"]}}],"collection":[{"href":"https:\/\/unser-quartier.de\/hagelkreuz\/wp-json\/wp\/v2\/pages"}],"about":[{"href":"https:\/\/unser-quartier.de\/hagelkreuz\/wp-json\/wp\/v2\/types\/page"}],"author":[{"embeddable":true,"href":"https:\/\/unser-quartier.de\/hagelkreuz\/wp-json\/wp\/v2\/users\/391"}],"replies":[{"embeddable":true,"href":"https:\/\/unser-quartier.de\/hagelkreuz\/wp-json\/wp\/v2\/comments?post=2943"}],"version-history":[{"count":3,"href":"https:\/\/unser-quartier.de\/hagelkreuz\/wp-json\/wp\/v2\/pages\/2943\/revisions"}],"predecessor-version":[{"id":23030,"href":"https:\/\/unser-quartier.de\/hagelkreuz\/wp-json\/wp\/v2\/pages\/2943\/revisions\/23030"}],"wp:attachment":[{"href":"https:\/\/unser-quartier.de\/hagelkreuz\/wp-json\/wp\/v2\/media?parent=2943"}],"curies":[{"name":"wp","href":"https:\/\/api.w.org\/{rel}","templated":true}]}}