{"id":3092,"date":"2017-02-09T11:26:49","date_gmt":"2017-02-09T10:26:49","guid":{"rendered":"https:\/\/unser-quartier.de\/hagelkreuz\/?page_id=3092"},"modified":"2017-08-08T13:38:54","modified_gmt":"2017-08-08T11:38:54","slug":"fotogalerie","status":"publish","type":"page","link":"https:\/\/unser-quartier.de\/hagelkreuz\/freizeit\/fotowerkstatt\/fotogalerie\/","title":{"rendered":"Fotogalerie"},"content":{"rendered":"<h3>Fotogalerie &#8222;Ansichten Kirche Christ-K\u00f6nig&#8220;<\/h3>\n<p>Die Christ-K\u00f6nig Kirche am Conci ist ein beliebtes Fotoobjekt. Paul Dubienski l\u00e4sst uns an seinen &#8222;Ansichten&#8220; teilhaben:<\/p>\n<div id='gallery-1' class='gallery galleryid-3092 gallery-columns-3 gallery-size-thumbnail'><figure class='gallery-item'>\n\t\t\t<div class='gallery-icon landscape'>\n\t\t\t\t<a href=\"https:\/\/unser-quartier.de\/hagelkreuz\/freizeit\/fotowerkstatt\/fotogalerie\/christ-koenig-1\/#main\" data-wpel-link=\"internal\"><img loading=\"lazy\" decoding=\"async\" width=\"150\" height=\"100\" src=\"https:\/\/unser-quartier.de\/hagelkreuz\/files\/2017\/02\/Christ-K\u00f6nig-1-150x100.jpg\" class=\"attachment-thumbnail size-thumbnail\" alt=\"Foto Kirche Christ-K\u00f6nig\" aria-describedby=\"gallery-1-4395\" srcset=\"https:\/\/unser-quartier.de\/hagelkreuz\/files\/2017\/02\/Christ-K\u00f6nig-1-150x100.jpg 150w, https:\/\/unser-quartier.de\/hagelkreuz\/files\/2017\/02\/Christ-K\u00f6nig-1-300x200.jpg 300w, https:\/\/unser-quartier.de\/hagelkreuz\/files\/2017\/02\/Christ-K\u00f6nig-1-768x513.jpg 768w, https:\/\/unser-quartier.de\/hagelkreuz\/files\/2017\/02\/Christ-K\u00f6nig-1.jpg 1024w, https:\/\/unser-quartier.de\/hagelkreuz\/files\/2017\/02\/Christ-K\u00f6nig-1-600x400.jpg 600w, https:\/\/unser-quartier.de\/hagelkreuz\/files\/2017\/02\/Christ-K\u00f6nig-1-272x182.jpg 272w\" sizes=\"auto, (max-width: 150px) 100vw, 150px\" \/><\/a>\n\t\t\t<\/div>\n\t\t\t\t<figcaption class='wp-caption-text gallery-caption' id='gallery-1-4395'>\n\t\t\t\tKirche Christ-K\u00f6nig am Conci &#8211; Perspektive 1\n\t\t\t\t<\/figcaption><\/figure><figure class='gallery-item'>\n\t\t\t<div class='gallery-icon landscape'>\n\t\t\t\t<a href=\"https:\/\/unser-quartier.de\/hagelkreuz\/freizeit\/fotowerkstatt\/fotogalerie\/christ-koenig-2\/#main\" data-wpel-link=\"internal\"><img loading=\"lazy\" decoding=\"async\" width=\"150\" height=\"100\" src=\"https:\/\/unser-quartier.de\/hagelkreuz\/files\/2017\/02\/Christ-K\u00f6nig-2-150x100.jpg\" class=\"attachment-thumbnail size-thumbnail\" alt=\"Foto Kirche Christ-K\u00f6nig\" aria-describedby=\"gallery-1-4396\" srcset=\"https:\/\/unser-quartier.de\/hagelkreuz\/files\/2017\/02\/Christ-K\u00f6nig-2-150x100.jpg 150w, https:\/\/unser-quartier.de\/hagelkreuz\/files\/2017\/02\/Christ-K\u00f6nig-2-300x200.jpg 300w, https:\/\/unser-quartier.de\/hagelkreuz\/files\/2017\/02\/Christ-K\u00f6nig-2-768x513.jpg 768w, https:\/\/unser-quartier.de\/hagelkreuz\/files\/2017\/02\/Christ-K\u00f6nig-2.jpg 1024w, https:\/\/unser-quartier.de\/hagelkreuz\/files\/2017\/02\/Christ-K\u00f6nig-2-600x400.jpg 600w, https:\/\/unser-quartier.de\/hagelkreuz\/files\/2017\/02\/Christ-K\u00f6nig-2-272x182.jpg 272w\" sizes=\"auto, (max-width: 150px) 100vw, 150px\" \/><\/a>\n\t\t\t<\/div>\n\t\t\t\t<figcaption class='wp-caption-text gallery-caption' id='gallery-1-4396'>\n\t\t\t\tKirche Christ-K\u00f6nig am Conci &#8211; Pers\u00f6eitvie II\n\t\t\t\t<\/figcaption><\/figure><figure class='gallery-item'>\n\t\t\t<div class='gallery-icon landscape'>\n\t\t\t\t<a href=\"https:\/\/unser-quartier.de\/hagelkreuz\/freizeit\/fotowerkstatt\/fotogalerie\/christ-koenig-3\/#main\" data-wpel-link=\"internal\"><img loading=\"lazy\" decoding=\"async\" width=\"150\" height=\"100\" src=\"https:\/\/unser-quartier.de\/hagelkreuz\/files\/2017\/02\/Christ-K\u00f6nig-3-150x100.jpg\" class=\"attachment-thumbnail size-thumbnail\" alt=\"Foto Kirche Christ-K\u00f6nig\" aria-describedby=\"gallery-1-4397\" srcset=\"https:\/\/unser-quartier.de\/hagelkreuz\/files\/2017\/02\/Christ-K\u00f6nig-3-150x100.jpg 150w, https:\/\/unser-quartier.de\/hagelkreuz\/files\/2017\/02\/Christ-K\u00f6nig-3-300x200.jpg 300w, https:\/\/unser-quartier.de\/hagelkreuz\/files\/2017\/02\/Christ-K\u00f6nig-3-768x513.jpg 768w, https:\/\/unser-quartier.de\/hagelkreuz\/files\/2017\/02\/Christ-K\u00f6nig-3.jpg 1024w, https:\/\/unser-quartier.de\/hagelkreuz\/files\/2017\/02\/Christ-K\u00f6nig-3-600x400.jpg 600w, https:\/\/unser-quartier.de\/hagelkreuz\/files\/2017\/02\/Christ-K\u00f6nig-3-272x182.jpg 272w\" sizes=\"auto, (max-width: 150px) 100vw, 150px\" \/><\/a>\n\t\t\t<\/div>\n\t\t\t\t<figcaption class='wp-caption-text gallery-caption' id='gallery-1-4397'>\n\t\t\t\tKirche Christ-K\u00f6nig am Conci &#8211; Perspektive III\n\t\t\t\t<\/figcaption><\/figure>\n\t\t<\/div>\n\n<h3>Fotogalerie &#8222;Ein Tag am Conci&#8220;<\/h3>\n<p>Die junge Fotografin Franziska Kaplja hat einen Tag lang im Januar am Conci aus unterschiedlichen Perpektiven Fotos aufgenommen. Sehen Sie selbst.<\/p>\n<div id='gallery-2' class='gallery galleryid-3092 gallery-columns-3 gallery-size-thumbnail'><figure class='gallery-item'>\n\t\t\t<div class='gallery-icon landscape'>\n\t\t\t\t<a href=\"https:\/\/unser-quartier.de\/hagelkreuz\/img2_8065\/\" data-wpel-link=\"internal\"><img loading=\"lazy\" decoding=\"async\" width=\"150\" height=\"100\" src=\"https:\/\/unser-quartier.de\/hagelkreuz\/files\/2017\/02\/IMG2_8065-150x100.jpg\" class=\"attachment-thumbnail size-thumbnail\" alt=\"Foto Concordienplatz\" aria-describedby=\"gallery-2-3085\" srcset=\"https:\/\/unser-quartier.de\/hagelkreuz\/files\/2017\/02\/IMG2_8065-150x100.jpg 150w, https:\/\/unser-quartier.de\/hagelkreuz\/files\/2017\/02\/IMG2_8065-300x200.jpg 300w, https:\/\/unser-quartier.de\/hagelkreuz\/files\/2017\/02\/IMG2_8065-768x512.jpg 768w, https:\/\/unser-quartier.de\/hagelkreuz\/files\/2017\/02\/IMG2_8065-1024x683.jpg 1024w, https:\/\/unser-quartier.de\/hagelkreuz\/files\/2017\/02\/IMG2_8065-600x400.jpg 600w, https:\/\/unser-quartier.de\/hagelkreuz\/files\/2017\/02\/IMG2_8065-272x182.jpg 272w, https:\/\/unser-quartier.de\/hagelkreuz\/files\/2017\/02\/IMG2_8065.jpg 1200w\" sizes=\"auto, (max-width: 150px) 100vw, 150px\" \/><\/a>\n\t\t\t<\/div>\n\t\t\t\t<figcaption class='wp-caption-text gallery-caption' id='gallery-2-3085'>\n\t\t\t\tMorgens am Conci\n\t\t\t\t<\/figcaption><\/figure><figure class='gallery-item'>\n\t\t\t<div class='gallery-icon landscape'>\n\t\t\t\t<a href=\"https:\/\/unser-quartier.de\/hagelkreuz\/img1_8072\/\" data-wpel-link=\"internal\"><img loading=\"lazy\" decoding=\"async\" width=\"150\" height=\"100\" src=\"https:\/\/unser-quartier.de\/hagelkreuz\/files\/2017\/02\/IMG1_8072-150x100.jpg\" class=\"attachment-thumbnail size-thumbnail\" alt=\"Foto Concordienplatz Schnecke\" aria-describedby=\"gallery-2-3084\" srcset=\"https:\/\/unser-quartier.de\/hagelkreuz\/files\/2017\/02\/IMG1_8072-150x100.jpg 150w, https:\/\/unser-quartier.de\/hagelkreuz\/files\/2017\/02\/IMG1_8072-300x200.jpg 300w, https:\/\/unser-quartier.de\/hagelkreuz\/files\/2017\/02\/IMG1_8072-768x512.jpg 768w, https:\/\/unser-quartier.de\/hagelkreuz\/files\/2017\/02\/IMG1_8072-1024x683.jpg 1024w, https:\/\/unser-quartier.de\/hagelkreuz\/files\/2017\/02\/IMG1_8072-600x400.jpg 600w, https:\/\/unser-quartier.de\/hagelkreuz\/files\/2017\/02\/IMG1_8072-272x182.jpg 272w, https:\/\/unser-quartier.de\/hagelkreuz\/files\/2017\/02\/IMG1_8072.jpg 1200w\" sizes=\"auto, (max-width: 150px) 100vw, 150px\" \/><\/a>\n\t\t\t<\/div>\n\t\t\t\t<figcaption class='wp-caption-text gallery-caption' id='gallery-2-3084'>\n\t\t\t\tSchnecke als Mittelpunkt\n\t\t\t\t<\/figcaption><\/figure><figure class='gallery-item'>\n\t\t\t<div class='gallery-icon landscape'>\n\t\t\t\t<a href=\"https:\/\/unser-quartier.de\/hagelkreuz\/img10_8124\/\" data-wpel-link=\"internal\"><img loading=\"lazy\" decoding=\"async\" width=\"150\" height=\"100\" src=\"https:\/\/unser-quartier.de\/hagelkreuz\/files\/2017\/02\/IMG10_8124-150x100.jpg\" class=\"attachment-thumbnail size-thumbnail\" alt=\"Foto Kirche\" aria-describedby=\"gallery-2-3081\" srcset=\"https:\/\/unser-quartier.de\/hagelkreuz\/files\/2017\/02\/IMG10_8124-150x100.jpg 150w, https:\/\/unser-quartier.de\/hagelkreuz\/files\/2017\/02\/IMG10_8124-300x200.jpg 300w, https:\/\/unser-quartier.de\/hagelkreuz\/files\/2017\/02\/IMG10_8124-768x512.jpg 768w, https:\/\/unser-quartier.de\/hagelkreuz\/files\/2017\/02\/IMG10_8124-1024x683.jpg 1024w, https:\/\/unser-quartier.de\/hagelkreuz\/files\/2017\/02\/IMG10_8124-600x400.jpg 600w, https:\/\/unser-quartier.de\/hagelkreuz\/files\/2017\/02\/IMG10_8124-272x182.jpg 272w, https:\/\/unser-quartier.de\/hagelkreuz\/files\/2017\/02\/IMG10_8124.jpg 1200w\" sizes=\"auto, (max-width: 150px) 100vw, 150px\" \/><\/a>\n\t\t\t<\/div>\n\t\t\t\t<figcaption class='wp-caption-text gallery-caption' id='gallery-2-3081'>\n\t\t\t\tChrist-K\u00f6nig Kirche\n\t\t\t\t<\/figcaption><\/figure><figure class='gallery-item'>\n\t\t\t<div class='gallery-icon landscape'>\n\t\t\t\t<a href=\"https:\/\/unser-quartier.de\/hagelkreuz\/img3_8088\/\" data-wpel-link=\"internal\"><img loading=\"lazy\" decoding=\"async\" width=\"150\" height=\"100\" src=\"https:\/\/unser-quartier.de\/hagelkreuz\/files\/2017\/02\/IMG3_8088-150x100.jpg\" class=\"attachment-thumbnail size-thumbnail\" alt=\"Foto Motorroller am Conci\" aria-describedby=\"gallery-2-3086\" srcset=\"https:\/\/unser-quartier.de\/hagelkreuz\/files\/2017\/02\/IMG3_8088-150x100.jpg 150w, https:\/\/unser-quartier.de\/hagelkreuz\/files\/2017\/02\/IMG3_8088-300x200.jpg 300w, https:\/\/unser-quartier.de\/hagelkreuz\/files\/2017\/02\/IMG3_8088-768x512.jpg 768w, https:\/\/unser-quartier.de\/hagelkreuz\/files\/2017\/02\/IMG3_8088-1024x683.jpg 1024w, https:\/\/unser-quartier.de\/hagelkreuz\/files\/2017\/02\/IMG3_8088-600x400.jpg 600w, https:\/\/unser-quartier.de\/hagelkreuz\/files\/2017\/02\/IMG3_8088-272x182.jpg 272w, https:\/\/unser-quartier.de\/hagelkreuz\/files\/2017\/02\/IMG3_8088.jpg 1200w\" sizes=\"auto, (max-width: 150px) 100vw, 150px\" \/><\/a>\n\t\t\t<\/div>\n\t\t\t\t<figcaption class='wp-caption-text gallery-caption' id='gallery-2-3086'>\n\t\t\t\tMotorroller\n\t\t\t\t<\/figcaption><\/figure><figure class='gallery-item'>\n\t\t\t<div class='gallery-icon portrait'>\n\t\t\t\t<a href=\"https:\/\/unser-quartier.de\/hagelkreuz\/img4_8090\/\" data-wpel-link=\"internal\"><img loading=\"lazy\" decoding=\"async\" width=\"150\" height=\"225\" src=\"https:\/\/unser-quartier.de\/hagelkreuz\/files\/2017\/02\/IMG4_8090-150x225.jpg\" class=\"attachment-thumbnail size-thumbnail\" alt=\"Foto Zentrum des Concordienplatzes\" aria-describedby=\"gallery-2-3075\" srcset=\"https:\/\/unser-quartier.de\/hagelkreuz\/files\/2017\/02\/IMG4_8090-150x225.jpg 150w, https:\/\/unser-quartier.de\/hagelkreuz\/files\/2017\/02\/IMG4_8090-300x450.jpg 300w, https:\/\/unser-quartier.de\/hagelkreuz\/files\/2017\/02\/IMG4_8090-768x1152.jpg 768w, https:\/\/unser-quartier.de\/hagelkreuz\/files\/2017\/02\/IMG4_8090-683x1024.jpg 683w, https:\/\/unser-quartier.de\/hagelkreuz\/files\/2017\/02\/IMG4_8090.jpg 800w\" sizes=\"auto, (max-width: 150px) 100vw, 150px\" \/><\/a>\n\t\t\t<\/div>\n\t\t\t\t<figcaption class='wp-caption-text gallery-caption' id='gallery-2-3075'>\n\t\t\t\tZentrum des Concordienplatzes\n\t\t\t\t<\/figcaption><\/figure><figure class='gallery-item'>\n\t\t\t<div class='gallery-icon landscape'>\n\t\t\t\t<a href=\"https:\/\/unser-quartier.de\/hagelkreuz\/img5_8097\/\" data-wpel-link=\"internal\"><img loading=\"lazy\" decoding=\"async\" width=\"150\" height=\"100\" src=\"https:\/\/unser-quartier.de\/hagelkreuz\/files\/2017\/02\/IMG5_8097-150x100.jpg\" class=\"attachment-thumbnail size-thumbnail\" alt=\"Foto Gesch\u00e4fte am Conci\" aria-describedby=\"gallery-2-3076\" srcset=\"https:\/\/unser-quartier.de\/hagelkreuz\/files\/2017\/02\/IMG5_8097-150x100.jpg 150w, https:\/\/unser-quartier.de\/hagelkreuz\/files\/2017\/02\/IMG5_8097-300x200.jpg 300w, https:\/\/unser-quartier.de\/hagelkreuz\/files\/2017\/02\/IMG5_8097-768x512.jpg 768w, https:\/\/unser-quartier.de\/hagelkreuz\/files\/2017\/02\/IMG5_8097-1024x683.jpg 1024w, https:\/\/unser-quartier.de\/hagelkreuz\/files\/2017\/02\/IMG5_8097-600x400.jpg 600w, https:\/\/unser-quartier.de\/hagelkreuz\/files\/2017\/02\/IMG5_8097-272x182.jpg 272w, https:\/\/unser-quartier.de\/hagelkreuz\/files\/2017\/02\/IMG5_8097.jpg 1200w\" sizes=\"auto, (max-width: 150px) 100vw, 150px\" \/><\/a>\n\t\t\t<\/div>\n\t\t\t\t<figcaption class='wp-caption-text gallery-caption' id='gallery-2-3076'>\n\t\t\t\tGesch\u00e4fte am Morgen\n\t\t\t\t<\/figcaption><\/figure><figure class='gallery-item'>\n\t\t\t<div class='gallery-icon landscape'>\n\t\t\t\t<a href=\"https:\/\/unser-quartier.de\/hagelkreuz\/img6_8104\/\" data-wpel-link=\"internal\"><img loading=\"lazy\" decoding=\"async\" width=\"150\" height=\"100\" src=\"https:\/\/unser-quartier.de\/hagelkreuz\/files\/2017\/02\/IMG6_8104-150x100.jpg\" class=\"attachment-thumbnail size-thumbnail\" alt=\"Foto Schnecke mit Fahrrad\" aria-describedby=\"gallery-2-3077\" srcset=\"https:\/\/unser-quartier.de\/hagelkreuz\/files\/2017\/02\/IMG6_8104-150x100.jpg 150w, https:\/\/unser-quartier.de\/hagelkreuz\/files\/2017\/02\/IMG6_8104-300x200.jpg 300w, https:\/\/unser-quartier.de\/hagelkreuz\/files\/2017\/02\/IMG6_8104-768x512.jpg 768w, https:\/\/unser-quartier.de\/hagelkreuz\/files\/2017\/02\/IMG6_8104-1024x683.jpg 1024w, https:\/\/unser-quartier.de\/hagelkreuz\/files\/2017\/02\/IMG6_8104-600x400.jpg 600w, https:\/\/unser-quartier.de\/hagelkreuz\/files\/2017\/02\/IMG6_8104-272x182.jpg 272w, https:\/\/unser-quartier.de\/hagelkreuz\/files\/2017\/02\/IMG6_8104.jpg 1200w\" sizes=\"auto, (max-width: 150px) 100vw, 150px\" \/><\/a>\n\t\t\t<\/div>\n\t\t\t\t<figcaption class='wp-caption-text gallery-caption' id='gallery-2-3077'>\n\t\t\t\tSchnecke mit Fahrrad\n\t\t\t\t<\/figcaption><\/figure><figure class='gallery-item'>\n\t\t\t<div class='gallery-icon portrait'>\n\t\t\t\t<a href=\"https:\/\/unser-quartier.de\/hagelkreuz\/img7_8108\/\" data-wpel-link=\"internal\"><img loading=\"lazy\" decoding=\"async\" width=\"150\" height=\"225\" src=\"https:\/\/unser-quartier.de\/hagelkreuz\/files\/2017\/02\/IMG7_8108-150x225.jpg\" class=\"attachment-thumbnail size-thumbnail\" alt=\"Foto Schattenspiel mit Schnecke\" aria-describedby=\"gallery-2-3078\" srcset=\"https:\/\/unser-quartier.de\/hagelkreuz\/files\/2017\/02\/IMG7_8108-150x225.jpg 150w, https:\/\/unser-quartier.de\/hagelkreuz\/files\/2017\/02\/IMG7_8108-300x450.jpg 300w, https:\/\/unser-quartier.de\/hagelkreuz\/files\/2017\/02\/IMG7_8108-768x1152.jpg 768w, https:\/\/unser-quartier.de\/hagelkreuz\/files\/2017\/02\/IMG7_8108-683x1024.jpg 683w, https:\/\/unser-quartier.de\/hagelkreuz\/files\/2017\/02\/IMG7_8108.jpg 800w\" sizes=\"auto, (max-width: 150px) 100vw, 150px\" \/><\/a>\n\t\t\t<\/div>\n\t\t\t\t<figcaption class='wp-caption-text gallery-caption' id='gallery-2-3078'>\n\t\t\t\tSchatten und Schnecke\n\t\t\t\t<\/figcaption><\/figure><figure class='gallery-item'>\n\t\t\t<div class='gallery-icon landscape'>\n\t\t\t\t<a href=\"https:\/\/unser-quartier.de\/hagelkreuz\/img9_8132\/\" data-wpel-link=\"internal\"><img loading=\"lazy\" decoding=\"async\" width=\"150\" height=\"100\" src=\"https:\/\/unser-quartier.de\/hagelkreuz\/files\/2017\/02\/IMG9_8132-150x100.jpg\" class=\"attachment-thumbnail size-thumbnail\" alt=\"Foto Fahrradfahren am Conci\" aria-describedby=\"gallery-2-3080\" srcset=\"https:\/\/unser-quartier.de\/hagelkreuz\/files\/2017\/02\/IMG9_8132-150x100.jpg 150w, https:\/\/unser-quartier.de\/hagelkreuz\/files\/2017\/02\/IMG9_8132-300x200.jpg 300w, https:\/\/unser-quartier.de\/hagelkreuz\/files\/2017\/02\/IMG9_8132-768x512.jpg 768w, https:\/\/unser-quartier.de\/hagelkreuz\/files\/2017\/02\/IMG9_8132-1024x683.jpg 1024w, https:\/\/unser-quartier.de\/hagelkreuz\/files\/2017\/02\/IMG9_8132-600x400.jpg 600w, https:\/\/unser-quartier.de\/hagelkreuz\/files\/2017\/02\/IMG9_8132-272x182.jpg 272w, https:\/\/unser-quartier.de\/hagelkreuz\/files\/2017\/02\/IMG9_8132.jpg 1200w\" sizes=\"auto, (max-width: 150px) 100vw, 150px\" \/><\/a>\n\t\t\t<\/div>\n\t\t\t\t<figcaption class='wp-caption-text gallery-caption' id='gallery-2-3080'>\n\t\t\t\tFahrradfahren \n\t\t\t\t<\/figcaption><\/figure><figure class='gallery-item'>\n\t\t\t<div class='gallery-icon landscape'>\n\t\t\t\t<a href=\"https:\/\/unser-quartier.de\/hagelkreuz\/img8_8112\/\" data-wpel-link=\"internal\"><img loading=\"lazy\" decoding=\"async\" width=\"150\" height=\"100\" src=\"https:\/\/unser-quartier.de\/hagelkreuz\/files\/2017\/02\/IMG8_8112-150x100.jpg\" class=\"attachment-thumbnail size-thumbnail\" alt=\"Foto B\u00e4ume am Conci\" aria-describedby=\"gallery-2-3079\" srcset=\"https:\/\/unser-quartier.de\/hagelkreuz\/files\/2017\/02\/IMG8_8112-150x100.jpg 150w, https:\/\/unser-quartier.de\/hagelkreuz\/files\/2017\/02\/IMG8_8112-300x200.jpg 300w, https:\/\/unser-quartier.de\/hagelkreuz\/files\/2017\/02\/IMG8_8112-768x512.jpg 768w, https:\/\/unser-quartier.de\/hagelkreuz\/files\/2017\/02\/IMG8_8112-1024x683.jpg 1024w, https:\/\/unser-quartier.de\/hagelkreuz\/files\/2017\/02\/IMG8_8112-600x400.jpg 600w, https:\/\/unser-quartier.de\/hagelkreuz\/files\/2017\/02\/IMG8_8112-272x182.jpg 272w, https:\/\/unser-quartier.de\/hagelkreuz\/files\/2017\/02\/IMG8_8112.jpg 1200w\" sizes=\"auto, (max-width: 150px) 100vw, 150px\" \/><\/a>\n\t\t\t<\/div>\n\t\t\t\t<figcaption class='wp-caption-text gallery-caption' id='gallery-2-3079'>\n\t\t\t\tB\u00e4ume im Blickfeld\n\t\t\t\t<\/figcaption><\/figure><figure class='gallery-item'>\n\t\t\t<div class='gallery-icon landscape'>\n\t\t\t\t<a href=\"https:\/\/unser-quartier.de\/hagelkreuz\/img12_8147\/\" data-wpel-link=\"internal\"><img loading=\"lazy\" decoding=\"async\" width=\"150\" height=\"100\" src=\"https:\/\/unser-quartier.de\/hagelkreuz\/files\/2017\/02\/IMG12_8147-150x100.jpg\" class=\"attachment-thumbnail size-thumbnail\" alt=\"Foto Kirche Christ-K\u00f6nig\" aria-describedby=\"gallery-2-3083\" srcset=\"https:\/\/unser-quartier.de\/hagelkreuz\/files\/2017\/02\/IMG12_8147-150x100.jpg 150w, https:\/\/unser-quartier.de\/hagelkreuz\/files\/2017\/02\/IMG12_8147-300x200.jpg 300w, https:\/\/unser-quartier.de\/hagelkreuz\/files\/2017\/02\/IMG12_8147-768x512.jpg 768w, https:\/\/unser-quartier.de\/hagelkreuz\/files\/2017\/02\/IMG12_8147-1024x683.jpg 1024w, https:\/\/unser-quartier.de\/hagelkreuz\/files\/2017\/02\/IMG12_8147-600x400.jpg 600w, https:\/\/unser-quartier.de\/hagelkreuz\/files\/2017\/02\/IMG12_8147-272x182.jpg 272w, https:\/\/unser-quartier.de\/hagelkreuz\/files\/2017\/02\/IMG12_8147.jpg 1200w\" sizes=\"auto, (max-width: 150px) 100vw, 150px\" \/><\/a>\n\t\t\t<\/div>\n\t\t\t\t<figcaption class='wp-caption-text gallery-caption' id='gallery-2-3083'>\n\t\t\t\tKirche Christ-K\u00f6nig in Abendstimmung\n\t\t\t\t<\/figcaption><\/figure><figure class='gallery-item'>\n\t\t\t<div class='gallery-icon landscape'>\n\t\t\t\t<a href=\"https:\/\/unser-quartier.de\/hagelkreuz\/img11_8145\/\" data-wpel-link=\"internal\"><img loading=\"lazy\" decoding=\"async\" width=\"150\" height=\"100\" src=\"https:\/\/unser-quartier.de\/hagelkreuz\/files\/2017\/02\/IMG11_8145-150x100.jpg\" class=\"attachment-thumbnail size-thumbnail\" alt=\"Foto Abendstimmung am Conci\" aria-describedby=\"gallery-2-3082\" srcset=\"https:\/\/unser-quartier.de\/hagelkreuz\/files\/2017\/02\/IMG11_8145-150x100.jpg 150w, https:\/\/unser-quartier.de\/hagelkreuz\/files\/2017\/02\/IMG11_8145-300x200.jpg 300w, https:\/\/unser-quartier.de\/hagelkreuz\/files\/2017\/02\/IMG11_8145-768x512.jpg 768w, https:\/\/unser-quartier.de\/hagelkreuz\/files\/2017\/02\/IMG11_8145-1024x683.jpg 1024w, https:\/\/unser-quartier.de\/hagelkreuz\/files\/2017\/02\/IMG11_8145-600x400.jpg 600w, https:\/\/unser-quartier.de\/hagelkreuz\/files\/2017\/02\/IMG11_8145-272x182.jpg 272w, https:\/\/unser-quartier.de\/hagelkreuz\/files\/2017\/02\/IMG11_8145.jpg 1200w\" sizes=\"auto, (max-width: 150px) 100vw, 150px\" \/><\/a>\n\t\t\t<\/div>\n\t\t\t\t<figcaption class='wp-caption-text gallery-caption' id='gallery-2-3082'>\n\t\t\t\tAbendstimmung\n\t\t\t\t<\/figcaption><\/figure>\n\t\t<\/div>\n\n<p>&nbsp;<\/p>\n","protected":false},"excerpt":{"rendered":"<p>Fotogalerie &#8222;Ansichten Kirche Christ-K\u00f6nig&#8220; Die Christ-K\u00f6nig Kirche am Conci ist ein beliebtes Fotoobjekt. Paul Dubienski l\u00e4sst uns an seinen &#8222;Ansichten&#8220; teilhaben: Fotogalerie &#8222;Ein Tag am Conci&#8220; Die junge Fotografin Franziska Kaplja hat einen Tag lang im Januar am Conci aus unterschiedlichen Perpektiven Fotos aufgenommen. Sehen Sie selbst. &nbsp;<\/p>\n","protected":false},"author":391,"featured_media":0,"parent":3087,"menu_order":0,"comment_status":"closed","ping_status":"closed","template":"","meta":{"generate_page_header":"","footnotes":""},"class_list":["post-3092","page","type-page","status-publish"],"_links":{"self":[{"href":"https:\/\/unser-quartier.de\/hagelkreuz\/wp-json\/wp\/v2\/pages\/3092","targetHints":{"allow":["GET"]}}],"collection":[{"href":"https:\/\/unser-quartier.de\/hagelkreuz\/wp-json\/wp\/v2\/pages"}],"about":[{"href":"https:\/\/unser-quartier.de\/hagelkreuz\/wp-json\/wp\/v2\/types\/page"}],"author":[{"embeddable":true,"href":"https:\/\/unser-quartier.de\/hagelkreuz\/wp-json\/wp\/v2\/users\/391"}],"replies":[{"embeddable":true,"href":"https:\/\/unser-quartier.de\/hagelkreuz\/wp-json\/wp\/v2\/comments?post=3092"}],"version-history":[{"count":0,"href":"https:\/\/unser-quartier.de\/hagelkreuz\/wp-json\/wp\/v2\/pages\/3092\/revisions"}],"up":[{"embeddable":true,"href":"https:\/\/unser-quartier.de\/hagelkreuz\/wp-json\/wp\/v2\/pages\/3087"}],"wp:attachment":[{"href":"https:\/\/unser-quartier.de\/hagelkreuz\/wp-json\/wp\/v2\/media?parent=3092"}],"curies":[{"name":"wp","href":"https:\/\/api.w.org\/{rel}","templated":true}]}}