{"id":3347,"date":"2017-03-16T14:57:03","date_gmt":"2017-03-16T14:57:03","guid":{"rendered":"https:\/\/unser-quartier.de\/hagelkreuz\/?page_id=3347"},"modified":"2020-09-21T14:43:06","modified_gmt":"2020-09-21T12:43:06","slug":"stammtische","status":"publish","type":"page","link":"https:\/\/unser-quartier.de\/hagelkreuz\/freizeit\/stammtische\/","title":{"rendered":"Stammtische"},"content":{"rendered":"<div class=\"entry-content\">\n<h3>Stammtische<\/h3>\n<p>Seit dem 8. Februar 2017 gibt es zwei regelm\u00e4\u00dfig stattfindende Stammtisch-Treffen im Hagelkreuz, die f\u00fcr alle Kempener B\u00fcrger offen sind. Mittlerweile ist nur noch ein Stammtisch aktiv. Er findet jeden 2. Mittwoch im Monat statt.<\/p>\n<p><strong>Termine:<\/strong><br \/>\nJeden 2. Mittwoch im Monat<\/p>\n<\/div>\n<div class=\"entry-content\">\n<p><strong>Treffpunkt:<\/strong> <br \/>\n<a href=\"https:\/\/unser-quartier.de\/hagelkreuz\/orte\/cafe-peerbooms\/\" data-wpel-link=\"internal\">Caf\u00e9 Peerbooms<\/a>, am Buttermarkt 21.<br \/>\n<a href=\"http:\/\/maps.google.de\/maps?q=Concordienplatz%2012,+Kempen\" data-wpel-link=\"exclude\" rel=\"noopener noreferrer\">Routenplaner\/Google-Maps<\/a><\/p>\n<p><strong>Uhrzeit:<\/strong> 14:30 Uhr bis ca. 16:30 Uhr<\/p>\n<p><strong>Infos:<\/strong> Gem\u00fctliches Beisammensein, Kaffee trinken und kl\u00f6nen und dabei nicht immer allein sein. Auf Wunsch k\u00f6nnen bei diesen Treffen in unregelm\u00e4\u00dfigen Abst\u00e4nden weitere Aktivit\u00e4ten beschlossen werden. Eine Anmeldung ist nicht erforderlich.<\/p>\n<p><strong>Ansprechpartner:<\/strong><br \/>\nAndrea Duffhau\u00df, Telefon 02152 4215, E-Mail: <a href=\"mailto:info@hagelkreuz-kempen.de\">info@hagelkreuz-kempen.de<\/a><\/p>\n<p>Terminzettel liegen im Quartiersb\u00fcro zur Mitnahme bereit oder erhalten Sie bei der oben genannten Ansprechpartnerin.<\/p>\n<h3>Die n\u00e4chsten Termine:<\/h3>\nKeine  Veranstaltungen\n<h3>Weitere Termine vom Quartiersprojekt Hagelkreuz finden Sie unter <a href=\"https:\/\/unser-quartier.de\/hagelkreuz\/veranstaltungen\/liste\/\" data-wpel-link=\"internal\">Veranstaltungen.<\/a><\/h3>\n<p>Sehen Sie auch den Artikel vom 20.03.2017: <a href=\"https:\/\/unser-quartier.de\/hagelkreuz\/2017\/03\/neu-stammtische-im-hageklkreuz\/\" data-wpel-link=\"internal\">\u201eNeu: Stammtische im Hagelkreuz\u201c<\/a><\/p>\n<\/div>\n","protected":false},"excerpt":{"rendered":"<p>Stammtische Seit dem 8. Februar 2017 gibt es zwei regelm\u00e4\u00dfig stattfindende Stammtisch-Treffen im Hagelkreuz, die f\u00fcr alle Kempener B\u00fcrger offen sind. Mittlerweile ist nur noch ein Stammtisch aktiv. Er findet jeden 2. Mittwoch im Monat statt. Termine: Jeden 2. Mittwoch im Monat Treffpunkt: Caf\u00e9 Peerbooms, am Buttermarkt 21. Routenplaner\/Google-Maps Uhrzeit: 14:30 Uhr bis ca. 16:30&hellip; <a class=\"continue\" href=\"https:\/\/unser-quartier.de\/hagelkreuz\/freizeit\/stammtische\/\" data-wpel-link=\"internal\"> \u00bb weiterlesen: <span> Stammtische<\/span><\/a><\/p>\n","protected":false},"author":407,"featured_media":3358,"parent":2943,"menu_order":9,"comment_status":"closed","ping_status":"closed","template":"","meta":{"generate_page_header":"","footnotes":""},"class_list":["post-3347","page","type-page","status-publish","has-post-thumbnail"],"_links":{"self":[{"href":"https:\/\/unser-quartier.de\/hagelkreuz\/wp-json\/wp\/v2\/pages\/3347","targetHints":{"allow":["GET"]}}],"collection":[{"href":"https:\/\/unser-quartier.de\/hagelkreuz\/wp-json\/wp\/v2\/pages"}],"about":[{"href":"https:\/\/unser-quartier.de\/hagelkreuz\/wp-json\/wp\/v2\/types\/page"}],"author":[{"embeddable":true,"href":"https:\/\/unser-quartier.de\/hagelkreuz\/wp-json\/wp\/v2\/users\/407"}],"replies":[{"embeddable":true,"href":"https:\/\/unser-quartier.de\/hagelkreuz\/wp-json\/wp\/v2\/comments?post=3347"}],"version-history":[{"count":0,"href":"https:\/\/unser-quartier.de\/hagelkreuz\/wp-json\/wp\/v2\/pages\/3347\/revisions"}],"up":[{"embeddable":true,"href":"https:\/\/unser-quartier.de\/hagelkreuz\/wp-json\/wp\/v2\/pages\/2943"}],"wp:featuredmedia":[{"embeddable":true,"href":"https:\/\/unser-quartier.de\/hagelkreuz\/wp-json\/wp\/v2\/media\/3358"}],"wp:attachment":[{"href":"https:\/\/unser-quartier.de\/hagelkreuz\/wp-json\/wp\/v2\/media?parent=3347"}],"curies":[{"name":"wp","href":"https:\/\/api.w.org\/{rel}","templated":true}]}}