{"id":4168,"date":"2017-06-24T20:48:54","date_gmt":"2017-06-24T18:48:54","guid":{"rendered":"https:\/\/unser-quartier.de\/hagelkreuz\/?page_id=4168"},"modified":"2017-08-15T16:09:32","modified_gmt":"2017-08-15T14:09:32","slug":"fotogalerie","status":"publish","type":"page","link":"https:\/\/unser-quartier.de\/hagelkreuz\/freizeit\/kegeln\/fotogalerie\/","title":{"rendered":"Fotogalerie Kegeln"},"content":{"rendered":"<p>Mit viel Spa\u00df und guter Laune werden gro\u00dfe und kleine Hausnummern ausgekegelt und viele weitere Spiele garantieren einen abwechslungsreichen Abend im Casino.<\/p>\n<div id='gallery-1' class='gallery galleryid-4168 gallery-columns-3 gallery-size-thumbnail'><figure class='gallery-item'>\n\t\t\t<div class='gallery-icon landscape'>\n\t\t\t\t<a href=\"https:\/\/unser-quartier.de\/hagelkreuz\/freizeit\/kegeln\/fotogalerie\/img_0831\/#main\" data-wpel-link=\"internal\"><img loading=\"lazy\" decoding=\"async\" width=\"150\" height=\"100\" src=\"https:\/\/unser-quartier.de\/hagelkreuz\/files\/2017\/06\/IMG_0831-150x100.jpg\" class=\"attachment-thumbnail size-thumbnail\" alt=\"Gruppenfoto KeglerInnen\" aria-describedby=\"gallery-1-4177\" srcset=\"https:\/\/unser-quartier.de\/hagelkreuz\/files\/2017\/06\/IMG_0831-150x100.jpg 150w, https:\/\/unser-quartier.de\/hagelkreuz\/files\/2017\/06\/IMG_0831-300x200.jpg 300w, https:\/\/unser-quartier.de\/hagelkreuz\/files\/2017\/06\/IMG_0831-768x512.jpg 768w, https:\/\/unser-quartier.de\/hagelkreuz\/files\/2017\/06\/IMG_0831-1024x683.jpg 1024w, https:\/\/unser-quartier.de\/hagelkreuz\/files\/2017\/06\/IMG_0831-600x400.jpg 600w, https:\/\/unser-quartier.de\/hagelkreuz\/files\/2017\/06\/IMG_0831-272x182.jpg 272w, https:\/\/unser-quartier.de\/hagelkreuz\/files\/2017\/06\/IMG_0831.jpg 1200w\" sizes=\"auto, (max-width: 150px) 100vw, 150px\" \/><\/a>\n\t\t\t<\/div>\n\t\t\t\t<figcaption class='wp-caption-text gallery-caption' id='gallery-1-4177'>\n\t\t\t\tEine starke Truppe&#8230;\n\t\t\t\t<\/figcaption><\/figure><figure class='gallery-item'>\n\t\t\t<div class='gallery-icon landscape'>\n\t\t\t\t<a href=\"https:\/\/unser-quartier.de\/hagelkreuz\/freizeit\/kegeln\/fotogalerie\/img_0812\/#main\" data-wpel-link=\"internal\"><img loading=\"lazy\" decoding=\"async\" width=\"150\" height=\"100\" src=\"https:\/\/unser-quartier.de\/hagelkreuz\/files\/2017\/06\/IMG_0812-150x100.jpg\" class=\"attachment-thumbnail size-thumbnail\" alt=\"Foto Kegler\" aria-describedby=\"gallery-1-4170\" srcset=\"https:\/\/unser-quartier.de\/hagelkreuz\/files\/2017\/06\/IMG_0812-150x100.jpg 150w, https:\/\/unser-quartier.de\/hagelkreuz\/files\/2017\/06\/IMG_0812-300x200.jpg 300w, https:\/\/unser-quartier.de\/hagelkreuz\/files\/2017\/06\/IMG_0812-768x512.jpg 768w, https:\/\/unser-quartier.de\/hagelkreuz\/files\/2017\/06\/IMG_0812-1024x683.jpg 1024w, https:\/\/unser-quartier.de\/hagelkreuz\/files\/2017\/06\/IMG_0812-600x400.jpg 600w, https:\/\/unser-quartier.de\/hagelkreuz\/files\/2017\/06\/IMG_0812-272x182.jpg 272w, https:\/\/unser-quartier.de\/hagelkreuz\/files\/2017\/06\/IMG_0812.jpg 1200w\" sizes=\"auto, (max-width: 150px) 100vw, 150px\" \/><\/a>\n\t\t\t<\/div>\n\t\t\t\t<figcaption class='wp-caption-text gallery-caption' id='gallery-1-4170'>\n\t\t\t\t&#8230;und ab geht die Post!\n\t\t\t\t<\/figcaption><\/figure><figure class='gallery-item'>\n\t\t\t<div class='gallery-icon landscape'>\n\t\t\t\t<a href=\"https:\/\/unser-quartier.de\/hagelkreuz\/freizeit\/kegeln\/fotogalerie\/img_0813\/#main\" data-wpel-link=\"internal\"><img loading=\"lazy\" decoding=\"async\" width=\"150\" height=\"100\" src=\"https:\/\/unser-quartier.de\/hagelkreuz\/files\/2017\/06\/IMG_0813-150x100.jpg\" class=\"attachment-thumbnail size-thumbnail\" alt=\"Foto Kegler\" aria-describedby=\"gallery-1-4171\" srcset=\"https:\/\/unser-quartier.de\/hagelkreuz\/files\/2017\/06\/IMG_0813-150x100.jpg 150w, https:\/\/unser-quartier.de\/hagelkreuz\/files\/2017\/06\/IMG_0813-300x200.jpg 300w, https:\/\/unser-quartier.de\/hagelkreuz\/files\/2017\/06\/IMG_0813-768x512.jpg 768w, https:\/\/unser-quartier.de\/hagelkreuz\/files\/2017\/06\/IMG_0813-1024x683.jpg 1024w, https:\/\/unser-quartier.de\/hagelkreuz\/files\/2017\/06\/IMG_0813-600x400.jpg 600w, https:\/\/unser-quartier.de\/hagelkreuz\/files\/2017\/06\/IMG_0813-272x182.jpg 272w, https:\/\/unser-quartier.de\/hagelkreuz\/files\/2017\/06\/IMG_0813.jpg 1200w\" sizes=\"auto, (max-width: 150px) 100vw, 150px\" \/><\/a>\n\t\t\t<\/div>\n\t\t\t\t<figcaption class='wp-caption-text gallery-caption' id='gallery-1-4171'>\n\t\t\t\tWieviel Kegel werden wohl fallen&#8230;?\n\t\t\t\t<\/figcaption><\/figure><figure class='gallery-item'>\n\t\t\t<div class='gallery-icon landscape'>\n\t\t\t\t<a href=\"https:\/\/unser-quartier.de\/hagelkreuz\/freizeit\/kegeln\/fotogalerie\/img_0815\/#main\" data-wpel-link=\"internal\"><img loading=\"lazy\" decoding=\"async\" width=\"150\" height=\"100\" src=\"https:\/\/unser-quartier.de\/hagelkreuz\/files\/2017\/06\/IMG_0815-150x100.jpg\" class=\"attachment-thumbnail size-thumbnail\" alt=\"Foto Keglerin\" aria-describedby=\"gallery-1-4172\" srcset=\"https:\/\/unser-quartier.de\/hagelkreuz\/files\/2017\/06\/IMG_0815-150x100.jpg 150w, https:\/\/unser-quartier.de\/hagelkreuz\/files\/2017\/06\/IMG_0815-300x200.jpg 300w, https:\/\/unser-quartier.de\/hagelkreuz\/files\/2017\/06\/IMG_0815-768x512.jpg 768w, https:\/\/unser-quartier.de\/hagelkreuz\/files\/2017\/06\/IMG_0815-1024x683.jpg 1024w, https:\/\/unser-quartier.de\/hagelkreuz\/files\/2017\/06\/IMG_0815-600x400.jpg 600w, https:\/\/unser-quartier.de\/hagelkreuz\/files\/2017\/06\/IMG_0815-272x182.jpg 272w, https:\/\/unser-quartier.de\/hagelkreuz\/files\/2017\/06\/IMG_0815.jpg 1200w\" sizes=\"auto, (max-width: 150px) 100vw, 150px\" \/><\/a>\n\t\t\t<\/div>\n\t\t\t\t<figcaption class='wp-caption-text gallery-caption' id='gallery-1-4172'>\n\t\t\t\tKraftvoll auf alle Neune\n\t\t\t\t<\/figcaption><\/figure><figure class='gallery-item'>\n\t\t\t<div class='gallery-icon landscape'>\n\t\t\t\t<a href=\"https:\/\/unser-quartier.de\/hagelkreuz\/img_0800\/\" data-wpel-link=\"internal\"><img loading=\"lazy\" decoding=\"async\" width=\"150\" height=\"100\" src=\"https:\/\/unser-quartier.de\/hagelkreuz\/files\/2017\/06\/IMG_0800-150x100.jpg\" class=\"attachment-thumbnail size-thumbnail\" alt=\"Foto Keglerin\" aria-describedby=\"gallery-1-4181\" srcset=\"https:\/\/unser-quartier.de\/hagelkreuz\/files\/2017\/06\/IMG_0800-150x100.jpg 150w, https:\/\/unser-quartier.de\/hagelkreuz\/files\/2017\/06\/IMG_0800-300x200.jpg 300w, https:\/\/unser-quartier.de\/hagelkreuz\/files\/2017\/06\/IMG_0800-768x512.jpg 768w, https:\/\/unser-quartier.de\/hagelkreuz\/files\/2017\/06\/IMG_0800-1024x683.jpg 1024w, https:\/\/unser-quartier.de\/hagelkreuz\/files\/2017\/06\/IMG_0800-600x400.jpg 600w, https:\/\/unser-quartier.de\/hagelkreuz\/files\/2017\/06\/IMG_0800-272x182.jpg 272w, https:\/\/unser-quartier.de\/hagelkreuz\/files\/2017\/06\/IMG_0800.jpg 1200w\" sizes=\"auto, (max-width: 150px) 100vw, 150px\" \/><\/a>\n\t\t\t<\/div>\n\t\t\t\t<figcaption class='wp-caption-text gallery-caption' id='gallery-1-4181'>\n\t\t\t\tJede\/r hat so seine eigene Technik. Hauptsache die richtigen Kegel fallen.\n\t\t\t\t<\/figcaption><\/figure><figure class='gallery-item'>\n\t\t\t<div class='gallery-icon landscape'>\n\t\t\t\t<a href=\"https:\/\/unser-quartier.de\/hagelkreuz\/freizeit\/kegeln\/fotogalerie\/img_0819\/#main\" data-wpel-link=\"internal\"><img loading=\"lazy\" decoding=\"async\" width=\"150\" height=\"100\" src=\"https:\/\/unser-quartier.de\/hagelkreuz\/files\/2017\/06\/IMG_0819-150x100.jpg\" class=\"attachment-thumbnail size-thumbnail\" alt=\"Foto Keglerin\" aria-describedby=\"gallery-1-4173\" srcset=\"https:\/\/unser-quartier.de\/hagelkreuz\/files\/2017\/06\/IMG_0819-150x100.jpg 150w, https:\/\/unser-quartier.de\/hagelkreuz\/files\/2017\/06\/IMG_0819-300x200.jpg 300w, https:\/\/unser-quartier.de\/hagelkreuz\/files\/2017\/06\/IMG_0819-768x512.jpg 768w, https:\/\/unser-quartier.de\/hagelkreuz\/files\/2017\/06\/IMG_0819-1024x683.jpg 1024w, https:\/\/unser-quartier.de\/hagelkreuz\/files\/2017\/06\/IMG_0819-600x400.jpg 600w, https:\/\/unser-quartier.de\/hagelkreuz\/files\/2017\/06\/IMG_0819-272x182.jpg 272w, https:\/\/unser-quartier.de\/hagelkreuz\/files\/2017\/06\/IMG_0819.jpg 1200w\" sizes=\"auto, (max-width: 150px) 100vw, 150px\" \/><\/a>\n\t\t\t<\/div>\n\t\t\t\t<figcaption class='wp-caption-text gallery-caption' id='gallery-1-4173'>\n\t\t\t\tDie Kugel rollt&#8230;\n\t\t\t\t<\/figcaption><\/figure><figure class='gallery-item'>\n\t\t\t<div class='gallery-icon landscape'>\n\t\t\t\t<a href=\"https:\/\/unser-quartier.de\/hagelkreuz\/freizeit\/kegeln\/fotogalerie\/img_0838\/#main\" data-wpel-link=\"internal\"><img loading=\"lazy\" decoding=\"async\" width=\"150\" height=\"100\" src=\"https:\/\/unser-quartier.de\/hagelkreuz\/files\/2017\/06\/IMG_0838-150x100.jpg\" class=\"attachment-thumbnail size-thumbnail\" alt=\"Foto Kegelbahn\" aria-describedby=\"gallery-1-4169\" srcset=\"https:\/\/unser-quartier.de\/hagelkreuz\/files\/2017\/06\/IMG_0838-150x100.jpg 150w, https:\/\/unser-quartier.de\/hagelkreuz\/files\/2017\/06\/IMG_0838-300x200.jpg 300w, https:\/\/unser-quartier.de\/hagelkreuz\/files\/2017\/06\/IMG_0838-768x512.jpg 768w, https:\/\/unser-quartier.de\/hagelkreuz\/files\/2017\/06\/IMG_0838-1024x683.jpg 1024w, https:\/\/unser-quartier.de\/hagelkreuz\/files\/2017\/06\/IMG_0838-600x400.jpg 600w, https:\/\/unser-quartier.de\/hagelkreuz\/files\/2017\/06\/IMG_0838-272x182.jpg 272w, https:\/\/unser-quartier.de\/hagelkreuz\/files\/2017\/06\/IMG_0838.jpg 1200w\" sizes=\"auto, (max-width: 150px) 100vw, 150px\" \/><\/a>\n\t\t\t<\/div>\n\t\t\t\t<figcaption class='wp-caption-text gallery-caption' id='gallery-1-4169'>\n\t\t\t\t..und rollt und rollt&#8230;\n\t\t\t\t<\/figcaption><\/figure><figure class='gallery-item'>\n\t\t\t<div class='gallery-icon landscape'>\n\t\t\t\t<a href=\"https:\/\/unser-quartier.de\/hagelkreuz\/img_0804\/\" data-wpel-link=\"internal\"><img loading=\"lazy\" decoding=\"async\" width=\"150\" height=\"100\" src=\"https:\/\/unser-quartier.de\/hagelkreuz\/files\/2017\/06\/IMG_0804-150x100.jpg\" class=\"attachment-thumbnail size-thumbnail\" alt=\"Foto Kegler\" aria-describedby=\"gallery-1-4182\" srcset=\"https:\/\/unser-quartier.de\/hagelkreuz\/files\/2017\/06\/IMG_0804-150x100.jpg 150w, https:\/\/unser-quartier.de\/hagelkreuz\/files\/2017\/06\/IMG_0804-300x200.jpg 300w, https:\/\/unser-quartier.de\/hagelkreuz\/files\/2017\/06\/IMG_0804-768x512.jpg 768w, https:\/\/unser-quartier.de\/hagelkreuz\/files\/2017\/06\/IMG_0804-1024x683.jpg 1024w, https:\/\/unser-quartier.de\/hagelkreuz\/files\/2017\/06\/IMG_0804-600x400.jpg 600w, https:\/\/unser-quartier.de\/hagelkreuz\/files\/2017\/06\/IMG_0804-272x182.jpg 272w, https:\/\/unser-quartier.de\/hagelkreuz\/files\/2017\/06\/IMG_0804.jpg 1200w\" sizes=\"auto, (max-width: 150px) 100vw, 150px\" \/><\/a>\n\t\t\t<\/div>\n\t\t\t\t<figcaption class='wp-caption-text gallery-caption' id='gallery-1-4182'>\n\t\t\t\tDynamisch. Praktisch. Gut.\n\t\t\t\t<\/figcaption><\/figure><figure class='gallery-item'>\n\t\t\t<div class='gallery-icon landscape'>\n\t\t\t\t<a href=\"https:\/\/unser-quartier.de\/hagelkreuz\/img_0807\/\" data-wpel-link=\"internal\"><img loading=\"lazy\" decoding=\"async\" width=\"150\" height=\"100\" src=\"https:\/\/unser-quartier.de\/hagelkreuz\/files\/2017\/06\/IMG_0807-150x100.jpg\" class=\"attachment-thumbnail size-thumbnail\" alt=\"Foto Kegler\" aria-describedby=\"gallery-1-4183\" srcset=\"https:\/\/unser-quartier.de\/hagelkreuz\/files\/2017\/06\/IMG_0807-150x100.jpg 150w, https:\/\/unser-quartier.de\/hagelkreuz\/files\/2017\/06\/IMG_0807-300x200.jpg 300w, https:\/\/unser-quartier.de\/hagelkreuz\/files\/2017\/06\/IMG_0807-768x512.jpg 768w, https:\/\/unser-quartier.de\/hagelkreuz\/files\/2017\/06\/IMG_0807-1024x683.jpg 1024w, https:\/\/unser-quartier.de\/hagelkreuz\/files\/2017\/06\/IMG_0807-600x400.jpg 600w, https:\/\/unser-quartier.de\/hagelkreuz\/files\/2017\/06\/IMG_0807-272x182.jpg 272w, https:\/\/unser-quartier.de\/hagelkreuz\/files\/2017\/06\/IMG_0807.jpg 1200w\" sizes=\"auto, (max-width: 150px) 100vw, 150px\" \/><\/a>\n\t\t\t<\/div>\n\t\t\t\t<figcaption class='wp-caption-text gallery-caption' id='gallery-1-4183'>\n\t\t\t\tMit viel Schwung in die Vollen!\n\t\t\t\t<\/figcaption><\/figure><figure class='gallery-item'>\n\t\t\t<div class='gallery-icon landscape'>\n\t\t\t\t<a href=\"https:\/\/unser-quartier.de\/hagelkreuz\/img_0801\/\" data-wpel-link=\"internal\"><img loading=\"lazy\" decoding=\"async\" width=\"150\" height=\"100\" src=\"https:\/\/unser-quartier.de\/hagelkreuz\/files\/2017\/06\/IMG_0801-150x100.jpg\" class=\"attachment-thumbnail size-thumbnail\" alt=\"Foto Kegeler\" aria-describedby=\"gallery-1-4179\" srcset=\"https:\/\/unser-quartier.de\/hagelkreuz\/files\/2017\/06\/IMG_0801-150x100.jpg 150w, https:\/\/unser-quartier.de\/hagelkreuz\/files\/2017\/06\/IMG_0801-300x200.jpg 300w, https:\/\/unser-quartier.de\/hagelkreuz\/files\/2017\/06\/IMG_0801-768x512.jpg 768w, https:\/\/unser-quartier.de\/hagelkreuz\/files\/2017\/06\/IMG_0801-1024x683.jpg 1024w, https:\/\/unser-quartier.de\/hagelkreuz\/files\/2017\/06\/IMG_0801-600x400.jpg 600w, https:\/\/unser-quartier.de\/hagelkreuz\/files\/2017\/06\/IMG_0801-272x182.jpg 272w, https:\/\/unser-quartier.de\/hagelkreuz\/files\/2017\/06\/IMG_0801.jpg 1200w\" sizes=\"auto, (max-width: 150px) 100vw, 150px\" \/><\/a>\n\t\t\t<\/div>\n\t\t\t\t<figcaption class='wp-caption-text gallery-caption' id='gallery-1-4179'>\n\t\t\t\tDer erwartungsvolle Blick: Hoffentlich f\u00e4llt nur ein Kegel&#8230;\n\t\t\t\t<\/figcaption><\/figure><figure class='gallery-item'>\n\t\t\t<div class='gallery-icon landscape'>\n\t\t\t\t<a href=\"https:\/\/unser-quartier.de\/hagelkreuz\/img_0810\/\" data-wpel-link=\"internal\"><img loading=\"lazy\" decoding=\"async\" width=\"150\" height=\"100\" src=\"https:\/\/unser-quartier.de\/hagelkreuz\/files\/2017\/06\/IMG_0810-150x100.jpg\" class=\"attachment-thumbnail size-thumbnail\" alt=\"Foto Kegler\" aria-describedby=\"gallery-1-4180\" srcset=\"https:\/\/unser-quartier.de\/hagelkreuz\/files\/2017\/06\/IMG_0810-150x100.jpg 150w, https:\/\/unser-quartier.de\/hagelkreuz\/files\/2017\/06\/IMG_0810-300x200.jpg 300w, https:\/\/unser-quartier.de\/hagelkreuz\/files\/2017\/06\/IMG_0810-768x512.jpg 768w, https:\/\/unser-quartier.de\/hagelkreuz\/files\/2017\/06\/IMG_0810-1024x683.jpg 1024w, https:\/\/unser-quartier.de\/hagelkreuz\/files\/2017\/06\/IMG_0810-600x400.jpg 600w, https:\/\/unser-quartier.de\/hagelkreuz\/files\/2017\/06\/IMG_0810-272x182.jpg 272w, https:\/\/unser-quartier.de\/hagelkreuz\/files\/2017\/06\/IMG_0810.jpg 1200w\" sizes=\"auto, (max-width: 150px) 100vw, 150px\" \/><\/a>\n\t\t\t<\/div>\n\t\t\t\t<figcaption class='wp-caption-text gallery-caption' id='gallery-1-4180'>\n\t\t\t\tDie Kugel ist versenkt\n\t\t\t\t<\/figcaption><\/figure><figure class='gallery-item'>\n\t\t\t<div class='gallery-icon landscape'>\n\t\t\t\t<a href=\"https:\/\/unser-quartier.de\/hagelkreuz\/freizeit\/kegeln\/fotogalerie\/img_0822\/#main\" data-wpel-link=\"internal\"><img loading=\"lazy\" decoding=\"async\" width=\"150\" height=\"100\" src=\"https:\/\/unser-quartier.de\/hagelkreuz\/files\/2017\/06\/IMG_0822-150x100.jpg\" class=\"attachment-thumbnail size-thumbnail\" alt=\"Foto Spielergebnisse\" aria-describedby=\"gallery-1-4174\" srcset=\"https:\/\/unser-quartier.de\/hagelkreuz\/files\/2017\/06\/IMG_0822-150x100.jpg 150w, https:\/\/unser-quartier.de\/hagelkreuz\/files\/2017\/06\/IMG_0822-300x200.jpg 300w, https:\/\/unser-quartier.de\/hagelkreuz\/files\/2017\/06\/IMG_0822-768x512.jpg 768w, https:\/\/unser-quartier.de\/hagelkreuz\/files\/2017\/06\/IMG_0822-1024x683.jpg 1024w, https:\/\/unser-quartier.de\/hagelkreuz\/files\/2017\/06\/IMG_0822-600x400.jpg 600w, https:\/\/unser-quartier.de\/hagelkreuz\/files\/2017\/06\/IMG_0822-272x182.jpg 272w, https:\/\/unser-quartier.de\/hagelkreuz\/files\/2017\/06\/IMG_0822.jpg 1200w\" sizes=\"auto, (max-width: 150px) 100vw, 150px\" \/><\/a>\n\t\t\t<\/div>\n\t\t\t\t<figcaption class='wp-caption-text gallery-caption' id='gallery-1-4174'>\n\t\t\t\tGro\u00dfe oder kleine Hausnummern&#8230;? F\u00fcr J\u00f6rg keine Frage\n\t\t\t\t<\/figcaption><\/figure><figure class='gallery-item'>\n\t\t\t<div class='gallery-icon landscape'>\n\t\t\t\t<a href=\"https:\/\/unser-quartier.de\/hagelkreuz\/freizeit\/kegeln\/fotogalerie\/img_0823\/#main\" data-wpel-link=\"internal\"><img loading=\"lazy\" decoding=\"async\" width=\"150\" height=\"100\" src=\"https:\/\/unser-quartier.de\/hagelkreuz\/files\/2017\/06\/IMG_0823-150x100.jpg\" class=\"attachment-thumbnail size-thumbnail\" alt=\"Foto Schaltpult Kegelautomat\" aria-describedby=\"gallery-1-4175\" srcset=\"https:\/\/unser-quartier.de\/hagelkreuz\/files\/2017\/06\/IMG_0823-150x100.jpg 150w, https:\/\/unser-quartier.de\/hagelkreuz\/files\/2017\/06\/IMG_0823-300x200.jpg 300w, https:\/\/unser-quartier.de\/hagelkreuz\/files\/2017\/06\/IMG_0823-768x512.jpg 768w, https:\/\/unser-quartier.de\/hagelkreuz\/files\/2017\/06\/IMG_0823-1024x683.jpg 1024w, https:\/\/unser-quartier.de\/hagelkreuz\/files\/2017\/06\/IMG_0823-600x400.jpg 600w, https:\/\/unser-quartier.de\/hagelkreuz\/files\/2017\/06\/IMG_0823-272x182.jpg 272w, https:\/\/unser-quartier.de\/hagelkreuz\/files\/2017\/06\/IMG_0823.jpg 1200w\" sizes=\"auto, (max-width: 150px) 100vw, 150px\" \/><\/a>\n\t\t\t<\/div>\n\t\t\t\t<figcaption class='wp-caption-text gallery-caption' id='gallery-1-4175'>\n\t\t\t\tDer Automat und einige Regeln\n\t\t\t\t<\/figcaption><\/figure><figure class='gallery-item'>\n\t\t\t<div class='gallery-icon landscape'>\n\t\t\t\t<a href=\"https:\/\/unser-quartier.de\/hagelkreuz\/freizeit\/kegeln\/fotogalerie\/img_0827\/#main\" data-wpel-link=\"internal\"><img loading=\"lazy\" decoding=\"async\" width=\"150\" height=\"100\" src=\"https:\/\/unser-quartier.de\/hagelkreuz\/files\/2017\/06\/IMG_0827-150x100.jpg\" class=\"attachment-thumbnail size-thumbnail\" alt=\"Gruppenfoto KeglerInnen\" aria-describedby=\"gallery-1-4176\" srcset=\"https:\/\/unser-quartier.de\/hagelkreuz\/files\/2017\/06\/IMG_0827-150x100.jpg 150w, https:\/\/unser-quartier.de\/hagelkreuz\/files\/2017\/06\/IMG_0827-300x200.jpg 300w, https:\/\/unser-quartier.de\/hagelkreuz\/files\/2017\/06\/IMG_0827-768x512.jpg 768w, https:\/\/unser-quartier.de\/hagelkreuz\/files\/2017\/06\/IMG_0827-1024x683.jpg 1024w, https:\/\/unser-quartier.de\/hagelkreuz\/files\/2017\/06\/IMG_0827-600x400.jpg 600w, https:\/\/unser-quartier.de\/hagelkreuz\/files\/2017\/06\/IMG_0827-272x182.jpg 272w, https:\/\/unser-quartier.de\/hagelkreuz\/files\/2017\/06\/IMG_0827.jpg 1200w\" sizes=\"auto, (max-width: 150px) 100vw, 150px\" \/><\/a>\n\t\t\t<\/div>\n\t\t\t\t<figcaption class='wp-caption-text gallery-caption' id='gallery-1-4176'>\n\t\t\t\tFreude am Kegeln\n\t\t\t\t<\/figcaption><\/figure>\n\t\t<\/div>\n\n","protected":false},"excerpt":{"rendered":"<p>Mit viel Spa\u00df und guter Laune werden gro\u00dfe und kleine Hausnummern ausgekegelt und viele weitere Spiele garantieren einen abwechslungsreichen Abend im Casino.<\/p>\n","protected":false},"author":391,"featured_media":0,"parent":2918,"menu_order":7,"comment_status":"closed","ping_status":"closed","template":"","meta":{"generate_page_header":"","footnotes":""},"class_list":["post-4168","page","type-page","status-publish"],"_links":{"self":[{"href":"https:\/\/unser-quartier.de\/hagelkreuz\/wp-json\/wp\/v2\/pages\/4168","targetHints":{"allow":["GET"]}}],"collection":[{"href":"https:\/\/unser-quartier.de\/hagelkreuz\/wp-json\/wp\/v2\/pages"}],"about":[{"href":"https:\/\/unser-quartier.de\/hagelkreuz\/wp-json\/wp\/v2\/types\/page"}],"author":[{"embeddable":true,"href":"https:\/\/unser-quartier.de\/hagelkreuz\/wp-json\/wp\/v2\/users\/391"}],"replies":[{"embeddable":true,"href":"https:\/\/unser-quartier.de\/hagelkreuz\/wp-json\/wp\/v2\/comments?post=4168"}],"version-history":[{"count":0,"href":"https:\/\/unser-quartier.de\/hagelkreuz\/wp-json\/wp\/v2\/pages\/4168\/revisions"}],"up":[{"embeddable":true,"href":"https:\/\/unser-quartier.de\/hagelkreuz\/wp-json\/wp\/v2\/pages\/2918"}],"wp:attachment":[{"href":"https:\/\/unser-quartier.de\/hagelkreuz\/wp-json\/wp\/v2\/media?parent=4168"}],"curies":[{"name":"wp","href":"https:\/\/api.w.org\/{rel}","templated":true}]}}