{"id":4438,"date":"2017-08-15T11:38:50","date_gmt":"2017-08-15T09:38:50","guid":{"rendered":"https:\/\/unser-quartier.de\/hagelkreuz\/?page_id=4438"},"modified":"2025-12-18T09:40:37","modified_gmt":"2025-12-18T09:40:37","slug":"rollatoren-in-bewegung","status":"publish","type":"page","link":"https:\/\/unser-quartier.de\/hagelkreuz\/freizeit\/rollatoren-in-bewegung\/","title":{"rendered":"Senioren in Bewegung"},"content":{"rendered":"<h3><span class=\"item_black\"><strong>Senioren in Bewegung<\/strong><\/span><\/h3>\n<p>Bewegung ist in jedem Alter eine wichtige Voraussetzung, um sich fit zu halten. Wenn k\u00f6rperliche Einschr\u00e4nkungen vorhanden sind, ist es sinnvoll, sich zu bewegen. F\u00fcr dieses kostenlose Bewegungsangebot wird ein speziell auf Rollator-Nutzerinnen und -Nutzer abgestimmtes Bewegungsprogramm von G\u00fcnter Bregulla angeboten. Sch\u00e4dliche Bewegungsmuster werden erkannt und es k\u00f6nnen gesunde Bewegungen erlernt werden. Auf St\u00fchlen sitzend werden die individuellen Bewegungsm\u00f6glichkeiten ausprobiert und gef\u00f6rdert.<\/p>\n<p><strong>Neue Teilnehmer sind herzlich willkommen!<\/strong><\/p>\n<p><strong>Termine: Jeden Dienstag von 10:00 bis 10:45 Uhr<br \/>\n<\/strong><\/p>\n<p>Ort: Pfarrheim Christ-K\u00f6nig<\/p>\n<p>Ansprechpartner: G\u00fcnter Bregulla, Telefon: 02152 917-2112<\/p>\n<p>Siehe auch den Artikel<br \/>\nvom 16.08.2017: <a href=\"https:\/\/unser-quartier.de\/hagelkreuz\/2017\/08\/bewegung-kommt-ins-hagelkreuz\/\" data-wpel-link=\"internal\">\u201eBewegung kommt ins Hagelkreuz\u201c<\/a><\/p>\n<h3>Die n\u00e4chsten Termine:<\/h3>\nKeine  Veranstaltungen\n<h3>Weitere Termine vom Quartiersprojekt Hagelkreuz finden Sie unter <a href=\"https:\/\/unser-quartier.de\/hagelkreuz\/veranstaltungen\/liste\/\" data-wpel-link=\"internal\">Veranstaltungen.<\/a><\/h3>\n","protected":false},"excerpt":{"rendered":"<p>Senioren in Bewegung Bewegung ist in jedem Alter eine wichtige Voraussetzung, um sich fit zu halten. Wenn k\u00f6rperliche Einschr\u00e4nkungen vorhanden sind, ist es sinnvoll, sich zu bewegen. F\u00fcr dieses kostenlose Bewegungsangebot wird ein speziell auf Rollator-Nutzerinnen und -Nutzer abgestimmtes Bewegungsprogramm von G\u00fcnter Bregulla angeboten. Sch\u00e4dliche Bewegungsmuster werden erkannt und es k\u00f6nnen gesunde Bewegungen erlernt werden.&hellip; <a class=\"continue\" href=\"https:\/\/unser-quartier.de\/hagelkreuz\/freizeit\/rollatoren-in-bewegung\/\" data-wpel-link=\"internal\"> \u00bb weiterlesen: <span> Senioren in Bewegung<\/span><\/a><\/p>\n","protected":false},"author":391,"featured_media":12403,"parent":2943,"menu_order":7,"comment_status":"closed","ping_status":"closed","template":"","meta":{"generate_page_header":"","footnotes":""},"class_list":["post-4438","page","type-page","status-publish","has-post-thumbnail"],"_links":{"self":[{"href":"https:\/\/unser-quartier.de\/hagelkreuz\/wp-json\/wp\/v2\/pages\/4438","targetHints":{"allow":["GET"]}}],"collection":[{"href":"https:\/\/unser-quartier.de\/hagelkreuz\/wp-json\/wp\/v2\/pages"}],"about":[{"href":"https:\/\/unser-quartier.de\/hagelkreuz\/wp-json\/wp\/v2\/types\/page"}],"author":[{"embeddable":true,"href":"https:\/\/unser-quartier.de\/hagelkreuz\/wp-json\/wp\/v2\/users\/391"}],"replies":[{"embeddable":true,"href":"https:\/\/unser-quartier.de\/hagelkreuz\/wp-json\/wp\/v2\/comments?post=4438"}],"version-history":[{"count":3,"href":"https:\/\/unser-quartier.de\/hagelkreuz\/wp-json\/wp\/v2\/pages\/4438\/revisions"}],"predecessor-version":[{"id":23211,"href":"https:\/\/unser-quartier.de\/hagelkreuz\/wp-json\/wp\/v2\/pages\/4438\/revisions\/23211"}],"up":[{"embeddable":true,"href":"https:\/\/unser-quartier.de\/hagelkreuz\/wp-json\/wp\/v2\/pages\/2943"}],"wp:featuredmedia":[{"embeddable":true,"href":"https:\/\/unser-quartier.de\/hagelkreuz\/wp-json\/wp\/v2\/media\/12403"}],"wp:attachment":[{"href":"https:\/\/unser-quartier.de\/hagelkreuz\/wp-json\/wp\/v2\/media?parent=4438"}],"curies":[{"name":"wp","href":"https:\/\/api.w.org\/{rel}","templated":true}]}}