{"id":5842,"date":"2018-04-09T14:24:51","date_gmt":"2018-04-09T12:24:51","guid":{"rendered":"https:\/\/unser-quartier.de\/hagelkreuz\/?page_id=5842"},"modified":"2018-04-09T14:24:51","modified_gmt":"2018-04-09T12:24:51","slug":"fitness-am-feierabend","status":"publish","type":"page","link":"https:\/\/unser-quartier.de\/hagelkreuz\/freizeit\/fitness-am-feierabend\/","title":{"rendered":"Fitness am Feierabend"},"content":{"rendered":"<p>Nachdem sich in der Freizeitgruppe &#8222;Senioren in Bewegung&#8220; viele Senioren mit gro\u00dfer Freude zu den \u00dcbungen von G\u00fcnter Bregulla bewegen, wird nun auch f\u00fcr Berufst\u00e4tige eine Fitnessstunde angeboten.<\/p>\n<p>Der K\u00f6rper wird auf schonende Weise mit \u00dcbungen aus dem Yoga, Pilates und der Methode Feldenkrais bewegt. Vor allem die Bauch- und R\u00fcckenmuskulatur wird trainiert, damit der R\u00fccken gest\u00e4rkt wird. Dem allt\u00e4glichen Stress wird mit Entspannungs\u00fcbungen begegnet. Im Rhythmus der Atmung dehnen, drehen und strecken sich die Teilnehmenden und tanken f\u00fcr die kommende Woche Kraft und Energie.<\/p>\n<p>&#8222;Fitness am Feierabend&#8220; wird ab Montag, den 9. April 2018 von 17 bis 18 Uhr, im Pfarrheim Christ-K\u00f6nig w\u00f6chentlich angeboten. Die Teilnehmer sollten eine Matte und Sportkleidung mitbringen.<\/p>\n","protected":false},"excerpt":{"rendered":"<p>Nachdem sich in der Freizeitgruppe &#8222;Senioren in Bewegung&#8220; viele Senioren mit gro\u00dfer Freude zu den \u00dcbungen von G\u00fcnter Bregulla bewegen, wird nun auch f\u00fcr Berufst\u00e4tige eine Fitnessstunde angeboten. Der K\u00f6rper wird auf schonende Weise mit \u00dcbungen aus dem Yoga, Pilates und der Methode Feldenkrais bewegt. Vor allem die Bauch- und R\u00fcckenmuskulatur wird trainiert, damit der&hellip; <a class=\"continue\" href=\"https:\/\/unser-quartier.de\/hagelkreuz\/freizeit\/fitness-am-feierabend\/\" data-wpel-link=\"internal\"> \u00bb weiterlesen: <span> Fitness am Feierabend<\/span><\/a><\/p>\n","protected":false},"author":391,"featured_media":0,"parent":2943,"menu_order":0,"comment_status":"closed","ping_status":"closed","template":"","meta":{"generate_page_header":"","footnotes":""},"class_list":["post-5842","page","type-page","status-publish"],"_links":{"self":[{"href":"https:\/\/unser-quartier.de\/hagelkreuz\/wp-json\/wp\/v2\/pages\/5842","targetHints":{"allow":["GET"]}}],"collection":[{"href":"https:\/\/unser-quartier.de\/hagelkreuz\/wp-json\/wp\/v2\/pages"}],"about":[{"href":"https:\/\/unser-quartier.de\/hagelkreuz\/wp-json\/wp\/v2\/types\/page"}],"author":[{"embeddable":true,"href":"https:\/\/unser-quartier.de\/hagelkreuz\/wp-json\/wp\/v2\/users\/391"}],"replies":[{"embeddable":true,"href":"https:\/\/unser-quartier.de\/hagelkreuz\/wp-json\/wp\/v2\/comments?post=5842"}],"version-history":[{"count":0,"href":"https:\/\/unser-quartier.de\/hagelkreuz\/wp-json\/wp\/v2\/pages\/5842\/revisions"}],"up":[{"embeddable":true,"href":"https:\/\/unser-quartier.de\/hagelkreuz\/wp-json\/wp\/v2\/pages\/2943"}],"wp:attachment":[{"href":"https:\/\/unser-quartier.de\/hagelkreuz\/wp-json\/wp\/v2\/media?parent=5842"}],"curies":[{"name":"wp","href":"https:\/\/api.w.org\/{rel}","templated":true}]}}