{"id":8028,"date":"2019-01-17T14:55:36","date_gmt":"2019-01-17T13:55:36","guid":{"rendered":"https:\/\/unser-quartier.de\/hagelkreuz\/?page_id=8028"},"modified":"2024-04-22T13:50:36","modified_gmt":"2024-04-22T13:50:36","slug":"cafe-wackelkontakt","status":"publish","type":"page","link":"https:\/\/unser-quartier.de\/hagelkreuz\/projekte\/cafe-wackelkontakt\/","title":{"rendered":"RepairCaf\u00e9 Wackelkontakt"},"content":{"rendered":"<h3>Quartiersprojekt:<\/h3>\n<p>Initiierung eines Reparatur-Caf\u00e9s f\u00fcr nachbarschaftliche Hilfe im Hagelkreuz<\/p>\n<h3>Verantwortlich:<\/h3>\n<p>Stadt Kempen, Quartiersentwicklung Hagelkreuz, Concordienplatz 7, 47906 Kempen, Telefon: 0 21 52 \/ 917 2112, E-Mail: <a href=\"mailto:repaircafe.wackelkontakt@hagelkreuz-kempen.de\">repaircafe.wackelkontakt@hagelkreuz-kempen.de<\/a><\/p>\n<h3>Projektstart:<\/h3>\n<p>Herbst 2018<\/p>\n<h3>Projektumsetzung:<\/h3>\n<p>Januar 2019 &#8211; Er\u00f6ffnung am 14.01.2019<\/p>\n<h3>Projektbeschreibung:<\/h3>\n<p>Gr\u00fcndung eines regelm\u00e4\u00dfigen Treffpunktes, um defekte technische Ger\u00e4ten durch ehrenamtliche qualifizierte Helferinnen und Helfer reparieren zu lassen. Der Treff steht allen B\u00fcrgerinnen und B\u00fcrger des Quartiers und der Region offen. Durch das gemeinsame Besprechen einer m\u00f6glichen Reparatur, der Gedankenaustausch und das Zusammensein w\u00e4hrend der regelm\u00e4\u00dfigen \u00d6ffnungszeiten vernetzt der Treffpunkt unterschiedliche Akteure aus dem Stadtteil und der Region. So kann ein lebenswerter Wohnort f\u00fcr alle Generationen entstehen. Das Technik-Caf\u00e9 im Hagelkreuz soll dazu beitragen, dass hier ein Ort entsteht, an dem die Menschen nicht nur wohnen, sondern auch soziale Kontakte pflegen, Nachbarschaft leben und ein Gemeinschaftsgef\u00fchl hegen.<\/p>\n<h3>Kooperation mit RepairCaf\u00e9 Oedt<\/h3>\n<p>Seit Januar 2020 kooperiert das RepairCaf\u00e9 Wackelkontakt mit dem RepairCaf\u00e9 Oedt. In Oedt k\u00f6nnen rund 10 bis 15 Hobbyheimwerker durch Schreinerexperten auch Holzarbeiten &#8211; ein abgebrochenes Stuhlbein oder \u00e4hnliches &#8211; reparieren. Auch Handarbeit-Expertinnen, die mit der N\u00e4hmaschine schnell eine Naht ausbessern, Mottenl\u00f6scher stopfen oder bei der Handhabung mit der N\u00e4hmaschine helfen, sind dort vor Ort. In Kempen sind die Elektroniker und Elektro-Fetischisten bestens mit diversen Messger\u00e4ten und Werkzeug ausgestattet, um technische Ger\u00e4te wieder zum Laufen zu bringen.<\/p>\n<p>Die n\u00e4chsten Termine vom RepairCaf\u00e9 Wackelkontakt: <p>09. Mai 2026 um 13:00 - 16:00 Uhr<br \/><strong><a href=\"https:\/\/unser-quartier.de\/hagelkreuz\/events\/repaircafe-wackelkontakt-2026-05-09\/\" data-wpel-link=\"internal\">RepairCaf\u00e9 Wackelkontakt<\/a><\/strong><br \/><a href=\"https:\/\/unser-quartier.de\/hagelkreuz\/orte\/quartiersbuero-hagelkreuz\/\" data-wpel-link=\"internal\">Quartiersb\u00fcro Hagelkreuz<\/a><\/p><p>13. Juni 2026 um 13:00 - 16:00 Uhr<br \/><strong><a href=\"https:\/\/unser-quartier.de\/hagelkreuz\/events\/repaircafe-wackelkontakt-2026-06-13\/\" data-wpel-link=\"internal\">RepairCaf\u00e9 Wackelkontakt<\/a><\/strong><br \/><a href=\"https:\/\/unser-quartier.de\/hagelkreuz\/orte\/quartiersbuero-hagelkreuz\/\" data-wpel-link=\"internal\">Quartiersb\u00fcro Hagelkreuz<\/a><\/p>\n<h3>Projekt-Pressetext:<\/h3>\n<h3>Rasierer, Radio, Reiskocher und Co. <br \/>\n\u201eCaf\u00e9 Wackelkontakt\u201c \u2013 die offene Werkbank bei technischen Problemen<\/h3>\n<p>Seit kurzem hat der Krefelder Carsten Severens in Kempen eine neue Heimat gefunden und schon engagiert er sich: Gemeinsam mit dem Quartiersb\u00fcro Hagelkreuz hat er das \u201eCaf\u00e9 Wackelkontakt\u201c initiiert, das am Montag, 14. Januar 2019, um 14 Uhr er\u00f6ffnet wird. Mitgebrachte defekte Kleinger\u00e4te werden durch ehrenamtliche Experten und Helfern inspiziert und repariert.<\/p>\n<p>\u201eWarum wegwerfen, wenn mit einer neuen L\u00f6tstelle, der Beseitigung eines Wackelkontaktes am Kabel oder einem Klick auf dem Smartphone das Problem gel\u00f6st werden kann\u201c, erkl\u00e4rt der Radio- und Fernsehtechnik-Meister seine Motivation zum Helfen. \u00dcber die Freiwilligenagentur der Stadt Kempen hat Severens den Weg ins Hagelkreuz gefunden und wird nun jeden 2. Samstag im Monat von 13 bis 16 Uhr im Quartiersb\u00fcro am Concordienplatz 7 versuchen, dem Wecker, Verst\u00e4rker, der Uhr oder dem Handr\u00fchrger\u00e4t, F\u00f6n, Toaster oder Computer wieder Leben einzuhauchen.<\/p>\n<h3>Reparieren statt wegwerfen<\/h3>\n<p>Selbstverst\u00e4ndlich spielt Nachhaltigkeit bei den Werkstatt-Helden im Hagelkreuz eine gro\u00dfe Rolle: Schon bei der Produktion eines Ger\u00e4tes wurden Ressourcen beansprucht und zu viele Ger\u00e4te werden weggeworfen; reparieren ist vielen Menschen zu kompliziert, zu teuer oder zu umst\u00e4ndlich. Reparieren schont unmittelbar Ressourcen und die Umwelt. \u201eWir beobachten auch, wie gro\u00df die Freude \u00fcber eine gelungene Reparatur ist, weil ein gewohnter Gebrauchsgegenstand nicht auf dem M\u00fcll landet und der Benutzer sich nicht umgew\u00f6hnen oder neu lernen muss\u201c, wei\u00df Severens zu berichten und sein Herz freut sich \u00fcber die gute Tat.<\/p>\n<h3>Was wird repariert?<\/h3>\n<p>Im \u201eCaf\u00e9 Wackelkontakt\u201c wird von Uhr, Laptop, Verst\u00e4rker bis Kopfh\u00f6rer, Kaffeem\u00fchle und Staubsauber so ziemlich alles angenommen. \u201eNat\u00fcrlich k\u00f6nnen wir nur Ger\u00e4te annehmen, die sich bequem zum Quartiersb\u00fcro transportieren lassen\u201c, erkl\u00e4rt der frischgebackene Kempener. \u201eAlles was zu gro\u00df oder zu schwer ist, einen Starkstrom- oder Wasseranschluss ben\u00f6tigt, m\u00fcssen wir leider ablehnen\u201c. Im Zweifelsfall sollte man vorbeikommen und mit dem Wackelkontakt-Team kl\u00e4ren.<\/p>\n<h3>Internet &amp; Co.<\/h3>\n<p>Der gelernte Radio- und Fernsehtechniker ist ein echtes Multitalent und auch als IT-Fachmann gefragt. Mit Rat und Tat steht er bei PC-, Handy- oder Internet-Angelegenheiten zur Seite.<\/p>\n<h3>Was kostet die Reparatur?<\/h3>\n<p>Kaum hatte Carsten Severens seine Idee pr\u00e4sentiert, haben sich weitere engagierte Techniker, Experten und Helfer aus technischen Berufen gefunden, die ebenfalls Spa\u00df am Basteln, Reparieren und Instandsetzen haben. Alle arbeiten ehrenamtlich ohne Geb\u00fchr. Sollten Ersatzteile notwendig sein, werden diese auf Namen und Rechnung des Ger\u00e4teeigent\u00fcmers bestellt \u2013 nat\u00fcrlich nur in Absprache. \u201eOft ist durch einen geschulten Blick ins Ger\u00e4t zu erkennen, ob eine Reparatur m\u00f6glich und sinnvoll ist\u201c, meint Severens.<\/p>\n<p>Das \u201eCaf\u00e9 Wackelkontakt\u201c ist zu erreichen \u00fcber das Quartiersb\u00fcro Hagelkreuz, Concordienplatz 7, 47906 Kempen; Telefon: 0 21 52 \/ 917 2112; E-Mail: repaircafe.wackelkontakt@hagelkreuz-kempen.de<\/p>\n<h3>Projekt-Ende:<\/h3>\n<p>offen<\/p>\n<p>&nbsp;<\/p>\n<p>&nbsp;<\/p>\n","protected":false},"excerpt":{"rendered":"<p>Quartiersprojekt: Initiierung eines Reparatur-Caf\u00e9s f\u00fcr nachbarschaftliche Hilfe im Hagelkreuz Verantwortlich: Stadt Kempen, Quartiersentwicklung Hagelkreuz, Concordienplatz 7, 47906 Kempen, Telefon: 0 21 52 \/ 917 2112, E-Mail: repaircafe.wackelkontakt@hagelkreuz-kempen.de Projektstart: Herbst 2018 Projektumsetzung: Januar 2019 &#8211; Er\u00f6ffnung am 14.01.2019 Projektbeschreibung: Gr\u00fcndung eines regelm\u00e4\u00dfigen Treffpunktes, um defekte technische Ger\u00e4ten durch ehrenamtliche qualifizierte Helferinnen und Helfer reparieren zu lassen.&hellip; <a class=\"continue\" href=\"https:\/\/unser-quartier.de\/hagelkreuz\/projekte\/cafe-wackelkontakt\/\" data-wpel-link=\"internal\"> \u00bb weiterlesen: <span> RepairCaf\u00e9 Wackelkontakt<\/span><\/a><\/p>\n","protected":false},"author":391,"featured_media":0,"parent":1704,"menu_order":9,"comment_status":"closed","ping_status":"closed","template":"","meta":{"generate_page_header":"","footnotes":""},"class_list":["post-8028","page","type-page","status-publish"],"_links":{"self":[{"href":"https:\/\/unser-quartier.de\/hagelkreuz\/wp-json\/wp\/v2\/pages\/8028","targetHints":{"allow":["GET"]}}],"collection":[{"href":"https:\/\/unser-quartier.de\/hagelkreuz\/wp-json\/wp\/v2\/pages"}],"about":[{"href":"https:\/\/unser-quartier.de\/hagelkreuz\/wp-json\/wp\/v2\/types\/page"}],"author":[{"embeddable":true,"href":"https:\/\/unser-quartier.de\/hagelkreuz\/wp-json\/wp\/v2\/users\/391"}],"replies":[{"embeddable":true,"href":"https:\/\/unser-quartier.de\/hagelkreuz\/wp-json\/wp\/v2\/comments?post=8028"}],"version-history":[{"count":3,"href":"https:\/\/unser-quartier.de\/hagelkreuz\/wp-json\/wp\/v2\/pages\/8028\/revisions"}],"predecessor-version":[{"id":20114,"href":"https:\/\/unser-quartier.de\/hagelkreuz\/wp-json\/wp\/v2\/pages\/8028\/revisions\/20114"}],"up":[{"embeddable":true,"href":"https:\/\/unser-quartier.de\/hagelkreuz\/wp-json\/wp\/v2\/pages\/1704"}],"wp:attachment":[{"href":"https:\/\/unser-quartier.de\/hagelkreuz\/wp-json\/wp\/v2\/media?parent=8028"}],"curies":[{"name":"wp","href":"https:\/\/api.w.org\/{rel}","templated":true}]}}