{"id":15,"date":"2016-05-11T13:22:32","date_gmt":"2016-05-11T11:22:32","guid":{"rendered":"https:\/\/hausherbstzeitlos.wordpress.com\/?page_id=15"},"modified":"2016-09-29T18:48:32","modified_gmt":"2016-09-29T16:48:32","slug":"durchblick-siegen-e-v","status":"publish","type":"page","link":"https:\/\/unser-quartier.de\/haus-herbstzeitlos-siegen\/durchblick-siegen-e-v\/","title":{"rendered":"durchblick &ndash; Autorenzeitschrift"},"content":{"rendered":"<p>&nbsp;<\/p>\n<p><a href=\"https:\/\/unser-quartier.de\/haus-herbstzeitlos-siegen\/files\/2016\/05\/db-logo-neutral.jpg\"><img loading=\"lazy\" decoding=\"async\" style=\"padding-top: 0px;padding-left: 0px;padding-right: 0px;border-width: 0px\" title=\"db Logo neutral\" src=\"https:\/\/unser-quartier.de\/haus-herbstzeitlos-siegen\/files\/2016\/05\/db-logo-neutral_thumb.jpg\" alt=\"db Logo neutral\" width=\"538\" height=\"158\" border=\"0\" \/><\/a><\/p>\n<p>&#8222;Zwar im Ruhestand, aber arbeitsam in Bewegung. Zwar journalistisch zum gr\u00f6\u00dften Teil nicht vorgebildet, aber in der Lage, mit dem <em>durchblick<\/em> eine gute informative Zeitung zu machen. &#8222;Von Senioren f\u00fcr Senioren, aber nicht nur f\u00fcr diese&#8220;, das ist das Motto des ehrenamtlich arbeitenden Redaktionsteams der unabh\u00e4ngigen Autorenzeitung.<\/p>\n<p align=\"justify\">Ziel der Redaktionsarbeit ist es, die Siegerl\u00e4nder- und Wittgensteiner Altenarbeit zu verfolgen und zu begleiten, sowie regionale Seniorenbeir\u00e4te und Seniorengruppen medial zu unterst\u00fctzen. Der <em>durchblick<\/em> will \u00e4lteren Menschen Hilfestellungen und Anregungen geben, aber auch Schwachstellen im kommunalen Bereich und dar\u00fcber hinaus aufzeigen. Der gesellschaftliche Teil ist eingebettet in lyrische bis prosaische, ernste bis unterhaltsame Beitr\u00e4ge. Als besonderer Service werden seniorenrelevante Veranstaltungen im Verbreitungsgebiet als Terminkalender \u00fcbersichtlich gef\u00fchrt. Nicht zuletzt wollen die etwa 30 Redakteure, sowie die weiteren 40 MitarbeiterInnen der Zeitung daran mitwirken, ein zeitgerechtes Altenbild in der Gesellschaft zu schaffen. Deshalb versteht sich der <em>durchblick<\/em> durchaus auch als politisches Organ, das sich f\u00fcr die Interessen der in der Region lebenden \u00e4lteren Menschen einsetzt.<\/p>\n<p align=\"justify\">Die <em>durchblick<\/em>-Redaktion ist seit Er\u00f6ffnung des Haus Herbstzeitlos fester Bestandteil der Aktivit\u00e4ten im Haus Herbstzeitlos. Die Zeitschrift hat sich mittlerweile zu einem der auflagenst\u00e4rksten Printmedien in S\u00fcdwestfalen entwickelt.<\/p>\n<p align=\"justify\"><strong>Auflage:<\/strong> ca. 25.000 kostenlos.<br \/>\nErscheinungsintervall: viermal j\u00e4hrlich im M\u00e4rz, Juni, September und Dezember.<br \/>\nFormat: DIN A4.<br \/>\nDurchschnittliche Seitenzahl: 80 Seiten in Farbe.<br \/>\n<strong>Verbreitung:<\/strong> Universit\u00e4tsstadt Siegen und das gesamte Kreisgebiet Siegen-Wittgenstein.<br \/>\n<strong>Vertrieb:<\/strong> Der<em> durchblick<\/em> wird zur Mitnahme ausgelegt; in allen Rath\u00e4usern, Apotheken, Arztpraxen, Sparkassen, \u00f6ffentlichen Geb\u00e4uden, Beh\u00f6rden und Einkaufszentren. Die Postzustellung im ABO ist m\u00f6glich und kostet im Inland j\u00e4hrlich 8,00 Euro. Eine unregelm\u00e4\u00dfige Verteilung erfolgt bei Gro\u00dfveranstaltungen und auf Wochenm\u00e4rkten.<\/p>\n<p><strong>Herausgeber:<\/strong> <em>durchblick<\/em>-siegen Information und Medien e.V., Marienborner Str. 151, 57074 Siegen\u00a0 | Tel.: Festnetz 0271\/61647 Mobil:. 0171\/6206413<br \/>\nE- Mail: redaktion@durchblick-siegen.de<br \/>\nInternet: <a href=\"http:\/\/www.durchblick-siegen.de\" target=\"_blank\">www.durchblick-siegen.de<\/a><\/p>\n<p>Unterst\u00fctzt wird der <em>durchblic<\/em>k insbesondere von der Universit\u00e4tsstadt Siegen und vom Kreis Siegen-Wittgenstein.<\/p>\n<table border=\"0\" width=\"100%\" cellspacing=\"0\" cellpadding=\"0\">\n<tbody>\n<tr>\n<td colspan=\"3\"><span style=\"font-family: arial, helvetica, sans-serif\"><strong>\u00d6ffnungszeiten:<\/strong><\/span><\/td>\n<td><\/td>\n<td><\/td>\n<td><\/td>\n<\/tr>\n<tr>\n<td><\/td>\n<td>Dienstag bis Donnerstag von<\/td>\n<td><\/td>\n<td>10.00 &#8211; 12.00 Uhr<\/td>\n<td><\/td>\n<td><\/td>\n<td><\/td>\n<\/tr>\n<tr>\n<td><\/td>\n<td>Dienstags auch von<\/td>\n<td><\/td>\n<td>15.00 &#8211; 17.00 Uhr \/ 18-20 Uhr<\/td>\n<\/tr>\n<\/tbody>\n<\/table>\n<hr \/>\n","protected":false},"excerpt":{"rendered":"<p>&nbsp; &#8222;Zwar im Ruhestand, aber arbeitsam in Bewegung. Zwar journalistisch zum gr\u00f6\u00dften Teil nicht vorgebildet, aber in der Lage, mit dem durchblick eine gute informative Zeitung zu machen. &#8222;Von Senioren f\u00fcr Senioren, aber nicht nur f\u00fcr diese&#8220;, das ist das &hellip; <a href=\"https:\/\/unser-quartier.de\/haus-herbstzeitlos-siegen\/durchblick-siegen-e-v\/\">Weiterlesen <span class=\"meta-nav\">&rarr;<\/span><\/a><\/p>\n","protected":false},"author":66,"featured_media":0,"parent":0,"menu_order":0,"comment_status":"closed","ping_status":"closed","template":"","meta":{"footnotes":""},"class_list":["post-15","page","type-page","status-publish","hentry"],"_links":{"self":[{"href":"https:\/\/unser-quartier.de\/haus-herbstzeitlos-siegen\/wp-json\/wp\/v2\/pages\/15","targetHints":{"allow":["GET"]}}],"collection":[{"href":"https:\/\/unser-quartier.de\/haus-herbstzeitlos-siegen\/wp-json\/wp\/v2\/pages"}],"about":[{"href":"https:\/\/unser-quartier.de\/haus-herbstzeitlos-siegen\/wp-json\/wp\/v2\/types\/page"}],"author":[{"embeddable":true,"href":"https:\/\/unser-quartier.de\/haus-herbstzeitlos-siegen\/wp-json\/wp\/v2\/users\/66"}],"replies":[{"embeddable":true,"href":"https:\/\/unser-quartier.de\/haus-herbstzeitlos-siegen\/wp-json\/wp\/v2\/comments?post=15"}],"version-history":[{"count":0,"href":"https:\/\/unser-quartier.de\/haus-herbstzeitlos-siegen\/wp-json\/wp\/v2\/pages\/15\/revisions"}],"wp:attachment":[{"href":"https:\/\/unser-quartier.de\/haus-herbstzeitlos-siegen\/wp-json\/wp\/v2\/media?parent=15"}],"curies":[{"name":"wp","href":"https:\/\/api.w.org\/{rel}","templated":true}]}}