{"id":269,"date":"2016-05-22T15:39:24","date_gmt":"2016-05-22T13:39:24","guid":{"rendered":"https:\/\/hausherbstzeitlos.wordpress.com\/?page_id=269"},"modified":"2016-06-13T17:40:56","modified_gmt":"2016-06-13T15:40:56","slug":"bibliothek","status":"publish","type":"page","link":"https:\/\/unser-quartier.de\/haus-herbstzeitlos-siegen\/bibliothek\/","title":{"rendered":"Bibliothek"},"content":{"rendered":"<p><a href=\"https:\/\/unser-quartier.de\/haus-herbstzeitlos-siegen\/files\/2016\/06\/11-NA-Ganz-unbro.jpg\"><img loading=\"lazy\" decoding=\"async\" title=\"11 NA Ganz unb&uuml;ro\" style=\"border-left-width: 0px;border-right-width: 0px;border-bottom-width: 0px;padding-top: 0px;padding-left: 0px;padding-right: 0px;border-top-width: 0px\" border=\"0\" alt=\"11 NA Ganz unb&uuml;ro\" src=\"https:\/\/unser-quartier.de\/haus-herbstzeitlos-siegen\/files\/2016\/06\/11-NA-Ganz-unbro_thumb.jpg\" width=\"369\" height=\"392\"><\/a><br \/>Foto: Durchblick Redaktion<\/p>\n<p align=\"justify\">Die B\u00fccherei im 1.Stock des Hauses Herbstzeitlos l\u00e4dt mit einer gem\u00fctlichen kleinen Sitzgruppe zum ausgiebigen Schm\u00f6kern ein. Ein gut sortiertes&nbsp; breites Spektrum an Literatur und Bildb\u00e4nden steht allen interessierten Lesern ohne Anmeldung zur Verf\u00fcgung.&nbsp; B\u00fccher k\u00f6nnen kostenfrei mitgenommen und sp\u00e4ter wieder abgegeben werden.  <\/p>\n<p align=\"justify\">Nach Absprache werden auch B\u00fccher entgegengenommen, die nicht \u00e4lter als 10 Jahre sind. <\/p>\n<p align=\"justify\"><strong>Die Bibliothek ist Montags bis Freitags von 9.00 Uhr bis ca. 18.00 Uhr zug\u00e4ngig.<\/strong> <\/p>\n<p><strong>Ansprechpartner<\/strong>: Frau Dorothee Hellwig<br \/><strong>Telefon:<\/strong> 0271 &#8211; 41 540<br \/><strong>E-Mail:<\/strong> dhsi@efte.de <\/p>\n","protected":false},"excerpt":{"rendered":"<p>Foto: Durchblick Redaktion Die B\u00fccherei im 1.Stock des Hauses Herbstzeitlos l\u00e4dt mit einer gem\u00fctlichen kleinen Sitzgruppe zum ausgiebigen Schm\u00f6kern ein. Ein gut sortiertes&nbsp; breites Spektrum an Literatur und Bildb\u00e4nden steht allen interessierten Lesern ohne Anmeldung zur Verf\u00fcgung.&nbsp; B\u00fccher k\u00f6nnen kostenfrei &hellip; <a href=\"https:\/\/unser-quartier.de\/haus-herbstzeitlos-siegen\/bibliothek\/\">Weiterlesen <span class=\"meta-nav\">&rarr;<\/span><\/a><\/p>\n","protected":false},"author":66,"featured_media":0,"parent":0,"menu_order":0,"comment_status":"closed","ping_status":"closed","template":"","meta":{"footnotes":""},"class_list":["post-269","page","type-page","status-publish","hentry"],"_links":{"self":[{"href":"https:\/\/unser-quartier.de\/haus-herbstzeitlos-siegen\/wp-json\/wp\/v2\/pages\/269","targetHints":{"allow":["GET"]}}],"collection":[{"href":"https:\/\/unser-quartier.de\/haus-herbstzeitlos-siegen\/wp-json\/wp\/v2\/pages"}],"about":[{"href":"https:\/\/unser-quartier.de\/haus-herbstzeitlos-siegen\/wp-json\/wp\/v2\/types\/page"}],"author":[{"embeddable":true,"href":"https:\/\/unser-quartier.de\/haus-herbstzeitlos-siegen\/wp-json\/wp\/v2\/users\/66"}],"replies":[{"embeddable":true,"href":"https:\/\/unser-quartier.de\/haus-herbstzeitlos-siegen\/wp-json\/wp\/v2\/comments?post=269"}],"version-history":[{"count":0,"href":"https:\/\/unser-quartier.de\/haus-herbstzeitlos-siegen\/wp-json\/wp\/v2\/pages\/269\/revisions"}],"wp:attachment":[{"href":"https:\/\/unser-quartier.de\/haus-herbstzeitlos-siegen\/wp-json\/wp\/v2\/media?parent=269"}],"curies":[{"name":"wp","href":"https:\/\/api.w.org\/{rel}","templated":true}]}}