{"id":3010,"date":"2016-07-28T17:18:35","date_gmt":"2016-07-28T15:18:35","guid":{"rendered":"https:\/\/unser-quartier.de\/haus-herbstzeitlos-siegen\/?page_id=3010"},"modified":"2016-07-28T17:27:26","modified_gmt":"2016-07-28T15:27:26","slug":"zwanzig-jahre-holzwerkstatt-im-hause-herbstzeitlos","status":"publish","type":"page","link":"https:\/\/unser-quartier.de\/haus-herbstzeitlos-siegen\/zwanzig-jahre-holzwerkstatt-im-hause-herbstzeitlos\/","title":{"rendered":"Zwanzig Jahre Holzwerkstatt im Hause Herbstzeitlos"},"content":{"rendered":"<h1><\/h1>\n<p><a href=\"https:\/\/unser-quartier.de\/haus-herbstzeitlos-siegen\/files\/2016\/07\/P1000097-1.jpg\"><img loading=\"lazy\" decoding=\"async\" style=\"padding-top: 0px;padding-left: 0px;padding-right: 0px;border: 0px\" title=\"P1000097\" src=\"https:\/\/unser-quartier.de\/haus-herbstzeitlos-siegen\/files\/2016\/07\/P1000097_thumb-1.jpg\" alt=\"P1000097\" width=\"456\" height=\"305\" border=\"0\" \/><\/a><\/p>\n<p align=\"justify\">Mit Gr\u00fcndung und Ausbau des\u201c Hauses Herbstzeitlos\u201c vor etwa 20 Jahren gr\u00fcndete sich mit dem Innenausbau f\u00fcr die damaligen drei aktiven Gruppen Seniorenhilfe \u2013 Redaktion Durchblick sowie dem Regenbogen-Treff auch die Helfergruppe Werkstatt. Diese drei Gruppen stellten auch die Hauptakteure zur Restaurierung und Versch\u00f6nerung der Dependance innerhalb des Schulkomplexes \u201eHainer Schule\u201c.<\/p>\n<p align=\"justify\">So wurde im Obergeschoss neben K\u00fcche, Toiletten und Gemeinschaftsraum mittels einer Trockenwand ein kleiner Werkstattraum sowie B\u00fcro geschaffen. Nach der Fertigstellung ergab es sich, dass neben den angebotenen Kleinhilfen auch Bastelarbeiten zu Weihnachten und zu verschiedenen Anl\u00e4ssen entstanden sind, nicht zu vergessen ein Schiffsmodellbau.<\/p>\n<p align=\"justify\"><a href=\"https:\/\/unser-quartier.de\/haus-herbstzeitlos-siegen\/files\/2016\/07\/P1000094-1.jpg\"><img loading=\"lazy\" decoding=\"async\" style=\"padding-top: 0px;padding-left: 0px;padding-right: 0px;border: 0px\" title=\"P1000094\" src=\"https:\/\/unser-quartier.de\/haus-herbstzeitlos-siegen\/files\/2016\/07\/P1000094_thumb-1.jpg\" alt=\"P1000094\" width=\"466\" height=\"312\" border=\"0\" \/><\/a><\/p>\n<p align=\"justify\">Obwohl in den vergangenen 20 Jahren stets nur wenige Aktive sich in der Werkstatt bet\u00e4tigten, so wurde doch manches M\u00f6belst\u00fcck wieder brauchbar gemacht und etliche Vogelh\u00e4uschen geschaffen.<\/p>\n<p align=\"justify\">Durch das zunehmende Alter der Mitglieder aller Gruppen im Hause Herbstzeitlos gingen auch die Aktivit\u00e4ten in der Werkstatt zur\u00fcck.<\/p>\n<p align=\"justify\">Etwa seit dem Jahr 2012 etablierte sich die Siegener Handwerksgruppe \u201eHeinzelwerker\u201c mit in der Werkstatt und steigert die Aktivit\u00e4ten betr\u00e4chtlich in der Werkstatt. Durch erh\u00f6hte Ausstattung moderner Holzbearbeitungsmaschinen gegen\u00fcber den fr\u00fcher verwendeten teilweise gespendeten Ger\u00e4ten kann nachweislich besser gewerkelt werden.<\/p>\n<p>Leonhard Kraus<\/p>\n<p>Fotos: Susanne M\u00fcller<\/p>\n","protected":false},"excerpt":{"rendered":"<p>Mit Gr\u00fcndung und Ausbau des\u201c Hauses Herbstzeitlos\u201c vor etwa 20 Jahren gr\u00fcndete sich mit dem Innenausbau f\u00fcr die damaligen drei aktiven Gruppen Seniorenhilfe \u2013 Redaktion Durchblick sowie dem Regenbogen-Treff auch die Helfergruppe Werkstatt. Diese drei Gruppen stellten auch die Hauptakteure &hellip; <a href=\"https:\/\/unser-quartier.de\/haus-herbstzeitlos-siegen\/zwanzig-jahre-holzwerkstatt-im-hause-herbstzeitlos\/\">Weiterlesen <span class=\"meta-nav\">&rarr;<\/span><\/a><\/p>\n","protected":false},"author":66,"featured_media":0,"parent":0,"menu_order":0,"comment_status":"closed","ping_status":"closed","template":"","meta":{"footnotes":""},"class_list":["post-3010","page","type-page","status-publish","hentry"],"_links":{"self":[{"href":"https:\/\/unser-quartier.de\/haus-herbstzeitlos-siegen\/wp-json\/wp\/v2\/pages\/3010","targetHints":{"allow":["GET"]}}],"collection":[{"href":"https:\/\/unser-quartier.de\/haus-herbstzeitlos-siegen\/wp-json\/wp\/v2\/pages"}],"about":[{"href":"https:\/\/unser-quartier.de\/haus-herbstzeitlos-siegen\/wp-json\/wp\/v2\/types\/page"}],"author":[{"embeddable":true,"href":"https:\/\/unser-quartier.de\/haus-herbstzeitlos-siegen\/wp-json\/wp\/v2\/users\/66"}],"replies":[{"embeddable":true,"href":"https:\/\/unser-quartier.de\/haus-herbstzeitlos-siegen\/wp-json\/wp\/v2\/comments?post=3010"}],"version-history":[{"count":0,"href":"https:\/\/unser-quartier.de\/haus-herbstzeitlos-siegen\/wp-json\/wp\/v2\/pages\/3010\/revisions"}],"wp:attachment":[{"href":"https:\/\/unser-quartier.de\/haus-herbstzeitlos-siegen\/wp-json\/wp\/v2\/media?parent=3010"}],"curies":[{"name":"wp","href":"https:\/\/api.w.org\/{rel}","templated":true}]}}