{"id":32,"date":"2016-05-11T14:02:42","date_gmt":"2016-05-11T12:02:42","guid":{"rendered":"https:\/\/hausherbstzeitlos.wordpress.com\/?page_id=32"},"modified":"2016-06-26T14:54:17","modified_gmt":"2016-06-26T12:54:17","slug":"ueber-uns","status":"publish","type":"page","link":"https:\/\/unser-quartier.de\/haus-herbstzeitlos-siegen\/ueber-uns\/","title":{"rendered":"\u00dcber uns"},"content":{"rendered":"<p align=\"justify\"><img decoding=\"async\" src=\"https:\/\/encrypted-tbn3.gstatic.com\/images?q=tbn:ANd9GcSwIZtrB3F_u9ht_vHVdQXsBwf6h82IDM5PGUQrpel5OufYqMWY-A\" alt=\"Bildergebnis f\u00fcr Haus Herbstzeitlos Logo\" \/><\/p>\n<p align=\"justify\">Das Begegnungszentrum <strong>Haus Herbstzeitlos<\/strong> ist eine selbstverwaltete Seniorenbegegnungst\u00e4tte, in der viele unterschiedliche Vereine\u00a0 aktiv sind. Informationen zu den verschiedenen Gruppierungen finden sich auf den jeweiligen Unterseiten dieser Website.<\/p>\n<p align=\"justify\">Das Begegnungzentrum befindet sich hinter der alten &#8222;Hainer Schule&#8220;, Ecke Blumenstra\u00dfe\/ Marienborner Str. 151, 57074 Siegen.<\/p>\n<p align=\"justify\"><img loading=\"lazy\" decoding=\"async\" class=\"alignnone wp-image-285\" src=\"https:\/\/unser-quartier.de\/haus-herbstzeitlos-siegen\/files\/2016\/05\/img_1715.jpg\" alt=\"IMG_1715\" width=\"519\" height=\"388\" srcset=\"https:\/\/unser-quartier.de\/haus-herbstzeitlos-siegen\/files\/2016\/05\/img_1715.jpg 640w, https:\/\/unser-quartier.de\/haus-herbstzeitlos-siegen\/files\/2016\/05\/img_1715-300x224.jpg 300w, https:\/\/unser-quartier.de\/haus-herbstzeitlos-siegen\/files\/2016\/05\/img_1715-402x300.jpg 402w\" sizes=\"auto, (max-width: 519px) 100vw, 519px\" \/><\/p>\n<p align=\"justify\">Wenn Sie uns mit dem Auto besuchen wollen, biegen Sie von der Marienborner Stra\u00dfe an der Haltestelle beim Hotel B\u00fcrger in die kleine Seitenstra\u00dfe \u2013 Blumenstra\u00dfe \u2013 an der alten Hainer Schule ein. Fahren Sie auf den Hof der alten Schule. Hier k\u00f6nnen Sie kostenlos Parken. Das Haus Herbstzeitlos befindet sich im zweigeschossigen Flachbau im hinteren Bereich des Areals.<\/p>\n<p align=\"left\">Hinweisschilder zum Haus Herbstzeitlos finden Sie auch an der Hauptstra\u00dfe (Marienborner Str. in H\u00f6he der Bushaltestelle).<\/p>\n<p align=\"left\"><strong>Busverbindung<\/strong>:<\/p>\n<p>Anfahrt: Ab Hauptbahnhof, ZOB Bussteig B 1-2: Linien R 12, R 13, R 17, L 109 (Bushaltestelle: Blumenstra\u00dfe).<\/p>\n<p align=\"left\">Sie k\u00f6nnen sich auch an der nachstehenden Karte orientieren. [googlemaps https:\/\/www.google.com\/maps\/embed?pb=!1m18!1m12!1m3!1d2517.5827459610455!2d8.034150315682528!3d50.87592396449685!2m3!1f0!2f0!3f0!3m2!1i1024!2i768!4f13.1!3m3!1m2!1s0x47bc1c9bfa5c4dc3%3A0xb133ea7cae944874!2sSeniorenzentrum+Haus+Herbstzeitlos!5e0!3m2!1sde!2sde!4v1463330158227&amp;w=600&amp;h=450]<\/p>\n","protected":false},"excerpt":{"rendered":"<p>Das Begegnungszentrum Haus Herbstzeitlos ist eine selbstverwaltete Seniorenbegegnungst\u00e4tte, in der viele unterschiedliche Vereine\u00a0 aktiv sind. Informationen zu den verschiedenen Gruppierungen finden sich auf den jeweiligen Unterseiten dieser Website. Das Begegnungzentrum befindet sich hinter der alten &#8222;Hainer Schule&#8220;, Ecke Blumenstra\u00dfe\/ Marienborner &hellip; <a href=\"https:\/\/unser-quartier.de\/haus-herbstzeitlos-siegen\/ueber-uns\/\">Weiterlesen <span class=\"meta-nav\">&rarr;<\/span><\/a><\/p>\n","protected":false},"author":66,"featured_media":0,"parent":0,"menu_order":0,"comment_status":"closed","ping_status":"closed","template":"","meta":{"footnotes":""},"class_list":["post-32","page","type-page","status-publish","hentry"],"_links":{"self":[{"href":"https:\/\/unser-quartier.de\/haus-herbstzeitlos-siegen\/wp-json\/wp\/v2\/pages\/32","targetHints":{"allow":["GET"]}}],"collection":[{"href":"https:\/\/unser-quartier.de\/haus-herbstzeitlos-siegen\/wp-json\/wp\/v2\/pages"}],"about":[{"href":"https:\/\/unser-quartier.de\/haus-herbstzeitlos-siegen\/wp-json\/wp\/v2\/types\/page"}],"author":[{"embeddable":true,"href":"https:\/\/unser-quartier.de\/haus-herbstzeitlos-siegen\/wp-json\/wp\/v2\/users\/66"}],"replies":[{"embeddable":true,"href":"https:\/\/unser-quartier.de\/haus-herbstzeitlos-siegen\/wp-json\/wp\/v2\/comments?post=32"}],"version-history":[{"count":0,"href":"https:\/\/unser-quartier.de\/haus-herbstzeitlos-siegen\/wp-json\/wp\/v2\/pages\/32\/revisions"}],"wp:attachment":[{"href":"https:\/\/unser-quartier.de\/haus-herbstzeitlos-siegen\/wp-json\/wp\/v2\/media?parent=32"}],"curies":[{"name":"wp","href":"https:\/\/api.w.org\/{rel}","templated":true}]}}