{"id":400,"date":"2016-06-01T15:52:29","date_gmt":"2016-06-01T13:52:29","guid":{"rendered":"https:\/\/unser-quartier.de\/haus-herbstzeitlos-siegen\/?page_id=400"},"modified":"2016-06-03T10:56:29","modified_gmt":"2016-06-03T08:56:29","slug":"regenbogentreff-3","status":"publish","type":"page","link":"https:\/\/unser-quartier.de\/haus-herbstzeitlos-siegen\/regenbogentreff-3\/","title":{"rendered":"Regenbogentreff"},"content":{"rendered":"<p><a href=\"https:\/\/unser-quartier.de\/haus-herbstzeitlos-siegen\/files\/2016\/06\/IMG_1720.jpg\"><img loading=\"lazy\" decoding=\"async\" style=\"padding-top: 0px;padding-left: 0px;padding-right: 0px;border-width: 0px\" title=\"IMG_1720\" src=\"https:\/\/unser-quartier.de\/haus-herbstzeitlos-siegen\/files\/2016\/06\/IMG_1720_thumb.jpg\" alt=\"IMG_1720\" width=\"337\" height=\"252\" border=\"0\" \/><\/a><br \/>\nFoto: A. Dell<\/p>\n<p>Eine Gruppe von Spiele-Enthusiasten trifft sich schon seit einigen Jahren<br \/>\nregelm\u00e4\u00dfig zu Spieleabenden. Haben Sie auch Spa\u00df daran und m\u00f6chten<br \/>\nSie mit dabei sein? Rufen Sie uns einfach an!<\/p>\n<p><strong>Ansprechpartner:<\/strong> Elfie Holz<br \/>\nTel. 0271- 39 45 45<\/p>\n<p><strong>Treffpunkt:<br \/>\n<\/strong>Raum der Durchblickredaktion<br \/>\njeweils Mittwochs von 17.00 h \u2013 20.00 h<\/p>\n","protected":false},"excerpt":{"rendered":"<p>Foto: A. Dell Eine Gruppe von Spiele-Enthusiasten trifft sich schon seit einigen Jahren regelm\u00e4\u00dfig zu Spieleabenden. Haben Sie auch Spa\u00df daran und m\u00f6chten Sie mit dabei sein? Rufen Sie uns einfach an! Ansprechpartner: Elfie Holz Tel. 0271- 39 45 45 &hellip; <a href=\"https:\/\/unser-quartier.de\/haus-herbstzeitlos-siegen\/regenbogentreff-3\/\">Weiterlesen <span class=\"meta-nav\">&rarr;<\/span><\/a><\/p>\n","protected":false},"author":66,"featured_media":0,"parent":0,"menu_order":0,"comment_status":"closed","ping_status":"closed","template":"","meta":{"footnotes":""},"class_list":["post-400","page","type-page","status-publish","hentry"],"_links":{"self":[{"href":"https:\/\/unser-quartier.de\/haus-herbstzeitlos-siegen\/wp-json\/wp\/v2\/pages\/400","targetHints":{"allow":["GET"]}}],"collection":[{"href":"https:\/\/unser-quartier.de\/haus-herbstzeitlos-siegen\/wp-json\/wp\/v2\/pages"}],"about":[{"href":"https:\/\/unser-quartier.de\/haus-herbstzeitlos-siegen\/wp-json\/wp\/v2\/types\/page"}],"author":[{"embeddable":true,"href":"https:\/\/unser-quartier.de\/haus-herbstzeitlos-siegen\/wp-json\/wp\/v2\/users\/66"}],"replies":[{"embeddable":true,"href":"https:\/\/unser-quartier.de\/haus-herbstzeitlos-siegen\/wp-json\/wp\/v2\/comments?post=400"}],"version-history":[{"count":0,"href":"https:\/\/unser-quartier.de\/haus-herbstzeitlos-siegen\/wp-json\/wp\/v2\/pages\/400\/revisions"}],"wp:attachment":[{"href":"https:\/\/unser-quartier.de\/haus-herbstzeitlos-siegen\/wp-json\/wp\/v2\/media?parent=400"}],"curies":[{"name":"wp","href":"https:\/\/api.w.org\/{rel}","templated":true}]}}