{"id":406,"date":"2016-06-01T15:59:42","date_gmt":"2016-06-01T13:59:42","guid":{"rendered":"https:\/\/unser-quartier.de\/haus-herbstzeitlos-siegen\/?page_id=406"},"modified":"2024-03-18T12:59:39","modified_gmt":"2024-03-18T11:59:39","slug":"trauercafe-4","status":"publish","type":"page","link":"https:\/\/unser-quartier.de\/haus-herbstzeitlos-siegen\/trauercafe-4\/","title":{"rendered":"Trauercaf&eacute;"},"content":{"rendered":"<blockquote><p><a href=\"https:\/\/unser-quartier.de\/haus-herbstzeitlos-siegen\/files\/2016\/06\/image50.jpg\"><img loading=\"lazy\" decoding=\"async\" style=\"padding-top: 0px; padding-left: 0px; padding-right: 0px; border: 0px;\" title=\"image\" src=\"https:\/\/unser-quartier.de\/haus-herbstzeitlos-siegen\/files\/2016\/06\/image50_thumb.jpg\" alt=\"image\" width=\"353\" height=\"106\" border=\"0\" \/><\/a><\/p><\/blockquote>\n<h1>&#8211; <em>Ein Angebot f\u00fcr Frauen und M\u00e4nner, die den Verlust eines<br \/>\nnahestehenden Menschen betrauern &#8211;<\/em><\/h1>\n<p>&nbsp;<\/p>\n<blockquote><p><strong>\u201eManchmal scheint die ganze Welt entv\u00f6lkert zu sein,<br \/>\nwenn ein einziger Mensch fehlt.\u201c<br \/>\nLamartine<br \/>\n<\/strong><\/p><\/blockquote>\n<p align=\"justify\">Vielleicht ist Ihnen dieses Gef\u00fchl vertraut und Sie suchen Menschen mit denen Sie \u00fcber die Trauer, den Schmerz und die Ver\u00e4nderung in Ihrem Leben sprechen k\u00f6nnen.<br \/>\nIm Trauercaf\u00e9 k\u00f6nnen Sie mit anderen Trauernden gemeinsam Ihre Trauer zulassen und nach Hoffnungswegen suchen.<\/p>\n<p><strong><em>Wir laden Sie ein:<\/em><\/strong><\/p>\n<ul>\n<li>mit anderen Trauernden Ihre Erfahrungen auszutauschen<\/li>\n<li>sich gemeinsam auf den Weg durch die Trauer zu machen<br \/>\n\u2013 vielleicht auch ohne viele Worte<\/li>\n<li>mit anderen so sein zu d\u00fcrfen, wie Sie sich f\u00fchlen.<\/li>\n<\/ul>\n<p align=\"justify\">Sie werden dabei von geschulten ehrenamtlichen MitarbeiterInnen der Ambulanten \u00f6kumenischen Hospizhilfe Siegen e.V., begleitet. Von allen Beteiligten soll das in diesem gesch\u00fctzten Rahmen Besprochene vertraulich und respektvoll behandelt werden.<br \/>\nDas Angebot richtet sich an alle Trauernden, Frauen und M\u00e4nner, unabh\u00e4ngig von ihrer Religion, Nationalit\u00e4t und Weltanschauung.<\/p>\n<p align=\"justify\"><a href=\"https:\/\/unser-quartier.de\/haus-herbstzeitlos-siegen\/files\/2016\/06\/image-1-10.jpg\"><img loading=\"lazy\" decoding=\"async\" style=\"padding-top: 0px; padding-left: 0px; padding-right: 0px; border-width: 0px;\" title=\"image\" src=\"https:\/\/unser-quartier.de\/haus-herbstzeitlos-siegen\/files\/2016\/06\/image_thumb-1-10.jpg\" alt=\"image\" width=\"291\" height=\"303\" border=\"0\" \/><\/a><\/p>\n<p><strong>Wichtig zu wissen<br \/>\n<\/strong>Das Trauercaf\u00e9 ersetzt keine Psychotherapie oder Lebensberatung. Wenn Sie ein Einzelgespr\u00e4ch w\u00fcnschen, wenden Sie sich bitte an die Mitarbeiter\/innen vor Ort. Das Trauercaf\u00e9 wird in Kooperation mit der Koordinationsstelle f\u00fcr Ambulante Hospizarbeit beim Caritasverband Siegen-Wittgenstein e.V. angeboten.<br \/>\nEine Anmeldung ist nicht erforderlich.<br \/>\nDie Teilnahme ist unverbindlich und geb\u00fchrenfrei.<\/p>\n<p><strong><u>\u00d6ffnungszeiten<\/u><br \/>\n<\/strong>jeden 2. Montag im Monat von 10.00 &#8211; 12.00 Uhr<br \/>\nim Haus Herbstzeitlos<br \/>\nMarienborner Stra\u00dfe 151<br \/>\n57072 Siegen<\/p>\n<p><strong>Weitere Informationen<br \/>\n<\/strong>Ambulante Hospizkoordination<br \/>\nKoordinationsstelle f\u00fcr Ambulante Hospizarbeit<br \/>\nCaritasverband Siegen-Wittgenstein e.V.<br \/>\nNumbachstra\u00dfe 30<br \/>\n57072 Siegen<br \/>\nTel.: 0271\/23602-67<br \/>\nMobil: 0151 126 893 86<br \/>\ne-mail: m.ermes-soleymani@caritas-siegen.de<br \/>\nInternet: <a href=\"http:\/\/www.caritas-siegen.de\" target=\"_blank\" rel=\"noopener\">www.caritas-siegen.de<\/a> <a href=\"http:\/\/www.hospizhilfe-siegen.de\" target=\"_blank\" rel=\"noopener\">www.hospizhilfe-siegen.de<\/a><\/p>\n<p>Wir sind umgezogen!<br \/>\nDas B\u00fcro der Koordinationsstelle f\u00fcr ambulante Hospizarbeit ist jetzt in der<br \/>\nNumbachstra\u00dfe 30<br \/>\n57072 Siegen<\/p>\n<p>Buslinie: C117<br \/>\nHaltestelle: Numbachstr.\/ Im Stummefeld<\/p>\n<p><a href=\"https:\/\/unser-quartier.de\/haus-herbstzeitlos-siegen\/files\/2019\/01\/Trauercafe.pdf\">Flyer Trauercafe<\/a><\/p>\n","protected":false},"excerpt":{"rendered":"<p>&#8211; Ein Angebot f\u00fcr Frauen und M\u00e4nner, die den Verlust eines nahestehenden Menschen betrauern &#8211; &nbsp; \u201eManchmal scheint die ganze Welt entv\u00f6lkert zu sein, wenn ein einziger Mensch fehlt.\u201c Lamartine Vielleicht ist Ihnen dieses Gef\u00fchl vertraut und Sie suchen Menschen &hellip; <a href=\"https:\/\/unser-quartier.de\/haus-herbstzeitlos-siegen\/trauercafe-4\/\">Weiterlesen <span class=\"meta-nav\">&rarr;<\/span><\/a><\/p>\n","protected":false},"author":66,"featured_media":0,"parent":0,"menu_order":0,"comment_status":"closed","ping_status":"closed","template":"","meta":{"footnotes":""},"class_list":["post-406","page","type-page","status-publish","hentry"],"_links":{"self":[{"href":"https:\/\/unser-quartier.de\/haus-herbstzeitlos-siegen\/wp-json\/wp\/v2\/pages\/406","targetHints":{"allow":["GET"]}}],"collection":[{"href":"https:\/\/unser-quartier.de\/haus-herbstzeitlos-siegen\/wp-json\/wp\/v2\/pages"}],"about":[{"href":"https:\/\/unser-quartier.de\/haus-herbstzeitlos-siegen\/wp-json\/wp\/v2\/types\/page"}],"author":[{"embeddable":true,"href":"https:\/\/unser-quartier.de\/haus-herbstzeitlos-siegen\/wp-json\/wp\/v2\/users\/66"}],"replies":[{"embeddable":true,"href":"https:\/\/unser-quartier.de\/haus-herbstzeitlos-siegen\/wp-json\/wp\/v2\/comments?post=406"}],"version-history":[{"count":1,"href":"https:\/\/unser-quartier.de\/haus-herbstzeitlos-siegen\/wp-json\/wp\/v2\/pages\/406\/revisions"}],"predecessor-version":[{"id":11128,"href":"https:\/\/unser-quartier.de\/haus-herbstzeitlos-siegen\/wp-json\/wp\/v2\/pages\/406\/revisions\/11128"}],"wp:attachment":[{"href":"https:\/\/unser-quartier.de\/haus-herbstzeitlos-siegen\/wp-json\/wp\/v2\/media?parent=406"}],"curies":[{"name":"wp","href":"https:\/\/api.w.org\/{rel}","templated":true}]}}