{"id":439,"date":"2016-06-07T14:26:58","date_gmt":"2016-06-07T12:26:58","guid":{"rendered":"https:\/\/unser-quartier.de\/haus-herbstzeitlos-siegen\/?page_id=439"},"modified":"2025-10-08T09:21:09","modified_gmt":"2025-10-08T07:21:09","slug":"seniorenbeirat-siegen","status":"publish","type":"page","link":"https:\/\/unser-quartier.de\/haus-herbstzeitlos-siegen\/seniorenbeirat-siegen\/","title":{"rendered":"Seniorenbeirat Siegen"},"content":{"rendered":"<p>Der Seniorenbeirat der Stadt Siegen ist die demokratisch legitimierte Vertretung der \u00e4lteren Menschen in Siegen. Seine Aufgabe ist es, an der seniorengerechten Gestaltung der Stadt mitzuwirken und die Interessen der \u00e4lteren Generation wahrzunehmen und zu vertreten.<\/p>\n<p>Der Seniorenbeirat wird von den \u00fcber 60j\u00e4hrigen B\u00fcrgerinnen und B\u00fcrgern der Stadt Siegen gew\u00e4hlt. Er kann aus 18 Mitgliedern und 18 Stellvertretern bestehen und verteilt sich auf die Stadtbezirke Mitte, Geisweid, Weidenau, Ost, West und S\u00fcd. Der Seniorenbeirat vertritt die Belange der \u00e4lteren Menschen in Siegen und nimmt Anregungen und W\u00fcnsche entgegen.<\/p>\n<p>Er ist Ansprechpartner f\u00fcr den Rat und die Verwaltung, die Bezirksvertretungen und Wohlfahrtsverb\u00e4nde. Er wirkt in den Fachaussch\u00fcssen des Rates aktiv mit und informiert und ber\u00e4t \u00e4ltere Menschen. Der Seniorenbeirat versteht Seniorenpolitik als eine Querschnittsaufgabe mit vielen Handlungsfeldern. Hierzu geh\u00f6ren alle Aspekte der Altenhilfe ebenso wie Wohnungspolitik, Stadtentwicklung, Verkehr und Sicherheit, Kultur- und Bildungspolitik.<\/p>\n<p align=\"justify\">Website: <a href=\"https:\/\/seniorenbeirat-siegen.de\/\">https:\/\/seniorenbeirat-siegen.de\/<\/a><\/p>\n<p>Ansprechperson ist auch der Seniorenbeauftragte der Stadt Siegen:<br \/>\nVolker Reichmann Tel (0271) 404-2434<br \/>\nMail: v.reichmann@siegen.de<\/p>\n","protected":false},"excerpt":{"rendered":"<p>Der Seniorenbeirat der Stadt Siegen ist die demokratisch legitimierte Vertretung der \u00e4lteren Menschen in Siegen. Seine Aufgabe ist es, an der seniorengerechten Gestaltung der Stadt mitzuwirken und die Interessen der \u00e4lteren Generation wahrzunehmen und zu vertreten. Der Seniorenbeirat wird von &hellip; <a href=\"https:\/\/unser-quartier.de\/haus-herbstzeitlos-siegen\/seniorenbeirat-siegen\/\">Weiterlesen <span class=\"meta-nav\">&rarr;<\/span><\/a><\/p>\n","protected":false},"author":66,"featured_media":0,"parent":0,"menu_order":0,"comment_status":"closed","ping_status":"closed","template":"","meta":{"footnotes":""},"class_list":["post-439","page","type-page","status-publish","hentry"],"_links":{"self":[{"href":"https:\/\/unser-quartier.de\/haus-herbstzeitlos-siegen\/wp-json\/wp\/v2\/pages\/439","targetHints":{"allow":["GET"]}}],"collection":[{"href":"https:\/\/unser-quartier.de\/haus-herbstzeitlos-siegen\/wp-json\/wp\/v2\/pages"}],"about":[{"href":"https:\/\/unser-quartier.de\/haus-herbstzeitlos-siegen\/wp-json\/wp\/v2\/types\/page"}],"author":[{"embeddable":true,"href":"https:\/\/unser-quartier.de\/haus-herbstzeitlos-siegen\/wp-json\/wp\/v2\/users\/66"}],"replies":[{"embeddable":true,"href":"https:\/\/unser-quartier.de\/haus-herbstzeitlos-siegen\/wp-json\/wp\/v2\/comments?post=439"}],"version-history":[{"count":3,"href":"https:\/\/unser-quartier.de\/haus-herbstzeitlos-siegen\/wp-json\/wp\/v2\/pages\/439\/revisions"}],"predecessor-version":[{"id":15677,"href":"https:\/\/unser-quartier.de\/haus-herbstzeitlos-siegen\/wp-json\/wp\/v2\/pages\/439\/revisions\/15677"}],"wp:attachment":[{"href":"https:\/\/unser-quartier.de\/haus-herbstzeitlos-siegen\/wp-json\/wp\/v2\/media?parent=439"}],"curies":[{"name":"wp","href":"https:\/\/api.w.org\/{rel}","templated":true}]}}