{"id":441,"date":"2016-06-07T14:30:35","date_gmt":"2016-06-07T12:30:35","guid":{"rendered":"https:\/\/unser-quartier.de\/haus-herbstzeitlos-siegen\/?page_id=441"},"modified":"2023-12-13T19:01:55","modified_gmt":"2023-12-13T18:01:55","slug":"begegnungszentrum-haus-herbstzeitlos","status":"publish","type":"page","link":"https:\/\/unser-quartier.de\/haus-herbstzeitlos-siegen\/begegnungszentrum-haus-herbstzeitlos\/","title":{"rendered":"Begegnungszentrum Haus Herbstzeitlos"},"content":{"rendered":"<p align=\"justify\"><strong>Die Gesch\u00e4ftsstelle 5-Fachstelle Leben im Alter<\/strong> der Universit\u00e4tsstadt Siegen ist Tr\u00e4gerin des Begegnungszentrums Haus Herbstzeitlos und f\u00fcr dessen Verwaltung und Fortentwicklung verantwortlich.<\/p>\n<p align=\"justify\">Im Haus Herbstzeitlos werden Modelle und Projekte entwickelt und gef\u00f6rdert, die erm\u00f6glichen, dass \u00e4ltere Menschen etwas f\u00fcr sich, etwas f\u00fcr andere und etwas mit anderen tun k\u00f6nnen. Im Vordergrund stehen die Weitergabe von Erfahrungswissen, die St\u00e4rkung sozialer Kontakte und die Schaffung von Netzwerken. Die Aktivit\u00e4ten sind vielf\u00e4ltig, ebenso wie das <strong>Motto des Hauses &#8222;Graue Haare &#8211; buntes Leben&#8220;.<\/strong><\/p>\n<p align=\"justify\">Mehr als 80 Veranstaltungen pro Monat bieten die Besch\u00e4ftigung mit Literatur, Computer, Musik, Redaktionsarbeit, Malen, Filmen, Handarbeiten, Holzbearbeitung, Sprachen, Trauerarbeit, Ged\u00e4chtnistraining, Gymnastik oder Selbstverteidigung an.<\/p>\n<p align=\"justify\">F\u00fcr alle, die gern in Gesellschaft essen und Unterhaltung suchen, gibt es verschiedene Fr\u00fchst\u00fccks- und Kaffeetreffs sowie das einmal im Monat stattfindende &#8222;Sonntagscaf\u00e9 unter der Linde&#8220;.<\/p>\n<p align=\"justify\">Au\u00dferdem befindet sich eine der st\u00e4dtischen SeniorenServiceStellen im Haus Herbstzeitlos. Die sich st\u00e4ndig erweiternden Informations- und Beratungsangebote runden das Angebot des Begegnungszentrums ab, derzeit sind dies u.a. die Beratung zu Einzelfallhilfe.<\/p>\n<p align=\"justify\">Ansprechperson f\u00fcr Haus Herbstzeitlos:<br \/>\nVolker Reichmann &#8211; Seniorenbeauftragter<br \/>\nTel. (0271) 404 -2434<br \/>\nEMail: v.reichmann@siegen.de<\/p>\n<p><a name=\"_GoBack\"><\/a><\/p>\n","protected":false},"excerpt":{"rendered":"<p>Die Gesch\u00e4ftsstelle 5-Fachstelle Leben im Alter der Universit\u00e4tsstadt Siegen ist Tr\u00e4gerin des Begegnungszentrums Haus Herbstzeitlos und f\u00fcr dessen Verwaltung und Fortentwicklung verantwortlich. Im Haus Herbstzeitlos werden Modelle und Projekte entwickelt und gef\u00f6rdert, die erm\u00f6glichen, dass \u00e4ltere Menschen etwas f\u00fcr sich, &hellip; <a href=\"https:\/\/unser-quartier.de\/haus-herbstzeitlos-siegen\/begegnungszentrum-haus-herbstzeitlos\/\">Weiterlesen <span class=\"meta-nav\">&rarr;<\/span><\/a><\/p>\n","protected":false},"author":66,"featured_media":0,"parent":0,"menu_order":0,"comment_status":"closed","ping_status":"closed","template":"","meta":{"footnotes":""},"class_list":["post-441","page","type-page","status-publish","hentry"],"_links":{"self":[{"href":"https:\/\/unser-quartier.de\/haus-herbstzeitlos-siegen\/wp-json\/wp\/v2\/pages\/441","targetHints":{"allow":["GET"]}}],"collection":[{"href":"https:\/\/unser-quartier.de\/haus-herbstzeitlos-siegen\/wp-json\/wp\/v2\/pages"}],"about":[{"href":"https:\/\/unser-quartier.de\/haus-herbstzeitlos-siegen\/wp-json\/wp\/v2\/types\/page"}],"author":[{"embeddable":true,"href":"https:\/\/unser-quartier.de\/haus-herbstzeitlos-siegen\/wp-json\/wp\/v2\/users\/66"}],"replies":[{"embeddable":true,"href":"https:\/\/unser-quartier.de\/haus-herbstzeitlos-siegen\/wp-json\/wp\/v2\/comments?post=441"}],"version-history":[{"count":2,"href":"https:\/\/unser-quartier.de\/haus-herbstzeitlos-siegen\/wp-json\/wp\/v2\/pages\/441\/revisions"}],"predecessor-version":[{"id":10575,"href":"https:\/\/unser-quartier.de\/haus-herbstzeitlos-siegen\/wp-json\/wp\/v2\/pages\/441\/revisions\/10575"}],"wp:attachment":[{"href":"https:\/\/unser-quartier.de\/haus-herbstzeitlos-siegen\/wp-json\/wp\/v2\/media?parent=441"}],"curies":[{"name":"wp","href":"https:\/\/api.w.org\/{rel}","templated":true}]}}