{"id":448,"date":"2016-06-07T15:16:25","date_gmt":"2016-06-07T13:16:25","guid":{"rendered":"https:\/\/unser-quartier.de\/haus-herbstzeitlos-siegen\/?page_id=448"},"modified":"2016-06-17T14:44:55","modified_gmt":"2016-06-17T12:44:55","slug":"infos-zu-dieser-website","status":"publish","type":"page","link":"https:\/\/unser-quartier.de\/haus-herbstzeitlos-siegen\/infos-zu-dieser-website\/","title":{"rendered":"Infos zu dieser Website"},"content":{"rendered":"<p><strong>Die Beitr\u00e4ge aus dem Blog abonnieren<\/strong><\/p>\n<p align=\"justify\">Die Website bietet die M\u00f6glichkeit, \u00fcber die <strong>Funktion \u201cFolgen\u201d<\/strong> am unteren rechten Rand, die Beitr\u00e4ge automatisch per Mail zu erhalten:<\/p>\n<p align=\"justify\"><a href=\"https:\/\/unser-quartier.de\/haus-herbstzeitlos-siegen\/files\/2016\/06\/image-1-7.jpg\"><img loading=\"lazy\" decoding=\"async\" style=\"padding-top: 0px;padding-left: 0px;margin: 0px;padding-right: 0px;border: 0px\" title=\"image\" src=\"https:\/\/unser-quartier.de\/haus-herbstzeitlos-siegen\/files\/2016\/06\/image_thumb-1-7.jpg\" alt=\"image\" width=\"216\" height=\"244\" border=\"0\" \/><\/a><\/p>\n<p align=\"justify\">Geben Sie Ihre Mailadresse ein und klicken Sie auf<strong> \u201cAbonnieren\u201d <\/strong>.<br \/>\nEs wird folgende Meldung angezeigt:<\/p>\n<p align=\"justify\"><a href=\"https:\/\/unser-quartier.de\/haus-herbstzeitlos-siegen\/files\/2016\/06\/image-1-8.jpg\"><img loading=\"lazy\" decoding=\"async\" style=\"padding-top: 0px;padding-left: 0px;margin: 0px;padding-right: 0px;border: 0px\" title=\"image\" src=\"https:\/\/unser-quartier.de\/haus-herbstzeitlos-siegen\/files\/2016\/06\/image_thumb-1-8.jpg\" alt=\"image\" width=\"240\" height=\"163\" border=\"0\" \/><\/a><\/p>\n<p align=\"justify\">Sie erhalten die Information auf Ihre Mailadresse und brauchen dort nur noch einmal \u201c<strong>Folgen best\u00e4tigen<\/strong>\u201d.<\/p>\n<p align=\"justify\"><a href=\"https:\/\/unser-quartier.de\/haus-herbstzeitlos-siegen\/files\/2016\/06\/image-1-9.jpg\"><img loading=\"lazy\" decoding=\"async\" style=\"padding-top: 0px;padding-left: 0px;padding-right: 0px;border: 0px\" title=\"image\" src=\"https:\/\/unser-quartier.de\/haus-herbstzeitlos-siegen\/files\/2016\/06\/image_thumb-1-9.jpg\" alt=\"image\" width=\"332\" height=\"270\" border=\"0\" \/><\/a><\/p>\n<p align=\"justify\">Das dann aufgehende Fenster einfach wieder ohne Aktion schlie\u00dfen (keine Anmeldung erforderlich).<\/p>\n<p align=\"justify\">Wir w\u00fcrden uns freuen, wenn alle Gruppen sich flei\u00dfig an den Informationen aus dem Haus beteiligen und jeder durch das Abonnieren davon erf\u00e4hrt.<\/p>\n<p>&nbsp;<\/p>\n<hr \/>\n<p align=\"justify\">Die Beitr\u00e4ge haben jeweils am unteren Rand ein <strong>Druckersymbol \u201cPrint Friendly\u201d.<\/strong><br \/>\nDamit kann man den Text entweder ausdrucken oder als PDF-Datei abspeichern.<br \/>\nProbieren Sie es einmal aus.<\/p>\n<hr \/>\n<p align=\"justify\">L\u00e4ngere Beitr\u00e4ge haben evtl. einen Seitenumbruch. Es steht dann dort <strong>\u201cWeiterlesen\u201d.<\/strong><br \/>\nMit einem Klick darauf, kann man den gesamten Beitrag lesen! Das macht Sinn, denn<br \/>\nman muss dann nicht so viel bl\u00e4ttern.<\/p>\n<hr \/>\n<p align=\"justify\"><strong>Noch ein Hinweis zum Lesen der Seite:<\/strong><br \/>\nWenn Sie die Taste STRG festhalten und das Rollrad drehen k\u00f6nnen Sie die Anzeige<br \/>\nder Seite gr\u00f6\u00dfer oder kleiner stellen&#8230; Probieren Sie es mal aus!<\/p>\n<hr \/>\n<p align=\"justify\">Bitte senden Sie alle Beitr\u00e4ge, die im Blog ver\u00f6ffentlicht werden sollen rechtzeitig an die Mailadresse: <a href=\"mailto:hausherbstzeitlos@gmail.com\">hausherbstzeitlos@gmail.com<\/a>.<\/p>\n<p>Bilder f\u00fcr die Beitr\u00e4ge sollten wenn m\u00f6glich verkleinert werden auf 800 x 600 Pixel. Die Mitarbeiter im Senec@f\u00e9 helfen aber auch gerne bei der \u00dcbernahme von Bildern.<\/p>\n<hr \/>\n<p align=\"justify\">Wird die Seite einmal nicht so angezeigt werden wie normalerweise \u00fcblich, informieren Sie uns bitte \u00fcber die o.g. Mailadresse! In der Regel l\u00e4sst sich ein Fehler umgehend beheben.<\/p>\n<hr \/>\n<p align=\"justify\">Sollten <strong>Termine ausfallen<\/strong>, k\u00f6nnen Sie diese melden und wir nehmen sie aus dem Terminkalender heraus oder kennzeichnen sie mit &#8222;f\u00e4llt leider aus&#8220;.<\/p>\n","protected":false},"excerpt":{"rendered":"<p>Die Beitr\u00e4ge aus dem Blog abonnieren Die Website bietet die M\u00f6glichkeit, \u00fcber die Funktion \u201cFolgen\u201d am unteren rechten Rand, die Beitr\u00e4ge automatisch per Mail zu erhalten: Geben Sie Ihre Mailadresse ein und klicken Sie auf \u201cAbonnieren\u201d . Es wird folgende &hellip; <a href=\"https:\/\/unser-quartier.de\/haus-herbstzeitlos-siegen\/infos-zu-dieser-website\/\">Weiterlesen <span class=\"meta-nav\">&rarr;<\/span><\/a><\/p>\n","protected":false},"author":66,"featured_media":0,"parent":0,"menu_order":0,"comment_status":"closed","ping_status":"closed","template":"","meta":{"footnotes":""},"class_list":["post-448","page","type-page","status-publish","hentry"],"_links":{"self":[{"href":"https:\/\/unser-quartier.de\/haus-herbstzeitlos-siegen\/wp-json\/wp\/v2\/pages\/448","targetHints":{"allow":["GET"]}}],"collection":[{"href":"https:\/\/unser-quartier.de\/haus-herbstzeitlos-siegen\/wp-json\/wp\/v2\/pages"}],"about":[{"href":"https:\/\/unser-quartier.de\/haus-herbstzeitlos-siegen\/wp-json\/wp\/v2\/types\/page"}],"author":[{"embeddable":true,"href":"https:\/\/unser-quartier.de\/haus-herbstzeitlos-siegen\/wp-json\/wp\/v2\/users\/66"}],"replies":[{"embeddable":true,"href":"https:\/\/unser-quartier.de\/haus-herbstzeitlos-siegen\/wp-json\/wp\/v2\/comments?post=448"}],"version-history":[{"count":0,"href":"https:\/\/unser-quartier.de\/haus-herbstzeitlos-siegen\/wp-json\/wp\/v2\/pages\/448\/revisions"}],"wp:attachment":[{"href":"https:\/\/unser-quartier.de\/haus-herbstzeitlos-siegen\/wp-json\/wp\/v2\/media?parent=448"}],"curies":[{"name":"wp","href":"https:\/\/api.w.org\/{rel}","templated":true}]}}