{"id":494,"date":"2016-06-09T19:41:43","date_gmt":"2016-06-09T17:41:43","guid":{"rendered":"https:\/\/unser-quartier.de\/haus-herbstzeitlos-siegen\/?page_id=494"},"modified":"2022-03-08T11:37:46","modified_gmt":"2022-03-08T10:37:46","slug":"anders-altern","status":"publish","type":"page","link":"https:\/\/unser-quartier.de\/haus-herbstzeitlos-siegen\/anders-altern\/","title":{"rendered":"Anders Altern: klein, aber aktiv"},"content":{"rendered":"<p align=\"justify\">Wir sind eine relativ kleine Gruppe von schwulen M\u00e4nnern und lesbischen Frauen, die sich aber aktiv halten. Wie andere Menschen wirken wir noch in verschiedensten Ehren\u00e4mtern, in Vereinen und B\u00fcrgerinitiativen, engagieren uns in Projekten und \u00f6ffentlichen Aktivit\u00e4ten.<\/p>\n<p style=\"text-align: justify;\">Wir treffen uns an <strong>jedem 2. Montag im Monat<\/strong> <strong>um 18.30 h<\/strong>, f\u00fcr 2 bis 3 Stunden, teils einfach um aktuelle Erfahrungen oder Erinnerungen auszutauschen, teils um etwas zu unternehmen, teils um uns durch Fachleute \u00fcber neue Entwicklungen des Alterns und der Alterspolitik aufkl\u00e4ren zu lassen. So trafen wir uns in den letzten Jahren \u00f6fter in einem attraktiven Lokal, um lecker zu essen, einmal auch im Dunkelcaf\u00e9, wo wir uns von einem jungen Blinden unterhaltsam erkl\u00e4ren lie\u00dfen, wie man als Behinderter diese\u00a0 Lebenssituation\u00a0 bew\u00e4ltigen kann. Oder wir\u00a0 luden ein zu \u00f6ffentlichen Abenden mit Vortr\u00e4gen \u00fcber die Bedeutung der Altenpflege oder der Patientenverf\u00fcgung und anderer wichtiger Vorsorge-Ma\u00dfnahmen. Dabei teilen wir zuerst einmal mit allen alternden Menschen vergleichbare\u00a0 Freuden und Leiden, die Sorgen, k\u00f6rperlichen Beschwerden, Einsamkeits-\u00c4ngste, Verluste an Partnern oder sonstigen Menschen, die uns etwas bedeuteten und gestorben sind oder sich von uns trennten,<\/p>\n<p align=\"justify\">Unser Altern unterscheidet uns aber zugleich von den meisten Menschen dadurch, dass wir in unserem Leben unsere Liebes- und Beziehungsbed\u00fcrfnisse auf Menschen des gleichen Geschlechts orientiert haben. Die Gesellschaft, unsere Eltern, haben uns von Geburt an keine Lebensmodelle zur Verwirklichung dieser Bed\u00fcrfnisse angeboten, man hat uns vielfach diskriminiert und kriminalisiert. Wir sind durch diese Bed\u00fcrfnisse bis heute als zumindest auff\u00e4llige, wenn nicht verachtenswerte Menschengruppe gebrandmarkt. Entsprechend haben wir auch eigene Bed\u00fcrfnisse, unser Altern zu gestalten: Wir setzen uns aktiv daf\u00fcr ein, in der Gesellschaft und unter Alten, gleichg\u00fcltig welcher ethnischen, religi\u00f6sen und geschlechtlichen Orientierung, in unserer Wohnumgebung, in der \u00d6ffentlichkeit, im Krankenhaus, in der Pflege als\u00a0 gleichwertige Menschen mit einer anderen geschlechtlichen Orientierung anerkannt zu werden.<\/p>\n<p align=\"justify\">Genau deshalb aber sind wir offen gegen\u00fcber anderen. Das gilt zun\u00e4chst f\u00fcr Menschen, Frauen und M\u00e4nner, die mit uns vergleichbare Bed\u00fcrfnisse und Erfahrungen haben Wir laden sie ein, mit uns aus der Isolation auszubrechen, in die uns die Besonderheit unserer Erfahrungen h\u00e4ufig verbannt. Es gilt aber auch f\u00fcr alle anderen Alten, die wir in gr\u00f6\u00dferen Zeitabst\u00e4nden zu besonderen Veranstaltungen einladen. Wir suchen den gedanklichen Austausch mit ihnen, um gemeinsam das Altern in unserer Stadt so zu gestalten, dass alle Bed\u00fcrfnisse ber\u00fccksichtigt und alle notwendigen Ma\u00dfnahmen verwirklicht werden. Um uns allen ein Altern in W\u00fcrde zu sichern.<\/p>\n<p><strong>Ansprechpartner:<\/strong><br \/>\nMichael Reitz<br \/>\nZeppelinstra\u00dfe 13<br \/>\nD-57078 Siegen<br \/>\nTel.: +49 271 88769<br \/>\nMobil: +49 172 8585018<br \/>\nMail: <a href=\"mailto:reitz.mi@web.de\">reitz.mi@web.de<\/a><\/p>\n","protected":false},"excerpt":{"rendered":"<p>Wir sind eine relativ kleine Gruppe von schwulen M\u00e4nnern und lesbischen Frauen, die sich aber aktiv halten. Wie andere Menschen wirken wir noch in verschiedensten Ehren\u00e4mtern, in Vereinen und B\u00fcrgerinitiativen, engagieren uns in Projekten und \u00f6ffentlichen Aktivit\u00e4ten. Wir treffen uns &hellip; <a href=\"https:\/\/unser-quartier.de\/haus-herbstzeitlos-siegen\/anders-altern\/\">Weiterlesen <span class=\"meta-nav\">&rarr;<\/span><\/a><\/p>\n","protected":false},"author":66,"featured_media":0,"parent":0,"menu_order":0,"comment_status":"closed","ping_status":"closed","template":"","meta":{"footnotes":""},"class_list":["post-494","page","type-page","status-publish","hentry"],"_links":{"self":[{"href":"https:\/\/unser-quartier.de\/haus-herbstzeitlos-siegen\/wp-json\/wp\/v2\/pages\/494","targetHints":{"allow":["GET"]}}],"collection":[{"href":"https:\/\/unser-quartier.de\/haus-herbstzeitlos-siegen\/wp-json\/wp\/v2\/pages"}],"about":[{"href":"https:\/\/unser-quartier.de\/haus-herbstzeitlos-siegen\/wp-json\/wp\/v2\/types\/page"}],"author":[{"embeddable":true,"href":"https:\/\/unser-quartier.de\/haus-herbstzeitlos-siegen\/wp-json\/wp\/v2\/users\/66"}],"replies":[{"embeddable":true,"href":"https:\/\/unser-quartier.de\/haus-herbstzeitlos-siegen\/wp-json\/wp\/v2\/comments?post=494"}],"version-history":[{"count":0,"href":"https:\/\/unser-quartier.de\/haus-herbstzeitlos-siegen\/wp-json\/wp\/v2\/pages\/494\/revisions"}],"wp:attachment":[{"href":"https:\/\/unser-quartier.de\/haus-herbstzeitlos-siegen\/wp-json\/wp\/v2\/media?parent=494"}],"curies":[{"name":"wp","href":"https:\/\/api.w.org\/{rel}","templated":true}]}}