{"id":76,"date":"2016-05-11T14:37:01","date_gmt":"2016-05-11T12:37:01","guid":{"rendered":"https:\/\/hausherbstzeitlos.wordpress.com\/?page_id=76"},"modified":"2024-03-18T13:08:12","modified_gmt":"2024-03-18T12:08:12","slug":"englisch-kurse","status":"publish","type":"page","link":"https:\/\/unser-quartier.de\/haus-herbstzeitlos-siegen\/englisch-kurse\/","title":{"rendered":"Englisch-Kurse"},"content":{"rendered":"<p><a href=\"https:\/\/unser-quartier.de\/haus-herbstzeitlos-siegen\/files\/2016\/06\/P1020822-1.jpg\"><img loading=\"lazy\" decoding=\"async\" style=\"padding-top: 0px; padding-left: 0px; padding-right: 0px; border: 0px;\" title=\"P1020822\" src=\"https:\/\/unser-quartier.de\/haus-herbstzeitlos-siegen\/files\/2016\/06\/P1020822_thumb-1.jpg\" alt=\"P1020822\" width=\"439\" height=\"330\" border=\"0\" \/><\/a><br \/>\nFoto: Englischkurs<\/p>\n<p><strong>Die Englischkurse pausieren zur Zeit noch.<br \/>\nNeuer Beginn voraussichtlich im Oktober, bitte fragen Sie an.<br \/>\nEs wird dann aber nur der Freitagskurs stattfinden.<br \/>\n<\/strong><\/p>\n<p>Englischkurse f\u00fcr Senioren<\/p>\n<p>&#8222;Jeder, der aufh\u00f6rt zu lernen, ist alt, mag er zwanzig oder achtzig Jahre z\u00e4hlen.<br \/>\nJeder, der weiterlernt, ist jung, mag er achtzig oder zwanzig Jahre z\u00e4hlen.&#8220;<br \/>\n(Henry Ford I.)<\/p>\n<p>Wir bieten\u00a0 Englischkurse f\u00fcr Anf\u00e4nger sowie f\u00fcr Fortgeschrittene an.<\/p>\n<p>Viele Gr\u00fcnde, warum Senioren Englisch lernen:<\/p>\n<ul>\n<li>um im Urlaub Englisch zu sprechen<\/li>\n<li>um mit den Familienmitgliedern im Ausland Englisch zu sprechen<\/li>\n<li>um das Ged\u00e4chtnis zu st\u00e4rken<\/li>\n<li>um den Enkelkindern zu zeigen, dass sie noch up to date sind<\/li>\n<\/ul>\n<p>Wir arbeiten mit dem Lehrwerk &#8222;Blooming&#8220;, welches ideal f\u00fcr Senioren ist:<\/p>\n<ul>\n<li>es bietet einfaches Englisch an<\/li>\n<li>es befasst sich mit Vokabeln aus dem Alltag von Senioren<\/li>\n<li>zu jedem englischen Text gibt es eine deutsche \u00dcbersetzung<\/li>\n<\/ul>\n<p>In den Kursen Englisch f\u00fcr Fortgeschrittene lesen wir Lekt\u00fcren mit Englisch-Vorkenntnissen (A2\/B1).<br \/>\nAu\u00dferdem wird Konversation gro\u00df geschrieben, aktuelle Themen, Ereignisse,<br \/>\nFamilie, Urlaub usw.<\/p>\n<p>Kurse finden <strong>mittwochs von 9.00 &#8211; 12.00 Uhr<\/strong> und<br \/>\n<strong>freitags von 11.00 &#8211; 14.00 Uhr<\/strong> statt<\/p>\n<p>F\u00fcr weitere Informationen wenden Sie sich bitte an:<\/p>\n<p><strong>Ansprechpartner<\/strong>: Frau Berens<br \/>\nVHS Siegen<\/p>\n<p><strong>Telefon<\/strong>: 0271- 404-3046<br \/>\n<strong>Email:<\/strong> u.berens@vhs-stadt-siegen.de<\/p>\n","protected":false},"excerpt":{"rendered":"<p>Foto: Englischkurs Die Englischkurse pausieren zur Zeit noch. Neuer Beginn voraussichtlich im Oktober, bitte fragen Sie an. Es wird dann aber nur der Freitagskurs stattfinden. Englischkurse f\u00fcr Senioren &#8222;Jeder, der aufh\u00f6rt zu lernen, ist alt, mag er zwanzig oder achtzig &hellip; <a href=\"https:\/\/unser-quartier.de\/haus-herbstzeitlos-siegen\/englisch-kurse\/\">Weiterlesen <span class=\"meta-nav\">&rarr;<\/span><\/a><\/p>\n","protected":false},"author":66,"featured_media":0,"parent":0,"menu_order":0,"comment_status":"closed","ping_status":"closed","template":"","meta":{"footnotes":""},"class_list":["post-76","page","type-page","status-publish","hentry"],"_links":{"self":[{"href":"https:\/\/unser-quartier.de\/haus-herbstzeitlos-siegen\/wp-json\/wp\/v2\/pages\/76","targetHints":{"allow":["GET"]}}],"collection":[{"href":"https:\/\/unser-quartier.de\/haus-herbstzeitlos-siegen\/wp-json\/wp\/v2\/pages"}],"about":[{"href":"https:\/\/unser-quartier.de\/haus-herbstzeitlos-siegen\/wp-json\/wp\/v2\/types\/page"}],"author":[{"embeddable":true,"href":"https:\/\/unser-quartier.de\/haus-herbstzeitlos-siegen\/wp-json\/wp\/v2\/users\/66"}],"replies":[{"embeddable":true,"href":"https:\/\/unser-quartier.de\/haus-herbstzeitlos-siegen\/wp-json\/wp\/v2\/comments?post=76"}],"version-history":[{"count":1,"href":"https:\/\/unser-quartier.de\/haus-herbstzeitlos-siegen\/wp-json\/wp\/v2\/pages\/76\/revisions"}],"predecessor-version":[{"id":11130,"href":"https:\/\/unser-quartier.de\/haus-herbstzeitlos-siegen\/wp-json\/wp\/v2\/pages\/76\/revisions\/11130"}],"wp:attachment":[{"href":"https:\/\/unser-quartier.de\/haus-herbstzeitlos-siegen\/wp-json\/wp\/v2\/media?parent=76"}],"curies":[{"name":"wp","href":"https:\/\/api.w.org\/{rel}","templated":true}]}}