{"id":1049,"date":"2019-07-09T16:15:30","date_gmt":"2019-07-09T14:15:30","guid":{"rendered":"http:\/\/unser-quartier.de\/kali50plus\/?page_id=1049"},"modified":"2019-07-09T17:03:02","modified_gmt":"2019-07-09T15:03:02","slug":"geisbruch","status":"publish","type":"page","link":"https:\/\/unser-quartier.de\/kali50plus\/stadtteile\/geisbruch\/","title":{"rendered":"Geisbruch"},"content":{"rendered":"<h3 style=\"text-align: center\"><img data-recalc-dims=\"1\" loading=\"lazy\" decoding=\"async\" data-attachment-id=\"1051\" data-permalink=\"https:\/\/unser-quartier.de\/kali50plus\/stadtteile\/geisbruch\/geisbruch-2\/\" data-orig-file=\"https:\/\/i0.wp.com\/unser-quartier.de\/kali50plus\/files\/2014\/05\/Geisbruch.png?fit=398%2C642&amp;ssl=1\" data-orig-size=\"398,642\" data-comments-opened=\"0\" data-image-meta=\"{&quot;aperture&quot;:&quot;0&quot;,&quot;credit&quot;:&quot;&quot;,&quot;camera&quot;:&quot;&quot;,&quot;caption&quot;:&quot;&quot;,&quot;created_timestamp&quot;:&quot;0&quot;,&quot;copyright&quot;:&quot;&quot;,&quot;focal_length&quot;:&quot;0&quot;,&quot;iso&quot;:&quot;0&quot;,&quot;shutter_speed&quot;:&quot;0&quot;,&quot;title&quot;:&quot;&quot;}\" data-image-title=\"Stadtteil Geisbruch\" data-image-description=\"\" data-image-caption=\"\" data-medium-file=\"https:\/\/i0.wp.com\/unser-quartier.de\/kali50plus\/files\/2014\/05\/Geisbruch.png?fit=185%2C300&amp;ssl=1\" data-large-file=\"https:\/\/i0.wp.com\/unser-quartier.de\/kali50plus\/files\/2014\/05\/Geisbruch.png?fit=398%2C642&amp;ssl=1\" class=\"alignleft wp-image-1051\" src=\"https:\/\/i0.wp.com\/unser-quartier.de\/kali50plus\/files\/2014\/05\/Geisbruch.png?resize=279%2C452&#038;ssl=1\" alt=\"Stadtteil Geisbruch\" width=\"279\" height=\"452\" srcset=\"https:\/\/i0.wp.com\/unser-quartier.de\/kali50plus\/files\/2014\/05\/Geisbruch.png?resize=185%2C300&amp;ssl=1 185w, https:\/\/i0.wp.com\/unser-quartier.de\/kali50plus\/files\/2014\/05\/Geisbruch.png?resize=92%2C150&amp;ssl=1 92w\" sizes=\"auto, (max-width: 279px) 100vw, 279px\" \/><span style=\"color: #3366ff\">Information Ka-Li 50plus<\/span><br \/>\n<span style=\"color: #3366ff\">aus dem Stadtgebiet Geisbruch<\/span><\/h3>\n<p style=\"text-align: left\"><span class=\"ff2 cf4 fs24\">Seit dem <\/span><span class=\"ff4 cf4 fs24\"><b>01.04.2008 <\/b><\/span><span class=\"ff2 cf4 fs24\">ist der Treffpunkt f\u00fcr \u00fcber 50-j\u00e4hrige aus dem Bezirk Kamp-Lintfort Geisbruch im Dietrich-Bonhoeffer-Haus, Geisbruchstrasse 20 ans\u00e4ssig.<\/span><\/p>\n<p>Dies ist ein Treffpunkt, vom dem aus gemeinsame Aktivit\u00e4ten geplant werden und an dem Informationen zu unterschiedlichen Interessen und Anliegen von \u00e4lteren B\u00fcrgerinnen und B\u00fcrgern im Stadtteil ausgetauscht werden.<\/p>\n<p><b>Nachbarschaftshilfe und das Kn\u00fcpfen sozialer Netze <\/b>ist das Programm.<\/p>\n<p>Aus den anf\u00e4nglich verschiedenen Aktivit\u00e4ten hat sich eine Gemeinschaft gebildet. Es kommen und k\u00f6nnen weitere Teilnehmer dazu sto\u00dfen, die aus folgenden Bereichen bestehen:<\/p>\n<ul>\n<li><span class=\"fs24 ff2 cf4\">wer sucht Gleichgesinnte f\u00fcr eine bestimmte Freizeitaktivit\u00e4t?<\/span><\/li>\n<li><span class=\"fs24 ff2 cf4\">wer ben\u00f6tigt technische Hilfe im Bereich PC, Tablett und Smartphone?<\/span><\/li>\n<li><span class=\"fs24 ff2 cf4\">wer m\u00f6chte sich in verschiedenen Kursen der g\u00e4ngigen Software einbringen (z. B. Betriebssysteme, Textverarbeitung, etc.)?<\/span><\/li>\n<\/ul>\n<p>Genauso suchen wir immer wieder &#8222;Experten&#8220; aus den genannten Bereichen, die gerne ihre Kenntnisse an \u00e4ltere Menschen (Anf\u00e4nger und Fortgeschrittene) weitergeben m\u00f6chten.<\/p>\n<ul>\n<li><span class=\"fs24 ff2 cf4\">wer bietet seine Unterst\u00fctzung an, um z. B. eine gemeinsame Radtour, Wanderung, etc. zu organisieren?<\/span><\/li>\n<li><span class=\"fs24 ff2 cf4\">welche Beratungsm\u00f6glichkeit gibt es, wenn das Leben in der eigenen Wohnung beschwerlich wird?<\/span><\/li>\n<li><span class=\"ff2 cf4 fs24\">wo finden pflegende Angeh\u00f6rige Hilfe?<\/span><\/li>\n<\/ul>\n<div id=\"imCellStyle_2\">\n<div id=\"imTextObject_2_tab0\" class=\"text-tab-content\" style=\"text-align: left\">\n<div class=\"text-inner\">\n<p style=\"text-align: left;padding-left: 15px\"><span class=\"ff1 cf3 fs24\" style=\"line-height: 1.4325\">Wenn Sie an einer Mitarbeit interessiert sind oder einfach noch Fragen haben, schauen Sie doch mal bei uns herein!<\/span><\/p>\n<p><b>\u00d6ffnungszeiten ( siehe auch <a class=\"imCssLink\" title=\"Aktuell \/ Termine\" href=\"https:\/\/unser-quartier.de\/kali50plus\/aktuell-termine\/\" data-wpel-link=\"internal\">AKTUELLE TERMINE<\/a><img data-recalc-dims=\"1\" loading=\"lazy\" decoding=\"async\" data-attachment-id=\"1056\" data-permalink=\"https:\/\/unser-quartier.de\/kali50plus\/stadtteile\/geisbruch\/achtung\/\" data-orig-file=\"https:\/\/i0.wp.com\/unser-quartier.de\/kali50plus\/files\/2014\/05\/achtung.png?fit=32%2C32&amp;ssl=1\" data-orig-size=\"32,32\" data-comments-opened=\"0\" data-image-meta=\"{&quot;aperture&quot;:&quot;0&quot;,&quot;credit&quot;:&quot;&quot;,&quot;camera&quot;:&quot;&quot;,&quot;caption&quot;:&quot;&quot;,&quot;created_timestamp&quot;:&quot;0&quot;,&quot;copyright&quot;:&quot;&quot;,&quot;focal_length&quot;:&quot;0&quot;,&quot;iso&quot;:&quot;0&quot;,&quot;shutter_speed&quot;:&quot;0&quot;,&quot;title&quot;:&quot;&quot;}\" data-image-title=\"achtung\" data-image-description=\"\" data-image-caption=\"\" data-medium-file=\"https:\/\/i0.wp.com\/unser-quartier.de\/kali50plus\/files\/2014\/05\/achtung.png?fit=32%2C32&amp;ssl=1\" data-large-file=\"https:\/\/i0.wp.com\/unser-quartier.de\/kali50plus\/files\/2014\/05\/achtung.png?fit=32%2C32&amp;ssl=1\" class=\"alignnone wp-image-1056 size-full\" src=\"https:\/\/i0.wp.com\/unser-quartier.de\/kali50plus\/files\/2014\/05\/achtung.png?resize=32%2C32&#038;ssl=1\" alt=\"achtung\" width=\"32\" height=\"32\"><\/b><span class=\"fs24 cf3 ff1\" style=\"line-height: 1.2\"><b>):<\/b><br \/>\n<i>Mo + Fr von 9:00 &#8211; 12:00 Uhr<br \/>\n<!-- Mi von 14:00 - 17:00 Uhr --><\/i><\/span><span class=\"fs24 cf3 ff1\" style=\"line-height: 1.2\"><img data-recalc-dims=\"1\" loading=\"lazy\" decoding=\"async\" data-attachment-id=\"1062\" data-permalink=\"https:\/\/unser-quartier.de\/kali50plus\/stadtteile\/geisbruch\/handy\/\" data-orig-file=\"https:\/\/i0.wp.com\/unser-quartier.de\/kali50plus\/files\/2014\/05\/handy-e1517059726983.png?fit=25%2C31&amp;ssl=1\" data-orig-size=\"25,31\" data-comments-opened=\"0\" data-image-meta=\"{&quot;aperture&quot;:&quot;0&quot;,&quot;credit&quot;:&quot;&quot;,&quot;camera&quot;:&quot;&quot;,&quot;caption&quot;:&quot;&quot;,&quot;created_timestamp&quot;:&quot;0&quot;,&quot;copyright&quot;:&quot;&quot;,&quot;focal_length&quot;:&quot;0&quot;,&quot;iso&quot;:&quot;0&quot;,&quot;shutter_speed&quot;:&quot;0&quot;,&quot;title&quot;:&quot;&quot;}\" data-image-title=\"handy\" data-image-description=\"\" data-image-caption=\"\" data-medium-file=\"https:\/\/i0.wp.com\/unser-quartier.de\/kali50plus\/files\/2014\/05\/handy-e1517059726983.png?fit=25%2C31&amp;ssl=1\" data-large-file=\"https:\/\/i0.wp.com\/unser-quartier.de\/kali50plus\/files\/2014\/05\/handy-e1517059726983.png?fit=25%2C31&amp;ssl=1\" class=\"alignnone wp-image-1062 size-full\" src=\"https:\/\/i0.wp.com\/unser-quartier.de\/kali50plus\/files\/2014\/05\/handy.png?resize=32%2C32&#038;ssl=1\" alt=\"handy\" width=\"32\" height=\"32\">0162 &#8211; 9 30 22 28 &#8211; <img data-recalc-dims=\"1\" loading=\"lazy\" decoding=\"async\" data-attachment-id=\"1066\" data-permalink=\"https:\/\/unser-quartier.de\/kali50plus\/stadtteile\/geisbruch\/mail\/\" data-orig-file=\"https:\/\/i0.wp.com\/unser-quartier.de\/kali50plus\/files\/2014\/05\/mail.png?fit=32%2C32&amp;ssl=1\" data-orig-size=\"32,32\" data-comments-opened=\"0\" data-image-meta=\"{&quot;aperture&quot;:&quot;0&quot;,&quot;credit&quot;:&quot;&quot;,&quot;camera&quot;:&quot;&quot;,&quot;caption&quot;:&quot;&quot;,&quot;created_timestamp&quot;:&quot;0&quot;,&quot;copyright&quot;:&quot;&quot;,&quot;focal_length&quot;:&quot;0&quot;,&quot;iso&quot;:&quot;0&quot;,&quot;shutter_speed&quot;:&quot;0&quot;,&quot;title&quot;:&quot;&quot;}\" data-image-title=\"mail\" data-image-description=\"\" data-image-caption=\"\" data-medium-file=\"https:\/\/i0.wp.com\/unser-quartier.de\/kali50plus\/files\/2014\/05\/mail.png?fit=32%2C32&amp;ssl=1\" data-large-file=\"https:\/\/i0.wp.com\/unser-quartier.de\/kali50plus\/files\/2014\/05\/mail.png?fit=32%2C32&amp;ssl=1\" class=\"alignnone wp-image-1066 size-full\" src=\"https:\/\/i0.wp.com\/unser-quartier.de\/kali50plus\/files\/2014\/05\/mail.png?resize=32%2C32&#038;ssl=1\" alt=\"mail\" width=\"32\" height=\"32\"><\/span> <a title=\"Ka-Li 50 Plus\" href=\"mailto:info@kali50plus.de\">Ka-Li 50plus<\/a><\/p>\n<\/div>\n<\/div>\n<\/div>\n","protected":false},"excerpt":{"rendered":"<p>Information Ka-Li 50plus aus dem Stadtgebiet Geisbruch Seit dem 01.04.2008 ist der Treffpunkt f\u00fcr \u00fcber 50-j\u00e4hrige aus dem Bezirk Kamp-Lintfort Geisbruch im Dietrich-Bonhoeffer-Haus, Geisbruchstrasse 20 ans\u00e4ssig. Dies ist ein Treffpunkt, vom dem aus gemeinsame Aktivit\u00e4ten geplant werden und an dem Informationen zu unterschiedlichen Interessen und Anliegen von \u00e4lteren B\u00fcrgerinnen und B\u00fcrgern im Stadtteil ausgetauscht werden. &hellip; <a href=\"https:\/\/unser-quartier.de\/kali50plus\/stadtteile\/geisbruch\/\" class=\"more-link\" data-wpel-link=\"internal\"><span class=\"screen-reader-text\">Geisbruch<\/span> weiterlesen <span class=\"meta-nav\">&rarr;<\/span><\/a><\/p>\n","protected":false},"author":168,"featured_media":0,"parent":1982,"menu_order":0,"comment_status":"closed","ping_status":"closed","template":"page-templates\/full-width.php","meta":{"_bbp_topic_count":0,"_bbp_reply_count":0,"_bbp_total_topic_count":0,"_bbp_total_reply_count":0,"_bbp_voice_count":0,"_bbp_anonymous_reply_count":0,"_bbp_topic_count_hidden":0,"_bbp_reply_count_hidden":0,"_bbp_forum_subforum_count":0,"advanced_seo_description":"","jetpack_seo_html_title":"","jetpack_seo_noindex":false,"ngg_post_thumbnail":0,"jetpack_post_was_ever_published":false,"footnotes":""},"class_list":["post-1049","page","type-page","status-publish","hentry"],"jetpack_shortlink":"https:\/\/wp.me\/P4AdMt-gV","jetpack_likes_enabled":true,"jetpack-related-posts":[],"jetpack_sharing_enabled":false,"_links":{"self":[{"href":"https:\/\/unser-quartier.de\/kali50plus\/wp-json\/wp\/v2\/pages\/1049","targetHints":{"allow":["GET"]}}],"collection":[{"href":"https:\/\/unser-quartier.de\/kali50plus\/wp-json\/wp\/v2\/pages"}],"about":[{"href":"https:\/\/unser-quartier.de\/kali50plus\/wp-json\/wp\/v2\/types\/page"}],"author":[{"embeddable":true,"href":"https:\/\/unser-quartier.de\/kali50plus\/wp-json\/wp\/v2\/users\/168"}],"replies":[{"embeddable":true,"href":"https:\/\/unser-quartier.de\/kali50plus\/wp-json\/wp\/v2\/comments?post=1049"}],"version-history":[{"count":0,"href":"https:\/\/unser-quartier.de\/kali50plus\/wp-json\/wp\/v2\/pages\/1049\/revisions"}],"up":[{"embeddable":true,"href":"https:\/\/unser-quartier.de\/kali50plus\/wp-json\/wp\/v2\/pages\/1982"}],"wp:attachment":[{"href":"https:\/\/unser-quartier.de\/kali50plus\/wp-json\/wp\/v2\/media?parent=1049"}],"curies":[{"name":"wp","href":"https:\/\/api.w.org\/{rel}","templated":true}]}}