{"id":1090,"date":"2014-05-05T16:39:55","date_gmt":"2014-05-05T14:39:55","guid":{"rendered":"http:\/\/unser-quartier.de\/kali50plus\/?page_id=1090"},"modified":"2021-11-25T14:51:29","modified_gmt":"2021-11-25T13:51:29","slug":"datenschutz","status":"publish","type":"page","link":"https:\/\/unser-quartier.de\/kali50plus\/datenschutz\/","title":{"rendered":"Datenschutz"},"content":{"rendered":"<p>Personenbezogene Daten (nachfolgend zumeist nur \u201eDaten\u201c genannt) werden von uns nur im Rahmen der Erforderlichkeit sowie zum Zwecke der Bereitstellung eines funktionsf\u00e4higen und nutzerfreundlichen Internetauftritts, inklusive seiner Inhalte und der dort angebotenen Leistungen, verarbeitet.<\/p>\n<p>Gem\u00e4\u00df Art. 4 Ziffer 1. der Verordnung (EU) 2016\/679, also der Datenschutz-Grundverordnung (nachfolgend nur \u201eDSGVO\u201c genannt), gilt als \u201eVerarbeitung\u201c jeder mit oder ohne Hilfe automatisierter Verfahren ausgef\u00fchrter Vorgang oder jede solche Vorgangsreihe im Zusammenhang mit personenbezogenen Daten, wie das Erheben, das Erfassen, die Organisation, das Ordnen, die Speicherung, die Anpassung oder Ver\u00e4nderung, das Auslesen, das Abfragen, die Verwendung, die Offenlegung durch \u00dcbermittlung, Verbreitung oder eine andere Form der Bereitstellung, den Abgleich oder die Verkn\u00fcpfung, die Einschr\u00e4nkung, das L\u00f6schen oder die Vernichtung.<\/p>\n<p>Mit der nachfolgenden Datenschutzerkl\u00e4rung informieren wir Sie insbesondere \u00fcber Art, Umfang, Zweck, Dauer und Rechtsgrundlage der Verarbeitung personenbezogener Daten, soweit wir entweder allein oder gemeinsam mit anderen \u00fcber die Zwecke und Mittel der Verarbeitung entscheiden. Zudem informieren wir Sie nachfolgend \u00fcber die von uns zu Optimierungszwecken sowie zur Steigerung der Nutzungsqualit\u00e4t eingesetzten Fremdkomponenten, soweit hierdurch Dritte Daten in wiederum eigener Verantwortung verarbeiten.<\/p>\n<p>Unsere Datenschutzerkl\u00e4rung ist wie folgt gegliedert:<\/p>\n<p>I. Informationen \u00fcber uns als Verantwortliche<br \/>\nII. Rechte der Nutzer und Betroffenen<br \/>\nIII. Informationen zur Datenverarbeitung<\/p>\n<h4>I. Informationen \u00fcber uns als Verantwortliche<\/h4>\n<p>Verantwortlicher Anbieter dieses Internetauftritts im datenschutzrechtlichen Sinne ist:<\/p>\n<p><span style=\"color: #ff0000;\">\u00c4lter werden in Kamp-Lintfort \u2013 Ka-Li 50plus<\/span><br \/>\n<span style=\"color: #ff0000;\">Rolf Mohr<\/span><br \/>\n<span style=\"color: #ff0000;\">Ferdinantenstr. 239<\/span><br \/>\n<span style=\"color: #ff0000;\">47475 Kamp-Lintfort<\/span><br \/>\n<span style=\"color: #ff0000;\">Deutschland<\/span><\/p>\n<p><span style=\"color: #ff0000;\">Telefon: 0 28 42 &#8211; 9 03 04 64<\/span><br \/>\n<span style=\"color: #ff0000;\">Mobil: 01 62 &#8211; 9 30 22 28<\/span><br \/>\n<span style=\"color: #ff0000;\">E-Mail: <a style=\"color: #ff0000;\" href=\"mailto:info@kali50plus.de\" target=\"_blank\" rel=\"noopener\">info@kali50plus.de<\/a><\/span><\/p>\n<h3>II. Rechte der Nutzer und Betroffenen<\/h3>\n<p>Mit Blick auf die nachfolgend noch n\u00e4her beschriebene Datenverarbeitung haben die Nutzer und Betroffenen das Recht<\/p>\n<ul>\n<li>auf Best\u00e4tigung, ob sie betreffende Daten verarbeitet werden, auf Auskunft \u00fcber die verarbeiteten Daten, auf weitere Informationen \u00fcber die Datenverarbeitung sowie auf Kopien der Daten (vgl. auch Art. 15 DSGVO);<\/li>\n<li>auf Berichtigung oder Vervollst\u00e4ndigung unrichtiger bzw. unvollst\u00e4ndiger Daten (vgl. auch Art. 16 DSGVO);<\/li>\n<li>auf unverz\u00fcgliche L\u00f6schung der sie betreffenden Daten (vgl. auch Art. 17 DSGVO), oder, alternativ, soweit eine weitere Verarbeitung gem\u00e4\u00df Art. 17 Abs. 3 DSGVO erforderlich ist, auf Einschr\u00e4nkung der Verarbeitung nach Ma\u00dfgabe von Art. 18 DSGVO;<\/li>\n<li>auf Erhalt der sie betreffenden und von ihnen bereitgestellten Daten und auf \u00dcbermittlung dieser Daten an andere Anbieter\/Verantwortliche (vgl. auch Art. 20 DSGVO);<\/li>\n<li>auf Beschwerde gegen\u00fcber der Aufsichtsbeh\u00f6rde, sofern sie der Ansicht sind, dass die sie betreffenden Daten durch den Anbieter unter Versto\u00df gegen datenschutzrechtliche Bestimmungen verarbeitet werden (vgl. auch Art. 77 DSGVO).<\/li>\n<\/ul>\n<p>Dar\u00fcber hinaus ist der Anbieter dazu verpflichtet, alle Empf\u00e4nger, denen gegen\u00fcber Daten durch den Anbieter offengelegt worden sind, \u00fcber jedwede Berichtigung oder L\u00f6schung von Daten oder die Einschr\u00e4nkung der Verarbeitung, die aufgrund der Artikel 16, 17 Abs. 1, 18 DSGVO erfolgt, zu unterrichten. Diese Verpflichtung besteht jedoch nicht, soweit diese Mitteilung unm\u00f6glich oder mit einem unverh\u00e4ltnism\u00e4\u00dfigen Aufwand verbunden ist. Unbeschadet dessen hat der Nutzer ein Recht auf Auskunft \u00fcber diese Empf\u00e4nger.<\/p>\n<p><strong>Ebenfalls haben die Nutzer und Betroffenen nach Art. 21 DSGVO das Recht auf Widerspruch gegen die k\u00fcnftige Verarbeitung der sie betreffenden Daten, sofern die Daten durch den Anbieter nach Ma\u00dfgabe von Art. 6 Abs. 1 lit. f) DSGVO verarbeitet werden. Insbesondere ist ein Widerspruch gegen die Datenverarbeitung zum Zwecke der Direktwerbung statthaft.<\/strong><\/p>\n<h3>III. Informationen zur Datenverarbeitung<\/h3>\n<p>Ihre bei Nutzung unseres Internetauftritts verarbeiteten Daten werden gel\u00f6scht oder gesperrt, sobald der Zweck der Speicherung entf\u00e4llt, der L\u00f6schung der Daten keine gesetzlichen Aufbewahrungspflichten entgegenstehen und nachfolgend keine anderslautenden Angaben zu einzelnen Verarbeitungsverfahren gemacht werden.<\/p>\n<h4>Serverdaten<\/h4>\n<p>Aus technischen Gr\u00fcnden, insbesondere zur Gew\u00e4hrleistung eines sicheren und stabilen Internetauftritts, werden Daten durch Ihren Internet-Browser an uns bzw. an unseren Webspace-Provider \u00fcbermittelt. Mit diesen sog. Server-Logfiles werden u.a. Typ und Version Ihres Internetbrowsers, das Betriebssystem, die Website, von der aus Sie auf unseren Internetauftritt gewechselt haben (Referrer URL), die Website(s) unseres Internetauftritts, die Sie besuchen, Datum und Uhrzeit des jeweiligen Zugriffs sowie die IP-Adresse des Internetanschlusses, von dem aus die Nutzung unseres Internetauftritts erfolgt, erhoben.<\/p>\n<p>Diese so erhobenen Daten werden vorr\u00fcbergehend gespeichert, dies jedoch nicht gemeinsam mit anderen Daten von Ihnen.<\/p>\n<p>Diese Speicherung erfolgt auf der Rechtsgrundlage von Art. 6 Abs. 1 lit. f) DSGVO. Unser berechtigtes Interesse liegt in der Verbesserung, Stabilit\u00e4t, Funktionalit\u00e4t und Sicherheit unseres Internetauftritts.<\/p>\n<p>Die Daten werden sp\u00e4testens nach sieben Tage wieder gel\u00f6scht, soweit keine weitere Aufbewahrung zu Beweiszwecken erforderlich ist. Andernfalls sind die Daten bis zur endg\u00fcltigen Kl\u00e4rung eines Vorfalls ganz oder teilweise von der L\u00f6schung ausgenommen.<\/p>\n<h4>Cookies<\/h4>\n<p><a href=\"https:\/\/unser-quartier.de\/kali50plus\/cookie-richtlinie-eu\/\" data-wpel-link=\"internal\">Siehe Cookie-Richtlinie (EU)<\/a><\/p>\n<h4>Kundenkonto \/ Registrierungsfunktion<\/h4>\n<p>Falls Sie \u00fcber unseren Internetauftritt ein Kundenkonto bei uns anlegen, werden wir die von Ihnen bei der Registrierung eingegebenen Daten (also bspw. Ihren Namen, Ihre Anschrift oder Ihre E-Mail-Adresse) ausschlie\u00dflich f\u00fcr vorvertragliche Leistungen, f\u00fcr die Vertragserf\u00fcllung oder zum Zwecke der Kundenpflege (bspw. um Ihnen eine \u00dcbersicht \u00fcber Ihre bisherigen Bestellungen bei uns zur Verf\u00fcgung zu stellen oder um Ihnen die sog. Merkzettelfunktion anbieten zu k\u00f6nnen) erheben und speichern. Gleichzeitig speichern wir dann die IP-Adresse und das Datum Ihrer Registrierung nebst Uhrzeit. Eine Weitergabe dieser Daten an Dritte erfolgt nat\u00fcrlich nicht.<\/p>\n<p>Im Rahmen des weiteren Anmeldevorgangs wird Ihre Einwilligung in diese Verarbeitung eingeholt und auf diese Datenschutzerkl\u00e4rung verwiesen. Die dabei von uns erhobenen Daten werden ausschlie\u00dflich f\u00fcr die Zurverf\u00fcgungstellung des Kundenkontos verwendet.<\/p>\n<p>Soweit Sie in diese Verarbeitung einwilligen, ist Art. 6 Abs. 1 lit. a) DSGVO Rechtsgrundlage f\u00fcr die Verarbeitung.<\/p>\n<p>Sofern die Er\u00f6ffnung des Kundenkontos zus\u00e4tzlich auch vorvertraglichen Ma\u00dfnahmen oder der Vertragserf\u00fcllung dient, so ist Rechtsgrundlage f\u00fcr diese Verarbeitung auch noch Art. 6 Abs. 1 lit. b) DSGVO.<\/p>\n<p>Die uns erteilte Einwilligung in die Er\u00f6ffnung und den Unterhalt des Kundenkontos k\u00f6nnen Sie gem\u00e4\u00df Art. 7 Abs. 3 DSGVO jederzeit mit Wirkung f\u00fcr die Zukunft widerrufen. Hierzu m\u00fcssen Sie uns lediglich \u00fcber Ihren Widerruf in Kenntnis setzen.<\/p>\n<p>Die insoweit erhobenen Daten werden gel\u00f6scht, sobald die Verarbeitung nicht mehr erforderlich ist. Hierbei m\u00fcssen wir aber steuer- und handelsrechtliche Aufbewahrungsfristen beachten.<\/p>\n<h4>Kontaktanfragen \/ Kontaktm\u00f6glichkeit<\/h4>\n<p>Sofern Sie per Kontaktformular oder E-Mail mit uns in Kontakt treten, werden die dabei von Ihnen angegebenen Daten zur Bearbeitung Ihrer Anfrage genutzt. Die Angabe der Daten ist zur Bearbeitung und Beantwortung Ihre Anfrage erforderlich &#8211; ohne deren Bereitstellung k\u00f6nnen wir Ihre Anfrage nicht oder allenfalls eingeschr\u00e4nkt beantworten.<\/p>\n<p>Rechtsgrundlage f\u00fcr diese Verarbeitung ist Art. 6 Abs. 1 lit. b) DSGVO.<\/p>\n<p>Ihre Daten werden gel\u00f6scht, sofern Ihre Anfrage abschlie\u00dfend beantwortet worden ist und der L\u00f6schung keine gesetzlichen Aufbewahrungspflichten entgegenstehen, wie bspw. bei einer sich etwaig anschlie\u00dfenden Vertragsabwicklung.<\/p>\n<h4>Nutzerbeitr\u00e4ge, Kommentare und Bewertungen<\/h4>\n<p>Wir bieten Ihnen an, auf unseren Internetseiten Fragen, Antworten, Meinungen oder Bewertungen, nachfolgend nur \u201eBeitr\u00e4ge\u201c genannt, zu ver\u00f6ffentlichen. Sofern Sie dieses Angebot in Anspruch nehmen, verarbeiten und ver\u00f6ffentlichen wir Ihren Beitrag, Datum und Uhrzeit der Einreichung sowie das von Ihnen ggf. genutzte Pseudonym.<\/p>\n<p>Rechtsgrundlage hierbei ist Art. 6 Abs. 1 lit. a) DSGVO. Die Einwilligung k\u00f6nnen Sie gem\u00e4\u00df Art. 7 Abs. 3 DSGVO jederzeit mit Wirkung f\u00fcr die Zukunft widerrufen. Hierzu m\u00fcssen Sie uns lediglich \u00fcber Ihren Widerruf in Kenntnis setzen.<\/p>\n<p>Dar\u00fcber hinaus verarbeiten wir auch Ihre IP- und E-Mail-Adresse. Die IP-Adresse wird verarbeitet, weil wir ein berechtigtes Interesse daran haben, weitere Schritte einzuleiten oder zu unterst\u00fctzen, sofern Ihr Beitrag in Rechte Dritter eingreift und\/oder er sonst wie rechtswidrig erfolgt.<\/p>\n<p>Rechtsgrundlage ist in diesem Fall Art. 6 Abs. 1 lit. f) DSGVO. Unser berechtigtes Interesse liegt in der ggf. notwendigen Rechtsverteidigung.<\/p>\n<h4>Google-Maps<\/h4>\n<p>In unserem Internetauftritt setzen wir Google Maps zur Darstellung unseres Standorts sowie zur Erstellung einer Anfahrtsbeschreibung ein. Es handelt sich hierbei um einen Dienst der Google Ireland Limited, Gordon House, Barrow Street, Dublin 4, Ireland, nachfolgend nur \u201eGoogle\u201c genannt.<\/p>\n<p>Durch die Zertifizierung nach dem EU-US-Datenschutzschild (\u201eEU-US Privacy Shield\u201c)<\/p>\n<p><a href=\"https:\/\/www.privacyshield.gov\/participant?id=a2zt000000001L5AAI&amp;status=Active\" data-wpel-link=\"external\" target=\"_blank\" rel=\"follow external noopener noreferrer\" class=\"ext-link wpel-icon-right\">https:\/\/www.privacyshield.gov\/participant?id=a2zt000000001L5AAI&amp;status=Active<span class=\"wpel-icon wpel-image wpel-icon-8\"><\/span><\/a><\/p>\n<p>garantiert Google, dass die Datenschutzvorgaben der EU auch bei der Verarbeitung von Daten in den USA eingehalten werden.<\/p>\n<p>Um die Darstellung bestimmter Schriften in unserem Internetauftritt zu erm\u00f6glichen, wird bei Aufruf unseres Internetauftritts eine Verbindung zu dem Google-Server in den USA aufgebaut.<\/p>\n<p>Sofern Sie die in unseren Internetauftritt eingebundene Komponente Google Maps aufrufen, speichert Google \u00fcber Ihren Internet-Browser ein Cookie auf Ihrem Endger\u00e4t. Um unseren Standort anzuzeigen und eine Anfahrtsbeschreibung zu erstellen, werden Ihre Nutzereinstellungen und -daten verarbeitet. Hierbei k\u00f6nnen wir nicht ausschlie\u00dfen, dass Google Server in den USA einsetzt.<\/p>\n<p>Rechtsgrundlage ist Art. 6 Abs. 1 lit. f) DSGVO. Unser berechtigtes Interesse liegt in der Optimierung der Funktionalit\u00e4t unseres Internetauftritts.<\/p>\n<p>Durch die so hergestellte Verbindung zu Google kann Google ermitteln, von welcher Website Ihre Anfrage gesendet worden ist und an welche IP-Adresse die Anfahrtsbeschreibung zu \u00fcbermitteln ist.<\/p>\n<p>Sofern Sie mit dieser Verarbeitung nicht einverstanden sind, haben Sie die M\u00f6glichkeit, die Installation der Cookies durch die entsprechenden Einstellungen in Ihrem Internet-Browser zu verhindern. Einzelheiten hierzu finden Sie vorstehend unter dem Punkt \u201eCookies\u201c.<\/p>\n<p>Zudem erfolgt die Nutzung von Google Maps sowie der \u00fcber Google Maps erlangten Informationen nach den <a href=\"http:\/\/www.google.de\/accounts\/TOS\" data-wpel-link=\"external\" target=\"_blank\" rel=\"follow external noopener noreferrer\" class=\"ext-link wpel-icon-right\">Google-Nutzungsbedingungen<span class=\"wpel-icon wpel-image wpel-icon-8\"><\/span><\/a> <u><a href=\"https:\/\/policies.google.com\/terms?gl=DE&amp;hl=de\" data-wpel-link=\"external\" target=\"_blank\" rel=\"follow external noopener noreferrer\" class=\"ext-link wpel-icon-right\">https:\/\/policies.google.com\/terms?gl=DE&amp;hl=de<span class=\"wpel-icon wpel-image wpel-icon-8\"><\/span><\/a><\/u> und den <a href=\"http:\/\/www.google.com\/intl\/de_de\/help\/terms_maps.html\" data-wpel-link=\"external\" target=\"_blank\" rel=\"follow external noopener noreferrer\" class=\"ext-link wpel-icon-right\">Gesch\u00e4ftsbedingungen f\u00fcr Google Maps<span class=\"wpel-icon wpel-image wpel-icon-8\"><\/span><\/a> <a href=\"https:\/\/www.google.com\/intl\/de_de\/help\/terms_maps.html\" data-wpel-link=\"external\" target=\"_blank\" rel=\"follow external noopener noreferrer\" class=\"ext-link wpel-icon-right\">https:\/\/www.google.com\/intl\/de_de\/help\/terms_maps.html<span class=\"wpel-icon wpel-image wpel-icon-8\"><\/span><\/a>.<\/p>\n<p>\u00dcberdies bietet Google unter<\/p>\n<p><a href=\"https:\/\/adssettings.google.com\/authenticated\" data-wpel-link=\"external\" target=\"_blank\" rel=\"follow external noopener noreferrer\" class=\"ext-link wpel-icon-right\">https:\/\/adssettings.google.com\/authenticated<span class=\"wpel-icon wpel-image wpel-icon-8\"><\/span><\/a><\/p>\n<p><a href=\"https:\/\/policies.google.com\/privacy\" data-wpel-link=\"external\" target=\"_blank\" rel=\"follow external noopener noreferrer\" class=\"ext-link wpel-icon-right\">https:\/\/policies.google.com\/privacy<span class=\"wpel-icon wpel-image wpel-icon-8\"><\/span><\/a><\/p>\n<p>weitergehende Informationen an.<\/p>\n<h4>YouTube<\/h4>\n<p>In unserem Internetauftritt setzen wir YouTube ein. Hierbei handelt es sich um ein Videoportal der YouTube LLC., 901 Cherry Ave., 94066 San Bruno, CA, USA, nachfolgend nur \u201eYouTube\u201c genannt.<\/p>\n<p>YouTube ist ein Tochterunternehmen der Google LLC., 1600 Amphitheatre Parkway, Mountain View, CA 94043 USA, nachfolgend nur \u201eGoogle\u201c genannt.<\/p>\n<p>Durch die Zertifizierung nach dem EU-US-Datenschutzschild (\u201eEU-US Privacy Shield\u201c)<\/p>\n<p><a href=\"https:\/\/www.privacyshield.gov\/participant?id=a2zt000000001L5AAI&amp;status=Active\" data-wpel-link=\"external\" target=\"_blank\" rel=\"follow external noopener noreferrer\" class=\"ext-link wpel-icon-right\">https:\/\/www.privacyshield.gov\/participant?id=a2zt000000001L5AAI&amp;status=Active<span class=\"wpel-icon wpel-image wpel-icon-8\"><\/span><\/a><\/p>\n<p>garantiert Google und damit auch das Tochterunternehmen YouTube, dass die Datenschutzvorgaben der EU auch bei der Verarbeitung von Daten in den USA eingehalten werden.<\/p>\n<p>Wir nutzen YouTube im Zusammenhang mit der Funktion \u201eErweiterter Datenschutzmodus\u201c, um Ihnen Videos anzeigen zu k\u00f6nnen. Rechtsgrundlage ist Art. 6 Abs. 1 lit. f) DSGVO. Unser berechtigtes Interesse liegt in der Qualit\u00e4tsverbesserung unseres Internetauftritts. Die Funktion \u201eErweiterter Datenschutzmodus\u201c bewirkt laut Angaben von YouTube, dass die nachfolgend noch n\u00e4her bezeichneten Daten nur dann an den Server von YouTube \u00fcbermittelt werden, wenn Sie ein Video auch tats\u00e4chlich starten.<\/p>\n<p>Ohne diesen \u201eErweiterten Datenschutz\u201c wird eine Verbindung zum Server von YouTube in den USA hergestellt, sobald Sie eine unserer Internetseiten, auf der ein YouTube-Video eingebettet ist, aufrufen.<\/p>\n<p>Diese Verbindung ist erforderlich, um das jeweilige Video auf unserer Internetseite \u00fcber Ihren Internet-Browser darstellen zu k\u00f6nnen. Im Zuge dessen wird YouTube zumindest Ihre IP-Adresse, das Datum nebst Uhrzeit sowie die von Ihnen besuchte Internetseite erfassen und verarbeiten. Zudem wird eine Verbindung zu dem Werbenetzwerk \u201eDoubleClick\u201c von Google hergestellt.<\/p>\n<p>Sollten Sie gleichzeitig bei YouTube eingeloggt sein, weist YouTube die Verbindungsinformationen Ihrem YouTube-Konto zu. Wenn Sie das verhindern m\u00f6chten, m\u00fcssen Sie sich entweder vor dem Besuch unseres Internetauftritts bei YouTube ausloggen oder die entsprechenden Einstellungen in Ihrem YouTube-Benutzerkonto vornehmen.<\/p>\n<p>Zum Zwecke der Funktionalit\u00e4t sowie zur Analyse des Nutzungsverhaltens speichert YouTube dauerhaft Cookies \u00fcber Ihren Internet-Browser auf Ihrem Endger\u00e4t. Falls Sie mit dieser Verarbeitung nicht einverstanden sind, haben Sie die M\u00f6glichkeit, die Speicherung der Cookies durch eine Einstellung in Ihrem Internet-Browsers zu verhindern. N\u00e4here Informationen hierzu finden Sie vorstehend unter \u201eCookies\u201c.<\/p>\n<p>Weitergehende Informationen \u00fcber die Erhebung und Nutzung von Daten sowie Ihre diesbez\u00fcglichen Rechte und Schutzm\u00f6glichkeiten h\u00e4lt Google in den unter<\/p>\n<p><a href=\"https:\/\/policies.google.com\/privacy\" data-wpel-link=\"external\" target=\"_blank\" rel=\"follow external noopener noreferrer\" class=\"ext-link wpel-icon-right\">https:\/\/policies.google.com\/privacy<span class=\"wpel-icon wpel-image wpel-icon-8\"><\/span><\/a><\/p>\n<p>abrufbaren Datenschutzhinweisen bereit.<\/p>\n<h4>Jetpack &#8211; WordPress Stats<\/h4>\n<p>In unserem Internetauftritt setzen wir Jetpack mit der Erweiterung \u201eWordPress Stats\u201c ein. Hierbei handelt es sich um einen Webanalysedienst der Automattic Inc., 132 Hawthorne Street, San Francisco, CA 94107, USA, nachfolgend nur \u201eAutomattic\u201c genannt.<\/p>\n<p>Durch die Zertifizierung nach dem EU-US-Datenschutzschild (\u201eEU-US Privacy Shield\u201c)<\/p>\n<p><a href=\"https:\/\/www.privacyshield.gov\/participant?id=a2zt0000000CbqcAAC&amp;status=Active\" data-wpel-link=\"external\" target=\"_blank\" rel=\"follow external noopener noreferrer\" class=\"ext-link wpel-icon-right\">https:\/\/www.privacyshield.gov\/participant?id=a2zt0000000CbqcAAC&amp;status=Active<span class=\"wpel-icon wpel-image wpel-icon-8\"><\/span><\/a><\/p>\n<p>garantiert Automattic, dass die Datenschutzvorgaben der EU auch bei der Verarbeitung von Daten in den USA eingehalten werden.<\/p>\n<p>Der Dienst Jetpack &#8211; WordPress Stats dient zur Analyse des Nutzungsverhaltens unseres Internetauftritts. Rechtsgrundlage ist Art. 6 Abs. 1 lit. f) DSGVO. Unser berechtigtes Interesse liegt in der Analyse, Optimierung und dem wirtschaftlichen Betrieb unseres Internetauftritts.<\/p>\n<p>Zur Analyse des Nutzungsverhaltens speichert Jetpack &#8211; WordPress Stats Cookies \u00fcber Ihren Internet-Browser auf Ihrem Endger\u00e4t.<\/p>\n<p>Bei der Verarbeitung werden Ihre IP-Adresse, die Website(s) unseres Internetauftritts, die Sie besuchen, die Website, von der aus Sie auf unseren Internetauftritt gewechselt haben (Referrer URL), Ihre Verweildauer auf unserem Internetauftritt sowie die H\u00e4ufigkeit des Aufrufs einer unserer Websites erfasst. Die dabei erhobenen Daten werden auf einem Server von Automattic in den USA gespeichert. Ihre IP-Adresse wird allerdings unverz\u00fcglich nach der Verarbeitung und noch vor ihrer Speicherung anonymisiert.<\/p>\n<p>Falls Sie mit dieser Verarbeitung nicht einverstanden sind, haben Sie die M\u00f6glichkeit, die Speicherung des Cookies durch eine Einstellung in Ihrem Internet-Browsers zu verhindern. N\u00e4here Informationen hierzu finden Sie vorstehend unter \u201eCookies\u201c.<\/p>\n<p><a href=\"https:\/\/www.ratgeberrecht.eu\/leistungen\/muster-datenschutzerklaerung.html\" data-wpel-link=\"external\" target=\"_blank\" rel=\"follow external noopener noreferrer\" class=\"ext-link wpel-icon-right\">Muster-Datenschutzerkl\u00e4rung<span class=\"wpel-icon wpel-image wpel-icon-8\"><\/span><\/a>&nbsp;der&nbsp;<a href=\"https:\/\/www.ratgeberrecht.eu\/\" data-wpel-link=\"external\" target=\"_blank\" rel=\"follow external noopener noreferrer\" class=\"ext-link wpel-icon-right\">Anwaltskanzlei Wei\u00df &amp; Partner<span class=\"wpel-icon wpel-image wpel-icon-8\"><\/span><\/a><\/p>\n<p>Stand: 10.10.2018<\/p>\n","protected":false},"excerpt":{"rendered":"<p>Personenbezogene Daten (nachfolgend zumeist nur \u201eDaten\u201c genannt) werden von uns nur im Rahmen der Erforderlichkeit sowie zum Zwecke der Bereitstellung eines funktionsf\u00e4higen und nutzerfreundlichen Internetauftritts, inklusive seiner Inhalte und der dort angebotenen Leistungen, verarbeitet. Gem\u00e4\u00df Art. 4 Ziffer 1. der Verordnung (EU) 2016\/679, also der Datenschutz-Grundverordnung (nachfolgend nur \u201eDSGVO\u201c genannt), gilt als \u201eVerarbeitung\u201c jeder mit &hellip; <a href=\"https:\/\/unser-quartier.de\/kali50plus\/datenschutz\/\" class=\"more-link\" data-wpel-link=\"internal\"><span class=\"screen-reader-text\">Datenschutz<\/span> weiterlesen <span class=\"meta-nav\">&rarr;<\/span><\/a><\/p>\n","protected":false},"author":168,"featured_media":0,"parent":0,"menu_order":0,"comment_status":"closed","ping_status":"closed","template":"","meta":{"_bbp_topic_count":0,"_bbp_reply_count":0,"_bbp_total_topic_count":0,"_bbp_total_reply_count":0,"_bbp_voice_count":0,"_bbp_anonymous_reply_count":0,"_bbp_topic_count_hidden":0,"_bbp_reply_count_hidden":0,"_bbp_forum_subforum_count":0,"advanced_seo_description":"","jetpack_seo_html_title":"","jetpack_seo_noindex":false,"ngg_post_thumbnail":0,"jetpack_post_was_ever_published":false,"footnotes":""},"class_list":["post-1090","page","type-page","status-publish","hentry"],"jetpack_shortlink":"https:\/\/wp.me\/P4AdMt-hA","jetpack_likes_enabled":true,"jetpack-related-posts":[],"jetpack_sharing_enabled":false,"_links":{"self":[{"href":"https:\/\/unser-quartier.de\/kali50plus\/wp-json\/wp\/v2\/pages\/1090","targetHints":{"allow":["GET"]}}],"collection":[{"href":"https:\/\/unser-quartier.de\/kali50plus\/wp-json\/wp\/v2\/pages"}],"about":[{"href":"https:\/\/unser-quartier.de\/kali50plus\/wp-json\/wp\/v2\/types\/page"}],"author":[{"embeddable":true,"href":"https:\/\/unser-quartier.de\/kali50plus\/wp-json\/wp\/v2\/users\/168"}],"replies":[{"embeddable":true,"href":"https:\/\/unser-quartier.de\/kali50plus\/wp-json\/wp\/v2\/comments?post=1090"}],"version-history":[{"count":0,"href":"https:\/\/unser-quartier.de\/kali50plus\/wp-json\/wp\/v2\/pages\/1090\/revisions"}],"wp:attachment":[{"href":"https:\/\/unser-quartier.de\/kali50plus\/wp-json\/wp\/v2\/media?parent=1090"}],"curies":[{"name":"wp","href":"https:\/\/api.w.org\/{rel}","templated":true}]}}