{"id":1096,"date":"2014-05-05T17:50:17","date_gmt":"2014-05-05T15:50:17","guid":{"rendered":"http:\/\/unser-quartier.de\/kali50plus\/?page_id=1096"},"modified":"2015-11-19T14:54:20","modified_gmt":"2015-11-19T13:54:20","slug":"gestfeld","status":"publish","type":"page","link":"https:\/\/unser-quartier.de\/kali50plus\/stadtteile\/gestfeld\/","title":{"rendered":"Gestfeld"},"content":{"rendered":"<h3 style=\"text-align: center\"><img data-recalc-dims=\"1\" loading=\"lazy\" decoding=\"async\" data-attachment-id=\"1052\" data-permalink=\"https:\/\/unser-quartier.de\/kali50plus\/stadtteile\/geisbruch\/gestfeld-2\/\" data-orig-file=\"https:\/\/i0.wp.com\/unser-quartier.de\/kali50plus\/files\/2014\/05\/Gestfeld.png?fit=370%2C462&amp;ssl=1\" data-orig-size=\"370,462\" data-comments-opened=\"0\" data-image-meta=\"{&quot;aperture&quot;:&quot;0&quot;,&quot;credit&quot;:&quot;&quot;,&quot;camera&quot;:&quot;&quot;,&quot;caption&quot;:&quot;&quot;,&quot;created_timestamp&quot;:&quot;0&quot;,&quot;copyright&quot;:&quot;&quot;,&quot;focal_length&quot;:&quot;0&quot;,&quot;iso&quot;:&quot;0&quot;,&quot;shutter_speed&quot;:&quot;0&quot;,&quot;title&quot;:&quot;&quot;}\" data-image-title=\"Gestfeld\" data-image-description=\"\" data-image-caption=\"\" data-medium-file=\"https:\/\/i0.wp.com\/unser-quartier.de\/kali50plus\/files\/2014\/05\/Gestfeld.png?fit=240%2C300&amp;ssl=1\" data-large-file=\"https:\/\/i0.wp.com\/unser-quartier.de\/kali50plus\/files\/2014\/05\/Gestfeld.png?fit=370%2C462&amp;ssl=1\" class=\"alignleft wp-image-1052\" src=\"https:\/\/i0.wp.com\/unser-quartier.de\/kali50plus\/files\/2014\/05\/Gestfeld.png?resize=300%2C375&#038;ssl=1\" alt=\"Stadtteil Gestfeld\" width=\"300\" height=\"375\" srcset=\"https:\/\/i0.wp.com\/unser-quartier.de\/kali50plus\/files\/2014\/05\/Gestfeld.png?w=370&amp;ssl=1 370w, https:\/\/i0.wp.com\/unser-quartier.de\/kali50plus\/files\/2014\/05\/Gestfeld.png?resize=120%2C150&amp;ssl=1 120w, https:\/\/i0.wp.com\/unser-quartier.de\/kali50plus\/files\/2014\/05\/Gestfeld.png?resize=240%2C300&amp;ssl=1 240w\" sizes=\"auto, (max-width: 300px) 100vw, 300px\" \/><br \/>\n<span style=\"color: #3366ff\">Information Ka-Li 50plus<\/span><br \/>\n<span style=\"color: #3366ff\"> aus dem Stadtgebiet Gestfeld<\/span><\/h3>\n<p>Im Gestfeld \u00f6ffnete am Montag, <strong>7. Dezember 2009<\/strong> um\u00a015 Uhr das \u201eCaf\u00e9 Bullerb\u00fc\u201d in den R\u00e4umen der Astrid-Lindgren-Grundschule. Von da an werden Aktive im Stadtteil immer Montag nachmittags Gelegenheit haben, sich zu treffen, bei einer Tasse Kaffee oder Tee miteinander ins Gespr\u00e4ch zu kommen und sich f\u00fcr gemeinsame Freizeitvorhaben zu verabreden. Dass ein solcher Treffpunkt im Stadtteil fehlte, war eines der Ergebnisse der 50plus-Konferenz. Jetzt hat der Runde Tisch hierf\u00fcr in Eigenregie ein kleines, aber feines Angebot geschaffen. Die Astrid-Lindgren-Grundschule bietet sich deshalb als Gastgeber an, weil in den gleichen R\u00e4umen engagierte Eltern ab sofort Donnerstag nachmittags auch ein Elterncaf\u00e9 organisieren.<\/p>\n<p><span style=\"font-size: 8pt\"><strong>(Presseinformation der Stadt Kamp-Lintfort vom 02.12.2009)<\/strong><\/span><\/p>\n<p>Das Angebot beinhaltet aber nicht nur Kaffee und Kuchen, sondern auch Spiele, schm\u00f6kern in alten Zeitschriften,\u00a0z. B. Modezeitschriften mit alten Schnittb\u00f6gen ab 1959. Au\u00dferdem werden \u00e4ltere Interessierte gesucht, die \u201eSchach mit Kindern\u201d spielen m\u00f6chten. Die Frage ist: wer lernt von wem? Interessenten m\u00f6gen sich bitte beim Schulleiter melden.<\/p>\n<hr \/>\n<h3>\u201eSch\u00f6n, dass wir zusammen bleiben k\u00f6nnen!\u201c<\/h3>\n<p><span style=\"font-size: 10pt\">Datum: 30.07.2014<\/span><\/p>\n<p>Jetzt ist es offiziell: Seit vergangenem Montag (28.07.) treffen sich die Seniorinnen des Caf\u00e9 Bullerb\u00fc einmal w\u00f6chentlich in der \u201eKleinen offenen T\u00fcr\u201c im Gestfeld.<\/p>\n<p>Die ganze Nachricht gibt es auf der Internetseite der Stadt Kamp-Lintfort unter:<\/p>\n<p><a title=\"Kamp-Lintfort | \u201eSch\u00f6n, dass wir zusammen bleiben k\u00f6nnen!\u201c\" href=\"http:\/\/www.kamp-lintfort.de\/C1257537002B239A\/0\/C3E896566C18B7A5C1257D2500495748\" target=\"_blank\" data-wpel-link=\"external\" rel=\"follow external noopener noreferrer\" class=\"ext-link wpel-icon-right\">http:\/\/www.kamp-lintfort.de\/C1257537002B239A\/0\/C3E896566C18B7A5C1257D2500495748<span class=\"wpel-icon wpel-image wpel-icon-8\"><\/span><\/a><\/p>\n","protected":false},"excerpt":{"rendered":"<p>Information Ka-Li 50plus aus dem Stadtgebiet Gestfeld Im Gestfeld \u00f6ffnete am Montag, 7. Dezember 2009 um\u00a015 Uhr das \u201eCaf\u00e9 Bullerb\u00fc\u201d in den R\u00e4umen der Astrid-Lindgren-Grundschule. Von da an werden Aktive im Stadtteil immer Montag nachmittags Gelegenheit haben, sich zu treffen, bei einer Tasse Kaffee oder Tee miteinander ins Gespr\u00e4ch zu kommen und sich f\u00fcr gemeinsame &hellip; <a href=\"https:\/\/unser-quartier.de\/kali50plus\/stadtteile\/gestfeld\/\" class=\"more-link\" data-wpel-link=\"internal\"><span class=\"screen-reader-text\">Gestfeld<\/span> weiterlesen <span class=\"meta-nav\">&rarr;<\/span><\/a><\/p>\n","protected":false},"author":168,"featured_media":0,"parent":1982,"menu_order":0,"comment_status":"closed","ping_status":"closed","template":"page-templates\/full-width.php","meta":{"_bbp_topic_count":0,"_bbp_reply_count":0,"_bbp_total_topic_count":0,"_bbp_total_reply_count":0,"_bbp_voice_count":0,"_bbp_anonymous_reply_count":0,"_bbp_topic_count_hidden":0,"_bbp_reply_count_hidden":0,"_bbp_forum_subforum_count":0,"advanced_seo_description":"","jetpack_seo_html_title":"","jetpack_seo_noindex":false,"ngg_post_thumbnail":0,"jetpack_post_was_ever_published":false,"footnotes":""},"class_list":["post-1096","page","type-page","status-publish","hentry"],"jetpack_shortlink":"https:\/\/wp.me\/P4AdMt-hG","jetpack_likes_enabled":true,"jetpack-related-posts":[],"jetpack_sharing_enabled":false,"_links":{"self":[{"href":"https:\/\/unser-quartier.de\/kali50plus\/wp-json\/wp\/v2\/pages\/1096","targetHints":{"allow":["GET"]}}],"collection":[{"href":"https:\/\/unser-quartier.de\/kali50plus\/wp-json\/wp\/v2\/pages"}],"about":[{"href":"https:\/\/unser-quartier.de\/kali50plus\/wp-json\/wp\/v2\/types\/page"}],"author":[{"embeddable":true,"href":"https:\/\/unser-quartier.de\/kali50plus\/wp-json\/wp\/v2\/users\/168"}],"replies":[{"embeddable":true,"href":"https:\/\/unser-quartier.de\/kali50plus\/wp-json\/wp\/v2\/comments?post=1096"}],"version-history":[{"count":0,"href":"https:\/\/unser-quartier.de\/kali50plus\/wp-json\/wp\/v2\/pages\/1096\/revisions"}],"up":[{"embeddable":true,"href":"https:\/\/unser-quartier.de\/kali50plus\/wp-json\/wp\/v2\/pages\/1982"}],"wp:attachment":[{"href":"https:\/\/unser-quartier.de\/kali50plus\/wp-json\/wp\/v2\/media?parent=1096"}],"curies":[{"name":"wp","href":"https:\/\/api.w.org\/{rel}","templated":true}]}}