{"id":1246,"date":"2014-05-19T11:15:29","date_gmt":"2014-05-19T09:15:29","guid":{"rendered":"http:\/\/unser-quartier.de\/kali50plus\/?p=1246"},"modified":"2022-01-30T12:52:31","modified_gmt":"2022-01-30T11:52:31","slug":"1-0-vorwort","status":"publish","type":"page","link":"https:\/\/unser-quartier.de\/kali50plus\/1-0-vorwort\/","title":{"rendered":"Vorwort"},"content":{"rendered":"<div id=\"pl-1246\" class=\"panel-layout\">\n<div id=\"pg-1246-0\" class=\"panel-grid panel-no-style\">\n<div id=\"pgc-1246-0-0\" class=\"panel-grid-cell\">\n<div id=\"panel-1246-0-0-0\" class=\"so-panel widget widget_sow-editor panel-first-child panel-last-child\">\n<div class=\"so-widget-sow-editor so-widget-sow-editor-base\">\n<div class=\"siteorigin-widget-tinymce textwidget\">\n<h3>Liebe Mitb\u00fcrgerinnen und Mitb\u00fcrger,<\/h3>\n<p><img data-recalc-dims=\"1\" loading=\"lazy\" decoding=\"async\" data-attachment-id=\"9705\" data-permalink=\"https:\/\/unser-quartier.de\/kali50plus\/1-0-vorwort\/buergermeister-landscheid\/\" data-orig-file=\"https:\/\/i0.wp.com\/unser-quartier.de\/kali50plus\/files\/2014\/05\/B%C3%BCrgermeister-Landscheid.jpg?fit=709%2C878&amp;ssl=1\" data-orig-size=\"709,878\" data-comments-opened=\"0\" data-image-meta=\"{&quot;aperture&quot;:&quot;0&quot;,&quot;credit&quot;:&quot;&quot;,&quot;camera&quot;:&quot;&quot;,&quot;caption&quot;:&quot;&quot;,&quot;created_timestamp&quot;:&quot;0&quot;,&quot;copyright&quot;:&quot;&quot;,&quot;focal_length&quot;:&quot;0&quot;,&quot;iso&quot;:&quot;0&quot;,&quot;shutter_speed&quot;:&quot;0&quot;,&quot;title&quot;:&quot;&quot;,&quot;orientation&quot;:&quot;0&quot;}\" data-image-title=\"B\u00fcrgermeister Landscheid\" data-image-description=\"\" data-image-caption=\"\" data-medium-file=\"https:\/\/i0.wp.com\/unser-quartier.de\/kali50plus\/files\/2014\/05\/B%C3%BCrgermeister-Landscheid.jpg?fit=242%2C300&amp;ssl=1\" data-large-file=\"https:\/\/i0.wp.com\/unser-quartier.de\/kali50plus\/files\/2014\/05\/B%C3%BCrgermeister-Landscheid.jpg?fit=474%2C587&amp;ssl=1\" class=\"wp-image-9705 size-medium alignnone\" src=\"https:\/\/i0.wp.com\/unser-quartier.de\/kali50plus\/files\/2014\/05\/B%C3%BCrgermeister-Landscheid.jpg?resize=242%2C300&#038;ssl=1\" alt=\"Prof. Dr. Christoph Landscheidt, B\u00fcrgermeister\" height=\"300\" width=\"242\" srcset=\"https:\/\/i0.wp.com\/unser-quartier.de\/kali50plus\/files\/2014\/05\/B%C3%BCrgermeister-Landscheid.jpg?resize=242%2C300&amp;ssl=1 242w, https:\/\/i0.wp.com\/unser-quartier.de\/kali50plus\/files\/2014\/05\/B%C3%BCrgermeister-Landscheid.jpg?resize=121%2C150&amp;ssl=1 121w, https:\/\/i0.wp.com\/unser-quartier.de\/kali50plus\/files\/2014\/05\/B%C3%BCrgermeister-Landscheid.jpg?w=709&amp;ssl=1 709w\" sizes=\"auto, (max-width: 242px) 100vw, 242px\" \/><\/p>\n<p>&#8222;Wer rastet, der rostet&#8220; hei\u00dft es im deutschen Volksmund so sch\u00f6n. Damit aber genau das nicht passiert, gibt es eine Vielfalt an kulturellen, literarischen und sportlichen Angeboten in Kamp-Lintfort. Ob bereits w\u00e4hrend des Berufslebens oder in der Zeit danach, \u00e4lter werden in Kamp-Lintfort bedeutet nicht zwingend Stillstand. Viele \u00e4ltere Menschen erleben diese Phase in guter Gesundheit, mit vielf\u00e4ltigen Interessen und Aktivit\u00e4ten, und wollen sowohl am gesellschaftlichen Leben teilhaben als auch ihre Potentiale und Ressourcen in die Gesellschaft einbringen. Ein gutes Leben ins hohe Alter innerhalb einer aktiven Gesellschaft ist dabei das erkl\u00e4rte Ziel. Der neu angelegte &#8222;Wegweiser 50plus&#8220; soll Ihnen die dazu n\u00f6tigen Informationen zu Aktivit\u00e4ten und Beteiligungsm\u00f6glichkeiten in unserer Stadt zur Verf\u00fcgung stellen. Ob in der Freizeit, im Stadtteil, im Sport oder in Bildung und Kultur, die Engagement- und Teilhabem\u00f6glichkeiten in unserer Stadt sind vielf\u00e4ltig vorhanden. Dieses Netzwerk an Organisationen, Vereinen und Initiativen ist nicht selbstverst\u00e4ndlich und macht Kamp-Lintfort auch im Alter attraktiv.<\/p>\n<p style=\"text-align: justify\">Aber nicht immer bleibt die Gesundheit bis ins hohe Alter so in Takt, wie wir es uns w\u00fcnschen. Mit zunehmendem Alter steigt die Wahrscheinlichkeit, auf Hilfe angewiesen zu sein. Auch f\u00fcr diesen Fall bietet Ihnen der Wegweiser alle wichtigen Hinweise zu Unterst\u00fctzungs- und Hilfeleistungen in besonderen Lebenslagen alter und hochbetagter Menschen. Sie finden in dieser Brosch\u00fcre Ansprechpartnerinnen und Ansprechpartner der Beratungseinrichtungen in unserer Stadt, vom Kreis Wesel, von der Stadt Kamp-Lintfort, den Wohlfahrtsverb\u00e4nden, b\u00fcrgerschaftlichen Initiativen, Selbsthilfegruppen und privaten Anbietern, die f\u00fcr Ihre Fragen und Anliegen zur Verf\u00fcgung stehen.<\/p>\n<p style=\"text-align: justify\">Gerne nehmen wir Ihre Hinweise und Anregungen auf. Sie erreichen die Fachstelle Seniorenarbeit im Rathaus, Zimmer 324, unter der Telefonnummer 02842-912-272 oder per E-Mail <a href=\"mailto:jeannette.fritz@kamp-lintfort.de\">jeannette.fritz@kamp-lintfort.de<\/a>.<\/p>\n<p style=\"text-align: justify\">Ich hoffe, dass Ihnen der &#8222;Wegweiser 50plus&#8220; viele Anreguungen bietet.<\/p>\n<p>Herzlichst Ihr<br \/>\n<img data-recalc-dims=\"1\" loading=\"lazy\" decoding=\"async\" data-attachment-id=\"1248\" data-permalink=\"https:\/\/unser-quartier.de\/kali50plus\/1-0-vorwort\/u-buergerm\/\" data-orig-file=\"https:\/\/i0.wp.com\/unser-quartier.de\/kali50plus\/files\/2014\/05\/u-buergerm.gif?fit=150%2C59&amp;ssl=1\" data-orig-size=\"150,59\" data-comments-opened=\"0\" data-image-meta=\"{&quot;aperture&quot;:&quot;0&quot;,&quot;credit&quot;:&quot;&quot;,&quot;camera&quot;:&quot;&quot;,&quot;caption&quot;:&quot;&quot;,&quot;created_timestamp&quot;:&quot;0&quot;,&quot;copyright&quot;:&quot;&quot;,&quot;focal_length&quot;:&quot;0&quot;,&quot;iso&quot;:&quot;0&quot;,&quot;shutter_speed&quot;:&quot;0&quot;,&quot;title&quot;:&quot;&quot;}\" data-image-title=\"u-buergerm\" data-image-description=\"\" data-image-caption=\"\" data-medium-file=\"https:\/\/i0.wp.com\/unser-quartier.de\/kali50plus\/files\/2014\/05\/u-buergerm.gif?fit=150%2C59&amp;ssl=1\" data-large-file=\"https:\/\/i0.wp.com\/unser-quartier.de\/kali50plus\/files\/2014\/05\/u-buergerm.gif?fit=150%2C59&amp;ssl=1\" class=\"alignnone wp-image-1248 size-full\" src=\"https:\/\/i0.wp.com\/unser-quartier.de\/kali50plus\/files\/2014\/05\/u-buergerm.gif?resize=150%2C59&#038;ssl=1\" alt=\"u-buergerm\" height=\"59\" width=\"150\" \/><br \/>\nProf. Dr. Christoph Landscheidt<br \/>\nB\u00fcrgermeister<\/p>\n<\/div>\n<\/div>\n<\/div>\n<\/div>\n<\/div>\n<div id=\"pg-1246-1\" class=\"panel-grid panel-no-style\">\n<div id=\"pgc-1246-1-0\" class=\"panel-grid-cell\">\n<div id=\"panel-1246-1-0-0\" class=\"so-panel widget widget_sow-editor panel-first-child panel-last-child\">\n<div class=\"so-widget-sow-editor so-widget-sow-editor-base\">\n<div class=\"siteorigin-widget-tinymce textwidget\">\n<p><strong>&lt;zur\u00fcck zum Inhaltsverzeichnis Wegweiser 50plus&gt;<\/strong><\/p>\n<\/div>\n<\/div>\n<\/div>\n<\/div>\n<\/div>\n<\/div>\n","protected":false},"excerpt":{"rendered":"<p>Liebe Mitb\u00fcrgerinnen und Mitb\u00fcrger, &#8222;Wer rastet, der rostet&#8220; hei\u00dft es im deutschen Volksmund so sch\u00f6n. Damit aber genau das nicht passiert, gibt es eine Vielfalt an kulturellen, literarischen und sportlichen Angeboten in Kamp-Lintfort. Ob bereits w\u00e4hrend des Berufslebens oder in der Zeit danach, \u00e4lter werden in Kamp-Lintfort bedeutet nicht zwingend Stillstand. Viele \u00e4ltere Menschen erleben &hellip; <a href=\"https:\/\/unser-quartier.de\/kali50plus\/1-0-vorwort\/\" class=\"more-link\" data-wpel-link=\"internal\"><span class=\"screen-reader-text\">Vorwort<\/span> weiterlesen <span class=\"meta-nav\">&rarr;<\/span><\/a><\/p>\n","protected":false},"author":168,"featured_media":0,"parent":0,"menu_order":0,"comment_status":"closed","ping_status":"open","template":"","meta":{"_bbp_topic_count":0,"_bbp_reply_count":0,"_bbp_total_topic_count":0,"_bbp_total_reply_count":0,"_bbp_voice_count":0,"_bbp_anonymous_reply_count":0,"_bbp_topic_count_hidden":0,"_bbp_reply_count_hidden":0,"_bbp_forum_subforum_count":0,"advanced_seo_description":"","jetpack_seo_html_title":"","jetpack_seo_noindex":false,"ngg_post_thumbnail":0,"jetpack_post_was_ever_published":false,"footnotes":""},"class_list":["post-1246","page","type-page","status-publish","hentry"],"jetpack_shortlink":"https:\/\/wp.me\/P4AdMt-k6","jetpack_likes_enabled":true,"jetpack-related-posts":[],"jetpack_sharing_enabled":true,"_links":{"self":[{"href":"https:\/\/unser-quartier.de\/kali50plus\/wp-json\/wp\/v2\/pages\/1246","targetHints":{"allow":["GET"]}}],"collection":[{"href":"https:\/\/unser-quartier.de\/kali50plus\/wp-json\/wp\/v2\/pages"}],"about":[{"href":"https:\/\/unser-quartier.de\/kali50plus\/wp-json\/wp\/v2\/types\/page"}],"author":[{"embeddable":true,"href":"https:\/\/unser-quartier.de\/kali50plus\/wp-json\/wp\/v2\/users\/168"}],"replies":[{"embeddable":true,"href":"https:\/\/unser-quartier.de\/kali50plus\/wp-json\/wp\/v2\/comments?post=1246"}],"version-history":[{"count":0,"href":"https:\/\/unser-quartier.de\/kali50plus\/wp-json\/wp\/v2\/pages\/1246\/revisions"}],"wp:attachment":[{"href":"https:\/\/unser-quartier.de\/kali50plus\/wp-json\/wp\/v2\/media?parent=1246"}],"curies":[{"name":"wp","href":"https:\/\/api.w.org\/{rel}","templated":true}]}}