{"id":1261,"date":"2014-05-19T12:00:12","date_gmt":"2014-05-19T10:00:12","guid":{"rendered":"http:\/\/unser-quartier.de\/kali50plus\/?p=1261"},"modified":"2022-01-30T12:52:26","modified_gmt":"2022-01-30T11:52:26","slug":"1-1-informationen","status":"publish","type":"page","link":"https:\/\/unser-quartier.de\/kali50plus\/1-1-informationen\/","title":{"rendered":"ALLGEMEINE INFORMATIONEN DER STADT"},"content":{"rendered":"<div id=\"pl-1261\"  class=\"panel-layout\" ><div id=\"pg-1261-0\"  class=\"panel-grid panel-no-style\" ><div id=\"pgc-1261-0-0\"  class=\"panel-grid-cell\" ><div id=\"panel-1261-0-0-0\" class=\"so-panel widget widget_sow-editor panel-first-child\" data-index=\"0\" ><div\n\t\t\t\n\t\t\tclass=\"so-widget-sow-editor so-widget-sow-editor-base\"\n\t\t\t\n\t\t>\n<div class=\"siteorigin-widget-tinymce textwidget\">\n\t<p>Neben den in diesem Wegweiser zusammengestellten Informationen \ufb01nden Sie aktuelle Informationen \u00fcber Veranstaltungen, Aktivit\u00e4ten, Beratungsm\u00f6glichkeiten und zu Unterst\u00fctzungs- und Hilfeangeboten in den regelm\u00e4\u00dfigen Ver\u00f6ffentlichungen der Stadt Kamp-Lintfort, in der \u00f6rtlichen Presse und im Internet:\u00a0<\/p>\n<\/div>\n<\/div><\/div><div id=\"panel-1261-0-0-1\" class=\"so-panel widget widget_sow-editor\" data-index=\"1\" ><div class=\"panel-widget-style panel-widget-style-for-1261-0-0-1\" ><div\n\t\t\t\n\t\t\tclass=\"so-widget-sow-editor so-widget-sow-editor-base\"\n\t\t\t\n\t\t>\n<div class=\"siteorigin-widget-tinymce textwidget\">\n\t<p><strong>B\u00fcrgerb\u00fcro<\/strong><br \/> Stadt Kamp-Lintfort<br \/> Rathaus, Erdgeschoss, Zimmer 11,<br \/> Am Rathaus 2, 47475 Kamp-Lintfort<br \/> E-Mail: <a href=\"mailto:buergerbuero@kamp-lintfort.de\">buergerbuero@kamp-lintfort.de<\/a><\/p>\n<p>\u00d6ffnungszeiten:<br \/> Mo bis Fr 08:00 bis 12:30 Uhr sowie<br \/> Di 14:00 bis 16:00 Uhr, Do 14:00 bis 18:00 Uhr<br \/> Telefon: 02842-912-204 bis -207 und -444<\/p>\n<\/div>\n<\/div><\/div><\/div><div id=\"panel-1261-0-0-2\" class=\"so-panel widget widget_sow-editor\" data-index=\"2\" ><div class=\"panel-widget-style panel-widget-style-for-1261-0-0-2\" ><div\n\t\t\t\n\t\t\tclass=\"so-widget-sow-editor so-widget-sow-editor-base\"\n\t\t\t\n\t\t>\n<div class=\"siteorigin-widget-tinymce textwidget\">\n\t<p><strong>Pflegeberatung<\/strong><br \/> Stadt Kamp-Lintfort<br \/> Rathaus, 3. Etage, Zimmer 326 (Aufzug vorhanden)<br \/> Am Rathaus 2, 47475 Kamp-Lintfort<\/p>\n<p>\u00d6ffnungszeiten:<br \/> Mi und Do 08:00 bis 12:00 Uhr und<br \/>14:00 bis 16:00 Uhr und nach Vereinbarung<\/p>\n<\/div>\n<\/div><\/div><\/div><div id=\"panel-1261-0-0-3\" class=\"so-panel widget widget_sow-editor\" data-index=\"3\" ><div class=\"panel-widget-style panel-widget-style-for-1261-0-0-3\" ><div\n\t\t\t\n\t\t\tclass=\"so-widget-sow-editor so-widget-sow-editor-base\"\n\t\t\t\n\t\t>\n<div class=\"siteorigin-widget-tinymce textwidget\">\n\t<p><strong>Seniorenberatung<\/strong><br \/> Stadt Kamp-Lintfort<br \/> Rathaus, 3. Etage, Zimmer 324 (Aufzug vorhanden)<br \/> Am Rathaus 2, 47475 Kamp-Lintfort<\/p>\n<p>\u00d6ffnungszeiten:<br \/> Mo bis Fr 08:00 bis 12:00 Uhr sowie<br \/> Do 14:00 bis 17:00 Uhr und nach Vereinbarung<\/p>\n<\/div>\n<\/div><\/div><\/div><div id=\"panel-1261-0-0-4\" class=\"so-panel widget widget_sow-editor\" data-index=\"4\" ><div class=\"panel-widget-style panel-widget-style-for-1261-0-0-4\" ><div\n\t\t\t\n\t\t\tclass=\"so-widget-sow-editor so-widget-sow-editor-base\"\n\t\t\t\n\t\t>\n<div class=\"siteorigin-widget-tinymce textwidget\">\n\t<p>Im <strong>Foyer des Rathauses<\/strong> finden Sie auf den Informationsst\u00e4ndern zum Thema Freizeit und Tourismus eine Vielzahl an Heften, Brosch\u00fcren und Katalogen. Diese informieren Sie \u00fcber Freizeitm\u00f6glichkeiten, Veranstaltungen und Sehensw\u00fcrdigkeiten in Kamp-Lintfort und in der Region Niederrhein.<\/p>\n<table>\n<tbody>\n<tr style=\"height: 111px\">\n<td style=\"border-color: #cfefae;background-color: #cfefae;vertical-align: middle;height: 111px\">\n<p><span style=\"font-size: 14px\">Detaillierte Fragen beantwortet das<\/span><\/p>\n<p><span style=\"font-size: 14px\"><strong>Amt f\u00fcr Wirtschaftsf\u00f6rderung und Stadtmarketing<\/strong><\/span><br \/> <span style=\"font-size: 14px\">Am Rathaus 2, 47475 Kamp-Lintfort, Zimmer 402<\/span><br \/> <span style=\"font-size: 14px\">Telefon: 02842-912-452<\/span><\/p>\n<\/td>\n<\/tr>\n<\/tbody>\n<\/table>\n<\/div>\n<\/div><\/div><\/div><div id=\"panel-1261-0-0-5\" class=\"so-panel widget widget_sow-editor\" data-index=\"5\" ><div class=\"panel-widget-style panel-widget-style-for-1261-0-0-5\" ><div\n\t\t\t\n\t\t\tclass=\"so-widget-sow-editor so-widget-sow-editor-base\"\n\t\t\t\n\t\t>\n<div class=\"siteorigin-widget-tinymce textwidget\">\n\t<p><strong>Veranstaltungskalender<\/strong><br \/>Auf der Internetseite der Stadt Kamp-Lintfort <a href=\"http:\/\/www.kamp-lintfort.de\" target=\"_blank\" rel=\"noopener follow external noreferrer\" data-wpel-link=\"external\" class=\"ext-link wpel-icon-right\">www.kamp-lintfort.de<span class=\"wpel-icon wpel-image wpel-icon-8\"><\/span><\/a> finden Sie unter Veranstaltungen einen monatlichen Veranstaltungskalender und eine \u00dcbersicht \u00fcber Jahreshighlights und feste Termine.<\/p>\n<p>Au\u00dferdem erscheint er gedruckt zweimonatlich und wird kostenlos an vielen \u00f6ffentlichen Orten in der Stadt verteilt. Herausgeber: Stadt Kamp-Lintfort.<\/p>\n<\/div>\n<\/div><\/div><\/div><div id=\"panel-1261-0-0-6\" class=\"so-panel widget widget_sow-editor\" data-index=\"6\" ><div class=\"panel-widget-style panel-widget-style-for-1261-0-0-6\" ><div\n\t\t\t\n\t\t\tclass=\"so-widget-sow-editor so-widget-sow-editor-base\"\n\t\t\t\n\t\t>\n<div class=\"siteorigin-widget-tinymce textwidget\">\n\t<p><strong>50plus<\/strong><br \/> Auf der Internetseite der Stadt Kamp-Lintfort <a href=\"http:\/\/www.kamp-lintfort.de\" target=\"_blank\" rel=\"noopener follow external noreferrer\" data-wpel-link=\"external\" class=\"ext-link wpel-icon-right\">www.kamp-lintfort.de<span class=\"wpel-icon wpel-image wpel-icon-8\"><\/span><\/a> finden Sie unter \"Stadt &amp; B\u00fcrger\" eine Rubrik 50plus mit Informationen \u00fcber die Aktivit\u00e4ten der Stadt Kamp-Lintfort zum Thema \"\u00c4lter werden in Kamp-Lintfort - Lebensqualit\u00e4t im Miteinander der Generationen\".<\/p>\n<\/div>\n<\/div><\/div><\/div><div id=\"panel-1261-0-0-7\" class=\"so-panel widget widget_sow-editor\" data-index=\"7\" ><div class=\"panel-widget-style panel-widget-style-for-1261-0-0-7\" ><div\n\t\t\t\n\t\t\tclass=\"so-widget-sow-editor so-widget-sow-editor-base\"\n\t\t\t\n\t\t>\n<div class=\"siteorigin-widget-tinymce textwidget\">\n\t<p><strong>Internetplattform<\/strong><br \/>Unter www.kali50plus.de gibt es eine Internetplattform von Senioren f\u00fcr Senioren, die aus dem b\u00fcrgerschaftlichen Engagement in den Stadtteilnetzwerken entstanden ist. Hier finden Sie Informationen zu den ehrenamtlichen Netzwerkgruppen Ka-Li 50plus und andere n\u00fctzliche Hinweise f\u00fcr die Generation 50plus.<\/p>\n<\/div>\n<\/div><\/div><\/div><div id=\"panel-1261-0-0-8\" class=\"so-panel widget widget_sow-editor\" data-index=\"8\" ><div class=\"panel-widget-style panel-widget-style-for-1261-0-0-8\" ><div\n\t\t\t\n\t\t\tclass=\"so-widget-sow-editor so-widget-sow-editor-base\"\n\t\t\t\n\t\t>\n<div class=\"siteorigin-widget-tinymce textwidget\">\n\t<p><strong>Seniorenberatung der Stadt Kamp-Lintfort<\/strong><br \/> M\u00f6glichst lange gesund und selbstst\u00e4ndig zu leben, ist ein Wunsch von vielen Menschen. Doch mit steigendem Alter erh\u00f6ht sich die Wahrscheinlichkeit, Unterst\u00fctzung und Beratung zu ben\u00f6tigen. Aus diesem Grund bietet die Stadt Kamp-Lintfort ein Beratungsangebot f\u00fcr Seniorinnen und Senioren an. Unterst\u00fctzungssuchende erhalten hier kompetent und unb\u00fcrokratisch Informationen und Hilfe zu verschiedenen Themen des Alltags. Das Angebot ist vielf\u00e4ltig: von Hilfe und pers\u00f6nlicher Beratung in schwierigen Lebenssituationen, Vermittlung von hauswirtschaftlichen oder pflegerischen Hilfsangeboten, \u00fcber Unterst\u00fctzung beim Ausf\u00fcllen von Formularen und Antr\u00e4gen, bis zu Vermittlung von Sport- und Freizeitangeboten oder Informationen \u00fcber Selbsthilfegruppen.<\/p>\n<table>\n<tbody>\n<tr>\n<td style=\"border-color: #cfefae;background-color: #cfefae\"><span style=\"font-size: 14px\"><strong>Seniorenberatung<\/strong><\/span><br \/> <span style=\"font-size: 14px\">Stadt Kamp-Lintfort<br \/> Soziale Dienste und Beratungsangebote<br \/> Frau Jeannette Fritz, 3. Etage, Zimmer 324<br \/> Am Rathaus 2, 47475 Kamp-Lintfort<br \/> Telefon: 02842-912-272<\/span><\/p>\n<p><span style=\"font-size: 14px\"><br \/>Sprechzeiten:<\/span><br \/> <span style=\"font-size: 14px\">Mo, Di und Do 8:00 bis 12:00 Uhr, Do 14:00 bis 17:00 Uhr<\/span><br \/> <span style=\"font-size: 14px\">Termine nach Vereinbarung<\/span><\/p>\n<\/td>\n<\/tr>\n<\/tbody>\n<\/table>\n<p>\u00a0<\/p>\n<\/div>\n<\/div><\/div><\/div><div id=\"panel-1261-0-0-9\" class=\"so-panel widget widget_sow-editor\" data-index=\"9\" ><div class=\"panel-widget-style panel-widget-style-for-1261-0-0-9\" ><div\n\t\t\t\n\t\t\tclass=\"so-widget-sow-editor so-widget-sow-editor-base\"\n\t\t\t\n\t\t>\n<div class=\"siteorigin-widget-tinymce textwidget\">\n\t<p><strong>Anlaufstelle f\u00fcr \u00e4ltere Menschen<\/strong><br \/> Die Stadt Kamp-Lintfort er\u00f6ffnete im Sommer 2015 auf der Ferdinantenstra\u00dfe 17 im Stadtteil Geisbruch eine Anlaufstelle f\u00fcr \u00e4ltere Menschen. Den B\u00fcrgerinnen und B\u00fcrgern der Stadt zu einer m\u00f6glichst hohen Lebensqualit\u00e4t im Alter und mithin zu einem m\u00f6glichst langen selbstbestimmtem Leben in ihrem vertrauten Wohnumfeld zu verhelfen, ist grundlegendes Ziel der Anlaufstellen f\u00fcr \u00e4ltere Menschen. Dabei liegt der Schwerpunkt insbesondere auf den \u00e4lteren Menschen, die aufgrund von seelischer und k\u00f6rperlicher Einschr\u00e4nkungen, Vereinsamung und\/oder knapper finanzieller Mittel in ihren M\u00f6glichkeiten zur Teilhabe am gesellschaftlichen Leben eingeschr\u00e4nkt sind. In der Anlaufstelle f\u00fcr \u00e4ltere Menschen erhalten Seniorinnen und Senioren kompetent, unb\u00fcrokratisch und kostenlos Informationen und Unterst\u00fctzung zu verschiedenen Themen des Alltags. Die Angebotspalette umfasst Hilfe und Unterst\u00fctzung beim Ausf\u00fcllen von Formularen und Antr\u00e4gen, Vermittlung von hauswirtschaftlichen oder pflegerischen Hilfsangeboten, kleinere handwerkliche Hilfsangebote sowie Vermittlung von Sport- und Freizeitangeboten oder Informationen \u00fcber Selbsthilfegruppen und vieles mehr. Ein Team aus Ehrenamtlichen steht den Seniorinnen und Senioren, ihren Angeh\u00f6rigen und Freunden, aber auch Nachbarn und Vermietern mit Rat und offenem Ohr zur Verf\u00fcgung.<\/p>\n<p>Des Weiteren wird in der Anlaufstelle f\u00fcr \u00e4ltere Menschen in regelm\u00e4\u00dfigen Abst\u00e4nden eine Pflege- und Rentenberatung durchgef\u00fchrt. Au\u00dferdem bietet hier der Bezirkspolizeibeamte regelm\u00e4\u00dfige Sprechstunden an. Termine sind erh\u00e4ltlich in der Anlaufstelle auf der Ferdinantenstra\u00dfe.<\/p>\n<table>\n<tbody>\n<tr>\n<td style=\"border-color: #cfefae;background-color: #cfefae\">\n<p><strong>Anlaufstelle f\u00fcr \u00e4ltere Menschen<\/strong><br \/> Ferdinantenstra\u00dfe 17,\u00a0 47475 Kamp-Lintfort<br \/> Telefon: 02842-9284171<br \/> Telefax: 02842-9299826<\/p>\n<p>Sprechzeiten:<br \/> Mo, Di und Mi 9:00 bis 12:00 Uhr, Mi 14:00 bis 17:00 Uhr<br \/> Terminabsprache ist nicht notwendig<\/p>\n<\/td>\n<\/tr>\n<\/tbody>\n<\/table>\n<\/div>\n<\/div><\/div><\/div><div id=\"panel-1261-0-0-10\" class=\"so-panel widget widget_sow-editor\" data-index=\"10\" ><div class=\"panel-widget-style panel-widget-style-for-1261-0-0-10\" ><div\n\t\t\t\n\t\t\tclass=\"so-widget-sow-editor so-widget-sow-editor-base\"\n\t\t\t\n\t\t>\n<div class=\"siteorigin-widget-tinymce textwidget\">\n\t<p><strong>Behindertenbeauftragter der Stadt Kamp-Lintfort<\/strong><br \/>\nDer ehrenamtliche st\u00e4dtische Behindertenbeauftragte ist Ansprechpartner f\u00fcr behinderte Menschen in Kamp-Lintfort. und deren Angeh\u00f6rige. Er ber\u00e4t sie bei individuellen Problemen, die sich aus der jeweiligen Lebenssituation ergeben, gibt Praxistipps und stellt, falls es erforderlich ist, Kontakte zu anderen Institutionen, Einrichtungen oder Verb\u00e4nden her. Durch diese Initiativen sollen Barrieren und Benachteiligungen abgebaut werden und die Gleichstellung von Menschen mit Behinderungen verbessert werden.<\/p>\n<table>\n<tr>\n<td style=\"border-color: #cfefae;background-color: #cfefae\"><strong>Behindertenbeauftragter der Stadt Kamp-Lintfort<\/strong><br \/>\nBernhard Krebs, Erdgeschoss, Zimmer 15<br \/>\nAm Rathaus 2, 47475 Kamp-Lintfort<br \/>\nTelefon: 02842-912-216<br \/>\nE-Mail: <a href=\"mailto:behindertenbeauftragter@kamp-lintfort.de\" target=\"_blank\" rel=\"noopener\">behindertenbeauftragter@kamp-lintfort.de<\/a><\/p>\n<p>Sprechzeiten:<br \/>\nMo 14:00 bis 16:00 Uhr<\/td>\n<\/tr>\n<\/table>\n<\/div>\n<\/div><\/div><\/div><div id=\"panel-1261-0-0-11\" class=\"so-panel widget widget_sow-editor\" data-index=\"11\" ><div class=\"panel-widget-style panel-widget-style-for-1261-0-0-11\" ><div\n\t\t\t\n\t\t\tclass=\"so-widget-sow-editor so-widget-sow-editor-base\"\n\t\t\t\n\t\t>\n<div class=\"siteorigin-widget-tinymce textwidget\">\n\t<p><strong>Koordinierungsstelle B\u00fcrgerengagement<\/strong><br \/> Sich freiwillig zu engagieren und ehrenamtlich aktiv zu sein bedeutet, f\u00fcr andere da zu sein und anzupacken, wo Unterst\u00fctzung gefragt ist. B\u00fcrgerengagement hat in Kamp-Lintfort eine lange Tradition und leistet einen wichtigen Beitrag zur Gestaltung des Zusammenlebens.<\/p>\n<p>Das kann in ganz unterschiedlichen Bereichen geschehen: von der Lesepatenschaft f\u00fcr Kinder, \u00fcber das Trainieren des Nachwuchses im Sportverein bis zum Engagement in einer der vielen Hilfsorganisationen - die Bandbreite des Ehrenamtes ist gro\u00df. B\u00fcrgerschaftliches Engagement ist die Grundlage der demokratischen Gesellschaft. Es ist Ausdruck von Solidarit\u00e4t und gesellschaftlicher Verantwortung in der Stadt, die ohne die Menschen, die sich engagieren, nicht denkbar sind.<\/p>\n<p>Die Stadt Kamp-Lintfort m\u00f6chte die B\u00fcrgerinnen und B\u00fcrger deshalb darin unterst\u00fctzen, vor Ort gute Rahmenbedingungen f\u00fcr das b\u00fcrgerliche Engagement zu finden. Denn engagierte B\u00fcrgerinnen und B\u00fcrger tragen durch ihren freiwilligen Einsatz zu einem guten gesellschaftlichen und sozialen Klima in der Stadt bei. B\u00fcrgerschaftliches Engagement kann weder verordnet noch gesteuert werden, aber es braucht Anerkennung und unterst\u00fctzende Rahmenbedingungen, um sich entwickeln zu k\u00f6nnen. Daf\u00fcr m\u00f6chte die Stadtverwaltung Ansprechpartner zur Verf\u00fcgung stellen. Die Koordinierungsstelle B\u00fcrgerengagement unterst\u00fctzt Menschen, Institutionen und Vereine dabei, Projektideen zu entwickeln, umzusetzen und Partner f\u00fcr die Unterst\u00fctzung zu finden.<\/p>\n<table>\n<tbody>\n<tr>\n<td style=\"border-color: #cfefae;background-color: #cfefae\">\n<p><strong>Koordinierungsstelle B\u00fcrgerengagement<\/strong><br \/> Birgit L\u00f6tters, 5. Etage, Zimmer 530<br \/> Am Rathaus 2, 47475 Kamp-Lintfort<br \/> Telefon: 02842-912-318<br \/> E-Mail: <a href=\"mailto:birgit.loetters@kamp-lintfort.de\" target=\"_blank\" rel=\"noopener\">birgit.loetters@kamp-lintfort.de<\/a><\/p>\n<p>Sprechzeiten:<br \/> Mo bis Do 8:00 bis 12:00 Uhr<\/p>\n<\/td>\n<\/tr>\n<\/tbody>\n<\/table>\n<\/div>\n<\/div><\/div><\/div><div id=\"panel-1261-0-0-12\" class=\"so-panel widget widget_sow-editor panel-last-child\" data-index=\"12\" ><div class=\"panel-widget-style panel-widget-style-for-1261-0-0-12\" ><div\n\t\t\t\n\t\t\tclass=\"so-widget-sow-editor so-widget-sow-editor-base\"\n\t\t\t\n\t\t>\n<div class=\"siteorigin-widget-tinymce textwidget\">\n\t<p><strong>Quartiersb\u00fcro Mitte<\/strong><br \/> Bewohnerinnen und Bewohner aktiv und gut versorgt alt werden lassen - das ist das Ziel des \"Quartiersb\u00fcro Mitte\", einem gemeinsamen Projekt der Stadt Kamp-Lintfort und des Caritasverbandes Moers-Xanten e.V. Vernetzung, Information und Beratung sowie Nachbarschaftshilfen und ehrenamtliches Engagement sind die wesentlichen Bausteine, mit denen Stadt und Caritas das Projekt umsetzen wollen. Im Fokus steht das Innestadt-Dreieck (begrenzt durch Friedrichstra\u00dfe, \u00fcber Innenstadtring, Gro\u00dfe Gorley und die B510), welches zu einem \"altengerechten Quartier\" entwickelt werden soll.<\/p>\n<p>Sitz des Quartiersb\u00fcros ist der Cari-Treff am neuen Rathaus. Er wird bereits seit Jahren erfolgreich von der Caritas in Kooperation mit der katholischen Kirchengemeinde St. Josef gef\u00fchrt. Seit Januar 2016 k\u00f6nnen dort Bewohnerinnen und Bewohner des Viertels jeden Donnerstag von 10 bis 12 Uhr in einer offenen Sprechstunde ins Gespr\u00e4ch kommen.<\/p>\n<p>Auf Wunsch sind die unten stehenden Mitarbeiterinnen gerne bereit, auch Hausbesuch durchzuf\u00fchren.<\/p>\n<table>\n<tbody>\n<tr>\n<td style=\"border-color: #cfefae;background-color: #cfefae\"><strong>Quartiersb\u00fcro Mitte<\/strong><br \/> Cari-Treff am Rathaus<br \/> Kamperdickstra\u00dfe 18, 47475 Kamp-Lintfort<\/p>\n<p>Tanja Reckers (Quartiersentwicklerin)<br \/> Caritasverband Moers-Xanten e.V.<br \/> Telefon: 02842-9031515 oder<br \/> Mobil: 0176-15430000<br \/> E-Mail: <a href=\"mailto:tanja.reckers@caritas-moers-xanten.de\" target=\"_blank\" rel=\"noopener\">tanja.reckers@caritas-moers-xanten.de<\/a><\/p>\n<p>Jeannette Fritz<br \/> Stadt Kamp-Lintfort<br \/> Telefon: 02842-912-272<br \/> E-Mail: <a href=\"mailto:jeannette.fritz@kamp-lintfort.de\" target=\"_blank\" rel=\"noopener\">jeannette.fritz@kamp-lintfort.de<\/a><\/p>\n<\/td>\n<\/tr>\n<\/tbody>\n<\/table>\n<\/div>\n<\/div><\/div><\/div><\/div><\/div><div id=\"pg-1261-1\"  class=\"panel-grid panel-no-style\" ><div id=\"pgc-1261-1-0\"  class=\"panel-grid-cell\" ><div id=\"panel-1261-1-0-0\" class=\"so-panel widget widget_sow-editor panel-first-child panel-last-child\" data-index=\"13\" ><div\n\t\t\t\n\t\t\tclass=\"so-widget-sow-editor so-widget-sow-editor-base\"\n\t\t\t\n\t\t>\n<div class=\"siteorigin-widget-tinymce textwidget\">\n\t<p><strong><a href=\"https:\/\/unser-quartier.de\/kali50plus\/inhaltsverzeichnis\/\" data-wpel-link=\"internal\">&lt;zur\u00fcck zum Inhaltsverzeichnis Wegweiser 50plus&gt;<\/a><\/strong><\/p>\n<\/div>\n<\/div><\/div><\/div><\/div><\/div>","protected":false},"excerpt":{"rendered":"<p>Neben den in diesem Wegweiser zusammengestellten Informationen \ufb01nden Sie aktuelle Informationen \u00fcber Veranstaltungen, Aktivit\u00e4ten, Beratungsm\u00f6glichkeiten und zu Unterst\u00fctzungs- und Hilfeangeboten in den regelm\u00e4\u00dfigen Ver\u00f6ffentlichungen der Stadt Kamp-Lintfort, in der \u00f6rtlichen Presse und im Internet:\u00a0 B\u00fcrgerb\u00fcro Stadt Kamp-Lintfort Rathaus, Erdgeschoss, Zimmer 11, Am Rathaus 2, 47475 Kamp-Lintfort E-Mail: buergerbuero@kamp-lintfort.de \u00d6ffnungszeiten: Mo bis Fr 08:00 bis 12:30 &hellip; <a href=\"https:\/\/unser-quartier.de\/kali50plus\/1-1-informationen\/\" class=\"more-link\" data-wpel-link=\"internal\"><span class=\"screen-reader-text\">ALLGEMEINE INFORMATIONEN DER STADT<\/span> weiterlesen <span class=\"meta-nav\">&rarr;<\/span><\/a><\/p>\n","protected":false},"author":168,"featured_media":0,"parent":0,"menu_order":0,"comment_status":"closed","ping_status":"closed","template":"","meta":{"_bbp_topic_count":0,"_bbp_reply_count":0,"_bbp_total_topic_count":0,"_bbp_total_reply_count":0,"_bbp_voice_count":0,"_bbp_anonymous_reply_count":0,"_bbp_topic_count_hidden":0,"_bbp_reply_count_hidden":0,"_bbp_forum_subforum_count":0,"advanced_seo_description":"","jetpack_seo_html_title":"","jetpack_seo_noindex":false,"ngg_post_thumbnail":0,"jetpack_post_was_ever_published":false,"footnotes":""},"class_list":["post-1261","page","type-page","status-publish","hentry"],"jetpack_shortlink":"https:\/\/wp.me\/P4AdMt-kl","jetpack_likes_enabled":true,"jetpack-related-posts":[],"jetpack_sharing_enabled":true,"_links":{"self":[{"href":"https:\/\/unser-quartier.de\/kali50plus\/wp-json\/wp\/v2\/pages\/1261","targetHints":{"allow":["GET"]}}],"collection":[{"href":"https:\/\/unser-quartier.de\/kali50plus\/wp-json\/wp\/v2\/pages"}],"about":[{"href":"https:\/\/unser-quartier.de\/kali50plus\/wp-json\/wp\/v2\/types\/page"}],"author":[{"embeddable":true,"href":"https:\/\/unser-quartier.de\/kali50plus\/wp-json\/wp\/v2\/users\/168"}],"replies":[{"embeddable":true,"href":"https:\/\/unser-quartier.de\/kali50plus\/wp-json\/wp\/v2\/comments?post=1261"}],"version-history":[{"count":0,"href":"https:\/\/unser-quartier.de\/kali50plus\/wp-json\/wp\/v2\/pages\/1261\/revisions"}],"wp:attachment":[{"href":"https:\/\/unser-quartier.de\/kali50plus\/wp-json\/wp\/v2\/media?parent=1261"}],"curies":[{"name":"wp","href":"https:\/\/api.w.org\/{rel}","templated":true}]}}