{"id":1267,"date":"2014-05-19T12:22:44","date_gmt":"2014-05-19T10:22:44","guid":{"rendered":"http:\/\/unser-quartier.de\/kali50plus\/?p=1267"},"modified":"2022-01-30T12:52:36","modified_gmt":"2022-01-30T11:52:36","slug":"1-2-soziale-netze","status":"publish","type":"page","link":"https:\/\/unser-quartier.de\/kali50plus\/1-2-soziale-netze\/","title":{"rendered":"Soziale Netze &#8211; Ka-Li 50plus"},"content":{"rendered":"<div id=\"pl-1267\"  class=\"panel-layout\" ><div id=\"pg-1267-0\"  class=\"panel-grid panel-no-style\" ><div id=\"pgc-1267-0-0\"  class=\"panel-grid-cell\" ><div id=\"panel-1267-0-0-0\" class=\"so-panel widget widget_sow-editor panel-first-child panel-last-child\" data-index=\"0\" ><div\n\t\t\t\n\t\t\tclass=\"so-widget-sow-editor so-widget-sow-editor-base\"\n\t\t\t\n\t\t>\n<div class=\"siteorigin-widget-tinymce textwidget\">\n\t<p>Gesundheitsvorsorge? Nat\u00fcrlich! - Altersvorsorge? Aber sicher! Nahezu alle Menschen k\u00fcmmern sich um eine ausreichende Krankenversicherung und eine gute \ufb01nanzielle Absicherung f\u00fcr \u201esp\u00e4ter\u201c.<\/p>\n<p>Aber was ist mit der sozialen Vorsorge, den Kontakten zu anderen Menschen? Viele vergessen, dass das famili\u00e4re Netzwerk im Alter immer kleiner wird und dass wir uns im Hinblick auf den Freundes-, Bekannten- und Nachbarschaftskreis rechtzeitig k\u00fcmmern k\u00f6nnen und m\u00fcssen.\u00a0<\/p>\n<p>Ob wir im Alter so lange wie m\u00f6glich in der uns vertrauten Umgebung wohnen und leben k\u00f6nnen, h\u00e4ngt nicht zuletzt davon ab, ob wir \u00fcber ein funktionierendes soziales Netz verf\u00fcgen. Warum werden in diesem Zusammenhang alle \u00fcber 50-j\u00e4hrigen angesprochen? Geh\u00f6ren alle ab 50 schon zu den Alten? Zun\u00e4chst einmal: Es gibt nicht \u201edas Alter\u201c und nicht \u201edie Alten\u201c, sondern einen gro\u00dfen Reichtum und eine gro\u00dfe F\u00fclle von unterschiedlichen Interessen und Lebensstilen. Viele \u00fcber 50-j\u00e4hrige sind noch berufst\u00e4tig.<\/p>\n<p>Gerade in Kamp-Lintfort sind allerdings \u2013 oft nicht freiwillig \u2013 auch viele \u00fcber 50-j\u00e4hrige schon aus dem Berufsleben ausgeschieden. \u201eJunge Alte\u201c verf\u00fcgen h\u00e4u\ufb01g \u00fcber Zeit, Erfahrungen, F\u00e4higkeiten und Ideen. Manchmal braucht es vielleicht nur einen kleinen Ansto\u00df, sich mit anderen zu treffen und Gleichgesinnte f\u00fcr Aktivit\u00e4ten zu suchen.<\/p>\n<p>Ausgehend von diesen \u00dcberlegungen haben in der Vergangenheit in einzelnen Stadtteilen so genannte 50plus-Konferenzen stattgefunden. 50plus-Konferenzen sind ein Forum f\u00fcr eine F\u00fclle von Ideen und Aktionen. Menschen aus dem Stadtteil treffen sich, um gemeinsam etwas f\u00fcr sich selbst und dar\u00fcber hinaus auch f\u00fcr andere und f\u00fcr die Nachbarschaft und das Leben im Stadtteil zu tun.<\/p>\n<p>Dabei kann es um Gesundheit und Sport gehen, um Freizeitaktivit\u00e4ten und Hobbies, vielleicht aber auch um einen regelm\u00e4\u00dfigen Gespr\u00e4chskreis, um gemeinsame Theaterbesuche, um Beratung und Information rund um das Thema Alter. Einige interessieren sich vielleicht f\u00fcr den Umgang mit dem Computer und das Internet oder wollen endlich Tipps und Tricks f\u00fcr alle Funktionsm\u00f6glichkeiten eines Mobiltelefons bekommen und noch einmal lernen, wie man eine SMS schreibt.<\/p>\n<p>Andere wiederum wollen sich um ihren Stadtteil k\u00fcmmern, damit zum Beispiel auch weiterhin Einkaufsm\u00f6glichkeiten in der N\u00e4he vorhanden sind oder die Busverbindung in die Innenstadt oder in die n\u00e4here Umgebung gut organisiert ist. Oder, oder, oder \u2013 zun\u00e4chst sind den Ideen keine Grenzen gesetzt. Nur der erste Schritt muss gegangen werden.<\/p>\n<p>Diese 50plus-Konferenzen waren der Ausgangspunkt f\u00fcr die Bildung von Stadtteilnetzwerken. Interessierte B\u00fcrgerinnen und B\u00fcrger arbeiten weiterhin gemeinsam in so genannten Runden Tischen, um konkrete Ideen umzusetzen.<\/p>\n<p>Daraus sind in einzelnen Stadtteilen Initiativen entstanden, die von der Fachstelle Seniorenarbeit begleitet werden, ansonsten aber rein ehrenamtlich organisiert sind. Hier entscheiden die Menschen vor Ort selbst, was in den Statteiltreffpunkten geschieht, wie das Programm aussieht und in welcher Form man in den Stadtteil hinein aktiv wird:<\/p>\n<table>\n<tbody>\n<tr>\n<td style=\"border-color: #cfefae;background-color: #cfefae\">\n<p><strong>Ka-Li Geisbruchtreff 50plus<\/strong><br \/> Im Dietrich-Bonhoeffer-Haus<br \/> Geisbruchstr. 20<br \/> 47475 Kamp-Lintfort<br \/> Tel: 0 162 \/ 9 03 22 28<br \/> E-Mail: <a href=\"mailto:info@kali50plus.de\" target=\"_blank\" rel=\"noopener\">info@kali50plus.de<\/a><\/p>\n<p>\u00d6ffnungszeiten:<br \/> Mo 09:00 bis 12:00 Uhr (Technik, PC &amp; Co.)<br \/> Fr\u00a0\u00a0\u00a0 09.00 bis 12.00 Uhr (PC-Vormittag)<br \/> Fahrradtouren:<br \/> Do April-Sept. Start 16 Uhr<br \/> Okt. - M\u00e4rz Start 14 Uhr<br \/> jeden 3. Sa Start 10 Uhr, (Tagestour)<br \/> jeweils ab Kreuzkirche<\/p>\n<\/td>\n<\/tr>\n<\/tbody>\n<\/table>\n<p>\u00a0<\/p>\n<p>Neben den dort genannten Angeboten werden Vortr\u00e4ge, Aus\ufb02ugsfahrten und Fahrradtouren organisiert.<\/p>\n<table>\n<tbody>\n<tr>\n<td style=\"border-color: #cfefae;background-color: #cfefae\">\n<p><strong>Caf\u00e9 Bullerb\u00fc<\/strong><br \/> KOT Gestfeld<br \/> Rundstr. 114<br \/> 47475 Kamp-Lintfort<br \/> E-Mail: <a href=\"mailto:cafebullerbue@online.de\" target=\"_blank\" rel=\"noopener\">cafebullerbue@online.de<\/a><\/p>\n<p>\u00d6ffnungszeiten:<br \/> Mo 15:00 bis 17:30 Uhr<\/p>\n<\/td>\n<\/tr>\n<\/tbody>\n<\/table>\n<p>\u00a0<\/p>\n<p>Bei Kaffee und selbst gebackenem Kuchen wird die Gelegenheit zum Gespr\u00e4ch und gem\u00fctlichen Beisammensein geboten, dar\u00fcber hinaus werden Aus\ufb02\u00fcge organisiert. Anregungen, Ideen und Mitarbeit sind willkommen.<\/p>\n<table>\n<tbody>\n<tr>\n<td style=\"border-color: #cfefae;background-color: #cfefae\">\n<p><strong>Ka-Li 50pus Stammtisch Niersenbruch<\/strong><br \/> Im Familienzentrum Arche<br \/> Fasanenstr. 10a<br \/>47475 Kamp-Lintfort<\/p>\n<p>\u00d6ffnungszeiten:<br \/> 2. Mo im Monat 18:00 Uhr<\/p>\n<\/td>\n<\/tr>\n<\/tbody>\n<\/table>\n<p>\u00a0<\/p>\n<p>Menschen aus der Nachbarschaft begegnen sich, um Beziehungen zu p\ufb02egen, sich \u00fcber lokale Neuigkeiten, Erlebnisse, oder \u201eGott und die Welt\u201c auszutauschen.<\/p>\n<p>Vortr\u00e4ge und Filmabende werden nach Abstimmung geplant, dabei sind die Ideen und W\u00fcnsche der Besucherinnen und Besucher gefragt.<\/p>\n<\/div>\n<\/div><\/div><\/div><\/div><div id=\"pg-1267-1\"  class=\"panel-grid panel-no-style\" ><div id=\"pgc-1267-1-0\"  class=\"panel-grid-cell\" ><div id=\"panel-1267-1-0-0\" class=\"so-panel widget widget_sow-editor panel-first-child panel-last-child\" data-index=\"1\" ><div\n\t\t\t\n\t\t\tclass=\"so-widget-sow-editor so-widget-sow-editor-base\"\n\t\t\t\n\t\t>\n<div class=\"siteorigin-widget-tinymce textwidget\">\n\t<p><strong><a href=\"https:\/\/unser-quartier.de\/kali50plus\/inhaltsverzeichnis\/\" data-wpel-link=\"internal\">&lt;zur\u00fcck zum Inhaltsverzeichnis Wegweiser 50plus&gt;<\/a><\/strong><\/p>\n<\/div>\n<\/div><\/div><\/div><\/div><\/div>","protected":false},"excerpt":{"rendered":"<p>Gesundheitsvorsorge? Nat\u00fcrlich! &#8211; Altersvorsorge? Aber sicher! Nahezu alle Menschen k\u00fcmmern sich um eine ausreichende Krankenversicherung und eine gute \ufb01nanzielle Absicherung f\u00fcr \u201esp\u00e4ter\u201c. Aber was ist mit der sozialen Vorsorge, den Kontakten zu anderen Menschen? Viele vergessen, dass das famili\u00e4re Netzwerk im Alter immer kleiner wird und dass wir uns im Hinblick auf den Freundes-, Bekannten- &hellip; <a href=\"https:\/\/unser-quartier.de\/kali50plus\/1-2-soziale-netze\/\" class=\"more-link\" data-wpel-link=\"internal\"><span class=\"screen-reader-text\">Soziale Netze &#8211; Ka-Li 50plus<\/span> weiterlesen <span class=\"meta-nav\">&rarr;<\/span><\/a><\/p>\n","protected":false},"author":168,"featured_media":0,"parent":0,"menu_order":0,"comment_status":"closed","ping_status":"closed","template":"","meta":{"_bbp_topic_count":0,"_bbp_reply_count":0,"_bbp_total_topic_count":0,"_bbp_total_reply_count":0,"_bbp_voice_count":0,"_bbp_anonymous_reply_count":0,"_bbp_topic_count_hidden":0,"_bbp_reply_count_hidden":0,"_bbp_forum_subforum_count":0,"advanced_seo_description":"","jetpack_seo_html_title":"","jetpack_seo_noindex":false,"ngg_post_thumbnail":0,"jetpack_post_was_ever_published":false,"footnotes":""},"class_list":["post-1267","page","type-page","status-publish","hentry"],"jetpack_shortlink":"https:\/\/wp.me\/P4AdMt-kr","jetpack_likes_enabled":true,"jetpack-related-posts":[],"jetpack_sharing_enabled":true,"_links":{"self":[{"href":"https:\/\/unser-quartier.de\/kali50plus\/wp-json\/wp\/v2\/pages\/1267","targetHints":{"allow":["GET"]}}],"collection":[{"href":"https:\/\/unser-quartier.de\/kali50plus\/wp-json\/wp\/v2\/pages"}],"about":[{"href":"https:\/\/unser-quartier.de\/kali50plus\/wp-json\/wp\/v2\/types\/page"}],"author":[{"embeddable":true,"href":"https:\/\/unser-quartier.de\/kali50plus\/wp-json\/wp\/v2\/users\/168"}],"replies":[{"embeddable":true,"href":"https:\/\/unser-quartier.de\/kali50plus\/wp-json\/wp\/v2\/comments?post=1267"}],"version-history":[{"count":0,"href":"https:\/\/unser-quartier.de\/kali50plus\/wp-json\/wp\/v2\/pages\/1267\/revisions"}],"wp:attachment":[{"href":"https:\/\/unser-quartier.de\/kali50plus\/wp-json\/wp\/v2\/media?parent=1267"}],"curies":[{"name":"wp","href":"https:\/\/api.w.org\/{rel}","templated":true}]}}