{"id":1278,"date":"2014-05-19T14:09:36","date_gmt":"2014-05-19T12:09:36","guid":{"rendered":"http:\/\/unser-quartier.de\/kali50plus\/?p=1278"},"modified":"2025-12-10T11:52:47","modified_gmt":"2025-12-10T10:52:47","slug":"1-4-begegnungsstaetten","status":"publish","type":"page","link":"https:\/\/unser-quartier.de\/kali50plus\/1-4-begegnungsstaetten\/","title":{"rendered":"Begegnungsst\u00e4tten 50plus"},"content":{"rendered":"<div id=\"pl-1278\"  class=\"panel-layout\" ><div id=\"pg-1278-0\"  class=\"panel-grid panel-no-style\" ><div id=\"pgc-1278-0-0\"  class=\"panel-grid-cell\" ><div id=\"panel-1278-0-0-0\" class=\"so-panel widget widget_sow-editor panel-first-child panel-last-child\" data-index=\"0\" ><div\n\t\t\t\n\t\t\tclass=\"so-widget-sow-editor so-widget-sow-editor-base\"\n\t\t\t\n\t\t>\n<div class=\"siteorigin-widget-tinymce textwidget\">\n\t<p>In den Begegnungsst\u00e4tten sind neben ehrenamtlichen Akteuren auch hauptamtlich Besch\u00e4ftigte t\u00e4tig. Sie bieten mehrmals in der Woche ein gesellschaftliches Miteinander und ein aktives Mitmachprogramm an. Einzelheiten k\u00f6nnen in einem pers\u00f6nlichen Gespr\u00e4ch erfragt werden.<\/p>\n<p><strong>Begegnungsst\u00e4tte 50plus Don-Bosco-Haus<br \/> <\/strong>Tr\u00e4ger: Kath. Kirchengemeinde St. Josef<\/p>\n<p><span style=\"color: #000000\"><span style=\"font-size: 12pt\">Die Begegnungsst\u00e4tte 50plus steht f\u00fcr Kreativit\u00e4t, Kontakte, Bildung, Spa\u00df, Unterhaltung und Gemeinschaft. Angebote, insbesondere f\u00fcr die Zielgruppe Generation 50plus, sind Kino auf Gro\u00dfleinwand, Buchvorstellungen, Themenveranstaltungen zu Fragen von Glaube und Gesellschaft, Kreativangebote, Spiel und Spa\u00df, Feste.\u00a0<\/span><\/span><\/p>\n<table>\n<tbody>\n<tr>\n<td style=\"border-color: #cfefae;background-color: #cfefae\"><strong>Begegnungsst\u00e4tte 50plus Don-Bosco-Haus<\/strong><br \/> Vinnstr. 16, 47475 Kamp-Lintfort<br \/> Telefon: 02842-50237<br \/> E-Mail: \u00a0\u00a0\u00a0\u00a0<a href=\"mailto:50plus@st-josef-kamp-lintfort.de\">50plus@st-josef-kamp-lintfort.de<\/a><br \/> Internet: <a href=\"http:\/\/www.st-josef-kamp-lintfort.de\" target=\"_blank\" rel=\"noopener follow external noreferrer\" data-wpel-link=\"external\" class=\"ext-link wpel-icon-right\">www.st-josef-kamp-lintfort.de<span class=\"wpel-icon wpel-image wpel-icon-8\"><\/span><\/a><\/td>\n<\/tr>\n<\/tbody>\n<\/table>\n<p><strong>Begegnungsst\u00e4tte der AWO Boegenhofstra\u00dfe<\/strong><br \/> Tr\u00e4ger: Arbeiterwohlfahrt, Kreisverband Wesel e.V.<\/p>\n<p>Die Begegnungsst\u00e4tte ist offen f\u00fcr alle B\u00fcrgerinnen und B\u00fcrger. Geselligkeit und gem\u00fctliches Beisammensein stehen im Mittelpunkt. Angeboten werden Spielenachmittage, Informationsveranstaltungen, Fahrten und Feiern. Eine Beratung zu vielf\u00e4ltigen Themen und Kurse erg\u00e4nzen das Angebot.<\/p>\n<table>\n<tbody>\n<tr style=\"height: 140px\">\n<td style=\"border-color: #cfefae;background-color: #cfefae;height: 140px\">\n<p><strong>Begegnungsst\u00e4tte der AWO Boegenhofstra\u00dfe<\/strong><br \/> Boegenhofstr. 6, 47475\u00a0Kamp-Lintfort<br \/> Telefon: 02842-3740<br \/> Internet: <a href=\"http:\/\/www.awo-kv-wesel.de\" target=\"_blank\" rel=\"noopener follow external noreferrer\" data-wpel-link=\"external\" class=\"ext-link wpel-icon-right\">www.awo-kv-wesel.de<span class=\"wpel-icon wpel-image wpel-icon-8\"><\/span><\/a><\/p>\n<p>\u00d6ffnungszeiten:<br \/> Mo bis Fr 14:00 bis 18:00 Uhr, Vormittags auf Anfrage<\/p>\n<\/td>\n<\/tr>\n<\/tbody>\n<\/table>\n<p><strong>Begegnungsst\u00e4tte 50 plus\/minus Markgrafenstra\u00dfe<\/strong><br \/> Tr\u00e4ger: Arbeiterwohlfahrt Ortsverein Kamp-Lintfort<\/p>\n<p>Die Begegnungsst\u00e4tte ist offen f\u00fcr alle B\u00fcrgerinnen und B\u00fcrger. Geselligkeit und gem\u00fctliches Beisammensein stehen im Mittelpunkt, daneben werden Spielnachmittage mit Bingo, Karten- und Brettspielen aller Art organisiert. Informationsveranstaltungen zu vielf\u00e4ltigen Themen f\u00fcr Seniorinnen und Senioren erg\u00e4nzen das Angebot.<\/p>\n<table>\n<tbody>\n<tr>\n<td style=\"border-color: #cfefae;background-color: #cfefae\"><strong>Begegnungsst\u00e4tte 50 plus\/minus Markgrafenstra\u00dfe<\/strong><br \/> Markgrafenstr. 9, 47475 Kamp-Lintfort<br \/> Telefon: 02842-13774 Telefax: 02842-9031655<br \/> E-Mail:\u00a0\u00a0\u00a0\u00a0 <a href=\"mailto:info@awo-kamp-lintfort.de\">info@awo-kamp-lintfort.de<\/a> oder<br \/> \u00a0\u00a0\u00a0\u00a0\u00a0\u00a0\u00a0\u00a0\u00a0\u00a0\u00a0\u00a0\u00a0\u00a0\u00a0\u00a0\u00a0\u00a0\u00a0\u00a0\u00a0<a href=\"mailto:i.salobir@awo-kamp-lintfort.de\">i.salobir@awo-kamp-lintfort.de<br \/> <\/a>Internet: <a href=\"http:\/\/awo-kv-wesel.de\/164-0-AWO-Kamp-Lintfort.html?search_highlighter=kamp-lintfort\" target=\"_blank\" rel=\"noopener follow external noreferrer\" data-wpel-link=\"external\" class=\"ext-link wpel-icon-right\">www.awo-kamp-lintfort.de<br \/> <span class=\"wpel-icon wpel-image wpel-icon-8\"><\/span><\/a>\u00d6ffnungszeiten:<br \/> Mo bis Do 14:00 bis 18:00 Uhr, Fr 09:00 bis 13:00 Uhr<\/td>\n<\/tr>\n<\/tbody>\n<\/table>\n<p><strong>cari-treff am Rathausplatz<br \/><\/strong>Gemeinschaftsprojekt der Kath. Kirchengemeinde St. Josef Lintfort und des Caritasverbandes Moers-Xanten e.V.. <br \/>Ehrenamtliche und hauptamtliche Mitarbeiterinnen und Mitarbeiter tragen gemeinsam dieses Projekt. Neben unterschiedlichen Beratungsm\u00f6glichkeiten laden das Caf\u00e9 der Begegnung und der Second-Hand-Shop \u201eJacke wie Hose\u201c ein.<\/p>\n<table>\n<tbody>\n<tr>\n<td style=\"border-color: #cfefae;background-color: #cfefae\">\n<p><strong>cari-treff am Rathausplatz<\/strong><br \/>Markgrafenstr. 15, 47475 Kamp-Lintfort<br \/> Telefon: 02842-9032089<\/p>\n<p>\u00d6ffnungszeiten:<br \/> Mo 10:00 bis 11:00 Annahme Kleiderspenden<br \/>Jeden 1. und 3. Mo im Monat 9:00 bus 12:00 Kurberatung<br \/>Di 8:00 bis 12:00 Uhr, Mi 10:00 bis 12:00 Uhr<br \/> Do 10:00 bis 12:00 Uhr und 14:30 bis 17:00 Uhr<br \/> Fr 10:00 bis 12:00 Uhr<\/p>\n<\/td>\n<\/tr>\n<\/tbody>\n<\/table>\n<p>\u00a0<\/p>\n<\/div>\n<\/div><\/div><\/div><\/div><div id=\"pg-1278-1\"  class=\"panel-grid panel-no-style\" ><div id=\"pgc-1278-1-0\"  class=\"panel-grid-cell\" ><div id=\"panel-1278-1-0-0\" class=\"so-panel widget widget_sow-editor panel-first-child panel-last-child\" data-index=\"1\" ><div\n\t\t\t\n\t\t\tclass=\"so-widget-sow-editor so-widget-sow-editor-base\"\n\t\t\t\n\t\t>\n<div class=\"siteorigin-widget-tinymce textwidget\">\n\t<p><strong><a href=\"https:\/\/unser-quartier.de\/kali50plus\/inhaltsverzeichnis\/\" data-wpel-link=\"internal\">&lt;zur\u00fcck zum Inhaltsverzeichnis Wegweiser 50plus&gt;<\/a><\/strong><\/p>\n<\/div>\n<\/div><\/div><\/div><\/div><\/div>","protected":false},"excerpt":{"rendered":"<p>In den Begegnungsst\u00e4tten sind neben ehrenamtlichen Akteuren auch hauptamtlich Besch\u00e4ftigte t\u00e4tig. Sie bieten mehrmals in der Woche ein gesellschaftliches Miteinander und ein aktives Mitmachprogramm an. Einzelheiten k\u00f6nnen in einem pers\u00f6nlichen Gespr\u00e4ch erfragt werden. Begegnungsst\u00e4tte 50plus Don-Bosco-Haus Tr\u00e4ger: Kath. Kirchengemeinde St. Josef Die Begegnungsst\u00e4tte 50plus steht f\u00fcr Kreativit\u00e4t, Kontakte, Bildung, Spa\u00df, Unterhaltung und Gemeinschaft. Angebote, insbesondere &hellip; <a href=\"https:\/\/unser-quartier.de\/kali50plus\/1-4-begegnungsstaetten\/\" class=\"more-link\" data-wpel-link=\"internal\"><span class=\"screen-reader-text\">Begegnungsst\u00e4tten 50plus<\/span> weiterlesen <span class=\"meta-nav\">&rarr;<\/span><\/a><\/p>\n","protected":false},"author":168,"featured_media":0,"parent":0,"menu_order":0,"comment_status":"closed","ping_status":"closed","template":"","meta":{"_bbp_topic_count":0,"_bbp_reply_count":0,"_bbp_total_topic_count":0,"_bbp_total_reply_count":0,"_bbp_voice_count":0,"_bbp_anonymous_reply_count":0,"_bbp_topic_count_hidden":0,"_bbp_reply_count_hidden":0,"_bbp_forum_subforum_count":0,"advanced_seo_description":"","jetpack_seo_html_title":"","jetpack_seo_noindex":false,"ngg_post_thumbnail":0,"jetpack_post_was_ever_published":false,"footnotes":""},"class_list":["post-1278","page","type-page","status-publish","hentry"],"jetpack_shortlink":"https:\/\/wp.me\/P4AdMt-kC","jetpack_likes_enabled":true,"jetpack-related-posts":[],"jetpack_sharing_enabled":true,"_links":{"self":[{"href":"https:\/\/unser-quartier.de\/kali50plus\/wp-json\/wp\/v2\/pages\/1278","targetHints":{"allow":["GET"]}}],"collection":[{"href":"https:\/\/unser-quartier.de\/kali50plus\/wp-json\/wp\/v2\/pages"}],"about":[{"href":"https:\/\/unser-quartier.de\/kali50plus\/wp-json\/wp\/v2\/types\/page"}],"author":[{"embeddable":true,"href":"https:\/\/unser-quartier.de\/kali50plus\/wp-json\/wp\/v2\/users\/168"}],"replies":[{"embeddable":true,"href":"https:\/\/unser-quartier.de\/kali50plus\/wp-json\/wp\/v2\/comments?post=1278"}],"version-history":[{"count":1,"href":"https:\/\/unser-quartier.de\/kali50plus\/wp-json\/wp\/v2\/pages\/1278\/revisions"}],"predecessor-version":[{"id":32661,"href":"https:\/\/unser-quartier.de\/kali50plus\/wp-json\/wp\/v2\/pages\/1278\/revisions\/32661"}],"wp:attachment":[{"href":"https:\/\/unser-quartier.de\/kali50plus\/wp-json\/wp\/v2\/media?parent=1278"}],"curies":[{"name":"wp","href":"https:\/\/api.w.org\/{rel}","templated":true}]}}