{"id":1364,"date":"2014-05-20T18:41:41","date_gmt":"2014-05-20T16:41:41","guid":{"rendered":"http:\/\/unser-quartier.de\/kali50plus\/?p=1364"},"modified":"2022-01-30T12:52:41","modified_gmt":"2022-01-30T11:52:41","slug":"1-5-seniorenaktivitaeten","status":"publish","type":"page","link":"https:\/\/unser-quartier.de\/kali50plus\/1-5-seniorenaktivitaeten\/","title":{"rendered":"Aktivit\u00e4ten in den Stadtteilen"},"content":{"rendered":"<div id=\"pl-1364\"  class=\"panel-layout\" ><div id=\"pg-1364-0\"  class=\"panel-grid panel-no-style\" ><div id=\"pgc-1364-0-0\"  class=\"panel-grid-cell\" ><div id=\"panel-1364-0-0-0\" class=\"so-panel widget widget_sow-editor panel-first-child panel-last-child\" data-index=\"0\" ><div\n\t\t\t\n\t\t\tclass=\"so-widget-sow-editor so-widget-sow-editor-base\"\n\t\t\t\n\t\t>\n<div class=\"siteorigin-widget-tinymce textwidget\">\n\t<p>&nbsp;<\/p>\n<p>Wohlfahrtsverb\u00e4nde und Kirchengemeinden bieten in allen Stadtteilen besondere Aktivit\u00e4ten f\u00fcr Seniorinnen und Senioren an. Vertreterinnen und Vertreter dieser Gemeinschaften arbeiten im Seniorenrat zusammen.&nbsp;<\/p>\n<p>Die Treffen finden in der Regel ein- oder zweimal monatlich statt. Das gemeinsame Gespr\u00e4ch und Tun mit Gleichgesinnten aus dem Stadtviertel und der Nachbarschaft steht dabei im Mittelpunkt. Geleitet werden die Gruppen ehrenamtlich.<\/p>\n<p><strong>Kath. Kirchengemeinde St. Josef<br \/>\n<\/strong>Seniorengemeinschaft Liebfrauen \u2013 Abteikirche Kamp<br \/>\nHeinrich Papen<br \/>\nAbteiplatz 25, 47475 Kamp-Lintfort<br \/>\nTelefon: 02842-81243<br \/>\n2.&nbsp; Di im Monat 15:00 bis 18:00 Uhr<br \/>\nGgem\u00fctliches Beisammensein bei Kaffee und Kuchen, Singen, Spielen und Unterhaltung<\/p>\n<p><strong>Kath. Kirchengemeinde St. Josef<br \/>\n<\/strong>Seniorengemeinschaft St. Josef \u2013 Josef-Jeurgens-Haus<br \/>\nDoris Koschare<br \/>\nK\u00f6nigstr. 1, 47475 Kamp-Lintfort<br \/>\nTelefon: 02842-91170<br \/>\nTelefax: 02842-911717<br \/>\nE-Mail:&nbsp;&nbsp;&nbsp;&nbsp; <a href=\"mailto:pfarrbuero.josef@st-josef-kamp-lintfort.de\">pfarrbuero.josef@st-josef-kamp-lintfort.de<\/a><br \/>\nInternet: <a href=\"http:\/\/www.st-josef-kamp-lintfort.de\" target=\"_blank\" rel=\"noopener follow external noreferrer\" data-wpel-link=\"external\" class=\"ext-link wpel-icon-right\">www.st-josef-kamp-lintfort.de<span class=\"wpel-icon wpel-image wpel-icon-8\"><\/span><\/a><br \/>\nTelefon: 02842-10668<br \/>\nDo 15:00 bis 18:00 Uhr<em>,<\/em> Winterzeit 14:00 bis 17:00 Uhr<br \/>\n1. Fr des Monats 15:00 Uhr Gottesdienst mit anschlie\u00dfendem Treffen im Josef-Jeurgens-Haus. In gem\u00fctlicher Runde werden Gespr\u00e4che zur Lebensplanung im Alter gef\u00fchrt.<\/p>\n<p><strong>Kath. Kirchengemeinde St. Josef<br \/>\n<\/strong>SeniorenTanz-Kreis \u2013 Josef-Jeurgens-Haus<br \/>\nDaniela Fleischer<br \/>\nK\u00f6nigstr. 1, 47475 Kamp-Lintfort<br \/>\nTelefon: 02845-949839<br \/>\nDi 13:30 bis 15:00 Uhr<br \/>\nTanz ist Bewegung und&nbsp; Bewegung bringt gesundes Leben.<\/p>\n<p><strong>Kath. Kirchengemeinde St. Josef<\/strong><br \/>\n<strong>\u201eR\u00fcckenwind\u201c \u2013 Wir Frauen und M\u00e4nner ab 50<br \/>\n<\/strong>Annemie Gwosc<br \/>\nMittelstr. 133, 47475 Kamp-Lintfort<br \/>\nTelefon: 02842-91170<br \/>\nTelefax: 02842-911717<br \/>\nE-Mail:&nbsp;&nbsp;&nbsp;&nbsp; <a href=\"mailto:pfarrbuero.josef@st-josef-kamp-lintfort.de\">pfarrbuero.josef@st-josef-kamp-lintfort.de<\/a><br \/>\nInternet: <a href=\"http:\/\/www.st-josef-kamp-lintfort.de\" target=\"_blank\" rel=\"noopener follow external noreferrer\" data-wpel-link=\"external\" class=\"ext-link wpel-icon-right\">www.st-josef-kamp-lintfort.de<span class=\"wpel-icon wpel-image wpel-icon-8\"><\/span><\/a><br \/>\nTelefon: 02842-96757 (privat)<br \/>\n1. Di im Monat, 17:00 bis 19:00 Uhr<br \/>\nGemeinsame Aktivit\u00e4ten wie zum Beispiel Aus\ufb02\u00fcge, Kegeln, Besichtigungen, Gespr\u00e4che, Grillen und vieles mehr.<\/p>\n<p><strong>Kath. Kirchengemeinde St. Josef<\/strong><br \/>\n<strong>Seniorengemeinschaft St. Paulus<br \/>\n<\/strong>Johann-Hermann Evers<br \/>\nFasanenstr. 1, 47475 Kamp-Lintfort<br \/>\nTelefon: 02842-91170 (Pfarrb\u00fcro St. Josef)<br \/>\nTelefax: 02842-911717 (Pfarrb\u00fcro St. Josef)<br \/>\nE-Mail:&nbsp;&nbsp;&nbsp;&nbsp; <a href=\"mailto:pfarrbuero.josef@st-josef-kamp-lintfort.de\">pfarrbuero.josef@st-josef-kamp-lintfort.de<\/a><br \/>\nInternet: <a href=\"http:\/\/www.st-josef-kamp-lintfort.de\" target=\"_blank\" rel=\"noopener follow external noreferrer\" data-wpel-link=\"external\" class=\"ext-link wpel-icon-right\">www.st-josef-kamp-lintfort.de<span class=\"wpel-icon wpel-image wpel-icon-8\"><\/span><\/a><br \/>\nTelefon: 02842-41582 (privat)<br \/>\nE-Mail: <a href=\"mailto:joh.-herm.evers@t-online.de\" target=\"_blank\" rel=\"noopener\">joh.-herm.evers@t-online.de<\/a><br \/>\n2. Mo im Monat 15:00 bis 17:30 Uhr:<br \/>\nHeilige Messe, gem\u00fctliches Beisammensein, Gespr\u00e4che;<br \/>\n4. Mo im Monat 15:00 bis 17:00 Uhr:<br \/>\nKarten- und Brettspiele - zwei bis drei Aus\ufb02\u00fcge im Jahr<br \/>\n14t\u00e4gig Do 14:30 bis 17:30 Uhr:<br \/>\nBeliebte Freizeitgestaltung ist das Bingospiel - regelm\u00e4\u00dfige Ausfl\u00fcge und Feieraktivit\u00e4ten.<\/p>\n<p><strong>Ev. Kirchengemeinde Lintfort<\/strong><br \/>\n<strong>Altenclub Paul-Gerhardt-Haus<br \/>\n<\/strong>Ulrike Kaufmann<strong><br \/>\n<\/strong>Fasanenstr. 10, 47475 Kamp-Lintfort<br \/>\nTelefon: 02842-550976<br \/>\nE-Mail:&nbsp;&nbsp;&nbsp;&nbsp;&nbsp;<a href=\"mailto:kaufmann-ulrike@t-online.de\" target=\"_blank\" rel=\"noopener\">kaufmann-ulrike@t-online.de<\/a><br \/>\nInternet: <a href=\"http:\/\/www.kirche-lintfort.de\" target=\"_blank\" rel=\"noopener follow external noreferrer\" data-wpel-link=\"external\" class=\"ext-link wpel-icon-right\">www.kirche-lintfort.de<span class=\"wpel-icon wpel-image wpel-icon-8\"><\/span><\/a><br \/>\n14t\u00e4gig Di (ungerade Woche) 15:00 bis 17:30 Uhr,<br \/>\nGeselliges Beisammensein und wechselnde Angebote<\/p>\n<p><strong>Ev. Kirchengemeinde Lintfort<\/strong><br \/>\n<strong>Feierabend \u2013 M\u00e4nnerkreis Paul-Schneider-Haus<br \/>\n<\/strong>Michael Ziebuhr<strong><br \/>\n<\/strong>Friedrich-Heinrich-Allee 22, 47475 Kamp-Lintfort<br \/>\nTelefon: 02842-330860<br \/>\nE-Mail:&nbsp;&nbsp;&nbsp;&nbsp;&nbsp;<a href=\"mailto:zentrale@kirche-lintfort.de\">zentrale@kirche-lintfort.de<\/a><br \/>\nInternet: <a href=\"http:\/\/www.kirche-lintfort.de\" target=\"_blank\" rel=\"noopener follow external noreferrer\" data-wpel-link=\"external\" class=\"ext-link wpel-icon-right\">www.kirche-lintfort.de<span class=\"wpel-icon wpel-image wpel-icon-8\"><\/span><\/a><br \/>\n14t\u00e4gig Mi 18:00 bis 19:00 Uhr<\/p>\n<p><strong>Ev. Kirchengemeinde Lintfort<\/strong><br \/>\n<strong>Frauenkreis Lutherhaus am Markt<br \/>\n<\/strong>Susanne Rosorius<strong><br \/>\n<\/strong>Ebertstr. 57, 47475 Kamp-Lintfort<br \/>\nTelefon: 02842-913419<br \/>\nE-Mail:&nbsp;&nbsp;&nbsp;&nbsp;&nbsp;<a href=\"mailto:zentrale@kirche-lintfort.de\">zentrale@kirche-lintfort.de<\/a><br \/>\nInternet: <a href=\"http:\/\/www.kirche-lintfort.de\" target=\"_blank\" rel=\"noopener follow external noreferrer\" data-wpel-link=\"external\" class=\"ext-link wpel-icon-right\">www.kirche-lintfort.de<span class=\"wpel-icon wpel-image wpel-icon-8\"><\/span><\/a><br \/>\nTelefon: 02842-8830 (privat)<br \/>\n14t\u00e4gig Do 15:00 bis 17:00 Uhr<\/p>\n<p><strong>Ev. Kirchengemeinde<\/strong><br \/>\n<strong>Seniorenkreis Dietrich-Bonhoeffer-Haus<br \/>\n<\/strong>Christel Abel<br \/>\nGeisbruchstr. 20, 47475 Kamp-Lintfort<br \/>\nTelefon: 02842-60650<br \/>\nE-Mail:&nbsp;&nbsp;&nbsp;&nbsp;&nbsp;<a href=\"mailto:zentrale@kirche-lintfort.de\">zentrale@kirche-lintfort.de<\/a><br \/>\nInternet: <a href=\"http:\/\/www.kirche-lintfort.de\" target=\"_blank\" rel=\"noopener follow external noreferrer\" data-wpel-link=\"external\" class=\"ext-link wpel-icon-right\">www.kirche-lintfort.de<span class=\"wpel-icon wpel-image wpel-icon-8\"><\/span><\/a><br \/>\nTelefon: 02842-1671 (privat)<br \/>\nE-Mail: <a href=\"mailto:chr.abel@online.de\">chr.abel@online.de<\/a><br \/>\n1. und 3. Mo im Monat 14:30 bis 17:00 Uhr<br \/>\nVielf\u00e4ltige Freizeitaktivit\u00e4ten wechseln sich ab: Singen, \u201eWort zum Montag\u201c, Kaffee trinken, Spiele, Ged\u00e4chtnistraining, Unterhaltungsspiele, Bingo<\/p>\n<p><strong>Ev. Kirchengemeinde Hoerstgen<\/strong><br \/>\n<strong>Seniorenkreis Gemeindehaus Hoerstgen<br \/>\n<\/strong>Helga We\u00dfels<strong><br \/>\n<\/strong>Dorfstr. 7, 47475 Kamp-Lintfort<br \/>\nTelefon: 02842-475073<br \/>\nTelefon: 02842-42842 (privat)<br \/>\n1. und 3. Mittwoch im Monat 15:00 bis 17:00 Uhr<\/p>\n<p><strong>Ev. Freikirchliche Gemeinde Friedenskirche<\/strong><br \/>\n<strong>Seniorenkreis \u201eDie Herbstzeitlosen\u201c<br \/>\n<\/strong>Gisela Lumpe<strong><br \/>\n<\/strong>K\u00f6nigstr. 87, 47475 Kamp-Lintfort<br \/>\nTelefon: 02842-55633<br \/>\nTelefax: 02842-550706<br \/>\nE-Mail:&nbsp;&nbsp;&nbsp;&nbsp; <a href=\"mailto:friedenskirche@efg-kamp-lintfort.de\">friedenskirche@efg-kamp-lintfort.de<\/a><br \/>\nInternet: <a href=\"http:\/\/www.friedenskirche-kamp-lintfort.de\" target=\"_blank\" rel=\"noopener follow external noreferrer\" data-wpel-link=\"external\" class=\"ext-link wpel-icon-right\">www.friedenskirche-kamp-lintfort.de<span class=\"wpel-icon wpel-image wpel-icon-8\"><\/span><\/a><br \/>\nTelefon: 02842-41212 (privat)<br \/>\nLetzter Mi im Monat 15:00 bis 17:30 Uhr<\/p>\n<p><strong>Deutsches Rotes Kreuz Ortsverein Kamp-Lintfort<\/strong><br \/>\n<strong>Seniorengemeinschaft<br \/>\n<\/strong>Rolf Recnik<br \/>\nRingstr. 141, 47475 Kamp-Lintfort<br \/>\nTelefon: 02842-10513<br \/>\nTelefon: 02842-94705 (Privat)<br \/>\n2. Di im Monat 15:00 bis 17:00 Uhr<br \/>\nGeselliges Beisammensein, Spiele, Themennachmittage und Aus\ufb02\u00fcge<\/p>\n<\/div>\n<\/div><\/div><\/div><\/div><div id=\"pg-1364-1\"  class=\"panel-grid panel-no-style\" ><div id=\"pgc-1364-1-0\"  class=\"panel-grid-cell\" ><div id=\"panel-1364-1-0-0\" class=\"so-panel widget widget_sow-editor panel-first-child panel-last-child\" data-index=\"1\" ><div\n\t\t\t\n\t\t\tclass=\"so-widget-sow-editor so-widget-sow-editor-base\"\n\t\t\t\n\t\t>\n<div class=\"siteorigin-widget-tinymce textwidget\">\n\t<p><strong><a href=\"https:\/\/unser-quartier.de\/kali50plus\/inhaltsverzeichnis\/\" data-wpel-link=\"internal\">&lt;zur\u00fcck zum Inhaltsverzeichnis Wegweiser 50plus&gt;<\/a><\/strong><\/p>\n<\/div>\n<\/div><\/div><\/div><\/div><\/div>","protected":false},"excerpt":{"rendered":"<p>&nbsp; Wohlfahrtsverb\u00e4nde und Kirchengemeinden bieten in allen Stadtteilen besondere Aktivit\u00e4ten f\u00fcr Seniorinnen und Senioren an. Vertreterinnen und Vertreter dieser Gemeinschaften arbeiten im Seniorenrat zusammen.&nbsp; Die Treffen finden in der Regel ein- oder zweimal monatlich statt. Das gemeinsame Gespr\u00e4ch und Tun mit Gleichgesinnten aus dem Stadtviertel und der Nachbarschaft steht dabei im Mittelpunkt. Geleitet werden die &hellip; <a href=\"https:\/\/unser-quartier.de\/kali50plus\/1-5-seniorenaktivitaeten\/\" class=\"more-link\" data-wpel-link=\"internal\"><span class=\"screen-reader-text\">Aktivit\u00e4ten in den Stadtteilen<\/span> weiterlesen <span class=\"meta-nav\">&rarr;<\/span><\/a><\/p>\n","protected":false},"author":168,"featured_media":0,"parent":0,"menu_order":0,"comment_status":"closed","ping_status":"closed","template":"","meta":{"_bbp_topic_count":0,"_bbp_reply_count":0,"_bbp_total_topic_count":0,"_bbp_total_reply_count":0,"_bbp_voice_count":0,"_bbp_anonymous_reply_count":0,"_bbp_topic_count_hidden":0,"_bbp_reply_count_hidden":0,"_bbp_forum_subforum_count":0,"advanced_seo_description":"","jetpack_seo_html_title":"","jetpack_seo_noindex":false,"ngg_post_thumbnail":0,"jetpack_post_was_ever_published":false,"footnotes":""},"class_list":["post-1364","page","type-page","status-publish","hentry"],"jetpack_shortlink":"https:\/\/wp.me\/P4AdMt-m0","jetpack_likes_enabled":true,"jetpack-related-posts":[],"jetpack_sharing_enabled":true,"_links":{"self":[{"href":"https:\/\/unser-quartier.de\/kali50plus\/wp-json\/wp\/v2\/pages\/1364","targetHints":{"allow":["GET"]}}],"collection":[{"href":"https:\/\/unser-quartier.de\/kali50plus\/wp-json\/wp\/v2\/pages"}],"about":[{"href":"https:\/\/unser-quartier.de\/kali50plus\/wp-json\/wp\/v2\/types\/page"}],"author":[{"embeddable":true,"href":"https:\/\/unser-quartier.de\/kali50plus\/wp-json\/wp\/v2\/users\/168"}],"replies":[{"embeddable":true,"href":"https:\/\/unser-quartier.de\/kali50plus\/wp-json\/wp\/v2\/comments?post=1364"}],"version-history":[{"count":0,"href":"https:\/\/unser-quartier.de\/kali50plus\/wp-json\/wp\/v2\/pages\/1364\/revisions"}],"wp:attachment":[{"href":"https:\/\/unser-quartier.de\/kali50plus\/wp-json\/wp\/v2\/media?parent=1364"}],"curies":[{"name":"wp","href":"https:\/\/api.w.org\/{rel}","templated":true}]}}