{"id":1399,"date":"2014-05-23T19:14:27","date_gmt":"2014-05-23T17:14:27","guid":{"rendered":"http:\/\/unser-quartier.de\/kali50plus\/?p=1399"},"modified":"2022-01-30T12:52:52","modified_gmt":"2022-01-30T11:52:52","slug":"1-7-efi","status":"publish","type":"page","link":"https:\/\/unser-quartier.de\/kali50plus\/1-7-efi\/","title":{"rendered":"Erfahrungswissen f\u00fcr Initiativen &#8211; EFI"},"content":{"rendered":"<div id=\"pl-1399\"  class=\"panel-layout\" ><div id=\"pg-1399-0\"  class=\"panel-grid panel-no-style\" ><div id=\"pgc-1399-0-0\"  class=\"panel-grid-cell\" ><div id=\"panel-1399-0-0-0\" class=\"so-panel widget widget_sow-editor panel-first-child panel-last-child\" data-index=\"0\" ><div\n\t\t\t\n\t\t\tclass=\"so-widget-sow-editor so-widget-sow-editor-base\"\n\t\t\t\n\t\t>\n<div class=\"siteorigin-widget-tinymce textwidget\">\n\t<p>Das Landesprogramm \u201e<strong>Erfahrungswissen f\u00fcr Initiativen<\/strong>\u201c, (EFI), wird von der Grafschafter Diakonie gGmbH - Diakonischen Werk in Moers und Kamp-Lintfort angeboten. An mehreren Tagen k\u00f6nnen sich Ruhest\u00e4ndler, die zuvor im Berufsleben in unterschiedlicher Weise Verantwortung getragen haben, orientieren und an einem kostenlosen Kurs \u201eSenior Trainer\/Innen\u201c teilnehmen. Einm\u00fcnden soll die Weiterbildung in ein selbst gew\u00e4hltes Projekt mit Unterst\u00fctzung der Freiwilligenzentrale Moers und dem Senior Kompetenzteam. Inzwischen engagieren sich mehr als 30 Personen als \u201eEFI\u2019s\u201c in Moers und Kamp-Lintfort in ihren Projekten.<\/p>\n<p><strong>Freiwilligenzentrale Moers <\/strong><br \/> Tel.: 02841-100-188<br \/> E-Mail: <a href=\"mailto:info@freiwilligenzentrale-moers.de\">info@freiwilligenzentrale-moers.de<\/a><br \/> Internet: <a href=\"http:\/\/www.freiwilligenzentrale-moers.de\" target=\"_blank\" rel=\"noopener follow external noreferrer\" data-wpel-link=\"external\" class=\"ext-link wpel-icon-right\">www.freiwilligenzentrale-moers.de<span class=\"wpel-icon wpel-image wpel-icon-8\"><\/span><\/a><\/p>\n<\/div>\n<\/div><\/div><\/div><\/div><div id=\"pg-1399-1\"  class=\"panel-grid panel-no-style\" ><div id=\"pgc-1399-1-0\"  class=\"panel-grid-cell\" ><div id=\"panel-1399-1-0-0\" class=\"so-panel widget widget_sow-editor panel-first-child panel-last-child\" data-index=\"1\" ><div\n\t\t\t\n\t\t\tclass=\"so-widget-sow-editor so-widget-sow-editor-base\"\n\t\t\t\n\t\t>\n<div class=\"siteorigin-widget-tinymce textwidget\">\n\t<p><strong><a href=\"https:\/\/unser-quartier.de\/kali50plus\/inhaltsverzeichnis\/\" data-wpel-link=\"internal\">&lt;zur\u00fcck zum Inhaltsverzeichnis Wegweiser 50plus&gt;<\/a><\/strong><\/p>\n<\/div>\n<\/div><\/div><\/div><\/div><\/div>","protected":false},"excerpt":{"rendered":"<p>Das Landesprogramm \u201eErfahrungswissen f\u00fcr Initiativen\u201c, (EFI), wird von der Grafschafter Diakonie gGmbH &#8211; Diakonischen Werk in Moers und Kamp-Lintfort angeboten. An mehreren Tagen k\u00f6nnen sich Ruhest\u00e4ndler, die zuvor im Berufsleben in unterschiedlicher Weise Verantwortung getragen haben, orientieren und an einem kostenlosen Kurs \u201eSenior Trainer\/Innen\u201c teilnehmen. Einm\u00fcnden soll die Weiterbildung in ein selbst gew\u00e4hltes Projekt mit &hellip; <a href=\"https:\/\/unser-quartier.de\/kali50plus\/1-7-efi\/\" class=\"more-link\" data-wpel-link=\"internal\"><span class=\"screen-reader-text\">Erfahrungswissen f\u00fcr Initiativen &#8211; EFI<\/span> weiterlesen <span class=\"meta-nav\">&rarr;<\/span><\/a><\/p>\n","protected":false},"author":168,"featured_media":0,"parent":0,"menu_order":0,"comment_status":"closed","ping_status":"closed","template":"","meta":{"_bbp_topic_count":0,"_bbp_reply_count":0,"_bbp_total_topic_count":0,"_bbp_total_reply_count":0,"_bbp_voice_count":0,"_bbp_anonymous_reply_count":0,"_bbp_topic_count_hidden":0,"_bbp_reply_count_hidden":0,"_bbp_forum_subforum_count":0,"advanced_seo_description":"","jetpack_seo_html_title":"","jetpack_seo_noindex":false,"ngg_post_thumbnail":0,"jetpack_post_was_ever_published":false,"footnotes":""},"class_list":["post-1399","page","type-page","status-publish","hentry"],"jetpack_shortlink":"https:\/\/wp.me\/P4AdMt-mz","jetpack_likes_enabled":true,"jetpack-related-posts":[],"jetpack_sharing_enabled":true,"_links":{"self":[{"href":"https:\/\/unser-quartier.de\/kali50plus\/wp-json\/wp\/v2\/pages\/1399","targetHints":{"allow":["GET"]}}],"collection":[{"href":"https:\/\/unser-quartier.de\/kali50plus\/wp-json\/wp\/v2\/pages"}],"about":[{"href":"https:\/\/unser-quartier.de\/kali50plus\/wp-json\/wp\/v2\/types\/page"}],"author":[{"embeddable":true,"href":"https:\/\/unser-quartier.de\/kali50plus\/wp-json\/wp\/v2\/users\/168"}],"replies":[{"embeddable":true,"href":"https:\/\/unser-quartier.de\/kali50plus\/wp-json\/wp\/v2\/comments?post=1399"}],"version-history":[{"count":0,"href":"https:\/\/unser-quartier.de\/kali50plus\/wp-json\/wp\/v2\/pages\/1399\/revisions"}],"wp:attachment":[{"href":"https:\/\/unser-quartier.de\/kali50plus\/wp-json\/wp\/v2\/media?parent=1399"}],"curies":[{"name":"wp","href":"https:\/\/api.w.org\/{rel}","templated":true}]}}