{"id":1426,"date":"2014-05-23T21:28:26","date_gmt":"2014-05-23T19:28:26","guid":{"rendered":"http:\/\/unser-quartier.de\/kali50plus\/?p=1426"},"modified":"2022-01-30T12:52:58","modified_gmt":"2022-01-30T11:52:58","slug":"1-8-aeltere-menschen-aus-anderen-kulturen","status":"publish","type":"page","link":"https:\/\/unser-quartier.de\/kali50plus\/1-8-aeltere-menschen-aus-anderen-kulturen\/","title":{"rendered":"\u00c4ltere Menschen aus anderen Kulturen"},"content":{"rendered":"<div id=\"pl-1426\" class=\"panel-layout\">\n<div id=\"pg-1426-0\" class=\"panel-grid panel-no-style\">\n<div id=\"pgc-1426-0-0\" class=\"panel-grid-cell\">\n<div id=\"panel-1426-0-0-0\" class=\"so-panel widget widget_sow-editor panel-first-child panel-last-child\">\n<div class=\"so-widget-sow-editor so-widget-sow-editor-base\">\n<div class=\"siteorigin-widget-tinymce textwidget\">\n<p>Gerade die in Kamp-Lintfort lebenden \u00e4lteren Menschen mit einer Zuwanderungsgeschichte k\u00f6nnen durch ihre Erfahrungen zur Vielf\u00e4ltigkeit der Lebensstile in unserer Stadt beitragen. Diese Vielf\u00e4ltigkeit zeigt sich auch in der Vielzahl der hier ans\u00e4ssigen Kulturvereine und Migrantenorganisationen.&nbsp;<\/p>\n<p>Obwohl die Familie einen gro\u00dfen R\u00fcckhalt f\u00fcr \u00e4ltere Menschen bieten kann, gibt es immer wieder Fragen zu zus\u00e4tzlichen Angeboten, M\u00f6glichkeiten und Unterst\u00fctzung im Alter.<\/p>\n<p>Die Stadt Kamp-Lintfort bietet Antworten auch auf diese Fragen der \u00e4lteren Zuwanderungsgenerationen. In der Gesch\u00e4ftsstelle Integration des Sozialamtes \ufb01nden Sie einen festen Ansprechpartner f\u00fcr alle Aspekte der Zuwanderung. Nicht nur Neuzuwanderer, sondern auch \u00e4ltere Menschen, die schon in der zweiten oder dritten Generation in Kamp-Lintfort leben, bekommen hier die gew\u00fcnschten Informationen und eine zielgerichtete Auswahl an Angeboten, Einrichtungen, Adressen und Ansprechpartnern.<\/p>\n<table>\n<tbody>\n<tr>\n<td style=\"border-color: #cfefae;background-color: #cfefae\"><strong>Gesch\u00e4ftsstelle Integration<\/strong><br \/>\nRathaus Stadt Kamp-Lintfort \u2013 Sozialamt<br \/>\n5. Etage (Aufzug vorhanden), Zimmer 523<br \/>\nAm Rathaus 2, 47475 Kamp-Lintfort<br \/>\nTelefon: 02842-912-399<br \/>\nE-Mail:&nbsp;<a href=\"mailto:bernd.kopitzki@kamp-lintfort.de\">bernd.kopitzki@kamp-lintfort.de<\/a><\/td>\n<\/tr>\n<\/tbody>\n<\/table>\n<p><strong>Integrationsagentur<br \/>\n<\/strong>Seit Anfang 2007 arbeiten die Integrationsagenturen f\u00fcr die Belange von Menschen mit Zuwanderungsgeschichte in Tr\u00e4gerschaft der Verb\u00e4nde der freien Wohlfahrtspflege, gef\u00f6rdert vom Ministerium f\u00fcr Arbeit, Integration und Soziales des Landes Nordrhein-Westfalen. In der Rahmenkonzeption des Landes NRW sind insgesamt vier Eckpunkte und Aufgabenfelder f\u00fcr diese Integrationsagenturen formuliert:<\/p>\n<p>&#8211; Interkulturelle \u00d6ffnung<br \/>\n&#8211; B\u00fcrgerschaftliches Engagement<br \/>\n&#8211; Sozialraumorientiertes Arbeiten<br \/>\n&#8211; Antidiskriminierungsarbeit<\/p>\n<p>In Kamp-Lintfort betreint der AWO-Kreisverband Wesel eine Integrationsagentur, deren T\u00e4tigkeitsfeld prim\u00e4r auf die Altsiedlung mit den beiden inhaltlichen Eckpunkten &#8222;sozialraumorientierte Arbeit&#8220; und &#8222;Interkulturelle \u00d6ffnung&#8220; ausgelegt ist.<\/p>\n<table>\n<tbody>\n<tr>\n<td style=\"border-color: #cfefae;background-color: #cfefae\"><strong>Integrationsagentur AWO<\/strong><br \/>\nVinnstra\u00dfe 40, 47475 Kamp-Lintfort<br \/>\nTelefon: 02842-928014<br \/>\nE-Mail: <a href=\"mailto:jansen.ia@awo-kv-wesel.de\" target=\"_blank\" rel=\"noopener\">jansen.ia@awo-kv-wesel.de<\/a><\/td>\n<\/tr>\n<\/tbody>\n<\/table>\n<p>Dar\u00fcber hinaus bieten die in Kamp-Lintfort ans\u00e4ssigen Kulturvereine und Migrationsorganisationen besondere Angebote f\u00fcr Seniorinnen und Senioren an.<\/p>\n<\/div>\n<\/div>\n<\/div>\n<\/div>\n<\/div>\n<div id=\"pg-1426-1\" class=\"panel-grid panel-no-style\">\n<div id=\"pgc-1426-1-0\" class=\"panel-grid-cell\">\n<div id=\"panel-1426-1-0-0\" class=\"so-panel widget widget_sow-editor panel-first-child panel-last-child\">\n<div class=\"so-widget-sow-editor so-widget-sow-editor-base\">\n<div class=\"siteorigin-widget-tinymce textwidget\">\n<p><strong>&lt;zur\u00fcck zum Inhaltsverzeichnis Wegweiser 50plus&gt;<\/strong><\/p>\n<\/div>\n<\/div>\n<\/div>\n<\/div>\n<\/div>\n<\/div>\n","protected":false},"excerpt":{"rendered":"<p>Gerade die in Kamp-Lintfort lebenden \u00e4lteren Menschen mit einer Zuwanderungsgeschichte k\u00f6nnen durch ihre Erfahrungen zur Vielf\u00e4ltigkeit der Lebensstile in unserer Stadt beitragen. Diese Vielf\u00e4ltigkeit zeigt sich auch in der Vielzahl der hier ans\u00e4ssigen Kulturvereine und Migrantenorganisationen.&nbsp; Obwohl die Familie einen gro\u00dfen R\u00fcckhalt f\u00fcr \u00e4ltere Menschen bieten kann, gibt es immer wieder Fragen zu zus\u00e4tzlichen Angeboten, &hellip; <a href=\"https:\/\/unser-quartier.de\/kali50plus\/1-8-aeltere-menschen-aus-anderen-kulturen\/\" class=\"more-link\" data-wpel-link=\"internal\"><span class=\"screen-reader-text\">\u00c4ltere Menschen aus anderen Kulturen<\/span> weiterlesen <span class=\"meta-nav\">&rarr;<\/span><\/a><\/p>\n","protected":false},"author":168,"featured_media":0,"parent":0,"menu_order":0,"comment_status":"closed","ping_status":"closed","template":"","meta":{"_bbp_topic_count":0,"_bbp_reply_count":0,"_bbp_total_topic_count":0,"_bbp_total_reply_count":0,"_bbp_voice_count":0,"_bbp_anonymous_reply_count":0,"_bbp_topic_count_hidden":0,"_bbp_reply_count_hidden":0,"_bbp_forum_subforum_count":0,"advanced_seo_description":"","jetpack_seo_html_title":"","jetpack_seo_noindex":false,"ngg_post_thumbnail":0,"jetpack_post_was_ever_published":false,"footnotes":""},"class_list":["post-1426","page","type-page","status-publish","hentry"],"jetpack_shortlink":"https:\/\/wp.me\/P4AdMt-n0","jetpack_likes_enabled":true,"jetpack-related-posts":[],"jetpack_sharing_enabled":true,"_links":{"self":[{"href":"https:\/\/unser-quartier.de\/kali50plus\/wp-json\/wp\/v2\/pages\/1426","targetHints":{"allow":["GET"]}}],"collection":[{"href":"https:\/\/unser-quartier.de\/kali50plus\/wp-json\/wp\/v2\/pages"}],"about":[{"href":"https:\/\/unser-quartier.de\/kali50plus\/wp-json\/wp\/v2\/types\/page"}],"author":[{"embeddable":true,"href":"https:\/\/unser-quartier.de\/kali50plus\/wp-json\/wp\/v2\/users\/168"}],"replies":[{"embeddable":true,"href":"https:\/\/unser-quartier.de\/kali50plus\/wp-json\/wp\/v2\/comments?post=1426"}],"version-history":[{"count":0,"href":"https:\/\/unser-quartier.de\/kali50plus\/wp-json\/wp\/v2\/pages\/1426\/revisions"}],"wp:attachment":[{"href":"https:\/\/unser-quartier.de\/kali50plus\/wp-json\/wp\/v2\/media?parent=1426"}],"curies":[{"name":"wp","href":"https:\/\/api.w.org\/{rel}","templated":true}]}}