{"id":1433,"date":"2021-04-28T14:16:40","date_gmt":"2021-04-28T12:16:40","guid":{"rendered":"http:\/\/unser-quartier.de\/kali50plus\/?p=1433"},"modified":"2025-12-10T11:53:28","modified_gmt":"2025-12-10T10:53:28","slug":"1-9-lintforter-tafel","status":"publish","type":"page","link":"https:\/\/unser-quartier.de\/kali50plus\/1-9-lintforter-tafel\/","title":{"rendered":"Tafel Kamp-Lintfort"},"content":{"rendered":"<div id=\"pl-1433\"  class=\"panel-layout\" ><div id=\"pg-1433-0\"  class=\"panel-grid panel-no-style\" ><div id=\"pgc-1433-0-0\"  class=\"panel-grid-cell\" ><div id=\"panel-1433-0-0-0\" class=\"so-panel widget widget_sow-editor panel-first-child panel-last-child\" data-index=\"0\" ><div\n\t\t\t\n\t\t\tclass=\"so-widget-sow-editor so-widget-sow-editor-base\"\n\t\t\t\n\t\t>\n<div class=\"siteorigin-widget-tinymce textwidget\">\n\t<p>Die Tafel Kamp-Lintfort, eine Initiative der Grafschafter Diakonie gGmbH - Diakonisches Werk Kirchenkreis Moers, wurde im Jahr 2003 gegr\u00fcndet.<\/p>\n<p>Das Bestreben der Initiatoren war und ist es nach wie vor, zu verhindern, dass Lebensmittel einfach vernichtet werden. So sollen bed\u00fcrftige Familien und Einzelpersonen unterst\u00fctzt werden, gleichzeitig wird durch dieses soziale Engagement ein gutes Beispiel gegeben. Mittlerweile sind ca. 450 Haushalte aus Kamp-Lintfort mit geringem Einkommen angemeldet, von denen je \u00d6ffnungstag jeweils ca. 100 versorgt werden.<\/p>\n<p>Die Lebenssituation der Menschen ist hierbei sehr unterschiedlich. Es handelt sich um Familien mit Kindern, Alleinstehende, aber auch um \u00e4ltere Menschen, die eine geringe Rente haben.<\/p>\n<p>Zu Beginn waren es nicht mehr als ein Dutzend Menschen, die ehrenamtlich bei der Tafel Kamp-Lintfort gearbeitet haben. Mittlerweile werden die Waren von 35 ehrenamtlichen Helfern, an f\u00fcnf bis sechs Tagen in der Woche, bei den entsprechenden Unternehmen abgeholt, um sie dann an die Kunden der Tafel Kamp-Lintfort auszugeben.<\/p>\n<p>Um die laufenden Kosten f\u00fcr Tafelfahrzeuge R\u00e4umlichkeiten, Energiekosten u. \u00e4. decken zu k\u00f6nnen, wird das sogenannte T\u00fctengeld erhoben. Das bedeutet, dass Haushalte bis 4 Personen \u20ac 3,00 pro Ausgabetag und Haushalte ab 5 Personen \u20ac 4,00 pro Ausgabetag als Unkostenbeitrag zahlen.<\/p>\n<p>Wenn Sie das Angebot der Tafel nutzen m\u00f6chten, kommen Sie an einem der Ausgabetage mit Ihrem Personalausweis ab 12:00 Uhr in unseren Standort im Gestfeldcenter, Rundstr. 35. Dort wird alles Weitere mit Ihnen vertraulich geregelt.<\/p>\n<p>Getreu dem Leitspruch der Tafel \u201eJeder gibt, was er kann\u201c engagieren sich Menschen, die Zeit haben, auch Bed\u00fcrftige selbst, bei den Tafeln. So wird ein soziales Netz gekn\u00fcpft, das auch den Helfern hilft.<\/p>\n<p>Wenn Sie Interesse an einer Mitarbeit bei der Tafel haben, wenden Sie sich an Herrn Krause.<\/p>\n<table>\n<tbody>\n<tr>\n<td style=\"border-color: #cfefae; background-color: #cfefae;\"><strong>Tafel Kamp-Lintfort<br \/>\nTr\u00e4ger: Grafschafter Diakonie gGmbH<br \/>\n<\/strong>Ansprechpartner: Wolfgang Krause<br \/>\nMobil: 0173 8377153<br \/>\nE-Mail: <a href=\"mailto:info-kali@grafschafter-diakonie.de\" target=\"_blank\" rel=\"noopener\">info-kali@grafschafter-diakonie.de<\/a><br \/>\nAusgabeort: im Gestfeldcenter<br \/>\nRundstr. 35, 47475 Kamp-Lintfort<\/p>\n<p>Ausgabe:<br \/>\nDienstag und Freitag, 13:00 bis 14:30 Uhr<\/p>\n<\/td>\n<\/tr>\n<\/tbody>\n<\/table>\n<\/div>\n<\/div><\/div><\/div><\/div><div id=\"pg-1433-1\"  class=\"panel-grid panel-no-style\" ><div id=\"pgc-1433-1-0\"  class=\"panel-grid-cell\" ><div id=\"panel-1433-1-0-0\" class=\"so-panel widget widget_sow-editor panel-first-child panel-last-child\" data-index=\"1\" ><div\n\t\t\t\n\t\t\tclass=\"so-widget-sow-editor so-widget-sow-editor-base\"\n\t\t\t\n\t\t>\n<div class=\"siteorigin-widget-tinymce textwidget\">\n\t<p><strong><a href=\"https:\/\/unser-quartier.de\/kali50plus\/inhaltsverzeichnis\/\" data-wpel-link=\"internal\">&lt;zur\u00fcck zum Inhaltsverzeichnis Wegweiser 50plus&gt;<\/a><\/strong><\/p>\n<\/div>\n<\/div><\/div><\/div><\/div><\/div>","protected":false},"excerpt":{"rendered":"<p>Die Tafel Kamp-Lintfort, eine Initiative der Grafschafter Diakonie gGmbH &#8211; Diakonisches Werk Kirchenkreis Moers, wurde im Jahr 2003 gegr\u00fcndet. Das Bestreben der Initiatoren war und ist es nach wie vor, zu verhindern, dass Lebensmittel einfach vernichtet werden. So sollen bed\u00fcrftige Familien und Einzelpersonen unterst\u00fctzt werden, gleichzeitig wird durch dieses soziale Engagement ein gutes Beispiel gegeben. &hellip; <a href=\"https:\/\/unser-quartier.de\/kali50plus\/1-9-lintforter-tafel\/\" class=\"more-link\" data-wpel-link=\"internal\"><span class=\"screen-reader-text\">Tafel Kamp-Lintfort<\/span> weiterlesen <span class=\"meta-nav\">&rarr;<\/span><\/a><\/p>\n","protected":false},"author":168,"featured_media":0,"parent":0,"menu_order":0,"comment_status":"closed","ping_status":"closed","template":"","meta":{"_bbp_topic_count":0,"_bbp_reply_count":0,"_bbp_total_topic_count":0,"_bbp_total_reply_count":0,"_bbp_voice_count":0,"_bbp_anonymous_reply_count":0,"_bbp_topic_count_hidden":0,"_bbp_reply_count_hidden":0,"_bbp_forum_subforum_count":0,"advanced_seo_description":"","jetpack_seo_html_title":"","jetpack_seo_noindex":false,"ngg_post_thumbnail":0,"jetpack_post_was_ever_published":false,"footnotes":""},"class_list":["post-1433","page","type-page","status-publish","hentry"],"jetpack_shortlink":"https:\/\/wp.me\/P4AdMt-n7","jetpack_likes_enabled":true,"jetpack-related-posts":[],"jetpack_sharing_enabled":true,"_links":{"self":[{"href":"https:\/\/unser-quartier.de\/kali50plus\/wp-json\/wp\/v2\/pages\/1433","targetHints":{"allow":["GET"]}}],"collection":[{"href":"https:\/\/unser-quartier.de\/kali50plus\/wp-json\/wp\/v2\/pages"}],"about":[{"href":"https:\/\/unser-quartier.de\/kali50plus\/wp-json\/wp\/v2\/types\/page"}],"author":[{"embeddable":true,"href":"https:\/\/unser-quartier.de\/kali50plus\/wp-json\/wp\/v2\/users\/168"}],"replies":[{"embeddable":true,"href":"https:\/\/unser-quartier.de\/kali50plus\/wp-json\/wp\/v2\/comments?post=1433"}],"version-history":[{"count":3,"href":"https:\/\/unser-quartier.de\/kali50plus\/wp-json\/wp\/v2\/pages\/1433\/revisions"}],"predecessor-version":[{"id":32677,"href":"https:\/\/unser-quartier.de\/kali50plus\/wp-json\/wp\/v2\/pages\/1433\/revisions\/32677"}],"wp:attachment":[{"href":"https:\/\/unser-quartier.de\/kali50plus\/wp-json\/wp\/v2\/media?parent=1433"}],"curies":[{"name":"wp","href":"https:\/\/api.w.org\/{rel}","templated":true}]}}