{"id":1437,"date":"2014-05-23T21:54:44","date_gmt":"2014-05-23T19:54:44","guid":{"rendered":"http:\/\/unser-quartier.de\/kali50plus\/?p=1437"},"modified":"2022-01-30T12:53:11","modified_gmt":"2022-01-30T11:53:11","slug":"1-10-parteien","status":"publish","type":"page","link":"https:\/\/unser-quartier.de\/kali50plus\/1-10-parteien\/","title":{"rendered":"Parteien"},"content":{"rendered":"<div id=\"pl-1437\"  class=\"panel-layout\" ><div id=\"pg-1437-0\"  class=\"panel-grid panel-no-style\" ><div id=\"pgc-1437-0-0\"  class=\"panel-grid-cell\" ><div id=\"panel-1437-0-0-0\" class=\"so-panel widget widget_sow-editor panel-first-child panel-last-child\" data-index=\"0\" ><div\n\t\t\t\n\t\t\tclass=\"so-widget-sow-editor so-widget-sow-editor-base\"\n\t\t\t\n\t\t>\n<div class=\"siteorigin-widget-tinymce textwidget\">\n\t<p>Die Mitarbeit in politischen Parteien ist an keine Altersgrenze gebunden. Gleichwohl gibt es bei einigen Parteien besondere Arbeitsgruppen f\u00fcr \u00e4ltere Mitglieder. Die Mitarbeit in politischen Parteien ist eine M\u00f6glichkeit, Ein\ufb02uss zu nehmen, nicht zuletzt gerade auch im Hinblick auf die Gestaltung der Lebensverh\u00e4ltnisse in der eigenen Stadt.<\/p>\n<p>Seniorenrelevante Themen im Rat der Stadt Kamp-Lintfort werden vornehmlich durch den Ausschuss f\u00fcr Soziales und Senioren vorbereitet.<\/p>\n<p>Zunehmend werden aber alle Fragen des demogra\ufb01schen Wandels und der insgesamt \u00e4lter werdenden Einwohnerschaft als \u00fcbergreifendes Thema behandelt, das genauso Fragen der Stadtentwicklung und der kommunalen Daseinsvorsorge mit Angeboten zu Kultur, Bildung und Sport, aber auch der wirtschaftlichen Entwicklung und des Stadtmarketings ber\u00fchrt.<\/p>\n<p><strong>SPD Fraktion<br \/>\n<\/strong>Am Rathaus 2, 47475 Kamp-Lintfort<br \/>\nTelefon: 02842\/912241<br \/>\nE-Mail: <a href=\"mailto:spd.fraktion@kamp-lintfort.de\" target=\"_blank\" rel=\"noopener\">spd.fraktion@kamp-lintfort.de<\/a><\/p>\n<p>Sprechzeiten:<br \/>\nDi\u00a0\u00a0 10:00 bis 12:00 Uhr<br \/>\nDo 16:00 bis 18:00 Uhr<\/p>\n<p><strong>CDU Fraktion<\/strong><br \/>\nAm Rathaus 2, 47475 Kamp-Lintfort<br \/>\nTelefon: 02842\/912439<br \/>\nE-Mail: <a href=\"mailto:cdu.fraktion@kamp-lintfort.de\" target=\"_blank\" rel=\"noopener\">cdu.fraktion@kamp-lintfort.de<\/a><br \/>\nInternet: <a href=\"http:\/\/www.cdu-kamp-lintfort.de\" target=\"_blank\" rel=\"noopener follow external noreferrer\" data-wpel-link=\"external\" class=\"ext-link wpel-icon-right\">www.cdu-kamp-lintfort.de<span class=\"wpel-icon wpel-image wpel-icon-8\"><\/span><\/a><\/p>\n<p>Sprechzeiten:<br \/>\nDi\u00a0\u00a0 10:00 bis 12:00 Uhr<br \/>\nDo 17:00 bis 18:00 Uhr<\/p>\n<p><strong>Fraktion B\u00fcndnis90\/Die Gr\u00fcnen<\/strong><br \/>\nAm Rathaus 2, 47475 Kamp-Lintfort<br \/>\nTelefon: 02842-912237<br \/>\nTelefax: 02842-437<br \/>\nE-Mail: <a href=\"mailto:gruene.fraktionkamp-lintfort.de\" target=\"_blank\" rel=\"noopener\">gruene.fraktionkamp-lintfort.de<\/a><br \/>\nInternet: <a href=\"http:\/\/www.gruene-kamp-lintfort.de\" data-wpel-link=\"external\" target=\"_blank\" rel=\"follow external noopener noreferrer\" class=\"ext-link wpel-icon-right\">www.gruene-kamp-lintfort.de <span class=\"wpel-icon wpel-image wpel-icon-8\"><\/span><\/a><\/p>\n<p>Sprechzeiten:<br \/>\nDo 16:00 bis 17:00<br \/>\nund nach Vereinbarung<\/p>\n<p><strong>Die LINKE<\/strong><br \/>\nAm Rathaus 2, 47475 Kamp-Lintfort<br \/>\nTelefon: 02842\/912236<br \/>\nE-Mail: <a href=\"mailto:dielinke.fraktion@kamp-lintfort.de\" target=\"_blank\" rel=\"noopener\">dielinke.fraktion@kamp-lintfort.de<\/a><\/p>\n<p>Sprechzeiten:<br \/>\nDo 17:00 bis 18:00 Uhr<\/p>\n<p><strong>Fraktion FW\/FDP<br \/>\n<\/strong>Am Rathaus 2, 47475 Kamp-Lintfort<br \/>\nTelefon: 02842-912275<br \/>\nE-Mail: <a href=\"mailto:fwfdp.fraktion@kamp-lintfort.de\" target=\"_blank\" rel=\"noopener\">fwfdp.fraktion@kamp-lintfort.de<\/a><\/p>\n<p>Sprechzeiten:<br \/>\nDi 10:30 bis 12:00 Uhr<br \/>\nJeden 1. Do im Monat 17:00 bis 18:00 Uhr<\/p>\n<p><strong>Freie B\u00fcrgergemeinschaft Kamp-Lintfort<\/strong><br \/>\nMelanie M\u00fcller<br \/>\nAbteiplatz 24, 47475 Kamp-Lintfort<br \/>\nTelefon: 02842-41658<br \/>\nE-Mail: <a href=\"mailto:norbertanika@aol.com\" target=\"_blank\" rel=\"noopener\">norbertanika@aol.com<\/a><br \/>\nInternet: <a href=\"https:\/\/www.facebook.com\/FreieBuergerGemeinschaftKampLintfort\/\" target=\"_blank\" rel=\"noopener follow external noreferrer\" data-wpel-link=\"external\" class=\"ext-link wpel-icon-right\">www.facebook.com\/FreieBuergerGemeinschaftKampLintfort\/<span class=\"wpel-icon wpel-image wpel-icon-8\"><\/span><\/a><\/p>\n<\/div>\n<\/div><\/div><\/div><\/div><div id=\"pg-1437-1\"  class=\"panel-grid panel-no-style\" ><div id=\"pgc-1437-1-0\"  class=\"panel-grid-cell\" ><div id=\"panel-1437-1-0-0\" class=\"so-panel widget widget_sow-editor panel-first-child panel-last-child\" data-index=\"1\" ><div\n\t\t\t\n\t\t\tclass=\"so-widget-sow-editor so-widget-sow-editor-base\"\n\t\t\t\n\t\t>\n<div class=\"siteorigin-widget-tinymce textwidget\">\n\t<p><strong><a href=\"https:\/\/unser-quartier.de\/kali50plus\/inhaltsverzeichnis\/\" data-wpel-link=\"internal\">&lt;zur\u00fcck zum Inhaltsverzeichnis Wegweiser 50plus&gt;<\/a><\/strong><\/p>\n<\/div>\n<\/div><\/div><\/div><\/div><\/div>","protected":false},"excerpt":{"rendered":"<p>Die Mitarbeit in politischen Parteien ist an keine Altersgrenze gebunden. Gleichwohl gibt es bei einigen Parteien besondere Arbeitsgruppen f\u00fcr \u00e4ltere Mitglieder. Die Mitarbeit in politischen Parteien ist eine M\u00f6glichkeit, Ein\ufb02uss zu nehmen, nicht zuletzt gerade auch im Hinblick auf die Gestaltung der Lebensverh\u00e4ltnisse in der eigenen Stadt. Seniorenrelevante Themen im Rat der Stadt Kamp-Lintfort werden &hellip; <a href=\"https:\/\/unser-quartier.de\/kali50plus\/1-10-parteien\/\" class=\"more-link\" data-wpel-link=\"internal\"><span class=\"screen-reader-text\">Parteien<\/span> weiterlesen <span class=\"meta-nav\">&rarr;<\/span><\/a><\/p>\n","protected":false},"author":168,"featured_media":0,"parent":0,"menu_order":0,"comment_status":"closed","ping_status":"closed","template":"","meta":{"_bbp_topic_count":0,"_bbp_reply_count":0,"_bbp_total_topic_count":0,"_bbp_total_reply_count":0,"_bbp_voice_count":0,"_bbp_anonymous_reply_count":0,"_bbp_topic_count_hidden":0,"_bbp_reply_count_hidden":0,"_bbp_forum_subforum_count":0,"advanced_seo_description":"","jetpack_seo_html_title":"","jetpack_seo_noindex":false,"ngg_post_thumbnail":0,"jetpack_post_was_ever_published":false,"footnotes":""},"class_list":["post-1437","page","type-page","status-publish","hentry"],"jetpack_shortlink":"https:\/\/wp.me\/P4AdMt-nb","jetpack_likes_enabled":true,"jetpack-related-posts":[],"jetpack_sharing_enabled":true,"_links":{"self":[{"href":"https:\/\/unser-quartier.de\/kali50plus\/wp-json\/wp\/v2\/pages\/1437","targetHints":{"allow":["GET"]}}],"collection":[{"href":"https:\/\/unser-quartier.de\/kali50plus\/wp-json\/wp\/v2\/pages"}],"about":[{"href":"https:\/\/unser-quartier.de\/kali50plus\/wp-json\/wp\/v2\/types\/page"}],"author":[{"embeddable":true,"href":"https:\/\/unser-quartier.de\/kali50plus\/wp-json\/wp\/v2\/users\/168"}],"replies":[{"embeddable":true,"href":"https:\/\/unser-quartier.de\/kali50plus\/wp-json\/wp\/v2\/comments?post=1437"}],"version-history":[{"count":0,"href":"https:\/\/unser-quartier.de\/kali50plus\/wp-json\/wp\/v2\/pages\/1437\/revisions"}],"wp:attachment":[{"href":"https:\/\/unser-quartier.de\/kali50plus\/wp-json\/wp\/v2\/media?parent=1437"}],"curies":[{"name":"wp","href":"https:\/\/api.w.org\/{rel}","templated":true}]}}