{"id":1465,"date":"2014-05-24T21:24:41","date_gmt":"2014-05-24T19:24:41","guid":{"rendered":"http:\/\/unser-quartier.de\/kali50plus\/?p=1465"},"modified":"2022-01-29T17:53:18","modified_gmt":"2022-01-29T16:53:18","slug":"2-1-bildung","status":"publish","type":"page","link":"https:\/\/unser-quartier.de\/kali50plus\/2-1-bildung\/","title":{"rendered":"Bildung"},"content":{"rendered":"<div id=\"pl-1465\"  class=\"panel-layout\" ><div id=\"pg-1465-0\"  class=\"panel-grid panel-no-style\" ><div id=\"pgc-1465-0-0\"  class=\"panel-grid-cell\" ><div id=\"panel-1465-0-0-0\" class=\"so-panel widget widget_sow-editor panel-first-child panel-last-child\" data-index=\"0\" ><div\n\t\t\t\n\t\t\tclass=\"so-widget-sow-editor so-widget-sow-editor-base\"\n\t\t\t\n\t\t>\n<div class=\"siteorigin-widget-tinymce textwidget\">\n\t<p>Der Zugang zu Bildung, Kunst, Kultur und Sport geh\u00f6rt zu den wesentlichen Merkmalen der Lebensqualit\u00e4t von Menschen in der nachberu\ufb02ichen Lebensphase. Lernfreudige und Wissbegierige, Kulturinteressierte und Sportbegeisterte \ufb01nden in Kamp-Lintfort ein engmaschiges Netz vielf\u00e4ltiger Beteiligungsm\u00f6glichkeiten - auch spezielle Programme f\u00fcr B\u00fcrgerinnen und B\u00fcrger der Generation 50plus.<\/p>\n<h5><strong>Volkshochschule Moers-Kamp-Lintfort<\/strong><\/h5>\n<p>Gemeinsam mit der Stadt Moers betreibt die Stadt Kamp-Lintfort eine Volkshochschule. Die Volkshochschule Moers-Kamp-Lintfort bietet den B\u00fcrgerinnen und B\u00fcrgern der St\u00e4dte Kamp-Lintfort und Moers ein umfassendes Angebot.<\/p>\n<p>Jeweils zum Beginn des Fr\u00fchjahrssemesters (Januar) und des Herbstsemesters (September) gibt die VHS ein Programm \u00fcber das jeweilige Kursangebot heraus. Kurse \ufb01nden sowohl in Moers als auch in Kamp-Lintfort statt. Man kann sich auch in Kamp-Lintfort f\u00fcr die\u00a0 Kurse anmelden. Hier erhalten Sie auch Ausk\u00fcnfte \u00fcber Belegung der Kurse, Erm\u00e4\u00dfigungsm\u00f6glichkeiten usw.<\/p>\n<table>\n<tbody>\n<tr>\n<td style=\"border-color: #cfefae;background-color: #cfefae\"><strong>Volkshochschule Moers-Kamp-Lintfort<\/strong><br \/> Diesterweg-Forum<br \/> Vinnstra\u00dfe 40, 47475 Kamp-Lintfort<br \/> Telefon: 02842-10818<br \/> Anmeldung und Information in Kamp-Lintfort:<br \/> B\u00fcrgerb\u00fcro, Rathaus, Zimmer 11<br \/> Am Rathaus 2, 47475 Kamp-Lintfort<br \/> Telefon: 02842-912-203<br \/> E-Mail: <a href=\"mailto:volkshochschule@moers.de\" target=\"_blank\" rel=\"noopener\">volkshochschule@moers.de<\/a><br \/> Internet: <a href=\"http:\/\/www.vhs-moers.de\" target=\"_blank\" rel=\"noopener follow external noreferrer\" data-wpel-link=\"external\" class=\"ext-link wpel-icon-right\">www.vhs-moers.de<span class=\"wpel-icon wpel-image wpel-icon-8\"><\/span><\/a><\/td>\n<\/tr>\n<\/tbody>\n<\/table>\n<h5><strong>Kath. Bildungsforum im Kreisdekanat Wesel<\/strong><\/h5>\n<p>Zu den Schwerpunkten des Programms geh\u00f6ren Angebote der Familienbildung, Gesundheitskurse, Pers\u00f6nlichkeitsbildung, Kreativkurse, Fortbildungen f\u00fcr Tagesm\u00fctter und besondere Fortbildungen f\u00fcr Kursleiterinnen und Ehrenamtliche. \u00dcber Kursangebote informiert ein halbj\u00e4hrlich erscheinendes Programm.<\/p>\n<table>\n<tbody>\n<tr>\n<td style=\"border-color: #cfefae;background-color: #cfefae\"><strong>Kath. Bildungsforum im Kreisdekanat Wesel<\/strong><br \/> Haus der Familie Kamp-Lintfort<br \/> Kirchplatz 10, 47475 Kamp-Lintfort<br \/> Telefon: 02842-91120, Fax: 02842-911220<br \/> E-Mail: <a href=\"mailto:fbs-kamp-lintfort@bistum-muenster.de\">fbs-kamp-lintfort@bistum-muenster.de<\/a>\u00a0<br \/> Internet: <a href=\"http:\/\/www.kbf-wesel.de\" target=\"_blank\" rel=\"noopener follow external noreferrer\" data-wpel-link=\"external\" class=\"ext-link wpel-icon-right\">www.kbf-wesel.de<span class=\"wpel-icon wpel-image wpel-icon-8\"><\/span><\/a><br \/> Mo bis Do 9:00 bis 12:00 Uhr und 14:30 bis 19:00 Uhr<br \/> Fr 9:00 bis 12:00 Uhr<\/td>\n<\/tr>\n<\/tbody>\n<\/table>\n<h5><strong>Neues Evangelisches Forum Kirchenkreis Moers<\/strong><\/h5>\n<p>Es bietet in Zusammenarbeit mit der Ev. Kirchengemeinde Lintfort und dem Diakonischen Werk im Kirchenkreis Moers, Dienststelle Kamp-Lintfort, auch Kurse in Kamp-Lintfort an.<\/p>\n<p>Zu den speziellen Angeboten f\u00fcr die Generation 50plus geh\u00f6ren Angebote zur Trauerbegleitung, Einzelveranstaltungen und Veranstaltungsreihen zum Thema \u201eDemenz\u201c, Ged\u00e4chtnistraining, Kommunikation und Kon\ufb02iktl\u00f6sung im Ehrenamt und Bildungsangebote zu vielf\u00e4ltigen Themen.<\/p>\n<table>\n<tbody>\n<tr>\n<td style=\"border-color: #cfefae;background-color: #cfefae\"><strong>Neues Evangelisches Forum Kirchenkreis Moers<\/strong><br \/> Seminarstr. 8, 47441 Moers<br \/> Telefon: 02841-100-135, Telefax: 02841-100174<br \/> E-Mail: <a href=\"mailto:evforum@kirche-moers.de\">evforum@kirche-moers.de<\/a><br \/> Internet: <a href=\"http:\/\/www.kirche-moers.de\/evforum\" target=\"_blank\" rel=\"noopener follow external noreferrer\" data-wpel-link=\"external\" class=\"ext-link wpel-icon-right\">www.kirche-moers.de\/evforum<span class=\"wpel-icon wpel-image wpel-icon-8\"><\/span><\/a><\/td>\n<\/tr>\n<\/tbody>\n<\/table>\n<h5>Geistliches und Kulturelles Zentrum Kloster Kamp e.V.<\/h5>\n<p>Hier werden Menschen in der Suche nach dem Sinn des Lebens begleitet, die Begegnung mit Kultur aus Vergangenheit und Gegenwart erm\u00f6glicht, Menschen bei der Entdeckung ihrer Kreativit\u00e4t unterst\u00fctzt. Einkehrtage und Seminare, Angebote f\u00fcr Meditation und Besinnung, Angebote zur Trauerbegleitung sind die Schwerpunkte im Programm.<\/p>\n<table>\n<tbody>\n<tr>\n<td style=\"border-color: #cfefae;background-color: #cfefae\"><strong>Geistliches und Kulturelles Zentrum Kloster Kamp<\/strong><br \/> Abteiplatz 13, 47475 Kamp-Lintfort<br \/> Telefon: 02842-927540<br \/> Telefax: 02842-927541<br \/> E-Mail: <a href=\"mailto:zentrum-kloster-kamp@t-online.de\">zentrum-kloster-kamp@t-online.de<\/a><br \/> Internet:\u00a0<a href=\"http:\/\/www.zentrum-kloster-kamp.com\" target=\"_blank\" rel=\"noopener follow external noreferrer\" data-wpel-link=\"external\" class=\"ext-link wpel-icon-right\">www.zentrum-kloster-kamp.com<span class=\"wpel-icon wpel-image wpel-icon-8\"><\/span><\/a><\/td>\n<\/tr>\n<\/tbody>\n<\/table>\n<h5>Mediathek Kamp-Lintfort<\/h5>\n<p>F\u00fcr die einen wird sie zum Wohnzimmer, quasi der private Raum in der \u00d6ffentlichkeit, um sich hier mit Gleichgesinnten zu treffen, zu lesen oder zu spielen. F\u00fcr die anderen ist sie ein Ort zum Lernen und Forschen. Von Datenbanken bis zum PC-Arbeitsplatz h\u00e4lt die Mediathek alles vor, was das selbstst\u00e4ndige Lernen erfordert. Auf dem Thementisch Generation+ steht eine besondere Medienauswahl f\u00fcr aktive Senioren bereit. Regelm\u00e4\u00dfig finden besondere Aktionen statt. Der Verein LesART l\u00e4dt zum offenen Literaturkreis \"Augelesen\" alle vier Monate ein, und organisiert mit dem Team Mediathek, Autorenlesungen und Rezitationen. Im Heimatzimmer kann man in der Geschichte Kamp-Lintforts forschen. Ein besonderes Vorlesest\u00fcndchen richtet sich zur Aktivierung an Demenz erkrankte Menschen.<\/p>\n<table>\n<tbody>\n<tr>\n<td style=\"border-color: #cfefae;background-color: #cfefae\"><strong>Mediathek Kamp-Lintfort<\/strong><br \/> Freiherr-vom -Stein-Stra\u00dfe 26, 47475 Kamp-Lintfort<br \/> Telefon: <a href=\"mailto:mediathek@kamp-lintfort.de\" target=\"_blank\" rel=\"noopener\">mediathek@kamp-lintfort.de<\/a><br \/> Internet: <a href=\"http:\/\/www.kamp-lintfort.de\/mediathek\" target=\"_blank\" rel=\"noopener follow external noreferrer\" data-wpel-link=\"external\" class=\"ext-link wpel-icon-right\">www.kamp-lintfort.de\/mediathek<span class=\"wpel-icon wpel-image wpel-icon-8\"><\/span><\/a><\/td>\n<\/tr>\n<\/tbody>\n<\/table>\n<div id=\"pg-1246-0\" class=\"panel-grid panel-no-style\">\n<div id=\"pgc-1246-1-0\" class=\"panel-grid-cell\">\n<div id=\"panel-1246-1-0-0\" class=\"so-panel widget widget_sow-editor panel-first-child panel-last-child\">\n<div class=\"so-widget-sow-editor so-widget-sow-editor-base\">\n<div class=\"siteorigin-widget-tinymce textwidget\">\n<p style=\"text-align: left\"><strong><br \/><a href=\"https:\/\/unser-quartier.de\/kali50plus\/inhaltsverzeichnis\/\" data-wpel-link=\"internal\">&lt;zur\u00fcck zum Inhaltsverzeichnis Wegweiser 50plus&gt;<\/a><\/strong><\/p>\n<\/div>\n<\/div>\n<\/div>\n<\/div>\n<\/div>\n<\/div>\n<\/div><\/div><\/div><\/div><\/div>","protected":false},"excerpt":{"rendered":"<p>Der Zugang zu Bildung, Kunst, Kultur und Sport geh\u00f6rt zu den wesentlichen Merkmalen der Lebensqualit\u00e4t von Menschen in der nachberu\ufb02ichen Lebensphase. Lernfreudige und Wissbegierige, Kulturinteressierte und Sportbegeisterte \ufb01nden in Kamp-Lintfort ein engmaschiges Netz vielf\u00e4ltiger Beteiligungsm\u00f6glichkeiten &#8211; auch spezielle Programme f\u00fcr B\u00fcrgerinnen und B\u00fcrger der Generation 50plus. Volkshochschule Moers-Kamp-Lintfort Gemeinsam mit der Stadt Moers betreibt die &hellip; <a href=\"https:\/\/unser-quartier.de\/kali50plus\/2-1-bildung\/\" class=\"more-link\" data-wpel-link=\"internal\"><span class=\"screen-reader-text\">Bildung<\/span> weiterlesen <span class=\"meta-nav\">&rarr;<\/span><\/a><\/p>\n","protected":false},"author":168,"featured_media":0,"parent":0,"menu_order":0,"comment_status":"closed","ping_status":"closed","template":"","meta":{"_bbp_topic_count":0,"_bbp_reply_count":0,"_bbp_total_topic_count":0,"_bbp_total_reply_count":0,"_bbp_voice_count":0,"_bbp_anonymous_reply_count":0,"_bbp_topic_count_hidden":0,"_bbp_reply_count_hidden":0,"_bbp_forum_subforum_count":0,"advanced_seo_description":"","jetpack_seo_html_title":"","jetpack_seo_noindex":false,"ngg_post_thumbnail":0,"jetpack_post_was_ever_published":false,"footnotes":""},"class_list":["post-1465","page","type-page","status-publish","hentry"],"jetpack_shortlink":"https:\/\/wp.me\/P4AdMt-nD","jetpack_likes_enabled":true,"jetpack-related-posts":[],"jetpack_sharing_enabled":true,"_links":{"self":[{"href":"https:\/\/unser-quartier.de\/kali50plus\/wp-json\/wp\/v2\/pages\/1465","targetHints":{"allow":["GET"]}}],"collection":[{"href":"https:\/\/unser-quartier.de\/kali50plus\/wp-json\/wp\/v2\/pages"}],"about":[{"href":"https:\/\/unser-quartier.de\/kali50plus\/wp-json\/wp\/v2\/types\/page"}],"author":[{"embeddable":true,"href":"https:\/\/unser-quartier.de\/kali50plus\/wp-json\/wp\/v2\/users\/168"}],"replies":[{"embeddable":true,"href":"https:\/\/unser-quartier.de\/kali50plus\/wp-json\/wp\/v2\/comments?post=1465"}],"version-history":[{"count":0,"href":"https:\/\/unser-quartier.de\/kali50plus\/wp-json\/wp\/v2\/pages\/1465\/revisions"}],"wp:attachment":[{"href":"https:\/\/unser-quartier.de\/kali50plus\/wp-json\/wp\/v2\/media?parent=1465"}],"curies":[{"name":"wp","href":"https:\/\/api.w.org\/{rel}","templated":true}]}}