{"id":1472,"date":"2014-05-25T15:43:28","date_gmt":"2014-05-25T13:43:28","guid":{"rendered":"http:\/\/unser-quartier.de\/kali50plus\/?p=1472"},"modified":"2022-01-30T12:53:29","modified_gmt":"2022-01-30T11:53:29","slug":"2-3-theater","status":"publish","type":"page","link":"https:\/\/unser-quartier.de\/kali50plus\/2-3-theater\/","title":{"rendered":"Theater"},"content":{"rendered":"<div id=\"pl-1472\"  class=\"panel-layout\" ><div id=\"pg-1472-0\"  class=\"panel-grid panel-no-style\" ><div id=\"pgc-1472-0-0\"  class=\"panel-grid-cell\" ><div id=\"panel-1472-0-0-0\" class=\"so-panel widget widget_sow-editor panel-first-child panel-last-child\" data-index=\"0\" ><div\n\t\t\t\n\t\t\tclass=\"so-widget-sow-editor so-widget-sow-editor-base\"\n\t\t\t\n\t\t>\n<div class=\"siteorigin-widget-tinymce textwidget\">\n\t<h5>Theater der Stadt Kamp-Lintfort<\/h5>\n<p>In der Stadthalle wird allj\u00e4hrlich ein attraktiv gestaltetes Theaterprogramm zusammengestellt. Das Angebot reicht vom Kabarett bis zum Schauspiel, der Trag\u00f6die bis zu Kindervorf\u00fchrungen. Mit einem Abonnement sichern Sie sich einen guten Platz zu einem g\u00fcnstigen Preis. Das Abonnement ist \u00fcbertragbar und beinhaltet acht Veranstaltungen in der Saison. Das aktuelle Programm erscheint im Kulturkalender und wird auf der\u00a0<a href=\"http:\/\/www.kamp-lintfort.de\/C12575360054DF73\/html\/4E65FF3C6B5D0986C125769A002D9BEB?opendocument&amp;nid1=46361\" target=\"_blank\" rel=\"noopener follow external noreferrer\" data-wpel-link=\"external\" class=\"ext-link wpel-icon-right\">Internetseite<span class=\"wpel-icon wpel-image wpel-icon-8\"><\/span><\/a> der Stadt Kamp-Lintfort ver\u00f6ffentlicht.<\/p>\n<h5>Freilicht-Theater Kamp<\/h5>\n<p>Das Open-Air-Event lockt im Sommer \u00fcber 2.000 Theaterbegeisterte auf den Abteiplatz vor dem Kloster Kamp. In lauen Sommern\u00e4chten lassen sich die Besucher j\u00e4hrlich von den Vorstellungen des Landestheaters Burghofb\u00fchne oder des K\u00f6lner N.N. Theaters gefangen nehmen.<\/p>\n<p>Beim Besuch des Freilicht-Theaters Kamp bietet sich vor einer Veranstaltung die Besichtigung des barocken Terrassengartens \u2013 des \u201eSanssouci am Niederrhein\u201c \u2013 sowie ein Besuch des Klosters und des Museums Kloster Kamp an, das die neunhundertj\u00e4hrige Geschichte des Zisterzienserordens pr\u00e4sentiert.<\/p>\n<p>F\u00fcr das leibliche Wohl ist vor und w\u00e4hrend der Theaterveranstaltungen gesorgt.<\/p>\n<table>\n<tbody>\n<tr>\n<td style=\"border-color: #cfefae;background-color: #cfefae\"><strong>Freilicht-Theater Kamp<\/strong><br \/> Rathaus Stadt Kamp-Lintfort, Kulturb\u00fcro, Zimmer 318<br \/> Am Rathaus 2, 47475 Kamp-Lintfort<br \/> Telefon: 02842-912-290<br \/>Telefax: 02842-912-494<br \/> E-Mail: <a href=\"mailto:ilona.haje@kamp-lintfort.de\">ilona.haje@kamp-lintfort.de<\/a><br \/> Internet: <a href=\"http:\/\/www.kamp-lintfort.de\" target=\"_blank\" rel=\"noopener follow external noreferrer\" data-wpel-link=\"external\" class=\"ext-link wpel-icon-right\">www.kamp-lintfort.de <span class=\"wpel-icon wpel-image wpel-icon-8\"><\/span><\/a><\/td>\n<\/tr>\n<\/tbody>\n<\/table>\n<h5>B\u00fchne 69 e.V.<\/h5>\n<p>Fest etabliert hat sich die Amateurtheatergruppe B\u00fchne 69. J\u00e4hrlich produziert das beliebte Amateurtheater mindestens zwei neue Theaterst\u00fccke sowie ein Kindertheaterst\u00fcck. Hinzugekommen ist seit dem Jahr 2006 ein Jugendtheater. Mittlerweile ist die B\u00fchne 69 fester Bestandteil im Abonnementprogramm der Stadt Kamp-Lintfort.<\/p>\n<table>\n<tbody>\n<tr>\n<td style=\"border-color: #cfefae;background-color: #cfefae\"><strong>B\u00fchne 69 e.V. <\/strong><br \/> Peter Vogelsang, B\u00fchne 69 e.V. \u2013 Das Theater in Kamp-Lintfort<br \/> Peter Vogelsang, Abteiplatz 17, 47475 Kamp-Lintfort<br \/> Telefon: 02842-960444<br \/> E-Mail: <a href=\"mailto:info@buehne69.de\">info@buehne69.de<\/a>, Internet: <a href=\"http:\/\/www.buehne69.de\" target=\"_blank\" rel=\"noopener follow external noreferrer\" data-wpel-link=\"external\" class=\"ext-link wpel-icon-right\">www.buehne69.de <span class=\"wpel-icon wpel-image wpel-icon-8\"><\/span><\/a><\/td>\n<\/tr>\n<\/tbody>\n<\/table>\n<div id=\"pg-1246-0\" class=\"panel-grid panel-no-style\">\u00a0<\/div>\n<div id=\"pg-1246-1\" class=\"panel-grid panel-no-style\">\n<div id=\"pgc-1246-1-0\" class=\"panel-grid-cell\">\n<div id=\"panel-1246-1-0-0\" class=\"so-panel widget widget_sow-editor panel-first-child panel-last-child\">\n<div class=\"so-widget-sow-editor so-widget-sow-editor-base\">\n<div class=\"siteorigin-widget-tinymce textwidget\">\n<p><strong><a href=\"https:\/\/unser-quartier.de\/kali50plus\/inhaltsverzeichnis\/\" data-wpel-link=\"internal\">&lt;zur\u00fcck zum Inhaltsverzeichnis Wegweiser 50plus&gt;<\/a><\/strong><\/p>\n<\/div>\n<\/div>\n<\/div>\n<\/div>\n<\/div>\n<\/div>\n<\/div><\/div><\/div><\/div><\/div>","protected":false},"excerpt":{"rendered":"<p>Theater der Stadt Kamp-Lintfort In der Stadthalle wird allj\u00e4hrlich ein attraktiv gestaltetes Theaterprogramm zusammengestellt. Das Angebot reicht vom Kabarett bis zum Schauspiel, der Trag\u00f6die bis zu Kindervorf\u00fchrungen. Mit einem Abonnement sichern Sie sich einen guten Platz zu einem g\u00fcnstigen Preis. Das Abonnement ist \u00fcbertragbar und beinhaltet acht Veranstaltungen in der Saison. Das aktuelle Programm erscheint &hellip; <a href=\"https:\/\/unser-quartier.de\/kali50plus\/2-3-theater\/\" class=\"more-link\" data-wpel-link=\"internal\"><span class=\"screen-reader-text\">Theater<\/span> weiterlesen <span class=\"meta-nav\">&rarr;<\/span><\/a><\/p>\n","protected":false},"author":168,"featured_media":0,"parent":0,"menu_order":0,"comment_status":"closed","ping_status":"closed","template":"","meta":{"_bbp_topic_count":0,"_bbp_reply_count":0,"_bbp_total_topic_count":0,"_bbp_total_reply_count":0,"_bbp_voice_count":0,"_bbp_anonymous_reply_count":0,"_bbp_topic_count_hidden":0,"_bbp_reply_count_hidden":0,"_bbp_forum_subforum_count":0,"advanced_seo_description":"","jetpack_seo_html_title":"","jetpack_seo_noindex":false,"ngg_post_thumbnail":0,"jetpack_post_was_ever_published":false,"footnotes":""},"class_list":["post-1472","page","type-page","status-publish","hentry"],"jetpack_shortlink":"https:\/\/wp.me\/P4AdMt-nK","jetpack_likes_enabled":true,"jetpack-related-posts":[],"jetpack_sharing_enabled":true,"_links":{"self":[{"href":"https:\/\/unser-quartier.de\/kali50plus\/wp-json\/wp\/v2\/pages\/1472","targetHints":{"allow":["GET"]}}],"collection":[{"href":"https:\/\/unser-quartier.de\/kali50plus\/wp-json\/wp\/v2\/pages"}],"about":[{"href":"https:\/\/unser-quartier.de\/kali50plus\/wp-json\/wp\/v2\/types\/page"}],"author":[{"embeddable":true,"href":"https:\/\/unser-quartier.de\/kali50plus\/wp-json\/wp\/v2\/users\/168"}],"replies":[{"embeddable":true,"href":"https:\/\/unser-quartier.de\/kali50plus\/wp-json\/wp\/v2\/comments?post=1472"}],"version-history":[{"count":0,"href":"https:\/\/unser-quartier.de\/kali50plus\/wp-json\/wp\/v2\/pages\/1472\/revisions"}],"wp:attachment":[{"href":"https:\/\/unser-quartier.de\/kali50plus\/wp-json\/wp\/v2\/media?parent=1472"}],"curies":[{"name":"wp","href":"https:\/\/api.w.org\/{rel}","templated":true}]}}