{"id":1496,"date":"2014-05-25T16:51:50","date_gmt":"2014-05-25T14:51:50","guid":{"rendered":"http:\/\/unser-quartier.de\/kali50plus\/?p=1496"},"modified":"2025-12-10T11:53:21","modified_gmt":"2025-12-10T10:53:21","slug":"2-5-sport-spiel-bewegung-seite-2","status":"publish","type":"page","link":"https:\/\/unser-quartier.de\/kali50plus\/2-5-sport-spiel-bewegung-seite-2\/","title":{"rendered":"Sport, Spiel und Bewegung &#8211; Seite 2"},"content":{"rendered":"<div id=\"pl-1496\"  class=\"panel-layout\" ><div id=\"pg-1496-0\"  class=\"panel-grid panel-no-style\" ><div id=\"pgc-1496-0-0\"  class=\"panel-grid-cell\" ><div id=\"panel-1496-0-0-0\" class=\"so-panel widget widget_sow-editor panel-first-child panel-last-child\" data-index=\"0\" ><div\n\t\t\t\n\t\t\tclass=\"so-widget-sow-editor so-widget-sow-editor-base\"\n\t\t\t\n\t\t>\n<div class=\"siteorigin-widget-tinymce textwidget\">\n\t<h5>Billardverein PBC \u201eGut-Sto\u00df\u201c Kamp-Lintfort 1973 e.V.<br \/>\n(Pool-Billard)<\/h5>\n<p>\u201eZum Krug\u201c<br \/>\nSchulstr. 160, 47475 Kamp-Lintfort<br \/>\nTelefon\/Telefax: 02842-929377<br \/>\nE-Mail: <a href=\"\\&quot;mailto:heinz.hofemeister@t-online.de\\&quot;\" data-wpel-link=\"internal\">heinz.hofemeister@t-online.de<\/a><\/p>\n<h5>PBC Ka-Li 88 e.V. (Pool Billard)<\/h5>\n<p>Vinnstr. 42, 47475 Kamp-Lintfort<br \/>\nTelefon: 0160-92294856<\/p>\n<h5>Segelvereinigung Kamp-Lintfort von 1971 e.V.<\/h5>\n<p>J\u00f6rg Nolden<br \/>\nKiefernkamp 26, 47445 Moers<br \/>\nTelefon: 02841-42494, Mobil: 0172-2125604<br \/>\nE-Mail: <a href=\"\\&quot;mailto:nijoe@web.de\\&quot;\" data-wpel-link=\"internal\">nijoe@web.de<\/a><br \/>\nInternet: <a href=\"\\&quot;http:\/\/www.segeln-in-kali.de\\&quot;\" target=\"\\&quot;_blank\\&quot;\" rel=\"\\&quot;noopener\" noreferrer\\&quot;=\"\" data-wpel-link=\"internal\">www.segeln-in-kali.de<\/a><\/p>\n<p>Segelrevier an der Bendenstra\u00dfe am Rossenrayer See<br \/>\nApril bis Oktober: Segeln f\u00fcr jedermann,<br \/>\nSegelscheine, SBF Binnen + SBF See, Segeln + Motor<br \/>\nTerminabsprache erforderlich<\/p>\n<h5>Rad- und Motorsportverein \u201eFrischauf\u201c Kamp-Lintfort<\/h5>\n<p>Alfred Kunze<br \/>\nFerdinantenstr. 191, 47475 Kamp-Lintfort,<br \/>\nTelefon: 02842-7999, Telefax: 02842-7999<br \/>\nE-Mail: <a href=\"\\&quot;mailto:alkunze@t-online.de\\&quot;\" data-wpel-link=\"internal\">alkunze@t-online.de <\/a><\/p>\n<h5>Budo-Club Kamp-Lintfort e.V.<\/h5>\n<p>Axel Deppermann<br \/>\nHertzstr. 3, 47475 Kamp-Lintfort<br \/>\nTelefon: 02842-9755687<br \/>\nE-Mail: <a href=\"\\&quot;mailto:vorsitzender@bc-kali.de\\&quot;\" data-wpel-link=\"internal\">vorsitzender@bc-kali.de<\/a><br \/>\nInternet: <a href=\"\\&quot;http:\/\/www.bc-kali.de\\&quot;\" target=\"\\&quot;_blank\\&quot;\" rel=\"\\&quot;noopener\" noreferrer\\&quot;=\"\" data-wpel-link=\"internal\">www.bc-kali.de <\/a><\/p>\n<h5>Kamp-Lintforter Segelclub KLSC<\/h5>\n<p>Vereinsgew\u00e4sser Rossenrayer See<br \/>\nWalter Gomoloch<br \/>\nNimmendohrstr. 98, 47475 Kamp-Lintfort<br \/>\nTelefon: 02842-47623<br \/>\nE-Mail: <a href=\"\\&quot;mailto:info@klsc-segeln.de\\&quot;\" data-wpel-link=\"internal\">info@klsc-segeln.de<br \/>\n<\/a>Internet: <a href=\"\\&quot;http:\/\/www.klsc-segeln.de\\&quot;\" target=\"\\&quot;_blank\\&quot;\" rel=\"\\&quot;noopener\" noreferrer\\&quot;=\"\" data-wpel-link=\"internal\">www.klsc-segeln.de<\/a><\/p>\n<h5>1. Surf- und Segelgemeinschaft Kamp-Lintfort e.V.<\/h5>\n<p>Vereinsgew\u00e4sser Rossenrayer See<br \/>\nDr. Albert Spitzner-Jahn<br \/>\nNiersenbruchstr. 24, 47475 Kamp-Lintfort<br \/>\nTelefon: 02842-42056<br \/>\nE-Mail: <a href=\"\\&quot;mailto:spitznerjahn@aol.com\\&quot;\" data-wpel-link=\"internal\">spitznerjahn@aol.com<\/a><br \/>\nInternet: <a href=\"\\&quot;http:\/\/www.ssgkl.de\\&quot;\" target=\"\\&quot;_blank\\&quot;\" rel=\"\\&quot;noopener\" noreferrer\\&quot;=\"\" data-wpel-link=\"internal\">www.ssgkl.de<\/a><\/p>\n<h5>Tennisclub Blau-Wei\u00df Kamp-Lintfort e.V.<\/h5>\n<p>Gohrstr. 68, 47475 Kamp-Lintfort<br \/>\nTelefon: 02842-30936<br \/>\nE-Mail: <a href=\"\\&quot;mailto:info@tcbw-kamp-lintfort.de\\&quot;\" data-wpel-link=\"internal\">info@tcbw-kamp-lintfort.de<\/a><br \/>\nInternet: <a href=\"\\&quot;http:\/\/www.tcbw-kamp-lintfort.de\\&quot;\" target=\"\\&quot;_blank\\&quot;\" rel=\"\\&quot;noopener\" noreferrer\\&quot;=\"\" data-wpel-link=\"internal\">www.tcbw-kamp-lintfort.de<\/a><br \/>\nSeniorentennis im Sommer und im Winter<br \/>\nals Leistungs- und Breitensport;<br \/>\nNordic-Walking;<br \/>\ngesellschaftliche Veranstaltungen<\/p>\n<h5>Touristenverein Die Naturfreunde \u2013<br \/>\nOrtsgruppe Kamp-Lintfort<\/h5>\n<p>Leonhard Starsinski<br \/>\nNaturfreundehaus Kamp-Lintfort<br \/>\nFranzstr. 58, 47475 Kamp-Lintfort<br \/>\nTelefon 02842-56931 oder 02841-4571 (privat)<\/p>\n<h5>Vereinigte Sportkegler Kamp-Lintfort e.V.<\/h5>\n<p>Kegelsporthalle am Schulzentrum<br \/>\nMoerser Str. 167, 47463 Kamp-Lintfort<br \/>\nTelefon: 02842-50646<br \/>\nE-Mail: <a href=\"\\&quot;mailto:geschaeftsfuehrer@vsk-kamp-lintfort1962.de\\&quot;\" data-wpel-link=\"internal\">geschaeftsfuehrer@vsk-kamp-lintfort1962.de<\/a><br \/>\nInternet: www.vsk-kamp-lintfort1962.de&nbsp;&nbsp;<strong><span style=\\\"background-color: #ff0000; color: #ffffff;\\\">(derzeit ung\u00fcltig!)<\/span><\/strong><\/p>\n<h5>Zelt- und Wassersportfreunde \u201eRheintreue\u201c e.V.<br \/>\n<strong>Kamp-Lintfort\/Rheinberg<\/strong><\/h5>\n<p>Andrea Rother<br \/>\nHasenfeld 5, 47495 Rheinberg<br \/>\nTelefon: 02843-9591996 (Vereinsheim) oder<br \/>\nTelefon: 02842-42764 (Ansprechpartner)<br \/>\nE-Mail: <a href=\"\\&quot;mailto:helge.rother@t-online.de\\&quot;\" data-wpel-link=\"internal\">helge.rother@t-online.de<\/a><br \/>\nZielpunkt\/Zwischenstation f\u00fcr Radtouren l\u00e4ngs des Rheindeichs (Rheinberg-Eversael-Orsoy)<\/p>\n<h5>Panoramabad-Pappelsee<\/h5>\n<p>Bertastr. 74, 47475 Kamp-Lintfort,<br \/>\nTelefon: 02842-81640<br \/>\nE-Mail: <a href=\"\\&quot;mailto:kontakt@panoramabad-pappelsee.de\\&quot;\" data-wpel-link=\"internal\">kontakt@panoramabad-pappelsee.de<\/a><br \/>\nInternet: <a href=\"\\&quot;http:\/\/www.panoramabad-pappelsee.de\\&quot;\" target=\"\\&quot;_blank\\&quot;\" rel=\"\\&quot;noopener\" noreferrer\\&quot;=\"\" data-wpel-link=\"internal\">www.panoramabad-pappelsee.de<\/a><\/p>\n<p>Je nach Wetterlage er\u00f6ffnet das Panoramabad Anfang bis Mitte Mai den Freibadbetrieb. Dann stehen den G\u00e4sten neben dem Schwimmbecken im Hallenbad, dessen gro\u00dfe Glasfront ge\u00f6ffnet wird, die gesamten Au\u00dfenanlagen zur Verf\u00fcgung.<\/p>\n<p>\u00dcber den beginn der Freibadsaison informiert das Bad \u00fcber die Homepage: <a href=\"\\&quot;http:\/\/www.panoramabad-pappelsee.de\\&quot;\" target=\"\\&quot;_blank\\&quot;\" rel=\"\\&quot;noopener\" noreferrer\\&quot;=\"\" data-wpel-link=\"internal\">www.panoramabad-pappelsee.de<\/a>.<\/p>\n<p>Spezielles Angebot:<br \/>\n<strong>Seniorenschwimmen<\/strong><br \/>\nMo&nbsp; 14:00 bis 15:30 Uhr<br \/>\n<strong>Fr\u00fchschwimmen:<\/strong><br \/>\nDi \/ Fr 06:00 bis 07:45 Uhr<br \/>\n<strong>R\u00fcckenfitkurs und Aquafitness-Kurse<\/strong><\/p>\n<p><strong><a href=\"\\&quot;https:\/\/unser-quartier.de\/kali50plus\/2-5-sport-spiel-bewegung-seite-1\/\\&quot;\" data-wpel-link=\"internal\">&lt;&lt; Seite 1<\/a><br \/>\n<a href=\"\\&quot;https:\/\/unser-quartier.de\/kali50plus\/inhaltsverzeichnis\/\\&quot;\" data-wpel-link=\"internal\">&lt;zur\u00fcck zum Inhaltsverzeichnis Wegweiser 50plus&gt;<\/a><\/strong><\/p>\n<\/div>\n<\/div><\/div><\/div><\/div><\/div>","protected":false},"excerpt":{"rendered":"<p>Billardverein PBC \u201eGut-Sto\u00df\u201c Kamp-Lintfort 1973 e.V. (Pool-Billard) \u201eZum Krug\u201c Schulstr. 160, 47475 Kamp-Lintfort Telefon\/Telefax: 02842-929377 E-Mail: heinz.hofemeister@t-online.de PBC Ka-Li 88 e.V. (Pool Billard) Vinnstr. 42, 47475 Kamp-Lintfort Telefon: 0160-92294856 Segelvereinigung Kamp-Lintfort von 1971 e.V. J\u00f6rg Nolden Kiefernkamp 26, 47445 Moers Telefon: 02841-42494, Mobil: 0172-2125604 E-Mail: nijoe@web.de Internet: www.segeln-in-kali.de Segelrevier an der Bendenstra\u00dfe am Rossenrayer See &hellip; <a href=\"https:\/\/unser-quartier.de\/kali50plus\/2-5-sport-spiel-bewegung-seite-2\/\" class=\"more-link\" data-wpel-link=\"internal\"><span class=\"screen-reader-text\">Sport, Spiel und Bewegung &#8211; Seite 2<\/span> weiterlesen <span class=\"meta-nav\">&rarr;<\/span><\/a><\/p>\n","protected":false},"author":168,"featured_media":0,"parent":0,"menu_order":0,"comment_status":"closed","ping_status":"closed","template":"","meta":{"_bbp_topic_count":0,"_bbp_reply_count":0,"_bbp_total_topic_count":0,"_bbp_total_reply_count":0,"_bbp_voice_count":0,"_bbp_anonymous_reply_count":0,"_bbp_topic_count_hidden":0,"_bbp_reply_count_hidden":0,"_bbp_forum_subforum_count":0,"advanced_seo_description":"","jetpack_seo_html_title":"","jetpack_seo_noindex":false,"ngg_post_thumbnail":0,"jetpack_post_was_ever_published":false,"footnotes":""},"class_list":["post-1496","page","type-page","status-publish","hentry"],"jetpack_shortlink":"https:\/\/wp.me\/P4AdMt-o8","jetpack_likes_enabled":true,"jetpack-related-posts":[],"jetpack_sharing_enabled":true,"_links":{"self":[{"href":"https:\/\/unser-quartier.de\/kali50plus\/wp-json\/wp\/v2\/pages\/1496","targetHints":{"allow":["GET"]}}],"collection":[{"href":"https:\/\/unser-quartier.de\/kali50plus\/wp-json\/wp\/v2\/pages"}],"about":[{"href":"https:\/\/unser-quartier.de\/kali50plus\/wp-json\/wp\/v2\/types\/page"}],"author":[{"embeddable":true,"href":"https:\/\/unser-quartier.de\/kali50plus\/wp-json\/wp\/v2\/users\/168"}],"replies":[{"embeddable":true,"href":"https:\/\/unser-quartier.de\/kali50plus\/wp-json\/wp\/v2\/comments?post=1496"}],"version-history":[{"count":2,"href":"https:\/\/unser-quartier.de\/kali50plus\/wp-json\/wp\/v2\/pages\/1496\/revisions"}],"predecessor-version":[{"id":32675,"href":"https:\/\/unser-quartier.de\/kali50plus\/wp-json\/wp\/v2\/pages\/1496\/revisions\/32675"}],"wp:attachment":[{"href":"https:\/\/unser-quartier.de\/kali50plus\/wp-json\/wp\/v2\/media?parent=1496"}],"curies":[{"name":"wp","href":"https:\/\/api.w.org\/{rel}","templated":true}]}}