{"id":1541,"date":"2014-05-25T19:31:05","date_gmt":"2014-05-25T17:31:05","guid":{"rendered":"http:\/\/unser-quartier.de\/kali50plus\/?p=1541"},"modified":"2022-01-30T12:53:40","modified_gmt":"2022-01-30T11:53:40","slug":"4-1-gesheits-zentrum-st-bernhard","status":"publish","type":"page","link":"https:\/\/unser-quartier.de\/kali50plus\/4-1-gesheits-zentrum-st-bernhard\/","title":{"rendered":"Gesundheitszentrum St. Bernhard Hospital"},"content":{"rendered":"<div id=\"pl-1541\"  class=\"panel-layout\" ><div id=\"pg-1541-0\"  class=\"panel-grid panel-no-style\" ><div id=\"pgc-1541-0-0\"  class=\"panel-grid-cell\" ><div id=\"panel-1541-0-0-0\" class=\"so-panel widget widget_sow-editor panel-first-child panel-last-child\" data-index=\"0\" ><div\n\t\t\t\n\t\t\tclass=\"so-widget-sow-editor so-widget-sow-editor-base\"\n\t\t\t\n\t\t>\n<div class=\"siteorigin-widget-tinymce textwidget\">\n\t<p>Das St. Bernhard-Hospital in Kamp-Lintfort ist eine Einrichtung der St. Franziskus-Stiftung M\u00fcnster. Als eine von vier Kliniken in der Region Rheinland geh\u00f6rt das St. Bernhard-Hospital somit zu einem der gr\u00f6\u00dften konfessionellen Krankenhaustr\u00e4ger in Nordwestdeutschland mit aktuell 15 Krankenh\u00e4usern. Die Franziskus Stiftung f\u00fchrt als privater, nicht pro\ufb01torientierter Verbund von Einrichtungen im Gesundheitswesen die Werke und Werte der Ordensgemeinschaft der Franziskanerinnen von M\u00fcnster-St. Mauritz im Sinne des Ordens weiter. Die Klinik verf\u00fcgt \u00fcber 310 Betten und zehn Fachkliniken und ist von proCum Cert (konfessionelle Zerti\ufb01zierungsgesellschaft) und KTQ (Kooperation f\u00fcr Transparenz und Qualit\u00e4t im Gesundheitswesen) zerti\ufb01ziert. Als Krankenhaus der gehobenen Breitenversorgung mit entsprechender Differenzierung in Diagnostik und Therapie werden die Patienten medizinisch und p\ufb02egerisch bestm\u00f6glich behandelt und betreut. Das Einzugsgebiet erstreckt sich \u00fcber den gesamten Niederrhein und reicht weit dar\u00fcber hinaus. J\u00e4hrlich werden rund 12.500 Patientinnen und Patienten station\u00e4r und weit \u00fcber 15.000 ambulant behandelt.<\/p>\n<p>Die Gesundheitsf\u00f6rderung hat einen hohen Stellenwert. Das an das Hospital angeschlossene Gesundheitszentrum bietet ein umfangreiches Kursprogramm zur gesundheitlichen Vorsorge.<\/p>\n<table>\n<tbody>\n<tr>\n<td style=\"border-color: #cfefae;background-color: #cfefae\"><strong>St. Bernhard-Hospital Kamp-Lintfort GmbH<\/strong><br \/> B\u00fcrgermeister-Schmelzing-Str. 90<br \/> 47475 Kamp-Lintfort<br \/> Telefon: 02842-7080<br \/> Internet: <a href=\"http:\/\/www.st-bernhard-hospital.de\" target=\"_blank\" rel=\"noopener follow external noreferrer\" data-wpel-link=\"external\" class=\"ext-link wpel-icon-right\">www.st-bernhard-hospital.de<span class=\"wpel-icon wpel-image wpel-icon-8\"><\/span><\/a><\/td>\n<\/tr>\n<\/tbody>\n<\/table>\n<h5>Gesundheitszentrum am St. Bernhard-Hospital<\/h5>\n<p>Das <span style=\"color: #000000\">Gesundheitszentrum am St. Bernhard-Hospital <\/span>bietet f\u00fcr alle Interessierten ein umfangreiches Kursprogramm mit Angeboten zur Gesundheitsf\u00f6rderung, Pr\u00e4vention und Rehabilitation an. Einige Kurse zur Gesundheitsvorsorge \ufb01nden im Rahmen der \u201ePrim\u00e4rpr\u00e4vention\u201c in Kooperation mit den Krankenkassen der Region statt.<\/p>\n<p><strong>Eine Auswahl des Kursprogramms:<\/strong><\/p>\n<p>\u2022 Aktives R\u00fcckentraining<br \/>\u2022 Beckenbodengymnastik<br \/>\u2022 Nordic Walking<br \/>\u2022 Hatha Yoga<br \/>\u2022 Ern\u00e4hrungsberatung<br \/>\u2022 Kurse f\u00fcr p\ufb02egende Angeh\u00f6rige<br \/>\u2022 Erste Hilfe-Kurse<\/p>\n<p>Das aktuelle Kursangebot des Gesundheitszentrums wird in einem halbj\u00e4hrlich erscheinenden Kursprogramm ver\u00f6ffentlicht, das auch im Internet als PDF-Datei heruntergeladen werden kann.<\/p>\n<table>\n<tbody>\n<tr>\n<td style=\"border-color: #cfefae;background-color: #cfefae\"><strong>Gesundheitszentrum am St. Bernhard-Hospital<\/strong><br \/> J\u00f6rg Verf\u00fcrth<br \/> Bgm.-Schmelzing-Str. 90<br \/> 47475 Kamp-Lintfort<br \/> Telefon: 02842-70-8132<br \/> E-Mail: <a href=\"mailto:gesundheitszentrum@st-bernhard-hospital.de\" target=\"_blank\" rel=\"noopener\">gesundheitszentrum@st-bernhard-hospital.de<\/a><br \/> Internet: <a href=\"http:\/\/www.st-bernhard-hospital.de\" target=\"_blank\" rel=\"noopener follow external noreferrer\" data-wpel-link=\"external\" class=\"ext-link wpel-icon-right\">www.st-bernhard-hospital.de<span class=\"wpel-icon wpel-image wpel-icon-8\"><\/span><\/a><\/td>\n<\/tr>\n<\/tbody>\n<\/table>\n<h5>P\ufb02ege\u00fcberleitung am St. Bernhard-Hospital<\/h5>\n<p>Die <span style=\"color: #000000\">P\ufb02ege\u00fcberleitung am St. Bernhard-Hospital<\/span> ist ein Angebot f\u00fcr alle Patientinnen und Patienten, die \u00fcber die station\u00e4re Behandlung hinaus p\ufb02egerische Unterst\u00fctzung ben\u00f6tigen. Ziel ist es, mit P\ufb02egebed\u00fcrftigen und ihren Angeh\u00f6rigen eine individuell abgestimmte h\u00e4usliche P\ufb02ege zu organisieren. In enger Zusammenarbeit mit \u00c4rzten, ambulanten oder station\u00e4ren P\ufb02egeeinrichtungen und den P\ufb02egekassen werden insbesondere folgende Leistungen angeboten:<\/p>\n<ul>\n<li>Beratung zu Leistungen der Kranken- und P\ufb02egekassen und den unterschiedlichen Betreuungs- und Unterst\u00fctzungsformen<\/li>\n<li>Beratung und Beantragung zur Feststellung einer P\ufb02egestufe und P\ufb02egeleistungen<\/li>\n<li>Wohnumfeldberatung f\u00fcr Hilfsmittel (Beschaffung und Anwendung p\ufb02egerischer Hilfsmittel)<\/li>\n<li>Vermittlung von P\ufb02ege- und Mahlzeitendiensten;\u00a0 Hausnotrufsystemen oder hauswirtschaftlichen Hilfen<\/li>\n<li>Beratung zu Vorsorgevollmachten, Betreuungs- und Patientenverf\u00fcgungen<\/li>\n<li>Kurse und Gespr\u00e4chskreise f\u00fcr p\ufb02egende Angeh\u00f6rige<\/li>\n<\/ul>\n<table>\n<tbody>\n<tr>\n<td style=\"border-color: #cfefae;background-color: #cfefae\"><strong>P\ufb02ege\u00fcberleitung am St. Bernhard-Hospital<\/strong><br \/> Frau Angerhausen, Frau Bald<br \/> Bgm.-Schmelzing-Str. 90<br \/> 47475 Kamp-Lintfort<br \/> Telefon: 02842-70-8139<br \/> Telefax: 02842-708145<br \/> Internet: <a href=\"http:\/\/www.st-bernhard-hospital.de\" target=\"_blank\" rel=\"noopener follow external noreferrer\" data-wpel-link=\"external\" class=\"ext-link wpel-icon-right\">www.st-bernhard-hospital.de<span class=\"wpel-icon wpel-image wpel-icon-8\"><\/span><\/a><br \/> Sprechzeiten:<br \/> Mo bis Do 7:30 bis 16:00 Uhr<\/td>\n<\/tr>\n<\/tbody>\n<\/table>\n<p><strong><a href=\"https:\/\/unser-quartier.de\/kali50plus\/inhaltsverzeichnis\/\" data-wpel-link=\"internal\">&lt;zur\u00fcck zum Inhaltsverzeichnis Wegweiser 50plus&gt;<\/a><\/strong><\/p>\n<\/div>\n<\/div><\/div><\/div><\/div><\/div>","protected":false},"excerpt":{"rendered":"<p>Das St. Bernhard-Hospital in Kamp-Lintfort ist eine Einrichtung der St. Franziskus-Stiftung M\u00fcnster. Als eine von vier Kliniken in der Region Rheinland geh\u00f6rt das St. Bernhard-Hospital somit zu einem der gr\u00f6\u00dften konfessionellen Krankenhaustr\u00e4ger in Nordwestdeutschland mit aktuell 15 Krankenh\u00e4usern. Die Franziskus Stiftung f\u00fchrt als privater, nicht pro\ufb01torientierter Verbund von Einrichtungen im Gesundheitswesen die Werke und Werte &hellip; <a href=\"https:\/\/unser-quartier.de\/kali50plus\/4-1-gesheits-zentrum-st-bernhard\/\" class=\"more-link\" data-wpel-link=\"internal\"><span class=\"screen-reader-text\">Gesundheitszentrum St. Bernhard Hospital<\/span> weiterlesen <span class=\"meta-nav\">&rarr;<\/span><\/a><\/p>\n","protected":false},"author":168,"featured_media":0,"parent":0,"menu_order":0,"comment_status":"closed","ping_status":"closed","template":"","meta":{"_bbp_topic_count":0,"_bbp_reply_count":0,"_bbp_total_topic_count":0,"_bbp_total_reply_count":0,"_bbp_voice_count":0,"_bbp_anonymous_reply_count":0,"_bbp_topic_count_hidden":0,"_bbp_reply_count_hidden":0,"_bbp_forum_subforum_count":0,"advanced_seo_description":"","jetpack_seo_html_title":"","jetpack_seo_noindex":false,"ngg_post_thumbnail":0,"jetpack_post_was_ever_published":false,"footnotes":""},"class_list":["post-1541","page","type-page","status-publish","hentry"],"jetpack_shortlink":"https:\/\/wp.me\/P4AdMt-oR","jetpack_likes_enabled":true,"jetpack-related-posts":[],"jetpack_sharing_enabled":true,"_links":{"self":[{"href":"https:\/\/unser-quartier.de\/kali50plus\/wp-json\/wp\/v2\/pages\/1541","targetHints":{"allow":["GET"]}}],"collection":[{"href":"https:\/\/unser-quartier.de\/kali50plus\/wp-json\/wp\/v2\/pages"}],"about":[{"href":"https:\/\/unser-quartier.de\/kali50plus\/wp-json\/wp\/v2\/types\/page"}],"author":[{"embeddable":true,"href":"https:\/\/unser-quartier.de\/kali50plus\/wp-json\/wp\/v2\/users\/168"}],"replies":[{"embeddable":true,"href":"https:\/\/unser-quartier.de\/kali50plus\/wp-json\/wp\/v2\/comments?post=1541"}],"version-history":[{"count":0,"href":"https:\/\/unser-quartier.de\/kali50plus\/wp-json\/wp\/v2\/pages\/1541\/revisions"}],"wp:attachment":[{"href":"https:\/\/unser-quartier.de\/kali50plus\/wp-json\/wp\/v2\/media?parent=1541"}],"curies":[{"name":"wp","href":"https:\/\/api.w.org\/{rel}","templated":true}]}}