{"id":1552,"date":"2014-05-25T19:51:06","date_gmt":"2014-05-25T17:51:06","guid":{"rendered":"http:\/\/unser-quartier.de\/kali50plus\/?p=1552"},"modified":"2022-01-30T12:53:50","modified_gmt":"2022-01-30T11:53:50","slug":"brustgesundheit-im-kreis-wesel","status":"publish","type":"page","link":"https:\/\/unser-quartier.de\/kali50plus\/brustgesundheit-im-kreis-wesel\/","title":{"rendered":"Brustgesundheit im Kreis Wesel"},"content":{"rendered":"<div id=\"pl-1552\"  class=\"panel-layout\" ><div id=\"pg-1552-0\"  class=\"panel-grid panel-no-style\" ><div id=\"pgc-1552-0-0\"  class=\"panel-grid-cell\" ><div id=\"panel-1552-0-0-0\" class=\"so-panel widget widget_sow-editor panel-first-child panel-last-child\" data-index=\"0\" ><div\n\t\t\t\n\t\t\tclass=\"so-widget-sow-editor so-widget-sow-editor-base\"\n\t\t\t\n\t\t>\n<div class=\"siteorigin-widget-tinymce textwidget\">\n\t<p>Brustkrebs ist nach aktuellen Daten der Arbeitsgemeinschaft bev\u00f6lkerungsbezogener Krebsregister in Deutschland mit circa 50.000 Neuerkrankungen pro Jahr das h\u00e4u\ufb01gste Krebsleiden der Frau. Die Tendenz ist nach wie vor steigend. J\u00e4hrlich versterben ca. 20.000 Frauen an Brustkrebs. Am h\u00e4u\ufb01gsten erkranken Frauen zwischen dem 60. und 65. Lebensjahr und viele kommen sehr sp\u00e4t zur Behandlung.<\/p>\n<p>Alle Frauen ab dem 30. Lebensjahr haben einmal im Jahr Anspruch auf eine \u00e4rztlich durgef\u00fchrte kostenlose Tastuntersuchung. Die Mammographie ist eine R\u00f6ntgenuntersuchung der Brust. Ver\u00e4nderungen k\u00f6nnen, lange bevor sie tastbar sind, gesehen werden.<\/p>\n<p>Das Mammographie-Screening ist ein Programm zur Fr\u00fcherkennung von Brustkrebs. Frauen zwischen 50 und 69 Jahren werden alle zwei Jahre pers\u00f6nlich zu dieser kostenlosen Untersuchung eingeladen. Die Teilnahme ist freiwillig.<\/p>\n<p><strong>Selbstuntersuchung<\/strong><br \/> Die Kosten werden von den meisten Krankenkassen \u00fcbernommen. Kurse f\u00fcr interessierte Frauen zur Selbstuntersuchung der Brust werden auch vom Gesundheitszentrum am St. Bernhard-Hospital angeboten<strong>:<br \/><\/strong>Telefon: 02842-708132<br \/> E-Mail: <a href=\"mailto:gesundheitszentrum@st-bernhard-hospital.de\">gesundheitszentrum@st-bernhard-hospital.de<\/a><\/p>\n<p><strong>Hotline Mammographie-Screening<\/strong><br \/> Telefon 0211-5970 7000<br \/> Telefax 0211-5970 8943<br \/> E-Mail: <a href=\"mailto:info@masc-no.de\">info@masc-no.de <\/a><\/p>\n<p>Sprechzeiten:<br \/>Mo bis Do 08:00 bis 17:00 Uhr<br \/>Fr 08:00 bis 13:00 Uhr<\/p>\n<p><strong><a href=\"https:\/\/unser-quartier.de\/kali50plus\/inhaltsverzeichnis\/\" data-wpel-link=\"internal\">&lt;zur\u00fcck zum Inhaltsverzeichnis Wegweiser 50plus&gt;<\/a><\/strong><\/p>\n<\/div>\n<\/div><\/div><\/div><\/div><\/div>","protected":false},"excerpt":{"rendered":"<p>Brustkrebs ist nach aktuellen Daten der Arbeitsgemeinschaft bev\u00f6lkerungsbezogener Krebsregister in Deutschland mit circa 50.000 Neuerkrankungen pro Jahr das h\u00e4u\ufb01gste Krebsleiden der Frau. Die Tendenz ist nach wie vor steigend. J\u00e4hrlich versterben ca. 20.000 Frauen an Brustkrebs. Am h\u00e4u\ufb01gsten erkranken Frauen zwischen dem 60. und 65. Lebensjahr und viele kommen sehr sp\u00e4t zur Behandlung. Alle Frauen &hellip; <a href=\"https:\/\/unser-quartier.de\/kali50plus\/brustgesundheit-im-kreis-wesel\/\" class=\"more-link\" data-wpel-link=\"internal\"><span class=\"screen-reader-text\">Brustgesundheit im Kreis Wesel<\/span> weiterlesen <span class=\"meta-nav\">&rarr;<\/span><\/a><\/p>\n","protected":false},"author":168,"featured_media":0,"parent":0,"menu_order":0,"comment_status":"closed","ping_status":"closed","template":"","meta":{"_bbp_topic_count":0,"_bbp_reply_count":0,"_bbp_total_topic_count":0,"_bbp_total_reply_count":0,"_bbp_voice_count":0,"_bbp_anonymous_reply_count":0,"_bbp_topic_count_hidden":0,"_bbp_reply_count_hidden":0,"_bbp_forum_subforum_count":0,"advanced_seo_description":"","jetpack_seo_html_title":"","jetpack_seo_noindex":false,"ngg_post_thumbnail":0,"jetpack_post_was_ever_published":false,"footnotes":""},"class_list":["post-1552","page","type-page","status-publish","hentry"],"jetpack_shortlink":"https:\/\/wp.me\/P4AdMt-p2","jetpack_likes_enabled":true,"jetpack-related-posts":[],"jetpack_sharing_enabled":true,"_links":{"self":[{"href":"https:\/\/unser-quartier.de\/kali50plus\/wp-json\/wp\/v2\/pages\/1552","targetHints":{"allow":["GET"]}}],"collection":[{"href":"https:\/\/unser-quartier.de\/kali50plus\/wp-json\/wp\/v2\/pages"}],"about":[{"href":"https:\/\/unser-quartier.de\/kali50plus\/wp-json\/wp\/v2\/types\/page"}],"author":[{"embeddable":true,"href":"https:\/\/unser-quartier.de\/kali50plus\/wp-json\/wp\/v2\/users\/168"}],"replies":[{"embeddable":true,"href":"https:\/\/unser-quartier.de\/kali50plus\/wp-json\/wp\/v2\/comments?post=1552"}],"version-history":[{"count":0,"href":"https:\/\/unser-quartier.de\/kali50plus\/wp-json\/wp\/v2\/pages\/1552\/revisions"}],"wp:attachment":[{"href":"https:\/\/unser-quartier.de\/kali50plus\/wp-json\/wp\/v2\/media?parent=1552"}],"curies":[{"name":"wp","href":"https:\/\/api.w.org\/{rel}","templated":true}]}}