{"id":1557,"date":"2014-05-25T20:25:08","date_gmt":"2014-05-25T18:25:08","guid":{"rendered":"http:\/\/unser-quartier.de\/kali50plus\/?p=1557"},"modified":"2022-01-30T12:53:56","modified_gmt":"2022-01-30T11:53:56","slug":"4-4-ambulante-teil-stationaere-pflege","status":"publish","type":"page","link":"https:\/\/unser-quartier.de\/kali50plus\/4-4-ambulante-teil-stationaere-pflege\/","title":{"rendered":"Ambulante, teilstation\u00e4re und station\u00e4re Pflege"},"content":{"rendered":"<div id=\"pl-1557\"  class=\"panel-layout\" ><div id=\"pg-1557-0\"  class=\"panel-grid panel-no-style\" ><div id=\"pgc-1557-0-0\"  class=\"panel-grid-cell\" ><div id=\"panel-1557-0-0-0\" class=\"so-panel widget widget_sow-editor panel-first-child panel-last-child\" data-index=\"0\" ><div\n\t\t\t\n\t\t\tclass=\"so-widget-sow-editor so-widget-sow-editor-base\"\n\t\t\t\n\t\t>\n<div class=\"siteorigin-widget-tinymce textwidget\">\n\t<h5>Ambulante P\ufb02ege<\/h5>\n<p>Sozialstationen und ambulante P\ufb02egedienste bieten vielf\u00e4ltige, professionelle Hilfen f\u00fcr p\ufb02egebed\u00fcrftige Menschen an, die zu Hause versorgt werden. Ambulante P\ufb02egedienste mit ihren Fachkr\u00e4ften unterst\u00fctzen bei der so genannten Grundp\ufb02ege (K\u00f6rperp\ufb02ege, Ern\u00e4hrung, Mobilisation), der medizinischen Behandlungsp\ufb02ege (P\ufb02ege, die aufgrund einer Erkrankung n\u00f6tig ist und vom Arzt verordnet wird) sowie im hauswirtschaftlichen Bereich. Sie unterst\u00fctzen die p\ufb02egenden Angeh\u00f6rigen und Freunde und beraten dar\u00fcber hinaus bei allen Fragen rund um die h\u00e4usliche P\ufb02ege.<\/p>\n<h5>P\ufb02egedienste in Kamp-Lintfort:<\/h5>\n<p><strong>Caritas Sozialstation \u2013 Caritasverband Moers-Xanten e.V.<\/strong><br \/> Markgrafenstra\u00dfe 6, 47475 Kamp-Lintfort<br \/> Telefon: 02842-3181, Telefax: 02842-9219989<br \/> E-Mail: <a href=\"mailto:sst-kamp-lintfort@caritas-moers-xanten.de\">sst-kamp-lintfort@caritas-moers-xanten.de<\/a><br \/> Internet: <a href=\"http:\/\/www.caritas-moers-xanten.de\" target=\"_blank\" rel=\"noopener follow external noreferrer\" data-wpel-link=\"external\" class=\"ext-link wpel-icon-right\">www.caritas-moers-xanten.de<span class=\"wpel-icon wpel-image wpel-icon-8\"><\/span><\/a><br \/> Mo bis Fr 08:00 bis 16:00 Uhr<br \/> Grund- und Behandlungsp\ufb02ege; Qualit\u00e4tssicherungsbesuche nach SGB XI; Verhinderungsp\ufb02ege; hauswirtschaftliche Versorgung; fachkompetentes Wundmanagement; gerontopsychiatrische Fachp\ufb02ege; Palliativp\ufb02ege.<\/p>\n<p><strong>Grafschafter Diakonie ambulante P\ufb02ege gGmbH<\/strong><br \/> Geisbruchstr. 19, 47475 Kamp-Lintfort<br \/> Telefon: 02842-56298, Telefax: 02842-91864<br \/>Internet: <a href=\"http:\/\/www.grafschafter-diakonie.de\" target=\"_blank\" rel=\"noopener follow external noreferrer\" data-wpel-link=\"external\" class=\"ext-link wpel-icon-right\">www.grafschafter-diakonie.de<span class=\"wpel-icon wpel-image wpel-icon-8\"><\/span><\/a><br \/> Mo bis Fr 8:00 bis 16:00 <br \/>(auch Anrufbeantworter und Notfallhandy)<br \/> Alten-; Krankenp\ufb02ege und Hauswirtschaft; Betreuung; Angeh\u00f6rigengespr\u00e4chskreis f\u00fcr Demenzerkrankte; Palliativp\ufb02ege; Hilfebedarf im h\u00e4uslichen Bereich.<\/p>\n<p><strong>Krankenp\ufb02ege Kirchner GmbH<\/strong><br \/> Thomas Kirchner<br \/> Moerser Stra\u00dfe 249 a, 47475 Kamp-Lintfort<br \/> Telefon: 02842-2667<br \/>Telefax: 02842-2678<br \/> E-Mail: <a href=\"mailto:info@krankenp\ufb02ege-kirchner.de\">info@krankenp\ufb02ege-kirchner.de<\/a><br \/> Internet: <a href=\"http:\/\/www.krankenp\ufb02ege-kirchner.de\" target=\"_blank\" rel=\"noopener follow external noreferrer\" data-wpel-link=\"external\" class=\"ext-link wpel-icon-right\">www.krankenp\ufb02ege-kirchner.de<span class=\"wpel-icon wpel-image wpel-icon-8\"><\/span><\/a><br \/> Mo bis Fr\u00a0 9:00 bis 14:00 Uhr und nach Vereinbarung<br \/> Grundp\ufb02ege;<br \/>K\u00f6rperp\ufb02ege;<br \/>krankengerechtes Lagern;<br \/>Hilfe beim Waschen, An- und Auskleiden;<br \/>Reinigungsbad;<br \/>vorbeugende Ma\u00dfnahmen zur Verhinderung von Folgeerkrankungen.<\/p>\n<p><strong>Die H\u00e4usliche \u2013 Ambulante Kranken- und Seniorenp\ufb02ege<\/strong><br \/> Martina Scharnowski<br \/> Kruppstra\u00dfe 66, 47475 Kamp-Lintfort<br \/> Telefon: 02842-42553<br \/> Telefax: 02842-42747<br \/> E-Mail: <a href=\"mailto:info@die-haeusliche.de\">info@die-haeusliche.de<\/a><br \/>Internet: <a href=\"http:\/\/www.die-haeusliche.de\" target=\"_blank\" rel=\"noopener follow external noreferrer\" data-wpel-link=\"external\" class=\"ext-link wpel-icon-right\">www.die-haeusliche.de<span class=\"wpel-icon wpel-image wpel-icon-8\"><\/span><\/a><\/p>\n<p>\u00d6ffnungszeiten:<br \/>Mo bis Fr 9:00 bis 15:00 Uhr<\/p>\n<p>Der Informationsbedarf f\u00fcr Pflegebed\u00fcrftige und pflegende Angeh\u00f6rige ist sehr gro\u00df. Viele wollen wissen, wie die Pflege organisiert und finanziert werden kann, welche Leistungen der Pflegeversicherung ihnen zustehen und welche Beratungs- und Entlastungsangebote vor Ort existieren. Die Beratung zeigt auf, wie man schwierige Situationen gestaltet und verbessert.<\/p>\n<h5>Tagesp\ufb02ege-Angebote in Kamp-Lintfort<\/h5>\n<p>In einer Tagesp\ufb02ege-Einrichtung verbringen P\ufb02egebed\u00fcrftige bis zu acht Stunden t\u00e4glich, wohnen und schlafen jedoch in der eigenen Wohnung oder bei ihren Angeh\u00f6rigen. H\u00e4u\ufb01g sind Fahrdienste organisiert, die die Tagesg\u00e4ste von zu Hause abholen und am Nachmittag wieder nach Hause zur\u00fcck bringen.<\/p>\n<p><strong>AWO Seniorenzentrum \u201eStadt Kamp-Lintfort\u201c<\/strong><br \/> Markgrafenstr. 11, 47475 Kamp-Lintfort<br \/> Telefon: 02842-921-130<br \/> Telefax: 02842-921-100<br \/> E-Mail: <a href=\"mailto:sz-stadt-kamp-lintfort@awo-niederrhein.de\">sz-stadt-kamp-lintfort@awo-niederrhein.de<\/a><br \/> Internet: <a href=\"http:\/\/www.awo-nr.de\" target=\"_blank\" rel=\"noopener follow external noreferrer\" data-wpel-link=\"external\" class=\"ext-link wpel-icon-right\">www.awo-nr.de<span class=\"wpel-icon wpel-image wpel-icon-8\"><\/span><\/a><\/p>\n<p><strong>Caritas-Tagesp\ufb02ege St. Paulus <\/strong><br \/>Petra Steigerwald<br \/>Fasanenstra\u00dfe 3, 47475 Kamp-Lintfort<br \/> Telefon: 02842-1239403<\/p>\n<h5>Kurzzeitp\ufb02ege-Angebote in Kamp-Lintfort<\/h5>\n<p>Kurzzeitp\ufb02ege ist eine vollstation\u00e4re Versorgung in einem Alten- und P\ufb02egeheim, wenn die P\ufb02ege zu Hause vor\u00fcbergehend nicht m\u00f6glich ist. Dies kann zum Beispiel nach einem Krankenhausaufenthalt notwendig sein.<\/p>\n<p><strong>AWO Seniorenzentrum \u201eStadt Kamp-Lintfort\u201c<\/strong><br \/> Markgrafenstr. 11, 47475 Kamp-Lintfort<br \/> Telefon: 02842-921-130<br \/> Telefax: 02842-921-100<br \/> E-Mail: <a href=\"mailto:sz-stadt-kamp-lintfort@awo-niederrhein.de\">sz-stadt-kamp-lintfort@awo-niederrhein.de<\/a><br \/> Internet: <a href=\"http:\/\/www.awo-nr.de\" target=\"_blank\" rel=\"noopener follow external noreferrer\" data-wpel-link=\"external\" class=\"ext-link wpel-icon-right\">www.awo-nr.de<span class=\"wpel-icon wpel-image wpel-icon-8\"><\/span><\/a><\/p>\n<p><strong>Seniorenzentrum St. Josef<\/strong><br \/> Caritasverband Moers-Xanten eV.<br \/> Walkenriedstra\u00dfe 2, 47475 Kamp-Lintfort<br \/> Telefon: 02842-929500, Telefax: 02842-92950100<br \/> E-Mail: <a href=\"mailto:matthias.labza@caritas-moers-xanten.de\">matthias.labza@caritas-moers-xanten.de<\/a><br \/> Internet: <a href=\"http:\/\/www.caritas-moers-xanten.de\" target=\"_blank\" rel=\"noopener follow external noreferrer\" data-wpel-link=\"external\" class=\"ext-link wpel-icon-right\">www.caritas-moers-xanten.de<span class=\"wpel-icon wpel-image wpel-icon-8\"><\/span><\/a><\/p>\n<p><strong>Caritas Haus St. Hedwig<\/strong><br \/> Caritasverband Moers-Xanten e.V.<br \/> Sandstra\u00dfe 37, 47475 Kamp-Lintfort<br \/> Telefon: 02842-704-0, Telefax: 02842-704-100<br \/> E-Mail: <a href=\"mailto:fred.krusch@caritas-moers-xanten.de\">fred.krusch@caritas-moers-xanten.de<\/a><br \/> Internet: <a href=\"http:\/\/www.caritas-moers-xanten.de\" target=\"_blank\" rel=\"noopener follow external noreferrer\" data-wpel-link=\"external\" class=\"ext-link wpel-icon-right\">www.caritas-moers-xanten.de<span class=\"wpel-icon wpel-image wpel-icon-8\"><\/span><\/a><\/p>\n<p><strong>Friederike-Fliedner-Haus<\/strong><br \/> Evangelisches Altenp\ufb02egeheim<br \/> Ringstra\u00dfe 99-103, 47475 Kamp-Lintfort<br \/> Telefon: 02842-9133-0<br \/> Telefax: 02842-9133-15<br \/> E-Mail: <a href=\"mailto:info@friederike-\ufb02iedner-haus.de\">info@friederike-\ufb02iedner-haus.de<\/a><br \/> Internet: w<a href=\"http:\/\/www.friederike-fliedner-haus.de\/\" target=\"_blank\" rel=\"noopener follow external noreferrer\" data-wpel-link=\"external\" class=\"ext-link wpel-icon-right\">ww.friederike-fliedner-haus.de<span class=\"wpel-icon wpel-image wpel-icon-8\"><\/span><\/a><\/p>\n<p><strong>Station\u00e4re P\ufb02ege \u2013 <\/strong><strong>Alten- und P\ufb02egeheime<br \/><\/strong>F\u00fcr alte Menschen, die es trotz Unterst\u00fctzung durch Angeh\u00f6rige, Nachbarn und Freunde und erg\u00e4nzende ambulante P\ufb02egedienste zu unsicher und zu beschwerlich geworden ist, selbst\u00e4ndig in ihrer eigenen Wohnung zu leben, kann die Vollversorgung in einem Alten- und P\ufb02egeheim eine Alternative und gro\u00dfe Erleichterung bedeuten.<\/p>\n<h5>Alten- und P\ufb02egeheime in Kamp-Lintfort<\/h5>\n<p><strong>AWO Seniorenzentrum \u201eStadt Kamp-Lintfort\u201c<\/strong><br \/> Peter Hewing<br \/>Markgrafenstra\u00dfe 11, 47475 Kamp-Lintfort<br \/>Telefon: 02842-921-0, Telefax: 02842-921-100<br \/> E-Mail: <a href=\"mailto:sz-stadt-kamp-lintfort@awo-niederrhein.de\">sz-stadt-kamp-lintfort@awo-niederrhein.de<\/a><br \/> Internet: <a href=\"http:\/\/www.awo-nr.de\" target=\"_blank\" rel=\"noopener follow external noreferrer\" data-wpel-link=\"external\" class=\"ext-link wpel-icon-right\">www.awo-nr.de<span class=\"wpel-icon wpel-image wpel-icon-8\"><\/span><\/a><\/p>\n<p><strong>Caritas Haus St. Hedwig<\/strong><br \/>Fred Krusch<br \/> Sandstra\u00dfe 37, 47475 Kamp-Lintfort<br \/> Telefon: 02842-704-0, Telefax: 02842-704-100<br \/> E-Mail: <a href=\"mailto:fred.krusch@caritas-moers-xanten.de\">fred.krusch@caritas-moers-xanten.de<\/a><br \/> Internet: <a href=\"http:\/\/www.caritas-moers-xanten.de\" target=\"_blank\" rel=\"noopener follow external noreferrer\" data-wpel-link=\"external\" class=\"ext-link wpel-icon-right\">www.caritas-moers-xanten.de<span class=\"wpel-icon wpel-image wpel-icon-8\"><\/span><\/a><\/p>\n<p><strong>Caritas Seniorenzentrum St. Josef<\/strong><br \/>Matthias Labza<br \/> Walkenriedstra\u00dfe 2, 47475 Kamp-Lintfort<br \/> Telefon: 02842-929500, Telefax: 02842-92950100<br \/> E-Mail: <a href=\"mailto:matthias.labza@caritas-moers-xanten.de\">matthias.labza@caritas-moers-xanten.de<\/a><br \/> Internet: <a href=\"http:\/\/www.caritas-moers-xanten.de\" target=\"_blank\" rel=\"noopener follow external noreferrer\" data-wpel-link=\"external\" class=\"ext-link wpel-icon-right\">www.caritas-moers-xanten.de<span class=\"wpel-icon wpel-image wpel-icon-8\"><\/span><\/a><\/p>\n<p><strong>Friederike-Fliedner-Haus<\/strong><br \/> Evangelische Altenp\ufb02ege- und Kurzzeitpflegeeinrichtung Kamp-Lintfort<br \/>Ralph Simon<br \/> Ringstra\u00dfe 99-103, 47475 Kamp-Lintfort<br \/> Telefon: 02842-9133-0<br \/> Telefax: 02842-9133-15<br \/> E-Mail: <a href=\"mailto:info@friederike-\ufb02iedner-haus.de\">info@friederike-\ufb02iedner-haus.de<\/a><br \/> Internet: <a href=\"http:\/\/www.friederike-fliedner-haus.de\/\" target=\"_blank\" rel=\"noopener follow external noreferrer\" data-wpel-link=\"external\" class=\"ext-link wpel-icon-right\">www.friederike-\ufb02iedner-haus.de<span class=\"wpel-icon wpel-image wpel-icon-8\"><\/span><\/a><\/p>\n<p><strong>Belia Seniorenresidenz -<\/strong><br \/><strong>gemeinschaftlicher Treffpunkt im Gestfeld<br \/><\/strong>Ein \"offenes Haus\" als Treffpunkt f\u00fcr die Nachbarschaft im Gestfeld - so m\u00f6chte siech Belia in das gemeinschaftliche Zusammenleben integrieren. Der moderne Neubau, der 2017 den Betrieb aufnehmen wird, bietet dabei alle M\u00f6glichkeiten f\u00fcr eine f\u00fcrsorgliche Bewohnerbersorgung.<strong><br \/><\/strong><\/p>\n<p>Belia m\u00f6chte in den Seniorenresidenzen eine offene, kommunikative und gem\u00fctliche Atmosph\u00e4re schaffen. Mit Altenpflegeheimen an Rhein und &amp; Ruhr identifiziert sich das Unternehmen besonders mit der Region und m\u00f6chte mit jeder Einrichtung einen Ort der Geselligkeit, Gemeinschaft und Geborgenheit schaffen.<\/p>\n<p>Als Mitglied der Gemeinschaft im Gestfeld m\u00f6chte die Belia Seniorenresidenz Kamp-Lintfort ihren Bewohnern nicht nur die aktive Teilnahme am Leben in der Stadt erm\u00f6glichen, sondern der \u00d6ffentlichkeit mit dem eigenen Caf\u00e9 und dem t\u00e4glich frischen Mittagstisch einen Mittelpunkt f\u00fcr eine gute gemeinsame Zukunft bieten.<\/p>\n<p>Die spezialisierte Wohngruppe f\u00fcr Menschen mit Demenz zeichnet sich durch ihre qualifizierten Mitarbeiter aus, die durch einen herzlichen Umgang als wichtige Grundlage f\u00fcr die pflegerischen T\u00e4tigkeiten die Beziehung zum Bewohner st\u00e4rken. Neben gemeinschaftlichen Betreuungsangeboten bietet die Residenz mit ihren Einzelzimmern auch private R\u00fcckzugsm\u00f6glichkeiten in wohnlichem Ambiente.<\/p>\n<p>Die Belia Seniorenresidenz Kamp-Lintfort m\u00f6chte nicht nur als kompetenter Versorger, sondern auch bals als fester Bestandteil vom Gestfeld wahrgenommen werden. Wir freuen uns darauf, Sie hoffentlich bald als Gast unseres Hauses begr\u00fc\u00dfen zu d\u00fcrfen.<\/p>\n<p><strong>Belia Seniorenresidenz Kamp-Lintfort<\/strong><br \/>H\u00f6lderlinweg 2, 47475 Kamp-Lintfort<br \/>Telefon: 0174-6835212<br \/>E-Mail: <a href=\"mailto:kamp-lintfort@belia.de\" target=\"_blank\" rel=\"noopener\">kamp-lintfort@belia.de<\/a><br \/>Internet: <a href=\"http:\/\/www.belia.de\/kamp-lintfort\/\" target=\"_blank\" rel=\"noopener follow external noreferrer\" data-wpel-link=\"external\" class=\"ext-link wpel-icon-right\">www.belia.de\/kamp-lintfort\/<span class=\"wpel-icon wpel-image wpel-icon-8\"><\/span><\/a><\/p>\n<p><strong><a href=\"https:\/\/unser-quartier.de\/kali50plus\/inhaltsverzeichnis\/\" data-wpel-link=\"internal\">&lt;zur\u00fcck zum Inhaltsverzeichnis Wegweiser 50plus&gt;<\/a><\/strong><\/p>\n<\/div>\n<\/div><\/div><\/div><\/div><\/div>","protected":false},"excerpt":{"rendered":"<p>Ambulante P\ufb02ege Sozialstationen und ambulante P\ufb02egedienste bieten vielf\u00e4ltige, professionelle Hilfen f\u00fcr p\ufb02egebed\u00fcrftige Menschen an, die zu Hause versorgt werden. Ambulante P\ufb02egedienste mit ihren Fachkr\u00e4ften unterst\u00fctzen bei der so genannten Grundp\ufb02ege (K\u00f6rperp\ufb02ege, Ern\u00e4hrung, Mobilisation), der medizinischen Behandlungsp\ufb02ege (P\ufb02ege, die aufgrund einer Erkrankung n\u00f6tig ist und vom Arzt verordnet wird) sowie im hauswirtschaftlichen Bereich. Sie unterst\u00fctzen die &hellip; <a href=\"https:\/\/unser-quartier.de\/kali50plus\/4-4-ambulante-teil-stationaere-pflege\/\" class=\"more-link\" data-wpel-link=\"internal\"><span class=\"screen-reader-text\">Ambulante, teilstation\u00e4re und station\u00e4re Pflege<\/span> weiterlesen <span class=\"meta-nav\">&rarr;<\/span><\/a><\/p>\n","protected":false},"author":168,"featured_media":0,"parent":0,"menu_order":0,"comment_status":"closed","ping_status":"closed","template":"","meta":{"_bbp_topic_count":0,"_bbp_reply_count":0,"_bbp_total_topic_count":0,"_bbp_total_reply_count":0,"_bbp_voice_count":0,"_bbp_anonymous_reply_count":0,"_bbp_topic_count_hidden":0,"_bbp_reply_count_hidden":0,"_bbp_forum_subforum_count":0,"advanced_seo_description":"","jetpack_seo_html_title":"","jetpack_seo_noindex":false,"ngg_post_thumbnail":0,"jetpack_post_was_ever_published":false,"footnotes":""},"class_list":["post-1557","page","type-page","status-publish","hentry"],"jetpack_shortlink":"https:\/\/wp.me\/P4AdMt-p7","jetpack_likes_enabled":true,"jetpack-related-posts":[],"jetpack_sharing_enabled":true,"_links":{"self":[{"href":"https:\/\/unser-quartier.de\/kali50plus\/wp-json\/wp\/v2\/pages\/1557","targetHints":{"allow":["GET"]}}],"collection":[{"href":"https:\/\/unser-quartier.de\/kali50plus\/wp-json\/wp\/v2\/pages"}],"about":[{"href":"https:\/\/unser-quartier.de\/kali50plus\/wp-json\/wp\/v2\/types\/page"}],"author":[{"embeddable":true,"href":"https:\/\/unser-quartier.de\/kali50plus\/wp-json\/wp\/v2\/users\/168"}],"replies":[{"embeddable":true,"href":"https:\/\/unser-quartier.de\/kali50plus\/wp-json\/wp\/v2\/comments?post=1557"}],"version-history":[{"count":0,"href":"https:\/\/unser-quartier.de\/kali50plus\/wp-json\/wp\/v2\/pages\/1557\/revisions"}],"wp:attachment":[{"href":"https:\/\/unser-quartier.de\/kali50plus\/wp-json\/wp\/v2\/media?parent=1557"}],"curies":[{"name":"wp","href":"https:\/\/api.w.org\/{rel}","templated":true}]}}