{"id":1570,"date":"2014-05-26T17:56:42","date_gmt":"2014-05-26T15:56:42","guid":{"rendered":"http:\/\/unser-quartier.de\/kali50plus\/?p=1570"},"modified":"2022-01-30T12:54:01","modified_gmt":"2022-01-30T11:54:01","slug":"4-5-geriatrische-rehabilitation","status":"publish","type":"page","link":"https:\/\/unser-quartier.de\/kali50plus\/4-5-geriatrische-rehabilitation\/","title":{"rendered":"Geriatrische Rehabilitation"},"content":{"rendered":"<div id=\"pl-1570\"  class=\"panel-layout\" ><div id=\"pg-1570-0\"  class=\"panel-grid panel-no-style\" ><div id=\"pgc-1570-0-0\"  class=\"panel-grid-cell\" ><div id=\"panel-1570-0-0-0\" class=\"so-panel widget widget_sow-editor panel-first-child panel-last-child\" data-index=\"0\" ><div\n\t\t\t\n\t\t\tclass=\"so-widget-sow-editor so-widget-sow-editor-base\"\n\t\t\t\n\t\t>\n<div class=\"siteorigin-widget-tinymce textwidget\">\n\t<p>Die Fachklinik f\u00fcr Geriatrische Rehabilitation am St. Marien-Hospital, Kompetenzzentrum f\u00fcr Altersfragen und geriatrische Rehabilitation, behandelt \u00e4ltere Menschen nach einem ganzheitlichen, diagnostischen und therapeutischen Konzept unter Einbeziehung folgender Bereiche: k\u00f6rperlicher, psychischer und sozialer Bereich, Hilfsmittelversorgung, Wohnumgebung und Versorgungssituation. Diese Behandlungs- und Betreuungsbereiche haben das Ziel, eine Verbesserung des k\u00f6rperlichen, seelischen und sozialen Wohlemp\ufb01ndens bei den Patienten zu erreichen. Dadurch erlebt der \u00e4ltere Mensch ein neues Bewusstsein seiner Leistungsf\u00e4higkeit und ist weiter motiviert, seinen Lebensabend eigenverantwortlich nach seinen Vorstellungen und M\u00f6glichkeiten zu gestalten.<\/p>\n<p>Somit sollte jedem \u00e4lteren Menschen, dem der Verlust der Selbst\u00e4ndigkeit, oder auch eine Verschlimmerung seiner P\ufb02egebed\u00fcrftigkeit droht, die Chance zu einer geriatrischen Rehabilitation erm\u00f6glicht werden. Die Klinik ist seit Jahren bekannt f\u00fcr ihre Erfahrungen in der geriatrischen Rehabilitation, verf\u00fcgt \u00fcber 100 station\u00e4re Betten in modernen, freundlichen und behaglichen Zimmern, sowie \u00fcber 10 Pl\u00e4tze in der teilstation\u00e4ren Behandlung der geriatrischen Tagesklinik.<\/p>\n<p>Die \"Gerontopsychiatrische Beratungsstelle\" ber\u00e4t Betroffne und ihre Angeh\u00f6rigen, zum Beispiel bei Demenzerkrankungen oder Depression.<\/p>\n<p>Angegliederte Einrichtungen:<br \/> \u2022 Geriatrische Tagesklinik<br \/> \u2022 Kurzzeitpflege<br \/> \u2022 Gesundheitszentrum Niederrhein<\/p>\n<table>\n<tbody>\n<tr>\n<td style=\"border-color: #cfefae;background-color: #cfefae\"><strong>St. Marienhospital Orsoy<\/strong><br \/> Rheinberger Stra\u00dfe 375, 47495 Rheinberg<br \/> Telefon: 02844-29-0<br \/> Telefax: 02844-29-392<br \/> E-Mail: <a href=\"mailto:reha.empfang@st-marien-orsoy.de\">reha.empfang@st-marien-orsoy.de<\/a><\/td>\n<\/tr>\n<\/tbody>\n<\/table>\n<p><strong><a href=\"https:\/\/unser-quartier.de\/kali50plus\/inhaltsverzeichnis\/\" data-wpel-link=\"internal\">&lt;zur\u00fcck zum Inhaltsverzeichnis Wegweiser 50plus&gt;<\/a><\/strong><\/p>\n<\/div>\n<\/div><\/div><\/div><\/div><\/div>","protected":false},"excerpt":{"rendered":"<p>Die Fachklinik f\u00fcr Geriatrische Rehabilitation am St. Marien-Hospital, Kompetenzzentrum f\u00fcr Altersfragen und geriatrische Rehabilitation, behandelt \u00e4ltere Menschen nach einem ganzheitlichen, diagnostischen und therapeutischen Konzept unter Einbeziehung folgender Bereiche: k\u00f6rperlicher, psychischer und sozialer Bereich, Hilfsmittelversorgung, Wohnumgebung und Versorgungssituation. Diese Behandlungs- und Betreuungsbereiche haben das Ziel, eine Verbesserung des k\u00f6rperlichen, seelischen und sozialen Wohlemp\ufb01ndens bei den Patienten &hellip; <a href=\"https:\/\/unser-quartier.de\/kali50plus\/4-5-geriatrische-rehabilitation\/\" class=\"more-link\" data-wpel-link=\"internal\"><span class=\"screen-reader-text\">Geriatrische Rehabilitation<\/span> weiterlesen <span class=\"meta-nav\">&rarr;<\/span><\/a><\/p>\n","protected":false},"author":168,"featured_media":0,"parent":0,"menu_order":0,"comment_status":"closed","ping_status":"closed","template":"","meta":{"_bbp_topic_count":0,"_bbp_reply_count":0,"_bbp_total_topic_count":0,"_bbp_total_reply_count":0,"_bbp_voice_count":0,"_bbp_anonymous_reply_count":0,"_bbp_topic_count_hidden":0,"_bbp_reply_count_hidden":0,"_bbp_forum_subforum_count":0,"advanced_seo_description":"","jetpack_seo_html_title":"","jetpack_seo_noindex":false,"ngg_post_thumbnail":0,"jetpack_post_was_ever_published":false,"footnotes":""},"class_list":["post-1570","page","type-page","status-publish","hentry"],"jetpack_shortlink":"https:\/\/wp.me\/P4AdMt-pk","jetpack_likes_enabled":true,"jetpack-related-posts":[],"jetpack_sharing_enabled":true,"_links":{"self":[{"href":"https:\/\/unser-quartier.de\/kali50plus\/wp-json\/wp\/v2\/pages\/1570","targetHints":{"allow":["GET"]}}],"collection":[{"href":"https:\/\/unser-quartier.de\/kali50plus\/wp-json\/wp\/v2\/pages"}],"about":[{"href":"https:\/\/unser-quartier.de\/kali50plus\/wp-json\/wp\/v2\/types\/page"}],"author":[{"embeddable":true,"href":"https:\/\/unser-quartier.de\/kali50plus\/wp-json\/wp\/v2\/users\/168"}],"replies":[{"embeddable":true,"href":"https:\/\/unser-quartier.de\/kali50plus\/wp-json\/wp\/v2\/comments?post=1570"}],"version-history":[{"count":0,"href":"https:\/\/unser-quartier.de\/kali50plus\/wp-json\/wp\/v2\/pages\/1570\/revisions"}],"wp:attachment":[{"href":"https:\/\/unser-quartier.de\/kali50plus\/wp-json\/wp\/v2\/media?parent=1570"}],"curies":[{"name":"wp","href":"https:\/\/api.w.org\/{rel}","templated":true}]}}