{"id":1574,"date":"2014-05-26T18:10:33","date_gmt":"2014-05-26T16:10:33","guid":{"rendered":"http:\/\/unser-quartier.de\/kali50plus\/?p=1574"},"modified":"2022-01-30T12:54:07","modified_gmt":"2022-01-30T11:54:07","slug":"4-6-demenzgereontopsychiatrie","status":"publish","type":"page","link":"https:\/\/unser-quartier.de\/kali50plus\/4-6-demenzgereontopsychiatrie\/","title":{"rendered":"Demenz\/Gereontopsychiatrie"},"content":{"rendered":"<div id=\"pl-1574\"  class=\"panel-layout\" ><div id=\"pg-1574-0\"  class=\"panel-grid panel-no-style\" ><div id=\"pgc-1574-0-0\"  class=\"panel-grid-cell\" ><div id=\"panel-1574-0-0-0\" class=\"so-panel widget widget_sow-editor panel-first-child panel-last-child\" data-index=\"0\" ><div\n\t\t\t\n\t\t\tclass=\"so-widget-sow-editor so-widget-sow-editor-base\"\n\t\t\t\n\t\t>\n<div class=\"siteorigin-widget-tinymce textwidget\">\n\t<p>In Deutschland leben rund 1,3 Millionen Demenzerkrankte. Die Krankheit tritt besonders in h\u00f6herem Alter auf, aber auch Personen unter 60 Jahren erkranken daran. Zurzeit kann sie nicht geheilt werden. Den Erkrankten f\u00e4llt es schwer, sich zu erinnern, neue Erfahrungen aufzunehmen oder sich r\u00e4umlich und zeitlich zu orientieren. Sie kommen im Alltag nicht mehr zurecht und sind schon bald vollst\u00e4ndig auf die Hilfe anderer angewiesen. So werden etwa zwei Drittel der Betroffenen von ihren Angeh\u00f6rigen betreut und gep\ufb02egt \u2013 rund um die Uhr. Allein im Kreis Wesel leben derzeit mehr als 13.000 Demenzkranke.<\/p>\n<p><strong>Demenz-Servicezentrum NRW Region Niederrhein<\/strong><br \/> <strong>Tr\u00e4ger: Caritasverband f\u00fcr die Dekanate Dinslaken und Wesel e.V.<\/strong><br \/> (im Rahmen der Landesinitiative Demenz-Service NRW)<\/p>\n<p><strong>Beratung und Unterst\u00fctzung:<\/strong><\/p>\n<p>\u2022 Vernetzungsarbeit in Form von Initiierung von runden Tischen und gemeinsamen Veranstaltungen<br \/>\u2022 \u00d6ffentlichkeitsarbeit wie Vortragsreihen und Veranstaltungen<br \/>\u2022 Vermittlung von Menschen mit Demenz und deren Angeh\u00f6rige in Hilfs- und Entlastungsangebote<br \/>\u2022 Unterst\u00fctzung beim Aufbau von Strukturen von selbst bestimmten Initiativen, Selbsthilfegruppen und fachliche Begleitung von Einrichtungen und Verb\u00e4nden<br \/>\u2022 Fachliche Mitarbeit bei der Konzeption von Gespr\u00e4chskreisen f\u00fcr Angeh\u00f6rige<br \/>\u2022 Hilfe bei der Suche von ehrenamtlichen Helfern und deren Quali\ufb01zierung<br \/>\u2022 Vermittlung von Kontakten\/Bereitstellung von Referenten<br \/>\u2022 Hilfen bei der Initiierung von niedrigschwelligen Angeboten f\u00fcr Menschen mit Demenz<br \/>\u2022 Unterst\u00fctzung und Begleitung der in der Beratung t\u00e4tigen Mitarbeiter<\/p>\n<table>\n<tbody>\n<tr>\n<td style=\"border-color: #cfefae;background-color: #cfefae\"><strong>St. Bonifatius-Haus<\/strong><br \/>Franz-Ehel-Platz 15, 46483 Wesel<br \/> Telefon: 0281-3417823<br \/>Telefax: 0281-3417813<br \/> E-Mail: <a href=\"mailto:demenzberatung@caritas-wesel.de\">demenzberatung@caritas-wesel.de<\/a><br \/> Internet: <a href=\"http:\/\/www.caritas-wesel.de\" target=\"_blank\" rel=\"noopener follow external noreferrer\" data-wpel-link=\"external\" class=\"ext-link wpel-icon-right\">www.caritas-wesel.de<span class=\"wpel-icon wpel-image wpel-icon-8\"><\/span><\/a><\/td>\n<\/tr>\n<\/tbody>\n<\/table>\n<p>Sprechzeiten:<br \/>Mo bis Fr 9:00 Uhr bis 13:00 Uhr <br \/>oder nach telefonischer Absprache<\/p>\n<p><strong>Fachberatung f\u00fcr Demenzkranke und Angeh\u00f6rige -<br \/>gef\u00f6rdert durch den Kreis Wesel<\/strong><br \/> <strong>Tr\u00e4ger: Grafschafter Diakonie gGmbH - <br \/>Diakonisches Werk Kirchenkreis Moers <\/strong><\/p>\n<p><strong>Leistungen:<\/strong><\/p>\n<p>\u2022 Beratung und Information f\u00fcr Kranke, Angeh\u00f6rige und Mitarbeitende in sozialen und medizinischen Einrichtungen<br \/>\u2022 Aktivieren von St\u00e4rken und Ressourcen<br \/>\u2022 Unterst\u00fctzung Angeh\u00f6riger<br \/>\u2022 Freizeitgestaltung<br \/>\u2022 Quali\ufb01zierung und fachliche Begleitung Ehrenamtlicher<br \/>\u2022 Unterst\u00fctzung von Selbsthilfeaktivit\u00e4ten<br \/>\u2022 Gespr\u00e4chskreis f\u00fcr p\ufb02egende Angeh\u00f6rige von Demenzerkrankten<\/p>\n<table>\n<tbody>\n<tr>\n<td style=\"border-color: #cfefae;background-color: #cfefae\"><strong>Grafschafter Diakonie gGmbH<\/strong><br \/>Albert Sturtz<br \/>Gabelsberger Str. 2, 47441 Moers<br \/> Telefon: 02841-100153, Telefax: 02841-100190<br \/> E-Mail: <a href=\"mailto:a.sturtz@grafschafter-diakonie.de\">a.sturtz@grafschafter-diakonie.de<\/a><br \/> Internet: <a href=\"http:\/\/www.grafschafter-diakonie.de\" target=\"_blank\" rel=\"noopener follow external noreferrer\" data-wpel-link=\"external\" class=\"ext-link wpel-icon-right\">www.grafschafter-diakonie.de<span class=\"wpel-icon wpel-image wpel-icon-8\"><\/span><\/a><br \/>Termine nach Absprache<\/td>\n<\/tr>\n<\/tbody>\n<\/table>\n<p><strong>Gerontopsychiatrische Beratungsstelle <br \/>im St. Nikolaus Hospital Rheinberg \u2013 <\/strong><br \/> <strong>Abteilung f\u00fcr Psychiatrie und Psychotherapie<\/strong><\/p>\n<p>Die Beratungsstelle, gef\u00f6rdert durch den Kreis Wesel, unterst\u00fctzt Senioren mit psychischen Erkrankungen im Alter und ber\u00e4t Angeh\u00f6rige.<\/p>\n<p>Viele Senioren erfahren im Alter psychische Ver\u00e4nderungen. Hinter einer lang anhaltenden Traurigkeit, zunehmender Vergesslichkeit, Unruhe oder agressives Verhalten verbirgt sich oft eine psychische Erkankung wie Altersdepression, Alzheimer oder andere Demenztypen.<\/p>\n<p>\u00c4ltere Menschen und ihre Angeh\u00f6rigen erhalten eine kostenlose Beratung sowie Informationen \u00fcber den Verlauf psychischer Erkrankungen, die Diagnostik und Therapie. Die Beratungsstelle unterst\u00fctzt bei der Vermittlung von ambulanten Betreuungsm\u00f6glichkeiten und Entlastungsm\u00f6glichkeiten, und begleitet auch bei der Weitervermittlung zur medizinischen Behandlung an die psychiatrische Institutsambulanz der Abteilung f\u00fcr Psychiatrie und Psychotherapie.<\/p>\n<table>\n<tbody>\n<tr>\n<td style=\"border-color: #cfefae;background-color: #cfefae\"><strong>Gereontopsychiatrische Beratungsstelle<\/strong><br \/><strong>im St. Nikolaus Hospital Rheinberg<\/strong><br \/>Bettina Schilling<br \/>Orsoyer Str. 55, 47495 Rheinberg<br \/> Telefon: 02843-179-148<\/td>\n<\/tr>\n<\/tbody>\n<\/table>\n<p><strong>Demenzberatung - <\/strong><br \/> <strong>Caritasverband Moers-Xanten e.V<\/strong><br \/> \u2022 Beratung<br \/>\u2022 Hausbesuche<br \/>\u2022 P\ufb02egeeinstufungsberatung<br \/>\u2022 Beratung zur Hilfs- und Unterst\u00fctzungsm\u00f6glichkeiten<br \/>\u2022 Beratung zur Leistung der P\ufb02egeklasse<br \/>\u2022 Entlastungsgespr\u00e4che<\/p>\n<table>\n<tbody>\n<tr>\n<td style=\"border-color: #cfefae;background-color: #cfefae\"><strong>Caritasverband Moers-Xanten e.V.<\/strong><br \/> Dominique Ludwig<br \/>Neustra\u00dfe 54, 47441 Moers<br \/> Telefon: 02841-8804832<br \/> Telefax: 02841-8804837<br \/> E-Mail: <a href=\"mailto:dominique.ludwig@caritas-moers-xanten.de\">dominique.ludwig@caritas-moers-xanten.de<\/a><br \/> Internet: <a href=\"http:\/\/www.caritas-moers-xanten.de\" target=\"_blank\" rel=\"noopener follow external noreferrer\" data-wpel-link=\"external\" class=\"ext-link wpel-icon-right\">www.caritas-moers-xanten.de<span class=\"wpel-icon wpel-image wpel-icon-8\"><\/span><\/a><\/td>\n<\/tr>\n<\/tbody>\n<\/table>\n<p><strong>Alzheimer Gesellschaft im Kirchenkreis Moers <br \/>f\u00fcr den Niederrhein e.V.<\/strong><br \/> Die Alzheimer Gesellschaft im Kirchenkreis Moers ist eine Selbsthilfeeinrichtung von Betroffenen, Angeh\u00f6rigen und Interessierten. Sie will das Verst\u00e4ndnis innerhalb der Bev\u00f6lkerung f\u00fcr Alzheimer- und anderen Demenzerkrankten f\u00f6rdern, \u00fcber die Demenzkrankheiten informieren, hilft bei Fragen zu Diagnose und Therapie und informiert \u00fcber den allt\u00e4glichen Umgang mit Demenzkranken.<\/p>\n<table>\n<tbody>\n<tr>\n<td style=\"border-color: #cfefae;background-color: #cfefae\">Albert Sturtz<br \/> Gabelsbergerstr. 2, 47441 Moers<br \/> Telefon: 02841-100-145<br \/>Telefax: 02841-100-190<br \/> E-Mail: <a href=\"mailto:info@ahg-moers.de\">info@ah<strong>g<\/strong>-moers.de<\/a><br \/> Internet: <a href=\"http:\/\/www.alzheimergesellschaft-moers.de\" target=\"_blank\" rel=\"noopener follow external noreferrer\" data-wpel-link=\"external\" class=\"ext-link wpel-icon-right\">www.alzheimergesellschaft-moers.de<span class=\"wpel-icon wpel-image wpel-icon-8\"><\/span><\/a><\/td>\n<\/tr>\n<\/tbody>\n<\/table>\n<p><strong><a href=\"https:\/\/unser-quartier.de\/kali50plus\/inhaltsverzeichnis\/\" data-wpel-link=\"internal\">&lt;zur\u00fcck zum Inhaltsverzeichnis Wegweiser 50plus&gt;<\/a><\/strong><\/p>\n<\/div>\n<\/div><\/div><\/div><\/div><\/div>","protected":false},"excerpt":{"rendered":"<p>In Deutschland leben rund 1,3 Millionen Demenzerkrankte. Die Krankheit tritt besonders in h\u00f6herem Alter auf, aber auch Personen unter 60 Jahren erkranken daran. Zurzeit kann sie nicht geheilt werden. Den Erkrankten f\u00e4llt es schwer, sich zu erinnern, neue Erfahrungen aufzunehmen oder sich r\u00e4umlich und zeitlich zu orientieren. Sie kommen im Alltag nicht mehr zurecht und &hellip; <a href=\"https:\/\/unser-quartier.de\/kali50plus\/4-6-demenzgereontopsychiatrie\/\" class=\"more-link\" data-wpel-link=\"internal\"><span class=\"screen-reader-text\">Demenz\/Gereontopsychiatrie<\/span> weiterlesen <span class=\"meta-nav\">&rarr;<\/span><\/a><\/p>\n","protected":false},"author":168,"featured_media":0,"parent":0,"menu_order":0,"comment_status":"closed","ping_status":"closed","template":"","meta":{"_bbp_topic_count":0,"_bbp_reply_count":0,"_bbp_total_topic_count":0,"_bbp_total_reply_count":0,"_bbp_voice_count":0,"_bbp_anonymous_reply_count":0,"_bbp_topic_count_hidden":0,"_bbp_reply_count_hidden":0,"_bbp_forum_subforum_count":0,"advanced_seo_description":"","jetpack_seo_html_title":"","jetpack_seo_noindex":false,"ngg_post_thumbnail":0,"jetpack_post_was_ever_published":false,"footnotes":""},"class_list":["post-1574","page","type-page","status-publish","hentry"],"jetpack_shortlink":"https:\/\/wp.me\/P4AdMt-po","jetpack_likes_enabled":true,"jetpack-related-posts":[],"jetpack_sharing_enabled":true,"_links":{"self":[{"href":"https:\/\/unser-quartier.de\/kali50plus\/wp-json\/wp\/v2\/pages\/1574","targetHints":{"allow":["GET"]}}],"collection":[{"href":"https:\/\/unser-quartier.de\/kali50plus\/wp-json\/wp\/v2\/pages"}],"about":[{"href":"https:\/\/unser-quartier.de\/kali50plus\/wp-json\/wp\/v2\/types\/page"}],"author":[{"embeddable":true,"href":"https:\/\/unser-quartier.de\/kali50plus\/wp-json\/wp\/v2\/users\/168"}],"replies":[{"embeddable":true,"href":"https:\/\/unser-quartier.de\/kali50plus\/wp-json\/wp\/v2\/comments?post=1574"}],"version-history":[{"count":0,"href":"https:\/\/unser-quartier.de\/kali50plus\/wp-json\/wp\/v2\/pages\/1574\/revisions"}],"wp:attachment":[{"href":"https:\/\/unser-quartier.de\/kali50plus\/wp-json\/wp\/v2\/media?parent=1574"}],"curies":[{"name":"wp","href":"https:\/\/api.w.org\/{rel}","templated":true}]}}