{"id":1587,"date":"2014-05-27T13:58:00","date_gmt":"2014-05-27T11:58:00","guid":{"rendered":"http:\/\/unser-quartier.de\/kali50plus\/?p=1587"},"modified":"2022-01-30T12:54:19","modified_gmt":"2022-01-30T11:54:19","slug":"4-8-ambulante-hospiz-arbeit-aha","status":"publish","type":"page","link":"https:\/\/unser-quartier.de\/kali50plus\/4-8-ambulante-hospiz-arbeit-aha\/","title":{"rendered":"Ambulante Hospizarbeit"},"content":{"rendered":"<p>Ambulante Hospizarbeit stellt einen Teil des umfassenden, ganzheitlichen Unterst\u00fctzungsangebotes f\u00fcr schwerkranke Menschen und ihre Angeh\u00f6rigen dar. Ziel der ambulanten Hospizarbeit ist es, ein Verbleiben in gewohnter Umgebung dort zu erm\u00f6glichen, wo es gew\u00fcnscht wird. Es geht darum, dass Menschen in dieser schwierigen Situation nicht alleine gelassen werden und die Kranken gut begleitet zu Hause sterben k\u00f6nnen. Die ehrenamtlichen Hospizhelferinnen und -helfer kommen dorthin, wo der zu begleitende Mensch sich aufh\u00e4lt, verst\u00e4rken das vorhandene soziale Netz und erg\u00e4nzen bestehende Dienste.<br \/>\nDie Hilfe steht jedem Menschen offen und ist kostenfrei.<\/p>\n<p><strong>Die ambulante Hospizarbeit unterst\u00fctzt Sie:<\/strong><\/p>\n<ul>\n<li>wenn Sie selbst schwer erkrankt sind<\/li>\n<li>wenn Sie als Angeh\u00f6riger oder Freund eines Schwerkranken Rat und\/oder Hilfe ben\u00f6tigen<\/li>\n<li>wenn Sie sich mit dem Thema Krankheit, Sterben oder Verlust auseinandersetzen m\u00f6chten<\/li>\n<li>wenn Sie einen nahestehenden Menschen verloren haben<\/li>\n<li>wenn Sie mehr \u00fcber unsere Arbeit wissen m\u00f6chten<\/li>\n<li>wenn Sie bei uns mitarbeiten m\u00f6chten<\/li>\n<\/ul>\n<table>\n<tbody>\n<tr>\n<td style=\"border-color: #cfefae;background-color: #cfefae\"><strong>Ambulante Hospiz Arbeit e. V.<\/strong><br \/>\nMarkgrafenstr. 9, 47475 Kamp-Lintfort<br \/>\nTelefon: 02842-9755925<br \/>\nMobil: 0174-8384218<br \/>\nE-Mail: <a href=\"mailto:kontakt@aha-in-kamp-lintfort.de\">kontakt@aha-in-kamp-lintfort.de<\/a><br \/>\nInternet: <a href=\"http:\/\/www.aha-in-kamp-lintfort.de\" target=\"_blank\" rel=\"noopener follow external noreferrer\" data-wpel-link=\"external\" class=\"ext-link wpel-icon-right\">www.aha-in-kamp-lintfort.de<span class=\"wpel-icon wpel-image wpel-icon-8\"><\/span><\/a><br \/>\nInformation und offene Beratung:<br \/>\nMo und Fr 10:00 bis 12:00 Uhr<br \/>\nund nach telefonischer Vereinbarung<\/td>\n<\/tr>\n<\/tbody>\n<\/table>\n<p><strong>&lt;zur\u00fcck zum Inhaltsverzeichnis Wegweiser 50plus&gt;<\/strong><\/p>\n","protected":false},"excerpt":{"rendered":"<p>Ambulante Hospizarbeit stellt einen Teil des umfassenden, ganzheitlichen Unterst\u00fctzungsangebotes f\u00fcr schwerkranke Menschen und ihre Angeh\u00f6rigen dar. Ziel der ambulanten Hospizarbeit ist es, ein Verbleiben in gewohnter Umgebung dort zu erm\u00f6glichen, wo es gew\u00fcnscht wird. Es geht darum, dass Menschen in dieser schwierigen Situation nicht alleine gelassen werden und die Kranken gut begleitet zu Hause sterben &hellip; <a href=\"https:\/\/unser-quartier.de\/kali50plus\/4-8-ambulante-hospiz-arbeit-aha\/\" class=\"more-link\" data-wpel-link=\"internal\"><span class=\"screen-reader-text\">Ambulante Hospizarbeit<\/span> weiterlesen <span class=\"meta-nav\">&rarr;<\/span><\/a><\/p>\n","protected":false},"author":168,"featured_media":0,"parent":0,"menu_order":0,"comment_status":"closed","ping_status":"closed","template":"","meta":{"_bbp_topic_count":0,"_bbp_reply_count":0,"_bbp_total_topic_count":0,"_bbp_total_reply_count":0,"_bbp_voice_count":0,"_bbp_anonymous_reply_count":0,"_bbp_topic_count_hidden":0,"_bbp_reply_count_hidden":0,"_bbp_forum_subforum_count":0,"advanced_seo_description":"","jetpack_seo_html_title":"","jetpack_seo_noindex":false,"ngg_post_thumbnail":0,"jetpack_post_was_ever_published":false,"footnotes":""},"class_list":["post-1587","page","type-page","status-publish","hentry"],"jetpack_shortlink":"https:\/\/wp.me\/P4AdMt-pB","jetpack_likes_enabled":true,"jetpack-related-posts":[],"jetpack_sharing_enabled":true,"_links":{"self":[{"href":"https:\/\/unser-quartier.de\/kali50plus\/wp-json\/wp\/v2\/pages\/1587","targetHints":{"allow":["GET"]}}],"collection":[{"href":"https:\/\/unser-quartier.de\/kali50plus\/wp-json\/wp\/v2\/pages"}],"about":[{"href":"https:\/\/unser-quartier.de\/kali50plus\/wp-json\/wp\/v2\/types\/page"}],"author":[{"embeddable":true,"href":"https:\/\/unser-quartier.de\/kali50plus\/wp-json\/wp\/v2\/users\/168"}],"replies":[{"embeddable":true,"href":"https:\/\/unser-quartier.de\/kali50plus\/wp-json\/wp\/v2\/comments?post=1587"}],"version-history":[{"count":0,"href":"https:\/\/unser-quartier.de\/kali50plus\/wp-json\/wp\/v2\/pages\/1587\/revisions"}],"wp:attachment":[{"href":"https:\/\/unser-quartier.de\/kali50plus\/wp-json\/wp\/v2\/media?parent=1587"}],"curies":[{"name":"wp","href":"https:\/\/api.w.org\/{rel}","templated":true}]}}