{"id":1591,"date":"2014-05-27T14:51:51","date_gmt":"2014-05-27T12:51:51","guid":{"rendered":"http:\/\/unser-quartier.de\/kali50plus\/?p=1591"},"modified":"2019-03-07T16:13:26","modified_gmt":"2019-03-07T15:13:26","slug":"4-9-komplementaere-dienste","status":"publish","type":"page","link":"https:\/\/unser-quartier.de\/kali50plus\/4-9-komplementaere-dienste\/","title":{"rendered":"Komplement\u00e4re Dienste"},"content":{"rendered":"<p><span style=\"font-size: 18pt; color: #3366ff;\"><strong>Haushaltsnahe Dienstleistungen<\/strong><\/span><\/p>\n<p>Ein Projekt des Kreises Wesel f\u00fcr die St\u00e4dte und Gemeinden Alpen, Kamp-Lintfort, Moers, Neukirchen-Vluyn, Rheinberg, Sonsbeck, Xanten&nbsp;<\/p>\n<p><span style=\"font-size: 14pt; color: #3366ff;\"><strong>Caritasverband Moers-Xanten e.V.<\/strong><\/span><br \/>\nAnsprechpartner f\u00fcr Kamp-Lintfort:<br \/>\nCaritas Sozialstation Kamp-Lintfort<br \/>\nWalkenriedstr. 2, 47475 Kamp-Lintfort<br \/>\nTelefon: 02842-3181, Telefax: 02842-9219989<br \/>\nE-Mail: <a href=\"mailto:sst-kamp-lintfort@caritas-moers-xanten.de\">sst-kamp-lintfort@caritas-moers-xanten.de<\/a><br \/>\nInternet: <a href=\"http:\/\/www.caritas-moers-xanten.de\" target=\"_blank\" rel=\"noopener noreferrer follow external\" data-wpel-link=\"external\" class=\"ext-link wpel-icon-right\">www.caritas-moers-xanten.de<span class=\"wpel-icon wpel-image wpel-icon-8\"><\/span><\/a><br \/>\n<em>Mo bis Fr 08:00 bis 16:00 Uhr<\/em><br \/>\nWohnungsp\ufb02ege, W\u00e4schep\ufb02ege, Einkauf und Einkaufsbegleitung, Unterst\u00fctzung beim Kochen, Begleitung zu Arzt- oder Beh\u00f6rdeng\u00e4ngen, Begleitung bei Freizeitaktivit\u00e4ten, Unterst\u00fctzung bei der Haushaltsorganisation.<\/p>\n<p><span style=\"font-size: 18pt; color: #3366ff;\"><strong>Hausnotrufdienste<\/strong><\/span><br \/>\nEin Hausnotruf-System erm\u00f6glicht es vielen alten Menschen trotz gesundheitlicher und altersbedingter Einschr\u00e4nkungen ihre Selbstst\u00e4ndigkeit in der eigenen Wohnung so lange wie m\u00f6glich zu bewahren. \u00dcber verschiedene Systeme und Anbieter informieren die \u00f6rtlichen P\ufb02egedienste, die P\ufb02egeberatung der Stadt Kamp-Lintfort, das Deutsche Rote Kreuz sowie die Firma tellimed.<\/p>\n<p><span style=\"font-size: 18pt; color: #3366ff;\"><strong>Kommunikative Hilfen durch Besuchsdienste<\/strong><\/span><\/p>\n<p><span style=\"font-size: 14pt; color: #3366ff;\"><strong>kali aktiv<\/strong><\/span><br \/>\ngenauere Angaben folgen demn\u00e4chst!<\/p>\n<p><span style=\"font-size: 18pt; color: #3366ff;\"><strong>Psycho-Soziale Beratung<\/strong><\/span><\/p>\n<p><span style=\"font-size: 14pt; color: #3366ff;\"><strong>Caritasverband Moers-Xanten e.V.<\/strong><\/span><br \/>\nCaritreff am Rathausplatz Kamp-Lintfort<br \/>\nAnsprechpartner: Dominique Petroff<br \/>\n<em>Offene Sprechstunde: regelm\u00e4\u00dfig donnerstags zwischen 10:00 und 12:00 Uhr<\/em><br \/>\nAnsprechpartner: Dirk Ulrich<br \/>\n<em>Offene Sprechstunde: regelm\u00e4\u00dfig dienstags zwischen 10:00 und 12:00 Uhr<\/em><br \/>\nMarkgrafenstra\u00dfe 15, 47475 Kamp-Lintfort<br \/>\nTelefon: 02842-9032089<br \/>\nRegelm\u00e4\u00dfige Sprechstunden, psychosoziale Beratung, Hausbesuche, Vermittlung praktischer Lebenshilfen, fachkompetente Krisenintervention<\/p>\n","protected":false},"excerpt":{"rendered":"<p>Haushaltsnahe Dienstleistungen Ein Projekt des Kreises Wesel f\u00fcr die St\u00e4dte und Gemeinden Alpen, Kamp-Lintfort, Moers, Neukirchen-Vluyn, Rheinberg, Sonsbeck, Xanten&nbsp; Caritasverband Moers-Xanten e.V. Ansprechpartner f\u00fcr Kamp-Lintfort: Caritas Sozialstation Kamp-Lintfort Walkenriedstr. 2, 47475 Kamp-Lintfort Telefon: 02842-3181, Telefax: 02842-9219989 E-Mail: sst-kamp-lintfort@caritas-moers-xanten.de Internet: www.caritas-moers-xanten.de Mo bis Fr 08:00 bis 16:00 Uhr Wohnungsp\ufb02ege, W\u00e4schep\ufb02ege, Einkauf und Einkaufsbegleitung, Unterst\u00fctzung beim Kochen, &hellip; <a href=\"https:\/\/unser-quartier.de\/kali50plus\/4-9-komplementaere-dienste\/\" class=\"more-link\" data-wpel-link=\"internal\"><span class=\"screen-reader-text\">Komplement\u00e4re Dienste<\/span> weiterlesen <span class=\"meta-nav\">&rarr;<\/span><\/a><\/p>\n","protected":false},"author":168,"featured_media":0,"parent":0,"menu_order":0,"comment_status":"closed","ping_status":"closed","template":"","meta":{"_bbp_topic_count":0,"_bbp_reply_count":0,"_bbp_total_topic_count":0,"_bbp_total_reply_count":0,"_bbp_voice_count":0,"_bbp_anonymous_reply_count":0,"_bbp_topic_count_hidden":0,"_bbp_reply_count_hidden":0,"_bbp_forum_subforum_count":0,"advanced_seo_description":"","jetpack_seo_html_title":"","jetpack_seo_noindex":false,"ngg_post_thumbnail":0,"jetpack_post_was_ever_published":false,"footnotes":""},"class_list":["post-1591","page","type-page","status-publish","hentry"],"jetpack_shortlink":"https:\/\/wp.me\/P4AdMt-pF","jetpack_likes_enabled":true,"jetpack-related-posts":[],"jetpack_sharing_enabled":true,"_links":{"self":[{"href":"https:\/\/unser-quartier.de\/kali50plus\/wp-json\/wp\/v2\/pages\/1591","targetHints":{"allow":["GET"]}}],"collection":[{"href":"https:\/\/unser-quartier.de\/kali50plus\/wp-json\/wp\/v2\/pages"}],"about":[{"href":"https:\/\/unser-quartier.de\/kali50plus\/wp-json\/wp\/v2\/types\/page"}],"author":[{"embeddable":true,"href":"https:\/\/unser-quartier.de\/kali50plus\/wp-json\/wp\/v2\/users\/168"}],"replies":[{"embeddable":true,"href":"https:\/\/unser-quartier.de\/kali50plus\/wp-json\/wp\/v2\/comments?post=1591"}],"version-history":[{"count":0,"href":"https:\/\/unser-quartier.de\/kali50plus\/wp-json\/wp\/v2\/pages\/1591\/revisions"}],"wp:attachment":[{"href":"https:\/\/unser-quartier.de\/kali50plus\/wp-json\/wp\/v2\/media?parent=1591"}],"curies":[{"name":"wp","href":"https:\/\/api.w.org\/{rel}","templated":true}]}}