{"id":1596,"date":"2014-05-27T14:58:30","date_gmt":"2014-05-27T12:58:30","guid":{"rendered":"http:\/\/unser-quartier.de\/kali50plus\/?p=1596"},"modified":"2022-01-30T12:52:06","modified_gmt":"2022-01-30T11:52:06","slug":"4-10-beratung","status":"publish","type":"page","link":"https:\/\/unser-quartier.de\/kali50plus\/4-10-beratung\/","title":{"rendered":"Beratung"},"content":{"rendered":"<h5>Psychologische Beratung<\/h5>\n<p><strong>Caritasverband Moers-Xanten e.V.<\/strong><br \/>\nCaritreff am Rathausplatz Kamp-Lintfort<br \/>\nAndrea Jan\u00dfen<br \/>\nKamperdickstra\u00dfe 15, 47475 Kamp-Lintfort<\/p>\n<p>Offene Sprechstunde: Di 10:00 bis 12:00 Uhr<\/p>\n<ul>\n<li>Regelm\u00e4\u00dfige Sprechstunden<\/li>\n<li>Psycosoziale Beratung<\/li>\n<li>Hausbesuche<\/li>\n<li>Vermittlung praktischer Lebenshilfen<\/li>\n<li>Fachkompetente Krisenintervention<\/li>\n<\/ul>\n<p><strong>P\ufb02egeberatung Stadt Kamp-Lintfort<br \/>\n<\/strong>Rathaus, Sozialamt, 5. Etage (Fahrstuhl vorhanden)<br \/>\nAm Rathaus 2, 47475 Kamp-Lintfort<br \/>\nAndrea Bichler, Zimmer 326, Telefon: 02842-912-271<br \/>\nE-Mail: <a href=\"mailto:andrea.bichler@kamp-lintfort.de\">andrea.bichler@kamp-lintfort.de<\/a><br \/>\nElke Reimann, Zimmer 529, Telefon: 02842-912-353<br \/>\nE-Mail: <a href=\"mailto:elke.reimann@kamp-lintfort.de\">elke.reimann@kamp-lintfort.de<\/a><\/p>\n<p>Wenn Menschen durch Krankheit, einen Unfall oder im Alter p\ufb02egebed\u00fcrftig werden, beginnt oft eine Zeit voller Unruhe und Zukunftsangst. P\ufb02egebed\u00fcrftige und ihre Angeh\u00f6rigen stehen pl\u00f6tzlich vor einem Berg bedrohlich wirkender Fragen:<\/p>\n<ul>\n<li>Wer hilft uns jetzt?<\/li>\n<li>Wie k\u00f6nnen wir das schaffen?<\/li>\n<li>Wie sollen wir das finanzieren?<\/li>\n<\/ul>\n<p>Die Ungewissheit \u00fcber die Zukunft ist f\u00fcr P\ufb02egebed\u00fcrftige und ihre Angeh\u00f6rigen oft die schlimmste Belastung. P\ufb02egebed\u00fcrftige und Angeh\u00f6rige haben ein Recht auf Beratung! Die P\ufb02egeberatung beantwortet Ihre Fragen!<\/p>\n<p>Sie vermittelt Ihnen das Wissen, das Sie ben\u00f6tigen, um frei von \u00c4ngsten richtige Entscheidungen treffen zu k\u00f6nnen.<\/p>\n<p>Sie werden gr\u00fcndlich und unentgeltlich beispielsweise zu folgenden Themen informiert:<\/p>\n<ul>\n<li>P\ufb02ege zu Hause \u2013 Wer hilft, wer zahlt?<\/li>\n<li>Antragstellung Pflegegrad bei der Pflegekasse<\/li>\n<li>Der Antrag auf P\ufb02egeleistungen wurde abgelehnt, was nun?<\/li>\n<li>Erg\u00e4nzende Leistungen der Sozialhilfe<\/li>\n<li>Unterst\u00fctzung zur eigenen Haushaltsf\u00fchrung<\/li>\n<li>Hilfen f\u00fcr Angeh\u00f6rige, Pflegekurse, Gespr\u00e4chskreise, sonstige Angebote<\/li>\n<li>Tagesp\ufb02ege<\/li>\n<li>Kurzzeitp\ufb02ege \/ Verhinderungsp\ufb02ege<\/li>\n<li>Wohnungsfragen \/ Altenwohnungen<\/li>\n<li>Betreutes Wohnen<\/li>\n<li>Mahlzeitendienst<\/li>\n<li>Vorsorgevollmachten \/ Betreuungsrecht<\/li>\n<li>Hausnotruf<\/li>\n<li>Vollstation\u00e4re Pflege<\/li>\n<li>Verfahren bei Heimaufnahme<\/li>\n<\/ul>\n<p><strong>Bitte besuchen Sie auch das P\ufb02egeportal des Kreises Wesel. <\/strong><br \/>\nDort \ufb01nden Sie viele interessante Informationen rund um das Thema \u201eP\ufb02ege\u201c!<br \/>\nInternet: <a title=\"Pflege | Kreis Wesel\" href=\"https:\/\/www.kreis-wesel.de\/de\/themen\/pflege\/\" target=\"_blank\" rel=\"noopener noreferrer follow external\" data-wpel-link=\"external\" class=\"ext-link wpel-icon-right\">www.kreis-wesel.de<span class=\"wpel-icon wpel-image wpel-icon-8\"><\/span><\/a><\/p>\n<h5>Wohnberatung<\/h5>\n<p>Die Stadt Kamp-Lintfort hat zum Thema &#8222;Wohnen im Alter&#8220; einen Ratgeber herausgegeben, in dem ein ausf\u00fchrlicher \u00dcberblick \u00fcber die verschiedenen Wohnangebote und Wohnformen f\u00fcr \u00e4ltere Menschen dargestellt ist. Dieser Ratgeber ist im Foyer des Rathauses erh\u00e4ltlich. &#8211; <strong>Siehe auch auf dieser Seite.<\/strong><\/p>\n<p><strong>Wohnberatung &#8211; gef\u00f6rdert durch den Kreis Wesel<\/strong><br \/>\nDie Wohnberatungsstelle ber\u00e4t \u00e4ltere Menschen, Menschen mit Pflegebedarf, Menschen mit einer dementiellen Ver\u00e4nderung und Menschen mit Behinderung. Mit zunehmendem Alter nimmt die Wohnung einen immer gr\u00f6\u00dferen Stellenwert ein. W\u00e4hrend man fr\u00fcher das Haus f\u00fcr viele Stunden verlassen hat, wird die Wohnung im Alter immer mehr zum Lebensmittelpunkt. Die meisten Wohnungen sind jedoch nicht barrierefrei oder m\u00f6glichst barrierearm ausgestattet, so dass sie den ge\u00e4nderten Lebens- und Wohnbed\u00fcrfnissen nicht gerecht werden k\u00f6nnen.<\/p>\n<p>Mit Hilfe kleinerer oder manchmal auch gr\u00f6\u00dferer Anpassungsma\u00dfnahmen k\u00f6nnen viele Wohnungen barrierefrei gestaltet werden. Dieses kann vom Einsatz eines Hilfmittels der Krankenkassen, \u00fcber Ausstattungsver\u00e4nderungen bis hin zu Umbauma\u00dfnahmen in der Wohnung reichen. Ziel ist es, die eigene Selbstst\u00e4ndigkeit zu f\u00f6rdern und m\u00f6glichst lange zu erhalten oder auch die h\u00e4usliche Pflege zu erleichtern und sicher zu stellen.<\/p>\n<p>Die Wohnberatung ber\u00e4t und unterst\u00fctzt durch:<\/p>\n<ul>\n<li>Pers\u00f6nliche Beratung zu Hause<\/li>\n<li>Individuelle Planung von notwendigen Anpassungen und m\u00f6glichen Ver\u00e4nderungen des Wohnraumes<\/li>\n<li>Information zu Finanzierungsm\u00f6glichkeiten<\/li>\n<li>Unterst\u00fctzung bei Antr\u00e4gen auf Kostenbeteiligung, z.B. Pflegekassen<\/li>\n<li>Beratung bei der Durchf\u00fchrung und Unterst\u00fctzung bei Gespr\u00e4chen mit Beh\u00f6rden, Vermietern, Pflegekassen und Handwerkern<\/li>\n<li>Tipps und Anregungen bei barrierefreien\/behindertengerechten Umbau- oder Neubauvorhaben<\/li>\n<li>Beratung zu anderen Wohnformen<\/li>\n<li>Vernetzungs- und Vermittlungsarbeit<\/li>\n<\/ul>\n<p>Ansprechpartnerin:<br \/>\nDominique Ludwig<br \/>\nCariatas Seniorenb\u00fcro<br \/>\nNeustra\u00dfe 54, 47441 Moers<br \/>\nTelefon: 02841-8804832<br \/>\nE-Mail: <a href=\"mailto:dominique.ludwig@caritas-moers-xanten.de\" target=\"_blank\" rel=\"noopener noreferrer\">dominique.ludwig@caritas-moers-xanten.de<\/a><\/p>\n<h5>Betreuungsverf\u00fcgung und Vorsorgevollmacht<\/h5>\n<p>Die allt\u00e4gliche Erfahrung, das Konto selbst zu f\u00fchren, die Miete zu \u00fcberweisen, Beh\u00f6rdenformulare auszuf\u00fcllen \u2013 eben selbstbestimmt zu leben, gilt leider nicht f\u00fcr alle. Schwere Krankheiten, das Alter, Verwirrungen nach einem Unfall verhindern bisweilen die selbstbestimmte Lebensf\u00fchrung. Ist selbstverantwortliches Handeln nicht mehr m\u00f6glich, k\u00f6nnen Verwandte oder Bekannte durch eine Vorsorgevollmacht f\u00fcr verschiedene Lebensbereiche, erm\u00e4chtigt werden: Gesundheitssorge, Aufenthaltsbestimmungsrecht, Beh\u00f6rden und Verm\u00f6genssorge. Die Notwendigkeit einer amtlichen Bestellung ist in diesen F\u00e4llen hinf\u00e4llig. F\u00fcr den Fall, dass es keine Personen gibt, die entsprechende Handlung \u00fcbernehmen k\u00f6nnen, springen Betreuerinnen und Betreuer ein. Sie k\u00fcmmern sich um Bank- und Beh\u00f6rdeng\u00e4nge sowie um Arztbesuche und Mietprobleme. Sie verstehen sich als Partnerinnen und Partner bei der Begleitung in schwierigen Lebenssituationen. Sie halten st\u00e4ndig Kontakt mit den Betreuten.<\/p>\n<p>Menschen k\u00f6nnen f\u00fcr den Fall einer eigenen Betreuung vorsorgen: Mit einer Betreuungsverf\u00fcgung lassen sich die Vereine und ihre Betreuerinnen und Betreuer bereits vor Eintritt des Betreuungsfalles bestimmen. Das kann n\u00f6tig sein, wenn weder Angeh\u00f6rige noch Bekannte bei einer schweren Erkrankung die Interessen des oder der Betroffenen wahrnehmen k\u00f6nnen oder sollen. Sie dient als Grundlage f\u00fcr den gerichtlichen Beschluss, der Rahmen und Umfang der Betreuung festlegt.<\/p>\n<p>Betreut werden \u00e4ltere Hilfebed\u00fcrftige, abh\u00e4ngig Erkrankte, psychisch Kranke und geistig Behinderte. Angst muss niemand haben, sich in die H\u00e4nde von anderen zu begeben \u2013 wenn eine Betreuungsverf\u00fcgung ausgestellt wird. Dann werden die Betreuenden vom unabh\u00e4ngigen Gericht kontrolliert. Die Verf\u00fcgungen legen auch fest, welche Rechtsbereiche des Lebens eine Betreute vertrauensvoll aus der Hand gibt. Soll ein Vertrauensverh\u00e4ltnis zwischen den Betreuenden und den Betreuten entstehen, sollte so fr\u00fch wie m\u00f6glich der Besuch beim Betreuungsverein anstehen.<\/p>\n<table>\n<tbody>\n<tr>\n<td style=\"border-color: #cfefae;background-color: #cfefae\"><strong>P\ufb02ege- und Sozialberatung<br \/>\n<\/strong>Am Rathaus 2, 47475 Kamp-Lintfort<br \/>\nRathaus, Sozialamt, 5. Etage (Fahrstuhl vorhanden)<br \/>\nAndrea Bichler, Zimmer 326<br \/>\nTelefon: 02842-912-271<br \/>\nE-Mail: <a href=\"mailto:andrea.bichler@kamp-lintfort.de\">andrea.bichler@kamp-lintfort.de<\/a><br \/>\nJeannette Fritz, Zimmer 324<br \/>\nTelefon: 02842-912-272<br \/>\nE-Mail: <a href=\"mailto:mailto:jeannette.fritz@kamp-lintfort.de\" target=\"_blank\" rel=\"noopener noreferrer\">jeannette.fritz@kamp-lintfort.de<\/a><\/td>\n<\/tr>\n<\/tbody>\n<\/table>\n<p><strong>Verein f\u00fcr Betreuungen, Vormundschaften und P\ufb02egschaften im Diakonischen Werk Moers e.V.<br \/>\n<\/strong>Gabelsbergers<strong>tra\u00dfe 2, 47441 Moers<\/strong><br \/>\nTelefon: 02841-100145<br \/>\nTelefax: 02841-100190<br \/>\nE-Mail: <a href=\"mailto:h.dyx@btg-diakonie.de\" target=\"_blank\" rel=\"noopener noreferrer\">h.dyx@btg-diakonie.de<\/a><br \/>\nInternet: <a href=\"http:\/\/www.btg-diakonie.de\" target=\"_blank\" rel=\"noopener noreferrer follow external\" data-wpel-link=\"external\" class=\"ext-link wpel-icon-right\">www.btg-diakonie.de<span class=\"wpel-icon wpel-image wpel-icon-8\"><\/span><\/a><\/p>\n<p>Beratung und Informationen zu Betreuungsverf\u00fcgungen, Vorsorgevollmachten und Patientenverf\u00fcgungen, Beratung zur Betreuung und Betreuungseinrichtung im Allgemeinen. Gleichzeitig \u00fcbernehmen hauptamtlich besch\u00e4ftigte Vereinsbetreuer die Betreuung.<\/p>\n<h5>Patientenverf\u00fcgungen<\/h5>\n<p>In einer Patientenverf\u00fcgung kann ein Patient seine W\u00fcnsche im Bezug auf \u00e4rztliche Behandlungen f\u00fcr den Fall festhalten, dass er nicht mehr in der Lage ist, seinen Willen zu \u00e4u\u00dfern. Der Patient kann damit seinen Arzt anweisen, bestimmte Behandlungen nach seinen pers\u00f6nlichen Vorstellungen vorzunehmen oder zu unterlassen, insbesondere angesichts einer unheilbaren Erkrankung und lebensverl\u00e4ngernden Ma\u00dfnahmen.<\/p>\n<table>\n<tbody>\n<tr>\n<td style=\"border-color: #cfefae;background-color: #cfefae\"><strong>P\ufb02ege- und Sozialberatung<br \/>\n<\/strong>Am Rathaus 2, 47475 Kamp-Lintfort<br \/>\nRathaus, Sozialamt, 5. Etage (Fahrstuhl vorhanden)<br \/>\nAndrea Bichler, Zimmer 326<br \/>\nTelefon: 02842-912-271<br \/>\nE-Mail: <a href=\"mailto:andrea.bichler@kamp-lintfort.de\">andrea.bichler@kamp-lintfort.de<\/a><br \/>\nJeannette Fritz, Zimmer 324<br \/>\nTelefon: 02842-912-272<br \/>\nE-Mail: <a href=\"mailto:mailto:jeannette.fritz@kamp-lintfort.de\" target=\"_blank\" rel=\"noopener noreferrer\">jeannette.fritz@kamp-lintfort.de<\/a><\/td>\n<\/tr>\n<\/tbody>\n<\/table>\n<p><strong>Sozialverband VdK Nordrhein-Westfalen e.V. \u2013<br \/>\nOrtsverband Kamp-Lintfort<\/strong><br \/>\nAm Rathaus 2, 47475 Kamp-Lintfort<br \/>\nRathaus, 1. Etage, Zimmer 102<br \/>\nB\u00e4rbel Laakmann<br \/>\nTelefon: 02842-912-390<br \/>\noder 02842-7545 (privat)<br \/>\nOffene Beratung:<br \/>\nMo 14:00 bis 16:00 Uhr und Mi 10:00 bis 12:00 Uhr<br \/>\nBeratungsangebote in Rentenversicherungs- und Behindertenangelegenheiten.<\/p>\n<p><strong>Frauen helfen Frauen e.V.<\/strong><br \/>\nUerdinger Str. 23, 47441 Moers<br \/>\nTelefon: 02841-28600<br \/>\nTelefax: 02841-28458<br \/>\nE-Mail: <a href=\"mailto:frauenhelfenfrauenmoers@t-online.de\">frauenhelfenfrauenmoers@t-online.de<\/a><br \/>\nInternet: <a href=\"http:\/\/www.frauenhelfenfrauenmoers.de\" target=\"_blank\" rel=\"noopener noreferrer follow external\" data-wpel-link=\"external\" class=\"ext-link wpel-icon-right\">www.frauenhelfenfrauenmoers.de<span class=\"wpel-icon wpel-image wpel-icon-8\"><\/span><\/a><br \/>\n\u00d6ffnungszeiten: Mo bis Do 9:00 bis 12:00 Uhr<br \/>\nBeratungen nur nach Terminvereinbarungen<\/p>\n<p>Die Frauenberatungsstelle ist Anlaufstelle f\u00fcr alle Frauen bei psychosozialen Problemen, die nicht alleine gel\u00f6st werden k\u00f6nnen. In der Frauenberatungsstelle werden Frauen grunds\u00e4tzlich von Frauen beraten. Die Beratung ist freiwillig, kostenlos, vertraulich und auf Wunsch anonym.<\/p>\n<p><strong>Seniorenberatung<\/strong><br \/>\n<strong> Caritasverband Moers-Xanten e.V.<\/strong><br \/>\nNeustra\u00dfe 54, 47441 Moers<br \/>\nDominique Ludwig, Regina Wortmann<br \/>\nTelefon: 02841-8804831 und 02841-8804832<br \/>\nTelefax: 02841-8804837<br \/>\nE-Mail: <a href=\"mailto:dominique.petroff@caritas-moers-xanten.de\">dominique.petroff@caritas-moers-xanten.de<\/a>, oder<br \/>\n<a href=\"mailto:regina.wortmann@caritas-moers-xanten.de\" target=\"_blank\" rel=\"noopener noreferrer\">regina.wortmann@caritas-moers-xanten.de<\/a><br \/>\nInternet: <a href=\"http:\/\/www.caritas-moers-xanten.de\" target=\"_blank\" rel=\"noopener noreferrer follow external\" data-wpel-link=\"external\" class=\"ext-link wpel-icon-right\">www.caritas-moers-xanten.de<span class=\"wpel-icon wpel-image wpel-icon-8\"><\/span><\/a><br \/>\nAngebot einer kostenlosen Beratung zu Versorgungs- und Unterst\u00fctzungsm\u00f6glichkeiten sowie zu gesetzlichen Anspr\u00fcchen und Leistungen, zur Sozialberatung und Durchf\u00fchrung von Entlastungsgespr\u00e4chen.<\/p>\n<h5>Allgemeine Sozialberatung<\/h5>\n<p><strong>Grafschafter Diakonie gGmbH &#8211;<br \/>\nDiakonisches Werk Kirchenkreis Moers<\/strong><br \/>\nKonradstr. 86, 47475 Kamp-Lintfort<br \/>\nTelefon: 02842-92842-0<br \/>\nE-Mail: <a href=\"mailto:info-kali@grafschafter-diakonie.de\" target=\"_blank\" rel=\"noopener noreferrer\">info-kali@grafschafter-diakonie.de<\/a><\/p>\n<p>Terminvereinbarung per Telefon oder E-Mail<\/p>\n<p>M\u00e4nner und Frauen, die sich in sozialen Notlagen befinden oder Unterst\u00fctzung brauchen, werden im Rahmen der Allgemeinen Sozialberatung begleitet. Dabei spielt es keine Rolle, um welche Art von Schwierigkeiten es sich handelt, ob Armut, famili\u00e4re Krise, Krankheit oder andere Ereignisse.<\/p>\n<h5>Schuldnerberatung \u2013 Verbraucherinsolvenzberatung<\/h5>\n<p>Es ist genug Geld zum Leben da! Das \u00fcberrascht viele, die bis \u00fcber beide Ohren verschuldet den Schuldnerberatern des Diakonischen Werks im Evangelischen Kirchenkreis Moers gegen\u00fcber sitzen. Und das bedeutet Aufatmen. Denn das Prinzip lautet \u201eExistenzsicherung vor Schuldenabbau\u201c. Der Satz f\u00fcllt das Finanzloch nicht auf. Aber er erm\u00f6glicht, die Wohnung zu behalten, Strom zu bekommen und auch am Monatsende Lebensmittel kaufen zu k\u00f6nnen. Oder dem Druck der Kreditinstitute zu entgehen. Zustehende Sozialleistungen sind h\u00e4ufig nicht bekannt. Mit dem Wissen darum werden viele Probleme kleiner.<\/p>\n<p>Die Schuldnerberater unterst\u00fctzen bei Verhandlungen mit Bank und Amt, sie erstellen einen Finanzplan, der hilft, Verp\ufb02ichtungen geordnet abzubauen, und beraten auch kompetent, sollte ein Insolvenzverfahren notwendig werden.<\/p>\n<p>Schuldnerberatung kann eine Eingliederungshilfe f\u00fcr ALG I- oder ALG II-Bezieher und deren Angeh\u00f6rige sein. Arbeitnehmern kann sie \u2013 bei drohendem Arbeitsplatzverlust durch Lohnpf\u00e4ndung \u2013 m\u00f6glicherweise den Arbeitsplatz erhalten. In diesen F\u00e4llen sprechen Sie mit Ihrem Fallmanager in der f\u00fcr Sie zust\u00e4ndigen ARGE dar\u00fcber. Schuldnerberatung kann Eingliederungshilfe f\u00fcr Beziehende von Leistungen der Grundsicherung sein, ihr zust\u00e4ndiger Mitarbeiter der Sozialverwaltung hilft.<\/p>\n<table>\n<tbody>\n<tr>\n<td style=\"border-color: #cfefae;background-color: #cfefae\"><strong>Grafschafter Diakonie gGmbh &#8211;<\/strong><br \/>\n<strong>Diakonisches Werk Kirchenkreis Moers<\/strong><br \/>\nKonradstra\u00dfe 86, 47475 Kamp-Lintfort<br \/>\nTelefon: 02842-92842-0, Telefax: 02842-92842-29<br \/>\nE-Mail: <a href=\"mailto:info-kal@grafschafter-diakonie.de\">info-kali@grafschafter-diakonie.de<\/a><br \/>\nInternet: <a href=\"http:\/\/www.grafschafter-diakonie.de\" data-wpel-link=\"external\" target=\"_blank\" rel=\"follow external noopener noreferrer\" class=\"ext-link wpel-icon-right\">www.grafschafter-diakonie.de<span class=\"wpel-icon wpel-image wpel-icon-8\"><\/span><\/a><\/td>\n<\/tr>\n<\/tbody>\n<\/table>\n<p><strong>Beratung durch den Polizeibezirksdienst<\/strong><br \/>\nAu\u00dferhalb von Notfallrufen bieten sich die Beamten der Polizeibezirksdienste als Ansprechpartner f\u00fcr alle Fragen an, die die Sicherheit von \u00e4lteren B\u00fcrgerinnen und B\u00fcrger betreffen. Dabei k\u00f6nnen sowohl Verkehrssicherheitsfragen als auch Fragen der Sicherheit der eigenen Wohnung angesprochen werden. Manchmal geht es auch um St\u00f6rungen oder Mobilit\u00e4tseinschr\u00e4nkungen im direkten Wohnumfeld.<\/p>\n<table>\n<tbody>\n<tr>\n<td style=\"border-color: #cfefae;background-color: #cfefae\"><strong>Kreispolizeibeh\u00f6rde Wesel <\/strong><br \/>\n<strong>Polizeiwache Kamp-Lintfort<\/strong><br \/>\nWilhelmstra\u00dfe 9, 47475 Kamp-Lintfort<br \/>\nTelefon: 02842-934-0PHK Frank Sommer<br \/>\nPolizeibezirksdienst Gestfeld, Niersenbruch<br \/>\nTelefon: 02842-934-1444<br \/>\nE-Mail: <a href=\"mailto:frank.sommer@polizei.nrw.de\">frank.sommer@polizei.nrw.de<\/a><br \/>\nPHK Volker Heymanns<br \/>\nPolizeibezirksdienst Stadtmitte<br \/>\nTelefon: 02842-934-1443<br \/>\nE-Mail: <a href=\"mailto:volker.heymanns@polizei.nrw.de\">volker.heymanns@polizei.nrw.de<\/a><br \/>\nPHK Gerhard Tersteegen<br \/>\nPolizeibezirksdienst Altsiedlung<br \/>\nTelefon 02842-934-1442<br \/>\nE-Mail: <a href=\"mailto:gerhard.tersteegen@polizei.nrw.de\">gerhard.tersteegen@polizei.nrw.de<\/a><br \/>\nPHK Klaus Macke<br \/>\nPolizeibezirksdienst Geisbruch<br \/>\nTelefon: 02842-934-1441<br \/>\nE-Mail: <a href=\"mailto:klaus.macke@polizei.nrw.de\">klaus.macke@polizei.nrw.de<\/a><\/td>\n<\/tr>\n<\/tbody>\n<\/table>\n<p><strong>Kreispolizeibeh\u00f6rde Wesel<\/strong><br \/>\nGegebenenfalls vermitteln die Polizeibezirksdienste auch einen Beratungstermin beim Kommissariat Vorbeugung:<br \/>\nHerzogenring 36, 46483 Wesel, Telefon: 0281-107-0<\/p>\n<p><strong>&lt;zur\u00fcck zum Inhaltsverzeichnis Wegweiser 50plus&gt;<\/strong><\/p>\n","protected":false},"excerpt":{"rendered":"<p>Psychologische Beratung Caritasverband Moers-Xanten e.V. Caritreff am Rathausplatz Kamp-Lintfort Andrea Jan\u00dfen Kamperdickstra\u00dfe 15, 47475 Kamp-Lintfort Offene Sprechstunde: Di 10:00 bis 12:00 Uhr Regelm\u00e4\u00dfige Sprechstunden Psycosoziale Beratung Hausbesuche Vermittlung praktischer Lebenshilfen Fachkompetente Krisenintervention P\ufb02egeberatung Stadt Kamp-Lintfort Rathaus, Sozialamt, 5. Etage (Fahrstuhl vorhanden) Am Rathaus 2, 47475 Kamp-Lintfort Andrea Bichler, Zimmer 326, Telefon: 02842-912-271 E-Mail: andrea.bichler@kamp-lintfort.de Elke &hellip; <a href=\"https:\/\/unser-quartier.de\/kali50plus\/4-10-beratung\/\" class=\"more-link\" data-wpel-link=\"internal\"><span class=\"screen-reader-text\">Beratung<\/span> weiterlesen <span class=\"meta-nav\">&rarr;<\/span><\/a><\/p>\n","protected":false},"author":168,"featured_media":0,"parent":0,"menu_order":0,"comment_status":"closed","ping_status":"closed","template":"","meta":{"_bbp_topic_count":0,"_bbp_reply_count":0,"_bbp_total_topic_count":0,"_bbp_total_reply_count":0,"_bbp_voice_count":0,"_bbp_anonymous_reply_count":0,"_bbp_topic_count_hidden":0,"_bbp_reply_count_hidden":0,"_bbp_forum_subforum_count":0,"advanced_seo_description":"","jetpack_seo_html_title":"","jetpack_seo_noindex":false,"ngg_post_thumbnail":0,"jetpack_post_was_ever_published":false,"footnotes":""},"class_list":["post-1596","page","type-page","status-publish","hentry"],"jetpack_shortlink":"https:\/\/wp.me\/P4AdMt-pK","jetpack_likes_enabled":true,"jetpack-related-posts":[],"jetpack_sharing_enabled":true,"_links":{"self":[{"href":"https:\/\/unser-quartier.de\/kali50plus\/wp-json\/wp\/v2\/pages\/1596","targetHints":{"allow":["GET"]}}],"collection":[{"href":"https:\/\/unser-quartier.de\/kali50plus\/wp-json\/wp\/v2\/pages"}],"about":[{"href":"https:\/\/unser-quartier.de\/kali50plus\/wp-json\/wp\/v2\/types\/page"}],"author":[{"embeddable":true,"href":"https:\/\/unser-quartier.de\/kali50plus\/wp-json\/wp\/v2\/users\/168"}],"replies":[{"embeddable":true,"href":"https:\/\/unser-quartier.de\/kali50plus\/wp-json\/wp\/v2\/comments?post=1596"}],"version-history":[{"count":0,"href":"https:\/\/unser-quartier.de\/kali50plus\/wp-json\/wp\/v2\/pages\/1596\/revisions"}],"wp:attachment":[{"href":"https:\/\/unser-quartier.de\/kali50plus\/wp-json\/wp\/v2\/media?parent=1596"}],"curies":[{"name":"wp","href":"https:\/\/api.w.org\/{rel}","templated":true}]}}