{"id":1659,"date":"2014-05-28T18:19:35","date_gmt":"2014-05-28T16:19:35","guid":{"rendered":"http:\/\/unser-quartier.de\/kali50plus\/?page_id=1659"},"modified":"2024-01-17T11:27:35","modified_gmt":"2024-01-17T10:27:35","slug":"fuenfter-stammtisch","status":"publish","type":"page","link":"https:\/\/unser-quartier.de\/kali50plus\/stadtteile\/geisbruch\/geisbruch-aktuell\/fuenfter-stammtisch\/","title":{"rendered":"F\u00fcnfter Stammtisch"},"content":{"rendered":"<p><img data-recalc-dims=\"1\" loading=\"lazy\" decoding=\"async\" data-attachment-id=\"1658\" data-permalink=\"https:\/\/unser-quartier.de\/kali50plus\/stadtteile\/geisbruch\/geisbruch-aktuell\/lokalkompass170713_1u68n3zi\/\" data-orig-file=\"https:\/\/i0.wp.com\/unser-quartier.de\/kali50plus\/files\/2014\/05\/lokalkompass170713_1u68n3zi.png?fit=800%2C435&amp;ssl=1\" data-orig-size=\"800,435\" data-comments-opened=\"0\" data-image-meta=\"{&quot;aperture&quot;:&quot;0&quot;,&quot;credit&quot;:&quot;&quot;,&quot;camera&quot;:&quot;&quot;,&quot;caption&quot;:&quot;&quot;,&quot;created_timestamp&quot;:&quot;0&quot;,&quot;copyright&quot;:&quot;&quot;,&quot;focal_length&quot;:&quot;0&quot;,&quot;iso&quot;:&quot;0&quot;,&quot;shutter_speed&quot;:&quot;0&quot;,&quot;title&quot;:&quot;&quot;}\" data-image-title=\"lokalkompass170713_1u68n3zi\" data-image-description=\"\" data-image-caption=\"&lt;p&gt;Wer kennt sie nicht, die aktiven B\u00fcrger-Reporter des Lokalkompass. Roswitha und J\u00fcrgen (3. und 2. von rechts vorne) immer aktiv dabei. Macht weiter so !!!&lt;\/p&gt;\n\" data-medium-file=\"https:\/\/i0.wp.com\/unser-quartier.de\/kali50plus\/files\/2014\/05\/lokalkompass170713_1u68n3zi.png?fit=300%2C163&amp;ssl=1\" data-large-file=\"https:\/\/i0.wp.com\/unser-quartier.de\/kali50plus\/files\/2014\/05\/lokalkompass170713_1u68n3zi.png?fit=474%2C258&amp;ssl=1\" class=\"aligncenter wp-image-1658 size-full\" src=\"https:\/\/i0.wp.com\/unser-quartier.de\/kali50plus\/files\/2014\/05\/lokalkompass170713_1u68n3zi.png?resize=474%2C258&#038;ssl=1\" alt=\"Wer kennt sie nicht, die aktiven B\u00fcrger-Reporter des Lokalkompass. Roswitha und J\u00fcrgen (3. und 2. von rechts vorne) immer aktiv dabei. Macht weiter so !!!\" width=\"474\" height=\"258\" srcset=\"https:\/\/i0.wp.com\/unser-quartier.de\/kali50plus\/files\/2014\/05\/lokalkompass170713_1u68n3zi.png?w=800&amp;ssl=1 800w, https:\/\/i0.wp.com\/unser-quartier.de\/kali50plus\/files\/2014\/05\/lokalkompass170713_1u68n3zi.png?resize=150%2C81&amp;ssl=1 150w, https:\/\/i0.wp.com\/unser-quartier.de\/kali50plus\/files\/2014\/05\/lokalkompass170713_1u68n3zi.png?resize=300%2C163&amp;ssl=1 300w\" sizes=\"auto, (max-width: 474px) 100vw, 474px\" \/><\/p>\n<p>Wer kennt sie nicht, die aktiven B\u00fcrger-Reporter des Lokalkompass. Roswitha und J\u00fcrgen (3. und 2. von rechts vorne) immer aktiv dabei. Macht weiter so !!!<\/p>\n<p>&lt;&lt; zur\u00fcck &gt;&gt;<\/p>\n","protected":false},"excerpt":{"rendered":"<p>Wer kennt sie nicht, die aktiven B\u00fcrger-Reporter des Lokalkompass. Roswitha und J\u00fcrgen (3. und 2. von rechts vorne) immer aktiv dabei. Macht weiter so !!! &lt;&lt; zur\u00fcck &gt;&gt;<\/p>\n","protected":false},"author":168,"featured_media":0,"parent":1657,"menu_order":0,"comment_status":"closed","ping_status":"closed","template":"page-templates\/full-width.php","meta":{"_bbp_topic_count":0,"_bbp_reply_count":0,"_bbp_total_topic_count":0,"_bbp_total_reply_count":0,"_bbp_voice_count":0,"_bbp_anonymous_reply_count":0,"_bbp_topic_count_hidden":0,"_bbp_reply_count_hidden":0,"_bbp_forum_subforum_count":0,"advanced_seo_description":"","jetpack_seo_html_title":"","jetpack_seo_noindex":false,"ngg_post_thumbnail":0,"jetpack_post_was_ever_published":false,"footnotes":""},"class_list":["post-1659","page","type-page","status-publish","hentry"],"jetpack_shortlink":"https:\/\/wp.me\/P4AdMt-qL","jetpack_likes_enabled":true,"jetpack-related-posts":[],"jetpack_sharing_enabled":true,"_links":{"self":[{"href":"https:\/\/unser-quartier.de\/kali50plus\/wp-json\/wp\/v2\/pages\/1659","targetHints":{"allow":["GET"]}}],"collection":[{"href":"https:\/\/unser-quartier.de\/kali50plus\/wp-json\/wp\/v2\/pages"}],"about":[{"href":"https:\/\/unser-quartier.de\/kali50plus\/wp-json\/wp\/v2\/types\/page"}],"author":[{"embeddable":true,"href":"https:\/\/unser-quartier.de\/kali50plus\/wp-json\/wp\/v2\/users\/168"}],"replies":[{"embeddable":true,"href":"https:\/\/unser-quartier.de\/kali50plus\/wp-json\/wp\/v2\/comments?post=1659"}],"version-history":[{"count":1,"href":"https:\/\/unser-quartier.de\/kali50plus\/wp-json\/wp\/v2\/pages\/1659\/revisions"}],"predecessor-version":[{"id":31741,"href":"https:\/\/unser-quartier.de\/kali50plus\/wp-json\/wp\/v2\/pages\/1659\/revisions\/31741"}],"up":[{"embeddable":true,"href":"https:\/\/unser-quartier.de\/kali50plus\/wp-json\/wp\/v2\/pages\/1657"}],"wp:attachment":[{"href":"https:\/\/unser-quartier.de\/kali50plus\/wp-json\/wp\/v2\/media?parent=1659"}],"curies":[{"name":"wp","href":"https:\/\/api.w.org\/{rel}","templated":true}]}}