{"id":1671,"date":"2014-05-28T18:33:46","date_gmt":"2014-05-28T16:33:46","guid":{"rendered":"http:\/\/unser-quartier.de\/kali50plus\/?page_id=1671"},"modified":"2024-01-17T11:27:36","modified_gmt":"2024-01-17T10:27:36","slug":"ka-li-50plus-geisbruchtreff-feierte-5-geburtstag","status":"publish","type":"page","link":"https:\/\/unser-quartier.de\/kali50plus\/stadtteile\/geisbruch\/geisbruch-aktuell\/ka-li-50plus-geisbruchtreff-feierte-5-geburtstag\/","title":{"rendered":"Ka-Li 50plus Geisbruchtreff feierte 5. Geburtstag!"},"content":{"rendered":"<p><span style=\"font-size: 10pt\"><em>Datum: 08.04.2013<\/em><\/span><\/p>\n<p>Es war kein Aprilscherz, am 1. April 2008 war es so weit. Das erste soziale Netzwerk \u201eKa-Li 50plus Geisbruchtreff&#8220; nahm seine ehrenamtliche T\u00e4tigkeit auf. Die Vorarbeiten hierzu dauerten einige Monate, es gab eine Menge organisatorischer Dinge zu kl\u00e4ren. Die Evangelische Kirchengemeinde Lintfort stellte uns einen Teil des Gemeindehauses im Geisbruch zur Verf\u00fcgung. Der damalige Pfarrer Oelschl\u00e4gel und das Presbyterium brachten uns gro\u00dfes Vertrauen entgegen.<\/p>\n<p>Seit dem 1. April 2008 ist der Ka-Li 50plus Geisbruchtreff im Dietrich-Bonhoeffer-Haus, Geisbruchstra\u00dfe 20, ge\u00f6ffnet. An zwei Vormittagen (Montag und Freitag 9.30 Uhr-12 Uhr) und einem Nachmittag (Mittwoch 14 Uhr-17 Uhr \u201e Kaffeeklatsch&#8220;), stehen hier ehrenamtliche Mitarbeiterinnen und Mitarbeiter des Runden Tisches f\u00fcr Gespr\u00e4che und Vermittlung von Kontakten zur Verf\u00fcgung. Gemeinsame Aktivit\u00e4ten, Nachbarschaftshilfe und das Kn\u00fcpfen sozialer Netze ist das Programm. Am Montag- und Freitagmorgen stehen kompetente Ansprechpartner zur Verf\u00fcgung, um Tipps und Ratschl\u00e4ge im Umgang mit dem Computer weiterzugeben.<\/p>\n<p>Jeden Donnerstag trifft sich eine Radfahrergruppe, \u201eDie Eisb\u00e4ren&#8220;. Startzeit: April-September 16 Uhr, Oktober-M\u00e4rz 14 Uhr. Startort: Kreuzkirche, Geisbruchstr. 20. Die Streckenl\u00e4nge betr\u00e4gt 30-40 Kilometer, mit Einkehr und Selbstverpflegung.<br \/>\nIn den zur\u00fcckliegenden 5 Jahren gab es eine ganze Reihe unterschiedlicher Aktivit\u00e4ten. Tagesausfl\u00fcge und Besichtigungen, Lesungen und verschiedene Vortr\u00e4ge im Dietrich-Bonhoeffer-Haus. Im Sommer wird gegrillt und zur Weihnachtszeit findet ein Adventsbasar statt. Zwei Mal im Jahr wird Bingo gespielt.<\/p>\n<p>F\u00fcnf erfolgreiche Jahre liegen nun schon hinter uns, wenn das kein Grund zum Feiern war!<br \/>\nAm Samstag, 06.04.13, wurde ab 11 Uhr im Dietrich-Bonhoeffer-Haus der 5. Geburtstag gefeiert. Vertreter der Stadt Kamp-Lintfort, die 50plus Einrichtungen Gestfeld und Niersenbruch, Pfarrer Rosorius, so wie sein Vorg\u00e4nger Herr Oelschl\u00e4gel und der gute Geist der Kreuzkirche, Herr Wiesner mit Gattin, waren ebenfalls anwesend. Aus den verschiedenen Kreisen unseres Geisbruchtreff&#8217;s konnten wir ca. 50 G\u00e4ste begr\u00fc\u00dfen. Insgesamt kamen etwa 70 Personen ins Dietrich-Bonhoeffer-Haus. Nach dem Sektempfang und einigen launigen Reden und netten Worten konnte das Buffet er\u00f6ffnet werden.<\/p>\n<p>B\u00fcrgermeister Prof. Dr. Christoph Landscheidt \u00fcbergab unserer Einrichtung einen kleinen Geldbetrag im Namen der Stadt Kamp-Lintfort.<\/p>\n<p>Es war eine gelungene und unterhaltsame Geburtstagsfeier, wir sind im Stadtteil Geisbruch und in der gesamten Stadt zu einer bekannten Einrichtung geworden. Allen, die hierzu beigetragen haben, sagen wir ein herzliches Dankesch\u00f6n! Das Team vom Geisbruchtreff hofft auf weitere, erfolgreiche Jahre.<\/p>\n<p>Mehr Infos unter:<\/p>\n<p>01577-7 86 90 25\u00a0 und\u00a0 www.kali50plus.de<\/p>\n<p><img data-recalc-dims=\"1\" loading=\"lazy\" decoding=\"async\" data-attachment-id=\"1672\" data-permalink=\"https:\/\/unser-quartier.de\/kali50plus\/stadtteile\/geisbruch\/geisbruch-aktuell\/ka-li-50plus-geisbruchtreff-feierte-5-geburtstag\/p1000373\/\" data-orig-file=\"https:\/\/i0.wp.com\/unser-quartier.de\/kali50plus\/files\/2014\/05\/P1000373.jpg?fit=842%2C501&amp;ssl=1\" data-orig-size=\"842,501\" data-comments-opened=\"0\" data-image-meta=\"{&quot;aperture&quot;:&quot;0&quot;,&quot;credit&quot;:&quot;&quot;,&quot;camera&quot;:&quot;&quot;,&quot;caption&quot;:&quot;&quot;,&quot;created_timestamp&quot;:&quot;0&quot;,&quot;copyright&quot;:&quot;&quot;,&quot;focal_length&quot;:&quot;0&quot;,&quot;iso&quot;:&quot;0&quot;,&quot;shutter_speed&quot;:&quot;0&quot;,&quot;title&quot;:&quot;&quot;}\" data-image-title=\"P1000373\" data-image-description=\"\" data-image-caption=\"\" data-medium-file=\"https:\/\/i0.wp.com\/unser-quartier.de\/kali50plus\/files\/2014\/05\/P1000373.jpg?fit=300%2C178&amp;ssl=1\" data-large-file=\"https:\/\/i0.wp.com\/unser-quartier.de\/kali50plus\/files\/2014\/05\/P1000373.jpg?fit=474%2C282&amp;ssl=1\" class=\"aligncenter size-full wp-image-1672\" src=\"https:\/\/i0.wp.com\/unser-quartier.de\/kali50plus\/files\/2014\/05\/P1000373.jpg?resize=474%2C282&#038;ssl=1\" alt=\"Geburtstagsg\u00e4ste zum 5j\u00e4hrigen Bestehen\" width=\"474\" height=\"282\" srcset=\"https:\/\/i0.wp.com\/unser-quartier.de\/kali50plus\/files\/2014\/05\/P1000373.jpg?w=842&amp;ssl=1 842w, https:\/\/i0.wp.com\/unser-quartier.de\/kali50plus\/files\/2014\/05\/P1000373.jpg?resize=150%2C89&amp;ssl=1 150w, https:\/\/i0.wp.com\/unser-quartier.de\/kali50plus\/files\/2014\/05\/P1000373.jpg?resize=300%2C178&amp;ssl=1 300w\" sizes=\"auto, (max-width: 474px) 100vw, 474px\" \/><\/p>\n<p>&lt;&lt; zur\u00fcck &gt;&gt;<\/p>\n","protected":false},"excerpt":{"rendered":"<p>Datum: 08.04.2013 Es war kein Aprilscherz, am 1. April 2008 war es so weit. Das erste soziale Netzwerk \u201eKa-Li 50plus Geisbruchtreff&#8220; nahm seine ehrenamtliche T\u00e4tigkeit auf. Die Vorarbeiten hierzu dauerten einige Monate, es gab eine Menge organisatorischer Dinge zu kl\u00e4ren. Die Evangelische Kirchengemeinde Lintfort stellte uns einen Teil des Gemeindehauses im Geisbruch zur Verf\u00fcgung. Der &hellip; <a href=\"https:\/\/unser-quartier.de\/kali50plus\/stadtteile\/geisbruch\/geisbruch-aktuell\/ka-li-50plus-geisbruchtreff-feierte-5-geburtstag\/\" class=\"more-link\" data-wpel-link=\"internal\"><span class=\"screen-reader-text\">Ka-Li 50plus Geisbruchtreff feierte 5. Geburtstag!<\/span> weiterlesen <span class=\"meta-nav\">&rarr;<\/span><\/a><\/p>\n","protected":false},"author":168,"featured_media":0,"parent":1657,"menu_order":0,"comment_status":"closed","ping_status":"closed","template":"page-templates\/full-width.php","meta":{"_bbp_topic_count":0,"_bbp_reply_count":0,"_bbp_total_topic_count":0,"_bbp_total_reply_count":0,"_bbp_voice_count":0,"_bbp_anonymous_reply_count":0,"_bbp_topic_count_hidden":0,"_bbp_reply_count_hidden":0,"_bbp_forum_subforum_count":0,"advanced_seo_description":"","jetpack_seo_html_title":"","jetpack_seo_noindex":false,"ngg_post_thumbnail":0,"jetpack_post_was_ever_published":false,"footnotes":""},"class_list":["post-1671","page","type-page","status-publish","hentry"],"jetpack_shortlink":"https:\/\/wp.me\/P4AdMt-qX","jetpack_likes_enabled":true,"jetpack-related-posts":[],"jetpack_sharing_enabled":true,"_links":{"self":[{"href":"https:\/\/unser-quartier.de\/kali50plus\/wp-json\/wp\/v2\/pages\/1671","targetHints":{"allow":["GET"]}}],"collection":[{"href":"https:\/\/unser-quartier.de\/kali50plus\/wp-json\/wp\/v2\/pages"}],"about":[{"href":"https:\/\/unser-quartier.de\/kali50plus\/wp-json\/wp\/v2\/types\/page"}],"author":[{"embeddable":true,"href":"https:\/\/unser-quartier.de\/kali50plus\/wp-json\/wp\/v2\/users\/168"}],"replies":[{"embeddable":true,"href":"https:\/\/unser-quartier.de\/kali50plus\/wp-json\/wp\/v2\/comments?post=1671"}],"version-history":[{"count":1,"href":"https:\/\/unser-quartier.de\/kali50plus\/wp-json\/wp\/v2\/pages\/1671\/revisions"}],"predecessor-version":[{"id":31743,"href":"https:\/\/unser-quartier.de\/kali50plus\/wp-json\/wp\/v2\/pages\/1671\/revisions\/31743"}],"up":[{"embeddable":true,"href":"https:\/\/unser-quartier.de\/kali50plus\/wp-json\/wp\/v2\/pages\/1657"}],"wp:attachment":[{"href":"https:\/\/unser-quartier.de\/kali50plus\/wp-json\/wp\/v2\/media?parent=1671"}],"curies":[{"name":"wp","href":"https:\/\/api.w.org\/{rel}","templated":true}]}}