{"id":1766,"date":"2014-05-29T19:22:22","date_gmt":"2014-05-29T17:22:22","guid":{"rendered":"http:\/\/unser-quartier.de\/kali50plus\/?page_id=1766"},"modified":"2015-11-18T21:28:43","modified_gmt":"2015-11-18T20:28:43","slug":"offenes-fruehstueck","status":"publish","type":"page","link":"https:\/\/unser-quartier.de\/kali50plus\/veranstaltungen\/offenes-fruehstueck\/","title":{"rendered":"offenes Fr\u00fchst\u00fcck"},"content":{"rendered":"<p style=\"text-align: center\">Seit dem 24.10.2011 gibt es ein &#8222;offenes Fr\u00fchst\u00fcck&#8220; ab 9:00 Uhr<br \/>\nim Gemeinschaftsraum des Hauses &#8222;VivaWestWohnen&#8220; auf der Geisbruchstr. 19.<\/p>\n<p style=\"text-align: center\">Zu diesem Treffen sind alle,<br \/>\ndie nicht alleine fr\u00fchst\u00fccken wollen, herzlich eingeladen.<br \/>\nSelbstverst\u00e4ndlich geh\u00f6rt dazu auch das Gespr\u00e4ch untereinander.<\/p>\n<p style=\"text-align: center\">Wir w\u00fcrden uns sehr freuen, wenn dieses Angebot angenommen wird.<br \/>\nF\u00fcr eine kleine Spende nach dem Fr\u00fchst\u00fcck sind wir sehr dankbar.<\/p>\n<p style=\"text-align: center\">Wir w\u00fcnschen Ihnen \/ Euch guten Appetit, gute Laune<br \/>\nund einen gelungenen Wochenstart.<\/p>\n","protected":false},"excerpt":{"rendered":"<p>Seit dem 24.10.2011 gibt es ein &#8222;offenes Fr\u00fchst\u00fcck&#8220; ab 9:00 Uhr im Gemeinschaftsraum des Hauses &#8222;VivaWestWohnen&#8220; auf der Geisbruchstr. 19. Zu diesem Treffen sind alle, die nicht alleine fr\u00fchst\u00fccken wollen, herzlich eingeladen. Selbstverst\u00e4ndlich geh\u00f6rt dazu auch das Gespr\u00e4ch untereinander. Wir w\u00fcrden uns sehr freuen, wenn dieses Angebot angenommen wird. F\u00fcr eine kleine Spende nach dem &hellip; <a href=\"https:\/\/unser-quartier.de\/kali50plus\/veranstaltungen\/offenes-fruehstueck\/\" class=\"more-link\" data-wpel-link=\"internal\"><span class=\"screen-reader-text\">offenes Fr\u00fchst\u00fcck<\/span> weiterlesen <span class=\"meta-nav\">&rarr;<\/span><\/a><\/p>\n","protected":false},"author":168,"featured_media":0,"parent":3,"menu_order":0,"comment_status":"closed","ping_status":"closed","template":"page-templates\/full-width.php","meta":{"_bbp_topic_count":0,"_bbp_reply_count":0,"_bbp_total_topic_count":0,"_bbp_total_reply_count":0,"_bbp_voice_count":0,"_bbp_anonymous_reply_count":0,"_bbp_topic_count_hidden":0,"_bbp_reply_count_hidden":0,"_bbp_forum_subforum_count":0,"advanced_seo_description":"","jetpack_seo_html_title":"","jetpack_seo_noindex":false,"ngg_post_thumbnail":0,"jetpack_post_was_ever_published":false,"footnotes":""},"class_list":["post-1766","page","type-page","status-publish","hentry"],"jetpack_shortlink":"https:\/\/wp.me\/P4AdMt-su","jetpack_likes_enabled":true,"jetpack-related-posts":[],"jetpack_sharing_enabled":false,"_links":{"self":[{"href":"https:\/\/unser-quartier.de\/kali50plus\/wp-json\/wp\/v2\/pages\/1766","targetHints":{"allow":["GET"]}}],"collection":[{"href":"https:\/\/unser-quartier.de\/kali50plus\/wp-json\/wp\/v2\/pages"}],"about":[{"href":"https:\/\/unser-quartier.de\/kali50plus\/wp-json\/wp\/v2\/types\/page"}],"author":[{"embeddable":true,"href":"https:\/\/unser-quartier.de\/kali50plus\/wp-json\/wp\/v2\/users\/168"}],"replies":[{"embeddable":true,"href":"https:\/\/unser-quartier.de\/kali50plus\/wp-json\/wp\/v2\/comments?post=1766"}],"version-history":[{"count":0,"href":"https:\/\/unser-quartier.de\/kali50plus\/wp-json\/wp\/v2\/pages\/1766\/revisions"}],"up":[{"embeddable":true,"href":"https:\/\/unser-quartier.de\/kali50plus\/wp-json\/wp\/v2\/pages\/3"}],"wp:attachment":[{"href":"https:\/\/unser-quartier.de\/kali50plus\/wp-json\/wp\/v2\/media?parent=1766"}],"curies":[{"name":"wp","href":"https:\/\/api.w.org\/{rel}","templated":true}]}}