{"id":20,"date":"2014-01-22T08:48:41","date_gmt":"2014-01-22T07:48:41","guid":{"rendered":"http:\/\/unser-quartier.de\/tmp-musterblog2\/?page_id=20"},"modified":"2017-10-06T14:33:24","modified_gmt":"2017-10-06T12:33:24","slug":"20-2","status":"publish","type":"page","link":"https:\/\/unser-quartier.de\/kali50plus\/20-2\/","title":{"rendered":"Soziale Netze"},"content":{"rendered":"<p style=\"text-align: left\" align=\"right\"><em>\r\n\t<div class=\"imgmap-frontend-image\">\r\n\t<div class=\"imgmap-dialog-wrapper\" id=\"imgmap-dialog-1211-1\"><\/div>\r\n\t<img data-recalc-dims=\"1\" decoding=\"async\" src=\"https:\/\/i0.wp.com\/unser-quartier.de\/kali50plus\/files\/2014\/05\/KaLi-Stadtplan_mini1.png?w=474&#038;ssl=1\" usemap=\"#imgmap-1211-1\" id=\"imagemap-1211-1\" \/>\r\n\t<map name=\"imgmap-1211-1\"><area data-type=\"link\" data-tooltip=\"\" data-fill-color=\"070707\" data-fill-opacity=\"0.3\" data-stroke-color=\"070707\" data-stroke-opacity=\"0.8\" data-stroke-width=\"2\" data-mapkey=\"area-2612\" shape=\"poly\" coords=\"204,272,271,214,276,231,278,245,278,257,276,277,273,280,276,289,294,288,303,290,313,290,327,295,329,296,338,301,337,312,331,312,332,325,335,327,331,331,329,341,335,350,334,353,345,357,357,373,353,373,346,373,339,371,329,377,323,378,314,401,280,409,277,407,271,404,267,397,263,392,268,379,269,370,267,358,264,335,256,337,251,333,253,328,254,324,249,321,244,317,241,317,242,308,236,304,239,287,206,274,205,276,204,274\" href=\"https:\/\/unser-quartier.de\/kali50plus\/stadtteile\/stadtkern\/\" title=\"Wechsel zur Seite Stadtkern\/Lintfort\" \/><area data-type=\"link\" data-tooltip=\"\" data-fill-color=\"070707\" data-fill-opacity=\"0.3\" data-stroke-color=\"070707\" data-stroke-opacity=\"0.8\" data-stroke-width=\"2\" data-mapkey=\"area-1219\" shape=\"poly\" coords=\"238,314,241,314,241,317,252,323,249,332,253,336,253,338,264,336,268,362,268,375,263,393,260,391,255,385,247,383,245,379,238,379,237,376,232,377,230,380,223,380,213,375,210,369,209,349,208,343,208,338,204,330,211,324,222,317,226,318,234,318,237,314\" href=\"https:\/\/unser-quartier.de\/kali50plus\/stadtteile\/gestfeld\/\" title=\"Wechsel zur Seite Gestfeld\" \/><area data-type=\"link\" data-tooltip=\"\" data-fill-color=\"070707\" data-fill-opacity=\"0.3\" data-stroke-color=\"070707\" data-stroke-opacity=\"0.8\" data-stroke-width=\"2\" data-mapkey=\"area-1218\" shape=\"poly\" coords=\"201,272,203,273,203,275,238,287,237,306,237,308,241,308,241,313,238,313,235,317,225,318,223,316,209,324,206,327,204,331,207,335,207,345,209,367,211,372,222,380,218,382,219,387,216,391,208,388,204,389,200,387,194,387,192,384,189,385,173,370,175,362,174,356,177,354,177,345,176,335,172,327,174,319,170,305,169,303,168,301\" href=\"https:\/\/unser-quartier.de\/kali50plus\/stadtteile\/geisbruch\/\" title=\"Wechsel zur Seite Geisbruch\" \/><area data-type=\"link\" data-tooltip=\"\" data-fill-color=\"070707\" data-fill-opacity=\"0.3\" data-stroke-color=\"070707\" data-stroke-opacity=\"0.8\" data-stroke-width=\"2\" data-mapkey=\"area-1217\" shape=\"poly\" coords=\"207,266,208,255,203,250,201,241,203,239,202,220,203,217,201,214,210,204,214,202,232,182,240,179,279,183,289,182,295,189\" href=\"https:\/\/unser-quartier.de\/kali50plus\/stadtteile\/niersenbruch\/\" title=\"Wechsel zur Seite Niersenbruch\" \/><\/map>\r\n\t<\/div> <\/em><\/p>\n<p style=\"text-align: center\" align=\"right\"><em>Mit einem Klick auf einen durch die Maus (Hand-Symbol) gekennzeichneten Stadtteil gelangen Sie direkt auf die entsprechende Seite &#8230;<\/em><\/p>\n<p><span class=\"ff1 cf3 fs24\" style=\"line-height: 2.2575\"><b>\u201cKa-Li 50plus\u201d ist seit 2008 in Kamp-Lintfort in den Bezirken Stadtmitte\/ Lintfort, Geisbruch, Gestfeld und Niersenbruch t\u00e4tig. Wir bieten den Austausch an Informationen zu unterschiedlichsten Interessen und Anliegen von \u00e4lteren Mitb\u00fcrgern, praktische Hilfe und Unterst\u00fctzung.<br \/>\n<\/b><\/span><\/p>\n<p style=\"text-align: left\"><span class=\"ff1 cf3 fs24\" style=\"line-height: 2.15812\"><b>Wenn Sie Fragen haben oder mit uns sprechen m\u00f6chten, schreiben Sie eine E-Mail an <\/b><\/span><span class=\"ff0 fs20 cf0\" style=\"line-height: 1.2\"><img data-recalc-dims=\"1\" loading=\"lazy\" decoding=\"async\" data-attachment-id=\"1066\" data-permalink=\"https:\/\/unser-quartier.de\/kali50plus\/stadtteile\/geisbruch\/mail\/\" data-orig-file=\"https:\/\/i0.wp.com\/unser-quartier.de\/kali50plus\/files\/2014\/05\/mail.png?fit=32%2C32&amp;ssl=1\" data-orig-size=\"32,32\" data-comments-opened=\"0\" data-image-meta=\"{&quot;aperture&quot;:&quot;0&quot;,&quot;credit&quot;:&quot;&quot;,&quot;camera&quot;:&quot;&quot;,&quot;caption&quot;:&quot;&quot;,&quot;created_timestamp&quot;:&quot;0&quot;,&quot;copyright&quot;:&quot;&quot;,&quot;focal_length&quot;:&quot;0&quot;,&quot;iso&quot;:&quot;0&quot;,&quot;shutter_speed&quot;:&quot;0&quot;,&quot;title&quot;:&quot;&quot;}\" data-image-title=\"mail\" data-image-description=\"\" data-image-caption=\"\" data-medium-file=\"https:\/\/i0.wp.com\/unser-quartier.de\/kali50plus\/files\/2014\/05\/mail.png?fit=32%2C32&amp;ssl=1\" data-large-file=\"https:\/\/i0.wp.com\/unser-quartier.de\/kali50plus\/files\/2014\/05\/mail.png?fit=32%2C32&amp;ssl=1\" class=\"alignnone wp-image-1066 size-full\" src=\"https:\/\/i0.wp.com\/unser-quartier.de\/kali50plus\/files\/2014\/05\/mail.png?resize=32%2C32&#038;ssl=1\" alt=\"mail\" height=\"32\" width=\"32\" \/><\/span><span class=\"fs24 cf3 ff1\" style=\"line-height: 1.50563\"><b><a href=\"mailto:info@kali50plus.de\"> Ka-Li 50plus<\/a> oder rufen Sie uns an in der Zeit<\/b><\/span><\/p>\n<h5 style=\"text-align: center\"><span class=\"fs24 ff1 cf3\" style=\"line-height: 1.2\"><b>Mo&nbsp;+&nbsp;Fr von 9:00-12:00 <!-- und Mi von 14:00-17:00 Uhr -->unter <\/b><\/span><span class=\"fs20 cf0 ff0\" style=\"line-height: 1.2\"><img data-recalc-dims=\"1\" loading=\"lazy\" decoding=\"async\" data-attachment-id=\"1062\" data-permalink=\"https:\/\/unser-quartier.de\/kali50plus\/stadtteile\/geisbruch\/handy\/\" data-orig-file=\"https:\/\/i0.wp.com\/unser-quartier.de\/kali50plus\/files\/2014\/05\/handy-e1517059726983.png?fit=25%2C31&amp;ssl=1\" data-orig-size=\"25,31\" data-comments-opened=\"0\" data-image-meta=\"{&quot;aperture&quot;:&quot;0&quot;,&quot;credit&quot;:&quot;&quot;,&quot;camera&quot;:&quot;&quot;,&quot;caption&quot;:&quot;&quot;,&quot;created_timestamp&quot;:&quot;0&quot;,&quot;copyright&quot;:&quot;&quot;,&quot;focal_length&quot;:&quot;0&quot;,&quot;iso&quot;:&quot;0&quot;,&quot;shutter_speed&quot;:&quot;0&quot;,&quot;title&quot;:&quot;&quot;}\" data-image-title=\"handy\" data-image-description=\"\" data-image-caption=\"\" data-medium-file=\"https:\/\/i0.wp.com\/unser-quartier.de\/kali50plus\/files\/2014\/05\/handy-e1517059726983.png?fit=25%2C31&amp;ssl=1\" data-large-file=\"https:\/\/i0.wp.com\/unser-quartier.de\/kali50plus\/files\/2014\/05\/handy-e1517059726983.png?fit=25%2C31&amp;ssl=1\" class=\"alignnone wp-image-1062 size-full\" src=\"https:\/\/i0.wp.com\/unser-quartier.de\/kali50plus\/files\/2014\/05\/handy.png?resize=32%2C32&#038;ssl=1\" alt=\"handy\" height=\"32\" width=\"32\" \/><\/span><span class=\"fs24 cf3 ff1\" style=\"line-height: 1.41188\"><b>0 162-9 30 22 28.<\/b><\/span><\/h5>\n<h4 style=\"text-align: center\"><span class=\"fs24 cf3 ff1\" style=\"line-height: 1.41188\"><b><span style=\"color: #ff0000\">&nbsp;<\/span><\/b><\/span><\/h4>\n","protected":false},"excerpt":{"rendered":"<p>Mit einem Klick auf einen durch die Maus (Hand-Symbol) gekennzeichneten Stadtteil gelangen Sie direkt auf die entsprechende Seite &#8230; \u201cKa-Li 50plus\u201d ist seit 2008 in Kamp-Lintfort in den Bezirken Stadtmitte\/ Lintfort, Geisbruch, Gestfeld und Niersenbruch t\u00e4tig. Wir bieten den Austausch an Informationen zu unterschiedlichsten Interessen und Anliegen von \u00e4lteren Mitb\u00fcrgern, praktische Hilfe und Unterst\u00fctzung. Wenn &hellip; <a href=\"https:\/\/unser-quartier.de\/kali50plus\/20-2\/\" class=\"more-link\" data-wpel-link=\"internal\"><span class=\"screen-reader-text\">Soziale Netze<\/span> weiterlesen <span class=\"meta-nav\">&rarr;<\/span><\/a><\/p>\n","protected":false},"author":168,"featured_media":0,"parent":0,"menu_order":2,"comment_status":"open","ping_status":"open","template":"","meta":{"_bbp_topic_count":0,"_bbp_reply_count":0,"_bbp_total_topic_count":0,"_bbp_total_reply_count":0,"_bbp_voice_count":0,"_bbp_anonymous_reply_count":0,"_bbp_topic_count_hidden":0,"_bbp_reply_count_hidden":0,"_bbp_forum_subforum_count":0,"advanced_seo_description":"","jetpack_seo_html_title":"","jetpack_seo_noindex":false,"ngg_post_thumbnail":0,"jetpack_post_was_ever_published":false,"footnotes":""},"class_list":["post-20","page","type-page","status-publish","hentry"],"jetpack_shortlink":"https:\/\/wp.me\/P4AdMt-k","jetpack_likes_enabled":true,"jetpack-related-posts":[],"jetpack_sharing_enabled":false,"_links":{"self":[{"href":"https:\/\/unser-quartier.de\/kali50plus\/wp-json\/wp\/v2\/pages\/20","targetHints":{"allow":["GET"]}}],"collection":[{"href":"https:\/\/unser-quartier.de\/kali50plus\/wp-json\/wp\/v2\/pages"}],"about":[{"href":"https:\/\/unser-quartier.de\/kali50plus\/wp-json\/wp\/v2\/types\/page"}],"author":[{"embeddable":true,"href":"https:\/\/unser-quartier.de\/kali50plus\/wp-json\/wp\/v2\/users\/168"}],"replies":[{"embeddable":true,"href":"https:\/\/unser-quartier.de\/kali50plus\/wp-json\/wp\/v2\/comments?post=20"}],"version-history":[{"count":0,"href":"https:\/\/unser-quartier.de\/kali50plus\/wp-json\/wp\/v2\/pages\/20\/revisions"}],"wp:attachment":[{"href":"https:\/\/unser-quartier.de\/kali50plus\/wp-json\/wp\/v2\/media?parent=20"}],"curies":[{"name":"wp","href":"https:\/\/api.w.org\/{rel}","templated":true}]}}