{"id":2061,"date":"2014-06-03T15:09:06","date_gmt":"2014-06-03T13:09:06","guid":{"rendered":"http:\/\/unser-quartier.de\/kali50plus\/?page_id=2061"},"modified":"2025-12-10T11:54:24","modified_gmt":"2025-12-10T10:54:24","slug":"wegweiser-50-plus","status":"publish","type":"page","link":"https:\/\/unser-quartier.de\/kali50plus\/wegweiser-50-plus\/","title":{"rendered":"Wegweiser 50plus"},"content":{"rendered":"<h3>Wegweiser 50plus frisch aus dem Druck<\/h3>\n<p>27.04.2017<\/p>\n<h5>Stadt stellt Neuauflage vor<\/h5>\n<p>\u00c4lter werden in Kamp-Lintfort bedeutet nicht Stillstand oder Einschr\u00e4nkung, sondern aktive und selbstbestimmte Teilhabe am gesellschaftlichen Leben. Viele B\u00fcrgerinnen und B\u00fcrger erleben die Phase des \u00c4lterwerdens bei guter Gesundheit, mit vielf\u00e4ltigen Interessen und Aktivit\u00e4ten. Um dies zu tun, gibt es ein vielseitiges Angebot an Vereinen und Organisationen. Aber auch bei gesundheitlichen oder allt\u00e4glichen Problemen, gibt es zahlreiche Beratungs- und Unterst\u00fctzungsm\u00f6glichkeiten. &nbsp;<\/p>\n<p>Der neu aufgelegte Wegweiser 50plus stellt alle wichtigen Informationen f\u00fcr Bereiche wie Freizeit, Sport, Kultur und Gesundheit zusammen. Gleichzeitig enth\u00e4lt die Brosch\u00fcre auch n\u00fctzliche Hinweise zu Unterst\u00fctzungs- und Hilfeleistungen in besonderen Lebenslagen. Zudem sind die Ansprechpartnerinnen und Ansprechpartner verschiedener Beratungseinrichtungen der Stadt genannt, die f\u00fcr Fragen und Anliegen zur Verf\u00fcgung stehen.<\/p>\n<div class=\"floatbox\">\n<div class=\"floatleft noborder\">\n<p><img data-recalc-dims=\"1\" loading=\"lazy\" decoding=\"async\" data-attachment-id=\"9951\" data-permalink=\"https:\/\/unser-quartier.de\/kali50plus\/wegweiser-50-plus\/wegweiser_50plus_2017\/\" data-orig-file=\"https:\/\/i0.wp.com\/unser-quartier.de\/kali50plus\/files\/2014\/06\/wegweiser_50plus_2017.jpg?fit=400%2C400&amp;ssl=1\" data-orig-size=\"400,400\" data-comments-opened=\"0\" data-image-meta=\"{&quot;aperture&quot;:&quot;0&quot;,&quot;credit&quot;:&quot;&quot;,&quot;camera&quot;:&quot;&quot;,&quot;caption&quot;:&quot;&quot;,&quot;created_timestamp&quot;:&quot;0&quot;,&quot;copyright&quot;:&quot;&quot;,&quot;focal_length&quot;:&quot;0&quot;,&quot;iso&quot;:&quot;0&quot;,&quot;shutter_speed&quot;:&quot;0&quot;,&quot;title&quot;:&quot;&quot;,&quot;orientation&quot;:&quot;0&quot;}\" data-image-title=\"wegweiser_50plus_2017\" data-image-description=\"\" data-image-caption=\"\" data-medium-file=\"https:\/\/i0.wp.com\/unser-quartier.de\/kali50plus\/files\/2014\/06\/wegweiser_50plus_2017.jpg?fit=300%2C300&amp;ssl=1\" data-large-file=\"https:\/\/i0.wp.com\/unser-quartier.de\/kali50plus\/files\/2014\/06\/wegweiser_50plus_2017.jpg?fit=400%2C400&amp;ssl=1\" class=\"alignleft size-medium wp-image-9951\" src=\"https:\/\/i0.wp.com\/unser-quartier.de\/kali50plus\/files\/2014\/06\/wegweiser_50plus_2017.jpg?resize=300%2C300&#038;ssl=1\" alt=\"Wegweiser 50plus 2017\" width=\"300\" height=\"300\" srcset=\"https:\/\/i0.wp.com\/unser-quartier.de\/kali50plus\/files\/2014\/06\/wegweiser_50plus_2017.jpg?resize=300%2C300&amp;ssl=1 300w, https:\/\/i0.wp.com\/unser-quartier.de\/kali50plus\/files\/2014\/06\/wegweiser_50plus_2017.jpg?resize=150%2C150&amp;ssl=1 150w, https:\/\/i0.wp.com\/unser-quartier.de\/kali50plus\/files\/2014\/06\/wegweiser_50plus_2017.jpg?resize=50%2C50&amp;ssl=1 50w, https:\/\/i0.wp.com\/unser-quartier.de\/kali50plus\/files\/2014\/06\/wegweiser_50plus_2017.jpg?w=400&amp;ssl=1 400w\" sizes=\"auto, (max-width: 300px) 100vw, 300px\" \/><\/p>\n<\/div>\n<p>Der aktuelle Wegweiser 50plus im st\u00e4dtischen Design und mit vielen Tipps rund ums \u00c4lter werden<\/p>\n<\/div>\n<p>&nbsp;<\/p>\n<p>&nbsp;<\/p>\n<p>&nbsp;<\/p>\n<p>&nbsp;<\/p>\n<p>&nbsp;<\/p>\n<p><span style=\"font-size: 14px\">(Presseinformation der Stadt Kamp-Lintfort vom 27.04.2017, <a href=\"http:\/\/www.kamp-lintfort.de\" data-wpel-link=\"external\" target=\"_blank\" rel=\"follow external noopener noreferrer\" class=\"ext-link wpel-icon-right\">www.kamp-lintfort.de<span class=\"wpel-icon wpel-image wpel-icon-8\"><\/span><\/a>)<\/span><\/p>\n<p><strong><a href=\"https:\/\/unser-quartier.de\/kali50plus\/wegweiser\/\" data-wpel-link=\"internal\">&lt;&lt; zur\u00fcck zum Wegweiser 50plus &gt;&gt;<\/a><br \/>\n&lt;&lt; zur\u00fcck zu den Presseinformationen &gt;&gt;<\/strong><\/p>\n","protected":false},"excerpt":{"rendered":"<p>Wegweiser 50plus frisch aus dem Druck 27.04.2017 Stadt stellt Neuauflage vor \u00c4lter werden in Kamp-Lintfort bedeutet nicht Stillstand oder Einschr\u00e4nkung, sondern aktive und selbstbestimmte Teilhabe am gesellschaftlichen Leben. Viele B\u00fcrgerinnen und B\u00fcrger erleben die Phase des \u00c4lterwerdens bei guter Gesundheit, mit vielf\u00e4ltigen Interessen und Aktivit\u00e4ten. Um dies zu tun, gibt es ein vielseitiges Angebot an &hellip; <a href=\"https:\/\/unser-quartier.de\/kali50plus\/wegweiser-50-plus\/\" class=\"more-link\" data-wpel-link=\"internal\"><span class=\"screen-reader-text\">Wegweiser 50plus<\/span> weiterlesen <span class=\"meta-nav\">&rarr;<\/span><\/a><\/p>\n","protected":false},"author":168,"featured_media":0,"parent":0,"menu_order":0,"comment_status":"closed","ping_status":"closed","template":"","meta":{"_bbp_topic_count":0,"_bbp_reply_count":0,"_bbp_total_topic_count":0,"_bbp_total_reply_count":0,"_bbp_voice_count":0,"_bbp_anonymous_reply_count":0,"_bbp_topic_count_hidden":0,"_bbp_reply_count_hidden":0,"_bbp_forum_subforum_count":0,"advanced_seo_description":"","jetpack_seo_html_title":"","jetpack_seo_noindex":false,"ngg_post_thumbnail":0,"jetpack_post_was_ever_published":false,"footnotes":""},"class_list":["post-2061","page","type-page","status-publish","hentry"],"jetpack_shortlink":"https:\/\/wp.me\/P4AdMt-xf","jetpack_likes_enabled":true,"jetpack-related-posts":[],"jetpack_sharing_enabled":true,"_links":{"self":[{"href":"https:\/\/unser-quartier.de\/kali50plus\/wp-json\/wp\/v2\/pages\/2061","targetHints":{"allow":["GET"]}}],"collection":[{"href":"https:\/\/unser-quartier.de\/kali50plus\/wp-json\/wp\/v2\/pages"}],"about":[{"href":"https:\/\/unser-quartier.de\/kali50plus\/wp-json\/wp\/v2\/types\/page"}],"author":[{"embeddable":true,"href":"https:\/\/unser-quartier.de\/kali50plus\/wp-json\/wp\/v2\/users\/168"}],"replies":[{"embeddable":true,"href":"https:\/\/unser-quartier.de\/kali50plus\/wp-json\/wp\/v2\/comments?post=2061"}],"version-history":[{"count":1,"href":"https:\/\/unser-quartier.de\/kali50plus\/wp-json\/wp\/v2\/pages\/2061\/revisions"}],"predecessor-version":[{"id":32678,"href":"https:\/\/unser-quartier.de\/kali50plus\/wp-json\/wp\/v2\/pages\/2061\/revisions\/32678"}],"wp:attachment":[{"href":"https:\/\/unser-quartier.de\/kali50plus\/wp-json\/wp\/v2\/media?parent=2061"}],"curies":[{"name":"wp","href":"https:\/\/api.w.org\/{rel}","templated":true}]}}