{"id":2119,"date":"2014-06-03T18:33:30","date_gmt":"2014-06-03T16:33:30","guid":{"rendered":"http:\/\/unser-quartier.de\/kali50plus\/?page_id=2119"},"modified":"2015-11-18T21:11:11","modified_gmt":"2015-11-18T20:11:11","slug":"das-deutsche-rote-kreuz-im-kali-treff","status":"publish","type":"page","link":"https:\/\/unser-quartier.de\/kali50plus\/stadtteile\/geisbruch\/geisbruch-aktuell\/das-deutsche-rote-kreuz-im-kali-treff\/","title":{"rendered":"Das &#8222;Deutsche Rote Kreuz&#8220; im KaLi-Treff"},"content":{"rendered":"<p>Am 24.06.09 fand ein DRK-Vortrag in der R\u00e4umen des Dietrich-Bonhoeffer-Hauses um 15 Uhr statt. Alle Fragen , die von den Anwesenden gestellt wurden, wurden von Herrn Rolf Reznik (vorsitzender des DRK Kamp-Lintfort) und Herrn Heiko Breuer (Rettungssanit\u00e4ter) ersch\u00f6pfend und ausf\u00fchrlich beantwortet. Wir danken an dieser Stelle noch einmal den beiden Herren f\u00fcr ihre Ausf\u00fchrungen, die unsere Kenntnisse um und vom DRK erweitert und unter Umst\u00e4nden auch richtig gestellt haben .<\/p>\n<p class=\"jetpack-slideshow-noscript robots-nocontent\">Diese Diashow ben\u00f6tigt JavaScript.<\/p><div id=\"gallery-2119-1-slideshow\" class=\"jetpack-slideshow-window jetpack-slideshow jetpack-slideshow-black\" data-trans=\"fade\" data-autostart=\"1\" data-gallery=\"[{&quot;src&quot;:&quot;https:\\\/\\\/i0.wp.com\\\/unser-quartier.de\\\/kali50plus\\\/files\\\/2014\\\/06\\\/drk__01.gif?fit=800%2C600\\u0026ssl=1&quot;,&quot;id&quot;:&quot;2240&quot;,&quot;title&quot;:&quot;drk__01&quot;,&quot;alt&quot;:&quot;&quot;,&quot;caption&quot;:&quot;&quot;,&quot;itemprop&quot;:&quot;image&quot;},{&quot;src&quot;:&quot;https:\\\/\\\/i0.wp.com\\\/unser-quartier.de\\\/kali50plus\\\/files\\\/2014\\\/06\\\/drk__02.gif?fit=800%2C600\\u0026ssl=1&quot;,&quot;id&quot;:&quot;2241&quot;,&quot;title&quot;:&quot;drk__02&quot;,&quot;alt&quot;:&quot;&quot;,&quot;caption&quot;:&quot;&quot;,&quot;itemprop&quot;:&quot;image&quot;},{&quot;src&quot;:&quot;https:\\\/\\\/i0.wp.com\\\/unser-quartier.de\\\/kali50plus\\\/files\\\/2014\\\/06\\\/drk__03.gif?fit=800%2C600\\u0026ssl=1&quot;,&quot;id&quot;:&quot;2242&quot;,&quot;title&quot;:&quot;drk__03&quot;,&quot;alt&quot;:&quot;&quot;,&quot;caption&quot;:&quot;&quot;,&quot;itemprop&quot;:&quot;image&quot;},{&quot;src&quot;:&quot;https:\\\/\\\/i0.wp.com\\\/unser-quartier.de\\\/kali50plus\\\/files\\\/2014\\\/06\\\/drk__04.gif?fit=800%2C600\\u0026ssl=1&quot;,&quot;id&quot;:&quot;2243&quot;,&quot;title&quot;:&quot;drk__04&quot;,&quot;alt&quot;:&quot;&quot;,&quot;caption&quot;:&quot;&quot;,&quot;itemprop&quot;:&quot;image&quot;},{&quot;src&quot;:&quot;https:\\\/\\\/i0.wp.com\\\/unser-quartier.de\\\/kali50plus\\\/files\\\/2014\\\/06\\\/drk__05.gif?fit=800%2C600\\u0026ssl=1&quot;,&quot;id&quot;:&quot;2244&quot;,&quot;title&quot;:&quot;drk__05&quot;,&quot;alt&quot;:&quot;&quot;,&quot;caption&quot;:&quot;&quot;,&quot;itemprop&quot;:&quot;image&quot;},{&quot;src&quot;:&quot;https:\\\/\\\/i0.wp.com\\\/unser-quartier.de\\\/kali50plus\\\/files\\\/2014\\\/06\\\/drk__06.gif?fit=800%2C600\\u0026ssl=1&quot;,&quot;id&quot;:&quot;2245&quot;,&quot;title&quot;:&quot;drk__06&quot;,&quot;alt&quot;:&quot;&quot;,&quot;caption&quot;:&quot;&quot;,&quot;itemprop&quot;:&quot;image&quot;},{&quot;src&quot;:&quot;https:\\\/\\\/i0.wp.com\\\/unser-quartier.de\\\/kali50plus\\\/files\\\/2014\\\/06\\\/drk__07.gif?fit=800%2C600\\u0026ssl=1&quot;,&quot;id&quot;:&quot;2246&quot;,&quot;title&quot;:&quot;drk__07&quot;,&quot;alt&quot;:&quot;&quot;,&quot;caption&quot;:&quot;&quot;,&quot;itemprop&quot;:&quot;image&quot;}]\" itemscope itemtype=\"https:\/\/schema.org\/ImageGallery\"><\/div>\n<p><a href=\"https:\/\/unser-quartier.de\/kali50plus\/oeffentlichkeitsarbeit\/ka-li-50-plus-mitteilungen\/\" rel=\"nofollow\" data-wpel-link=\"internal\">&lt;&lt; zur\u00fcck &gt;&gt;<\/a><\/p>\n","protected":false},"excerpt":{"rendered":"<p>Am 24.06.09 fand ein DRK-Vortrag in der R\u00e4umen des Dietrich-Bonhoeffer-Hauses um 15 Uhr statt. Alle Fragen , die von den Anwesenden gestellt wurden, wurden von Herrn Rolf Reznik (vorsitzender des DRK Kamp-Lintfort) und Herrn Heiko Breuer (Rettungssanit\u00e4ter) ersch\u00f6pfend und ausf\u00fchrlich beantwortet. Wir danken an dieser Stelle noch einmal den beiden Herren f\u00fcr ihre Ausf\u00fchrungen, die &hellip; <a href=\"https:\/\/unser-quartier.de\/kali50plus\/stadtteile\/geisbruch\/geisbruch-aktuell\/das-deutsche-rote-kreuz-im-kali-treff\/\" class=\"more-link\" data-wpel-link=\"internal\"><span class=\"screen-reader-text\">Das &#8222;Deutsche Rote Kreuz&#8220; im KaLi-Treff<\/span> weiterlesen <span class=\"meta-nav\">&rarr;<\/span><\/a><\/p>\n","protected":false},"author":168,"featured_media":0,"parent":1657,"menu_order":0,"comment_status":"closed","ping_status":"closed","template":"page-templates\/full-width.php","meta":{"_bbp_topic_count":0,"_bbp_reply_count":0,"_bbp_total_topic_count":0,"_bbp_total_reply_count":0,"_bbp_voice_count":0,"_bbp_anonymous_reply_count":0,"_bbp_topic_count_hidden":0,"_bbp_reply_count_hidden":0,"_bbp_forum_subforum_count":0,"advanced_seo_description":"","jetpack_seo_html_title":"","jetpack_seo_noindex":false,"ngg_post_thumbnail":0,"jetpack_post_was_ever_published":false,"footnotes":""},"class_list":["post-2119","page","type-page","status-publish","hentry"],"jetpack_shortlink":"https:\/\/wp.me\/P4AdMt-yb","jetpack_likes_enabled":true,"jetpack-related-posts":[],"jetpack_sharing_enabled":true,"_links":{"self":[{"href":"https:\/\/unser-quartier.de\/kali50plus\/wp-json\/wp\/v2\/pages\/2119","targetHints":{"allow":["GET"]}}],"collection":[{"href":"https:\/\/unser-quartier.de\/kali50plus\/wp-json\/wp\/v2\/pages"}],"about":[{"href":"https:\/\/unser-quartier.de\/kali50plus\/wp-json\/wp\/v2\/types\/page"}],"author":[{"embeddable":true,"href":"https:\/\/unser-quartier.de\/kali50plus\/wp-json\/wp\/v2\/users\/168"}],"replies":[{"embeddable":true,"href":"https:\/\/unser-quartier.de\/kali50plus\/wp-json\/wp\/v2\/comments?post=2119"}],"version-history":[{"count":0,"href":"https:\/\/unser-quartier.de\/kali50plus\/wp-json\/wp\/v2\/pages\/2119\/revisions"}],"up":[{"embeddable":true,"href":"https:\/\/unser-quartier.de\/kali50plus\/wp-json\/wp\/v2\/pages\/1657"}],"wp:attachment":[{"href":"https:\/\/unser-quartier.de\/kali50plus\/wp-json\/wp\/v2\/media?parent=2119"}],"curies":[{"name":"wp","href":"https:\/\/api.w.org\/{rel}","templated":true}]}}