{"id":2137,"date":"2014-06-04T17:46:11","date_gmt":"2014-06-04T15:46:11","guid":{"rendered":"http:\/\/unser-quartier.de\/kali50plus\/?page_id=2137"},"modified":"2025-12-10T11:52:47","modified_gmt":"2025-12-10T10:52:47","slug":"stadtteilerkundungen","status":"publish","type":"page","link":"https:\/\/unser-quartier.de\/kali50plus\/stadtteilerkundungen\/","title":{"rendered":"Stadtteilerkundungen"},"content":{"rendered":"<h2>mit \u00c4lteren in den Stadtteilen Geisbruch und Lintfort\/Stadtkern<\/h2>\n<p>Zum Treffen am 5. Dezember im Geisbruchtreff erschienen ca. 20 interessierte Personen, um an den Vorbereitungen zur geplanten Begehungen im Stadteil Geisbruch teilzunehmen. Unter der Leitung von Herrn Zisenis (Stadt Kamp-Lintfort) und Herrn Dr. Reinhold Knopp von der Fachhochschule D\u00fcsseldorf wurden zun\u00e4chst positive und negative Eindr\u00fccke\/Best\u00e4nde des Stadtteils gesammelt, sortiertundauf einem Gebietsplan mit Nadeln markiert. Danach konnten sich Interessierte melden, an verschiedenen Begehungen innerhalb der n\u00e4chsten zwei Monate teilzunehmen. Es haben sich daraus drei Gruppen mit unterschiedlichen Aufgaben gebildet, die dann an Hand diverser Vorgaben Teile des Bezirks abgehen und positives sowie negatives per Notizen und Bildern aufnehmen und an die Koordinatorin Frau L\u00f6tters (Stadt Kamp-Lintfort) weiterleiten. Erste Ergebnisse werden dann wahrscheinlich schon beim n\u00e4chsten Treffen am 23.01.09 um 14 Uhr bekanntgegeben.<\/p>\n<h5><strong>..:: 20.01.2009 &#8211; Sozialraumerkundungen mit \u00c4lteren ::..<\/strong><\/h5>\n<p>Das vom Land im Rahmen des Aktionsprogramms &#8222;Aktiv im Alter NRW&#8220; gef\u00f6rderte Projekt &#8222;Sozialraumerkundungen mit \u00c4lteren&#8220; ist gestartet. In den beiden Stadtteilen Geisbruch und Lintfort\/Alt-Siedlung haben Projektgruppen ihre Arbeit aufgenommen und Stadtteilbegehungen und Recherchen durchgef\u00fchrt. &#8230; <a href=\"http:\/\/www.kamp-lintfort.de\/C1257537002B239A\/html\/566E871B7186D36AC125769A002F1C40?opendocument&amp;layout=Pressedetails_Pressemeldung_Archiv\" target=\"_blank\" data-wpel-link=\"external\" rel=\"follow external noopener noreferrer\" class=\"ext-link wpel-icon-right\">&lt;&lt; mehr &gt;&gt;<span class=\"wpel-icon wpel-image wpel-icon-8\"><\/span><\/a><\/p>\n<p>==========================================================<\/p>\n<h5><strong>..:: 25.05.2009 &#8211; Viele positive Bewertungen, aber auch Handlungsbedarf ::..<\/strong><\/h5>\n<p>Projekt Sozialraumerkundungen mit \u00c4lteren abgeschlossen<br \/>\nDr. Reinhard Knopp von der Fachhochschule D\u00fcsseldorf und Birgit L\u00f6tters und Dieter Zisenis von der Fachstelle Altenhilfeplanung der Stadt Kamp-Lintfort haben jetzt die Ergebnisse der Sozialraumerkundungen mit \u00c4lteren in den Stadtteilen Geisbruch und Lintfort\/Alt-Siedlung pr\u00e4sentiert. &#8230;\u00a0<a href=\"http:\/\/www.kamp-lintfort.de\/C1257537002B239A\/html\/EAE09E98EF7424A4C125769A002F4ECB?opendocument&amp;layout=Pressedetails_Pressemeldung_Archiv\" target=\"_blank\" data-wpel-link=\"external\" rel=\"follow external noopener noreferrer\" class=\"ext-link wpel-icon-right\">&lt;&lt; mehr &gt;&gt;<span class=\"wpel-icon wpel-image wpel-icon-8\"><\/span><\/a><\/p>\n<p>==========================================================<br \/>\nHerausgeber:<br \/>\nStadt Kamp-Lintfort &#8211; Der B\u00fcrgermeister<br \/>\nRedaktion: Pressestelle, Rathaus, Postfach 1760, 47462 Kamp-Lintfort<br \/>\nTel.: 02842 912-391<\/p>\n<h1>E-Mail: info@kamp-lintfort.de<\/h1>\n<p>&lt;&lt; zur\u00fcck &gt;&gt;<\/p>\n","protected":false},"excerpt":{"rendered":"<p>mit \u00c4lteren in den Stadtteilen Geisbruch und Lintfort\/Stadtkern Zum Treffen am 5. Dezember im Geisbruchtreff erschienen ca. 20 interessierte Personen, um an den Vorbereitungen zur geplanten Begehungen im Stadteil Geisbruch teilzunehmen. Unter der Leitung von Herrn Zisenis (Stadt Kamp-Lintfort) und Herrn Dr. Reinhold Knopp von der Fachhochschule D\u00fcsseldorf wurden zun\u00e4chst positive und negative Eindr\u00fccke\/Best\u00e4nde des &hellip; <a href=\"https:\/\/unser-quartier.de\/kali50plus\/stadtteilerkundungen\/\" class=\"more-link\" data-wpel-link=\"internal\"><span class=\"screen-reader-text\">Stadtteilerkundungen<\/span> weiterlesen <span class=\"meta-nav\">&rarr;<\/span><\/a><\/p>\n","protected":false},"author":168,"featured_media":0,"parent":0,"menu_order":0,"comment_status":"closed","ping_status":"closed","template":"page-templates\/full-width.php","meta":{"_bbp_topic_count":0,"_bbp_reply_count":0,"_bbp_total_topic_count":0,"_bbp_total_reply_count":0,"_bbp_voice_count":0,"_bbp_anonymous_reply_count":0,"_bbp_topic_count_hidden":0,"_bbp_reply_count_hidden":0,"_bbp_forum_subforum_count":0,"advanced_seo_description":"","jetpack_seo_html_title":"","jetpack_seo_noindex":false,"ngg_post_thumbnail":0,"jetpack_post_was_ever_published":false,"footnotes":""},"class_list":["post-2137","page","type-page","status-publish","hentry"],"jetpack_shortlink":"https:\/\/wp.me\/P4AdMt-yt","jetpack_likes_enabled":true,"jetpack-related-posts":[],"jetpack_sharing_enabled":true,"_links":{"self":[{"href":"https:\/\/unser-quartier.de\/kali50plus\/wp-json\/wp\/v2\/pages\/2137","targetHints":{"allow":["GET"]}}],"collection":[{"href":"https:\/\/unser-quartier.de\/kali50plus\/wp-json\/wp\/v2\/pages"}],"about":[{"href":"https:\/\/unser-quartier.de\/kali50plus\/wp-json\/wp\/v2\/types\/page"}],"author":[{"embeddable":true,"href":"https:\/\/unser-quartier.de\/kali50plus\/wp-json\/wp\/v2\/users\/168"}],"replies":[{"embeddable":true,"href":"https:\/\/unser-quartier.de\/kali50plus\/wp-json\/wp\/v2\/comments?post=2137"}],"version-history":[{"count":1,"href":"https:\/\/unser-quartier.de\/kali50plus\/wp-json\/wp\/v2\/pages\/2137\/revisions"}],"predecessor-version":[{"id":32660,"href":"https:\/\/unser-quartier.de\/kali50plus\/wp-json\/wp\/v2\/pages\/2137\/revisions\/32660"}],"wp:attachment":[{"href":"https:\/\/unser-quartier.de\/kali50plus\/wp-json\/wp\/v2\/media?parent=2137"}],"curies":[{"name":"wp","href":"https:\/\/api.w.org\/{rel}","templated":true}]}}