{"id":2153,"date":"2014-06-04T18:20:09","date_gmt":"2014-06-04T16:20:09","guid":{"rendered":"http:\/\/unser-quartier.de\/kali50plus\/?page_id=2153"},"modified":"2025-12-10T11:53:00","modified_gmt":"2025-12-10T10:53:00","slug":"runde-tische","status":"publish","type":"page","link":"https:\/\/unser-quartier.de\/kali50plus\/kommunales\/runde-tische\/","title":{"rendered":"&#8222;Runde Tische&#8220;"},"content":{"rendered":"<h2>Entwicklung stadtteilorientierter Sozialer Netze<\/h2>\n<p><strong>Geisbruch und Lintfort\/Stadtkern<\/strong><\/p>\n<p>Aus den beiden 50plus-Konferenzen in den beiden Stadtbereichen &#8222;Geisbruch&#8220; und &#8222;Lintfort\/Stadtkern&#8220; haben sich sogenannte &#8222;Runde Tische Netzwerke&#8220; gebildet, an denen sich in beiden Stadtbereichen jeweils etwa 20 B\u00fcrger und B\u00fcrgerinnen beteiligen. Im &#8222;Runden Tisch&#8220; Netzwerk Geisbruch werden zwei Schwerpunktthemen weiter verfolgt:<\/p>\n<ul>\n<li>Treffpunkt f\u00fcr \u00c4ltere &#8211; Anlaufstelle im Stadtteil &#8211; Informationen weitergeben &#8211; Zusammenleben von Alt und Jung<\/li>\n<li>Technik &#8211; Computer &#8211; Internet &#8211; Handy &#8211; selbst organisierte Angebote f\u00fcr Anf\u00e4nger und Fortgeschrittene &#8211; Erfahrene geben ihre Kenntnisse an andere weiter<\/li>\n<\/ul>\n<p>Der geplante Treffpunkt f\u00fcr \u00c4ltere soll den Namen &#8222;Ka-Li-Geisbruch 50plus&#8220; tragen und folgende Interessen von \u00e4lteren Menschen im Stadtteil aufgreifen:<\/p>\n<ul>\n<li>in Gesellschaft sein &#8211; ich treffe immer jemanden, wenn ich dort hinkomme, und ich kann mich dort f\u00fcr einen Moment aufhalten und eine Tasse Kaffee trinken<\/li>\n<li>ich bekomme Informationen \u00fcber Aktivit\u00e4ten im Stadtteil<\/li>\n<li>ich kann mich mit anderen verabreden (z.B. zum Kegeln, zu einer Fahrt nach Arcen oder &#8230;), weil dort immer&lt;br&gt; Aush\u00e4nge zu finden sind wie: &#8222;Ich suche jemand, der mit mir &#8230;&#8220; oder &#8222;wir haben vor, am &#8230; und freuen uns, wenn noch jemand dazu kommt&#8220;<\/li>\n<li>ich treffe immer auf eine\/n AnsprechpartnerIn, die\/der mir weiterhelfen kann, wenn ich eine bestimmte Frage, ein bestimmtes Anliegen habe, weil dort viele Informationen \u00fcber Beratungsm\u00f6glichkeiten, Angebote von Vereinen und Verb\u00e4nden, Selbsthilfegruppen usw. vorhanden sind<\/li>\n<\/ul>\n<p>Der Treffpunkt soll im Wesentlichen durch b\u00fcrgerschaftliches Engagement getragen werden. Ausgehend von den geplanten \u00d6ffnungszeiten (Mo bis Fr, 9:00 bis 12:00 Uhr) steht bisher ein Pool von neuen namentlich bekannten Personen zur Verf\u00fcgung. Der Kreis soll erweitert werden. Bei der konkreten Umsetzung kann auf das Angebot der Evangelischen Kirchengemeinde zur\u00fcckgegriffen werden, bis zu den Sommerferien einen Raum im Eingangsbereich des Dietrich-Bonhoeffer-Hauses, Geisbruchstrasse 22, f\u00fcr die Anlaufstelle zu nutzen. Die Mitnutzung der Sanit\u00e4reinrichtungen und der Teek\u00fcche ist m\u00f6glich. Die Nutzung k\u00f6nnte als &#8222;Erprobungsphase&#8220; kostenlos erfolgen. Die Kirchengemeinde pr\u00fcft zur Zeit, ob der Raum insgesamt von anderen Nutzungen frei gestellt werden k\u00f6nnte. Dies w\u00fcrde bedeuten, dass es keine Mehrfachnutzung g\u00e4be und die Einrichtung des Raumes nicht immer wieder ver\u00e4ndert werden m\u00fcsste. Hierf\u00fcr kann aber noch keine Zusage gemacht werden. Nach der Erprobungsphase sollen die Erfahrungen ausgewertet und die m\u00f6glichen Konditionen f\u00fcr eine l\u00e4ngerfristige Nutzung verhandelt werden. In der &#8222;Arbeitsgruppe Technik&#8220; sind folgende Ideen entwickelt worden:<\/p>\n<ul>\n<li>notwendig sind R\u00e4umlichkeiten mit zwei bis drei PC-Arbeitspl\u00e4tzen mit Standardprogrammen (Mindestanforderung: Windows XP, Windows 2000, Office 2000), Drucker, Internetzugang und der M\u00f6glichkeit, eigene Notebooks mitzubringen<\/li>\n<li>es soll keine Konkurrenz zu professionellen Anbietern von PC-Kursen (VHS, Haus der Familie, o. a.) entstehen, sondern <strong>Hilfe zur Selbsthilfe<\/strong> gegeben werden<\/li>\n<li>starten mit einem &#8222;offenen Termin&#8220;, d. h. zu einem bestimmten Zeitpunkt in der Woche steht immer ein erfahrener Anwender zur Verf\u00fcgung, der ganz individuell und konkret Unterst\u00fctzung anbietet (&#8222;Ich habe von meinen Kindern ein Notebook geschenkt bekommen und wei\u00df gar nicht, wie ich damit umgehen soll&#8220;, &#8222;Ich bin Anf\u00e4nger und will in einem bestimmten Programm sicherer werden&#8220;, &#8222;Ich kann schon etwas, aber hier komme ich immer nicht weiter&#8220; u. \u00e4.)<\/li>\n<li>aus solchen Terminen kann sich ggf. ein &#8222;Anf\u00e4ngerkurs&#8220; mit festem Personenkreis und Terminen ergeben<\/li>\n<\/ul>\n<p>Dieses Angebot kann mit gro\u00dfer Wahrscheinlichkeit in dem von der Evangelischen Kirchengemeinde angebotenen Raum realisiert werden. \u00dcber die Arbeitsgruppe sind sowohl die personellen Ressourcen abgedeckt als auch bereits Zusagen f\u00fcr die erforderliche technische Ausstattung gegeben. Es ist geplant, mit dem Treffpunkt und dem Angebot von selbstorganisierter Unterst\u00fctzung f\u00fcr PC-Nutzer zum 1. April zu beginnen. Gem\u00e4\u00df des Angebotes der Evangelischen Kirchengemeinde ist eine Erprobungsphase bis zum Beginn der Sommerferien geplant.<\/p>\n<p><!--nextpage--><\/p>\n<p>Im Runden Tisch Netzwerk <strong>Lintfort\/Stadtkern<\/strong> ist in zwei Treffen folgende Idee entwickelt worden:<\/p>\n<p>Im Stadtgebiet Lintfort\/Stadtkern m\u00fcssen eigentlich keine neuen R\u00e4umlichkeiten f\u00fcr einen Treffpunkt \/ eine Anlaufstelle 50 Plus gesucht werden. Es gibt ein vielf\u00e4ltiges Angebot. Anscheinend erreichen aber die Informationen \u00fcber diese M\u00f6glichkeiten nur eine bestimmte Gruppe der \u00fcber-50-j\u00e4hrigen. Manche haben sich vielleicht auch schon zu sehr zur\u00fcckgezogen und brauchen keine pers\u00f6nliche Unterst\u00fctzung, um wieder am \u00f6ffentlichen Leben teilzunehmen. Konkret soll ein Marktstand entwickelt werden, der etwa ab M\u00e4rz\/April w\u00f6chentlich auf den beiden Marktpl\u00e4tzen aufgestellt werden soll. An diesem Stand sind alle Informationen vorr\u00e4tig, die f\u00fcr \u00fcber-50-j\u00e4hrige im Stadtteil interessant sein k\u00f6nnten. Dar\u00fcber hinaus kommt man m\u00f6glicherweise mit B\u00fcrgern und B\u00fcrgerinnen ins Gespr\u00e4ch, die sich bisher noch keinem Verein oder einer Gruppe angeschlossen haben. Auf diese Weise k\u00f6nnte man auch noch einmal etwas mehr dar\u00fcber in Erfahrung bringen, woran diese Personen Interesse haben und welche neuen Aktivit\u00e4ten daraus entwickelt werden k\u00f6nnten. Dieser Marktstand m\u00fcsste immer mit einigen auskunftsf\u00e4higen, ehrenamtlichen Mitarbeitenden aus dem Runden Tisch besetzt sein. Eine Arbeitsgruppe zur weiteren Detailplanung traf sich wieder am 11. Februar 2008.<\/p>\n<p>F\u00fcr den zweiten Arbeitsschwerpunkt &#8222;Mobilit\u00e4t &#8211; Erreichbarkeit von Orten, Einrichtungen, Veranstaltungen &#8211; Veranstaltungsangebot auch an Vor- und Nachmittagen, nicht nur abends (\u00e4ltere Menschen sind h\u00e4ufig in der Dunkelheit \u00e4ngstlich), Alternative: Organisation von Fahrdiensten o. \u00e4.&#8220; konnte noch kein konkreter Ankn\u00fcpfungspunkt gefunden werden. Ein Teilnehmer des Runden Tisches hat es aber \u00fcbernommen, zu recherchieren, welche Modelle und Systeme in anderen Kommunen erprobt oder realisiert werden.<\/p>\n<p>Beim zweiten Treffen des Runden Tisches Netzwerk Lintfort\/Stadtkern waren sechs Mitglieder der Islamischen Gemeinde DITIB, Kattenstrasse 65 anwesend. Dort wird auch das n\u00e4chste Treffen stattfinden. Vorangegangen war das Angebot der Gemeinde, die Idee des Runden Tisches im Dezember 2007 vor dem Freitagsgebet in der Gemeinde vorzustellen.<\/p>\n<p>In beiden Stadtbereichen wird zus\u00e4tzlich zu den jetzt begonnenen Aktivit\u00e4ten im M\u00e4rz\/April 2008 eine Stadtteilbegehung f\u00fcr \u00e4ltere Menschen im Sinne einer Sozialraumerkundung angeboten. Hinweise auf besondere f\u00fcr \u00e4ltere Menschen problematische Orte sind sowohl bei den 50 Plus-Konferenzen als auch noch einmal bei den Runden Tischen gesammelt worden.<\/p>\n<p>&lt;&lt; zur\u00fcck &gt;&gt;<\/p>\n","protected":false},"excerpt":{"rendered":"<p>Entwicklung stadtteilorientierter Sozialer Netze Geisbruch und Lintfort\/Stadtkern Aus den beiden 50plus-Konferenzen in den beiden Stadtbereichen &#8222;Geisbruch&#8220; und &#8222;Lintfort\/Stadtkern&#8220; haben sich sogenannte &#8222;Runde Tische Netzwerke&#8220; gebildet, an denen sich in beiden Stadtbereichen jeweils etwa 20 B\u00fcrger und B\u00fcrgerinnen beteiligen. Im &#8222;Runden Tisch&#8220; Netzwerk Geisbruch werden zwei Schwerpunktthemen weiter verfolgt: Treffpunkt f\u00fcr \u00c4ltere &#8211; Anlaufstelle im Stadtteil &hellip; <a href=\"https:\/\/unser-quartier.de\/kali50plus\/kommunales\/runde-tische\/\" class=\"more-link\" data-wpel-link=\"internal\"><span class=\"screen-reader-text\">&#8222;Runde Tische&#8220;<\/span> weiterlesen <span class=\"meta-nav\">&rarr;<\/span><\/a><\/p>\n","protected":false},"author":168,"featured_media":0,"parent":1978,"menu_order":0,"comment_status":"closed","ping_status":"closed","template":"page-templates\/full-width.php","meta":{"_bbp_topic_count":0,"_bbp_reply_count":0,"_bbp_total_topic_count":0,"_bbp_total_reply_count":0,"_bbp_voice_count":0,"_bbp_anonymous_reply_count":0,"_bbp_topic_count_hidden":0,"_bbp_reply_count_hidden":0,"_bbp_forum_subforum_count":0,"advanced_seo_description":"","jetpack_seo_html_title":"","jetpack_seo_noindex":false,"ngg_post_thumbnail":0,"jetpack_post_was_ever_published":false,"footnotes":""},"class_list":["post-2153","page","type-page","status-publish","hentry"],"jetpack_shortlink":"https:\/\/wp.me\/P4AdMt-yJ","jetpack_likes_enabled":true,"jetpack-related-posts":[],"jetpack_sharing_enabled":true,"_links":{"self":[{"href":"https:\/\/unser-quartier.de\/kali50plus\/wp-json\/wp\/v2\/pages\/2153","targetHints":{"allow":["GET"]}}],"collection":[{"href":"https:\/\/unser-quartier.de\/kali50plus\/wp-json\/wp\/v2\/pages"}],"about":[{"href":"https:\/\/unser-quartier.de\/kali50plus\/wp-json\/wp\/v2\/types\/page"}],"author":[{"embeddable":true,"href":"https:\/\/unser-quartier.de\/kali50plus\/wp-json\/wp\/v2\/users\/168"}],"replies":[{"embeddable":true,"href":"https:\/\/unser-quartier.de\/kali50plus\/wp-json\/wp\/v2\/comments?post=2153"}],"version-history":[{"count":1,"href":"https:\/\/unser-quartier.de\/kali50plus\/wp-json\/wp\/v2\/pages\/2153\/revisions"}],"predecessor-version":[{"id":32667,"href":"https:\/\/unser-quartier.de\/kali50plus\/wp-json\/wp\/v2\/pages\/2153\/revisions\/32667"}],"up":[{"embeddable":true,"href":"https:\/\/unser-quartier.de\/kali50plus\/wp-json\/wp\/v2\/pages\/1978"}],"wp:attachment":[{"href":"https:\/\/unser-quartier.de\/kali50plus\/wp-json\/wp\/v2\/media?parent=2153"}],"curies":[{"name":"wp","href":"https:\/\/api.w.org\/{rel}","templated":true}]}}