{"id":2169,"date":"2014-06-04T19:37:22","date_gmt":"2014-06-04T17:37:22","guid":{"rendered":"http:\/\/unser-quartier.de\/kali50plus\/?page_id=2169"},"modified":"2025-12-10T11:53:20","modified_gmt":"2025-12-10T10:53:20","slug":"aktivitaeten-im-ka-li-geisbruchtreff-50-plus","status":"publish","type":"page","link":"https:\/\/unser-quartier.de\/kali50plus\/stadtteile\/geisbruch\/aktivitaeten-im-ka-li-geisbruchtreff-50-plus\/","title":{"rendered":"Aktivit\u00e4ten im Ka-Li-Geisbruchtreff 50plus"},"content":{"rendered":"<p><img data-recalc-dims=\"1\" loading=\"lazy\" decoding=\"async\" data-attachment-id=\"2170\" data-permalink=\"https:\/\/unser-quartier.de\/kali50plus\/stadtteile\/geisbruch\/aktivitaeten-im-ka-li-geisbruchtreff-50-plus\/clip_image004\/\" data-orig-file=\"https:\/\/i0.wp.com\/unser-quartier.de\/kali50plus\/files\/2014\/06\/clip_image004.png?fit=157%2C87&amp;ssl=1\" data-orig-size=\"157,87\" data-comments-opened=\"0\" data-image-meta=\"{&quot;aperture&quot;:&quot;0&quot;,&quot;credit&quot;:&quot;&quot;,&quot;camera&quot;:&quot;&quot;,&quot;caption&quot;:&quot;&quot;,&quot;created_timestamp&quot;:&quot;0&quot;,&quot;copyright&quot;:&quot;&quot;,&quot;focal_length&quot;:&quot;0&quot;,&quot;iso&quot;:&quot;0&quot;,&quot;shutter_speed&quot;:&quot;0&quot;,&quot;title&quot;:&quot;&quot;}\" data-image-title=\"clip_image004\" data-image-description=\"\" data-image-caption=\"\" data-medium-file=\"https:\/\/i0.wp.com\/unser-quartier.de\/kali50plus\/files\/2014\/06\/clip_image004.png?fit=157%2C87&amp;ssl=1\" data-large-file=\"https:\/\/i0.wp.com\/unser-quartier.de\/kali50plus\/files\/2014\/06\/clip_image004.png?fit=157%2C87&amp;ssl=1\" class=\"alignleft wp-image-2170\" src=\"https:\/\/i0.wp.com\/unser-quartier.de\/kali50plus\/files\/2014\/06\/clip_image004.png?resize=157%2C87&#038;ssl=1\" alt=\"Logo Stadt Kamp-Lintfort\" width=\"157\" height=\"87\" srcset=\"https:\/\/i0.wp.com\/unser-quartier.de\/kali50plus\/files\/2014\/06\/clip_image004.png?w=157&amp;ssl=1 157w, https:\/\/i0.wp.com\/unser-quartier.de\/kali50plus\/files\/2014\/06\/clip_image004.png?resize=150%2C83&amp;ssl=1 150w\" sizes=\"auto, (max-width: 157px) 100vw, 157px\" \/><\/p>\n<p>&nbsp;<\/p>\n<p><strong>Pressemitteilung der Stadt Kamp-Lintfort<\/strong><\/p>\n<p><span style=\"font-size: 10pt\">Freitag, 2. Mai 2008<\/span><\/p>\n<p>Seit dem 1. April ist der Ka-Li-Geisbruchtreff 50plus im Dietrich-Bonhoeffer-Haus, Geisbruchstra\u00dfe 22, immer montags bis freitags von 9 bis 12 Uhr ge\u00f6ffnet. Dieser Treffpunkt f\u00fcr die Generation 50plus verbindet Menschen, die Ideen haben und Gleichgesinnte f\u00fcr bestimmte Freizeitaktivit\u00e4ten suchen mit B\u00fcrgerinnen und B\u00fcrgen im Stadtteil Geisbruch, die Kontakte suchen und sich gern beteiligen wollen. Jetzt sind die ersten konkreten Aktivit\u00e4ten entstanden.<\/p>\n<p>Jeden Donnerstag um 16 Uhr trifft sich eine Fahrradwandergruppe an der Kreuzkirche an der Geisbruchstra\u00dfe. Die Touren umfassen maximal 30 Kilometer und sind auch f\u00fcr Unge\u00fcbte gut zu fahren. Jede und jeder ist herzlich eingeladen.<\/p>\n<p>Auch die Planungen f\u00fcr einen selbst organisierten Englischkurs sind vorangeschritten. Hier gibt es bereits mehrere Interessierte, die ihr Englisch auffrischen wollen, um mindestens im Urlaub sich gut verst\u00e4ndigen zu k\u00f6nnen.<\/p>\n<p>Und schlie\u00dflich wird zuk\u00fcnftig immer freitags ein erfahrener Computeranwender im Ka-Li-Geisbruchtreff anwesend sein, um bei ganz konkreten Fragen Hilfestellungen und Tipps anzubieten.<\/p>\n<p>Alle Informationen rund um den Ka-Li-Geisbruchtreff, aber auch zu anderen Vorhaben im Altenhilfeplanungsprozess \u201e50plus\u201c finden sich jetzt auch auf einer eigenen Internetseite: <strong>www.kali50plus.de<\/strong>. Diese Seite wird ehrenamtlich betreut und wird in den n\u00e4chsten Wochen und Monaten st\u00e4ndig erweitert und aktualisiert. Informationen gibt es w\u00e4hrend der \u00d6ffnungszeiten des Ka-Li-Geisbruchtreffs auch unter der Mobiltelefonnummer 0157-77869025.<\/p>\n<p>Seit dem 01. April 2008 ist im Dietrich-Bonhoeffer-Haus, Ev. Gemeindehaus, Geisbruchstr. 22, der Ka-Li-Geisbruchtreff 50 Plus ge\u00f6ffnet. An f\u00fcnf Vormittagen von Montag bis Freitag stehen hier ehrenamtliche Mitarbeiterinnen und Mitarbeiter des Runden Tisches\u00a0in der Zeit von 9 bis 12 Uhr f\u00fcr Gespr\u00e4che und Vermittlung von Kontakten zur Verf\u00fcgung.<\/p>\n<p>Nachbarschaftshilfe und das Kn\u00fcpfen sozialer Netze ist das Programm:<\/p>\n<ul>\n<li>Wer sucht Gleichgesinnte f\u00fcr eine bestimmte Freizeitaktivit\u00e4t?<\/li>\n<li>Wer braucht einen Fahrdienst, um eine Theatervorstellung besuchen zu k\u00f6nnen?<\/li>\n<li>Wer m\u00f6chte sich einfach zu einem gem\u00fctlichen Beisammensein verabreden?<\/li>\n<li>Und umgekehrt, wer bietet seine Unterst\u00fctzung an, um eine gemeinsame Radtour zu organisieren,<br \/>\nwer \u00fcbernimmt einen Fahrdienst oder l\u00e4dt jemand zum Mittagessen ein?<\/li>\n<li>Welche Beratungsm\u00f6glichkeiten gibt es, wenn das Leben in der eigenen Wohnung beschwerlich wird?<\/li>\n<li>Wo finden pflegende Angeh\u00f6rige Hilfe?<\/li>\n<\/ul>\n<p>Dar\u00fcber hinaus gibt es ein ganz besonderes Angebot:<br \/>\nAn einzelnen Vormittagen werden kompetente Ansprechpartner zur Verf\u00fcgung stehen, um Tipps und Ratschl\u00e4ge zum Umgang mit dem Computer weiterzugeben. Hierf\u00fcr werden auch Computerarbeitspl\u00e4tze zur Verf\u00fcgung stehen. Nicht zuletzt hat sich eine kleine Gruppe den Aufbau einer Internetseite \u201eKa-Li 50plus\u201c vorgenommen, um auch mit Hilfe des Internets interessante Informationen f\u00fcr alle zug\u00e4nglich zu machen.<\/p>\n<p>&lt;&lt; zur\u00fcck &gt;&gt;<\/p>\n","protected":false},"excerpt":{"rendered":"<p>&nbsp; Pressemitteilung der Stadt Kamp-Lintfort Freitag, 2. Mai 2008 Seit dem 1. April ist der Ka-Li-Geisbruchtreff 50plus im Dietrich-Bonhoeffer-Haus, Geisbruchstra\u00dfe 22, immer montags bis freitags von 9 bis 12 Uhr ge\u00f6ffnet. Dieser Treffpunkt f\u00fcr die Generation 50plus verbindet Menschen, die Ideen haben und Gleichgesinnte f\u00fcr bestimmte Freizeitaktivit\u00e4ten suchen mit B\u00fcrgerinnen und B\u00fcrgen im Stadtteil Geisbruch, &hellip; <a href=\"https:\/\/unser-quartier.de\/kali50plus\/stadtteile\/geisbruch\/aktivitaeten-im-ka-li-geisbruchtreff-50-plus\/\" class=\"more-link\" data-wpel-link=\"internal\"><span class=\"screen-reader-text\">Aktivit\u00e4ten im Ka-Li-Geisbruchtreff 50plus<\/span> weiterlesen <span class=\"meta-nav\">&rarr;<\/span><\/a><\/p>\n","protected":false},"author":168,"featured_media":0,"parent":1049,"menu_order":0,"comment_status":"closed","ping_status":"closed","template":"page-templates\/full-width.php","meta":{"_bbp_topic_count":0,"_bbp_reply_count":0,"_bbp_total_topic_count":0,"_bbp_total_reply_count":0,"_bbp_voice_count":0,"_bbp_anonymous_reply_count":0,"_bbp_topic_count_hidden":0,"_bbp_reply_count_hidden":0,"_bbp_forum_subforum_count":0,"advanced_seo_description":"","jetpack_seo_html_title":"","jetpack_seo_noindex":false,"ngg_post_thumbnail":0,"jetpack_post_was_ever_published":false,"footnotes":""},"class_list":["post-2169","page","type-page","status-publish","hentry"],"jetpack_shortlink":"https:\/\/wp.me\/P4AdMt-yZ","jetpack_likes_enabled":true,"jetpack-related-posts":[],"jetpack_sharing_enabled":true,"_links":{"self":[{"href":"https:\/\/unser-quartier.de\/kali50plus\/wp-json\/wp\/v2\/pages\/2169","targetHints":{"allow":["GET"]}}],"collection":[{"href":"https:\/\/unser-quartier.de\/kali50plus\/wp-json\/wp\/v2\/pages"}],"about":[{"href":"https:\/\/unser-quartier.de\/kali50plus\/wp-json\/wp\/v2\/types\/page"}],"author":[{"embeddable":true,"href":"https:\/\/unser-quartier.de\/kali50plus\/wp-json\/wp\/v2\/users\/168"}],"replies":[{"embeddable":true,"href":"https:\/\/unser-quartier.de\/kali50plus\/wp-json\/wp\/v2\/comments?post=2169"}],"version-history":[{"count":2,"href":"https:\/\/unser-quartier.de\/kali50plus\/wp-json\/wp\/v2\/pages\/2169\/revisions"}],"predecessor-version":[{"id":32673,"href":"https:\/\/unser-quartier.de\/kali50plus\/wp-json\/wp\/v2\/pages\/2169\/revisions\/32673"}],"up":[{"embeddable":true,"href":"https:\/\/unser-quartier.de\/kali50plus\/wp-json\/wp\/v2\/pages\/1049"}],"wp:attachment":[{"href":"https:\/\/unser-quartier.de\/kali50plus\/wp-json\/wp\/v2\/media?parent=2169"}],"curies":[{"name":"wp","href":"https:\/\/api.w.org\/{rel}","templated":true}]}}